{"id":698,"date":"2018-03-24T00:31:41","date_gmt":"2018-03-24T00:31:41","guid":{"rendered":"http:\/\/prof-group.ee\/?post_type=product&amp;p=698"},"modified":"2018-03-24T00:31:41","modified_gmt":"2018-03-24T00:31:41","slug":"sidi-mondial-fvc-902s","status":"publish","type":"product","link":"https:\/\/prof-group.ee\/ru\/tooted\/sidi-mondial-fvc-902s\/","title":{"rendered":"Sidi Mondial FVC-902\/S"},"content":{"rendered":"<p>\u0423\u043d\u0438\u0432\u0435\u0440\u0441\u0430\u043b\u044c\u043d\u044b\u0439 \u0433\u043b\u0430\u0434\u0438\u043b\u044c\u043d\u044b\u0439 \u0441\u0442\u043e\u043b \u0441 \u0430\u0441\u043f\u0438\u0440\u0430\u0446\u0438\u0435\u0439, \u043f\u043e\u0434\u0434\u0443\u0432\u043e\u043c, \u0438 \u044d\u043b\u0435\u043a\u0442\u0440\u0438\u0447\u0435\u0441\u043a\u0438\u043c \u0440\u0430\u0437\u043e\u0433\u0440\u0435\u0432\u043e\u043c.<br \/>\n\u041e\u0441\u043d\u0430\u0449\u0435\u043d \u0431\u043e\u0439\u043b\u0435\u0440\u043e\u043c \u0438 \u0443\u0442\u044e\u0433\u043e\u043c \u043b\u0438\u0431\u043e \u0434\u043e\u043b\u0436\u0435\u043d \u0431\u044b\u0442\u044c \u043f\u043e\u0434\u043a\u043b\u044e\u0447\u0435\u043d \u043a \u0438\u0441\u0442\u043e\u0447\u043d\u0438\u043a\u0443 \u043f\u0430\u0440\u0430 (\u0441 GFV).<\/p>\n<p>\u0410\u043a\u0441\u0435\u0441\u0441\u0443\u0430\u0440\u044b \u043f\u043e \u0437\u0430\u043f\u0440\u043e\u0441\u0443:<br \/>\n\u2022\u043a\u0440\u043e\u043d\u0448\u0442\u0435\u0439\u043d \u0441 \u0444\u043e\u0440\u043c\u043e\u0439 \u0434\u043b\u044f \u0440\u0443\u043a\u0430\u0432\u043e\u0432 \u0438\u043b\u0438 \u0434\u043b\u044f \u0432\u044b\u0432\u0435\u0434\u0435\u043d\u0438\u044f \u043f\u044f\u0442\u0435\u043d<br \/>\n\u2022\u043f\u0438\u0441\u0442\u043e\u043b\u0435\u0442\u044b \u0434\u043b\u044f \u0432\u044b\u0432\u0435\u0434\u0435\u043d\u0438\u044f \u043f\u044f\u0442\u0435\u043d \u043f\u0430\u0440\u043e\u0432\u044b\u0435, \u0432\u043e\u0437\u0434\u0443\u0445\/\u043f\u0430\u0440 \u0438\u043b\u0438 \u0445\u043e\u043b\u043e\u0434\u043d\u044b\u0435<br \/>\n\u2022\u043f\u0443\u043b\u044c\u0432\u0435\u0440\u0438\u0437\u0430\u0442\u043e\u0440 \u0432\u043e\u0434\u044b<br \/>\n\u2022\u0431\u043b\u043e\u043a \u043f\u043e\u0434\u0432\u0435\u0441\u043a\u0438 \u0434\u043b\u044f \u0443\u0442\u044e\u0433\u0430 \u0438 \u043e\u0441\u0432\u0435\u0449\u0435\u043d\u0438\u044f.<\/p>","protected":false},"excerpt":{"rendered":"<p class=\"qtranxs-available-languages-message qtranxs-available-languages-message-ru\">\u0418\u0437\u0432\u0438\u043d\u0438\u0442\u0435, \u044d\u0442\u043e\u0442 \u0442\u0435\u043a\u0441\u0442 \u0434\u043e\u0441\u0442\u0443\u043f\u0435\u043d \u0442\u043e\u043b\u044c\u043a\u043e \u043d\u0430 &ldquo;<a href=\"https:\/\/prof-group.ee\/et\/wp-json\/wp\/v2\/product\/698\" class=\"qtranxs-available-language-link qtranxs-available-language-link-et\" title=\"Eesti\">Eesti<\/a>&rdquo;.<\/p>\n","protected":false},"featured_media":699,"template":"","meta":[],"class_list":["post-698","product","type-product","status-publish","has-post-thumbnail","hentry","product_brand-sidi-mondial","product_cat-sidi-mondial","product_cat-triikimissusteemid"],"yoast_head":"<!-- This site is optimized with the Yoast SEO plugin v14.6.1 - https:\/\/yoast.com\/wordpress\/plugins\/seo\/ -->\n<title>Sidi Mondial FVC-902\/S - Prof Group<\/title>\n<meta name=\"robots\" content=\"index, follow\" \/>\n<meta name=\"googlebot\" content=\"index, follow, max-snippet:-1, max-image-preview:large, max-video-preview:-1\" \/>\n<meta name=\"bingbot\" content=\"index, follow, max-snippet:-1, max-image-preview:large, max-video-preview:-1\" \/>\n<link rel=\"canonical\" href=\"https:\/\/prof-group.ee\/tooted\/sidi-mondial-fvc-902s\/\" \/>\n<meta property=\"og:locale\" content=\"ru_RU\" \/>\n<meta property=\"og:type\" content=\"article\" \/>\n<meta property=\"og:title\" content=\"Sidi Mondial FVC-902\/S - Prof Group\" \/>\n<meta property=\"og:description\" content=\"[:et]Universaalne triikimislaud koos triikrauaga.  Elektrik\u00fcttega.  Vaakumi ja puhumisfunktsiooniga.  Sisseehitatud automaatne\u00a05-liitrine boiler. Koos lisadega:  Auru p\u00fcstol.  P\u00f6\u00f6rlev varrukalaud vaakumiga \u2013 varrukalaud k\u00fcttega ( varustatud l\u00fcliti, pistiku ja pistikupesaga).  T\u00f6\u00f6koha valgusti + triikraua siin + t\u00f5mbevedru triikrauale, reguleeritava leevendiga. Triikimistehnika vasakult paremale ja paremalt vasakule. &quot;POINT TO RIGHT&quot; or &quot;POINT TO LEFT&quot;. Tehniline info:  Elektritoide: 380-400 V\/3+N+E\/50 Hz, 5600 W  Triikimislaua m\u00f5\u00f5tmed: L 1100 x S 380 x K 230 mm  Veetoite vajadus: \u00d813&quot;- 0,5 in  Boileri \u00e4ravoolu diameeter: 1\/2&quot;  Auru t\u00f6\u00f6r\u00f5hk seadmest: 2,8 bar - 40,6 psi  Vaakummootor: 0,25 kW  Vaakumv\u00e4ljund: \u00d8 100- 4 in  Kaal: 100 kg  Seadme m\u00f5\u00f5tmed: 1550 x 580 x 1070 mm [:]\" \/>\n<meta property=\"og:url\" content=\"https:\/\/prof-group.ee\/tooted\/sidi-mondial-fvc-902s\/\" \/>\n<meta property=\"og:site_name\" content=\"Prof Group\" \/>\n<meta property=\"og:image\" content=\"https:\/\/prof-group.ee\/wp-content\/uploads\/2018\/03\/FVC_S-902_1.jpg\" \/>\n\t<meta property=\"og:image:width\" content=\"286\" \/>\n\t<meta property=\"og:image:height\" content=\"350\" \/>\n<meta name=\"twitter:card\" content=\"summary_large_image\" \/>\n<script type=\"application\/ld+json\" class=\"yoast-schema-graph\">{\"@context\":\"https:\/\/schema.org\",\"@graph\":[{\"@type\":\"WebSite\",\"@id\":\"https:\/\/prof-group.ee\/ru\/#website\",\"url\":\"https:\/\/prof-group.ee\/ru\/\",\"name\":\"Prof Group\",\"description\":\"T\\u00f6\\u00f6stuslikud seadmed\",\"potentialAction\":[{\"@type\":\"SearchAction\",\"target\":\"https:\/\/prof-group.ee\/ru\/?s={search_term_string}\",\"query-input\":\"required name=search_term_string\"}],\"inLanguage\":\"ru-RU\"},{\"@type\":\"ImageObject\",\"@id\":\"https:\/\/prof-group.ee\/tooted\/sidi-mondial-fvc-902s\/#primaryimage\",\"inLanguage\":\"ru-RU\",\"url\":\"https:\/\/prof-group.ee\/wp-content\/uploads\/2018\/03\/FVC_S-902_1.jpg\",\"width\":286,\"height\":350,\"caption\":\"Sidi Mondial FVC-902\/S\"},{\"@type\":\"WebPage\",\"@id\":\"https:\/\/prof-group.ee\/tooted\/sidi-mondial-fvc-902s\/#webpage\",\"url\":\"https:\/\/prof-group.ee\/tooted\/sidi-mondial-fvc-902s\/\",\"name\":\"Sidi Mondial FVC-902\/S - Prof Group\",\"isPartOf\":{\"@id\":\"https:\/\/prof-group.ee\/ru\/#website\"},\"primaryImageOfPage\":{\"@id\":\"https:\/\/prof-group.ee\/tooted\/sidi-mondial-fvc-902s\/#primaryimage\"},\"datePublished\":\"2018-03-24T00:31:41+00:00\",\"dateModified\":\"2018-03-24T00:31:41+00:00\",\"inLanguage\":\"ru-RU\",\"potentialAction\":[{\"@type\":\"ReadAction\",\"target\":[\"https:\/\/prof-group.ee\/tooted\/sidi-mondial-fvc-902s\/\"]}]}]}<\/script>\n<!-- \/ Yoast SEO plugin. -->","_links":{"self":[{"href":"https:\/\/prof-group.ee\/ru\/wp-json\/wp\/v2\/product\/698","targetHints":{"allow":["GET"]}}],"collection":[{"href":"https:\/\/prof-group.ee\/ru\/wp-json\/wp\/v2\/product"}],"about":[{"href":"https:\/\/prof-group.ee\/ru\/wp-json\/wp\/v2\/types\/product"}],"wp:featuredmedia":[{"embeddable":true,"href":"https:\/\/prof-group.ee\/ru\/wp-json\/wp\/v2\/media\/699"}],"wp:attachment":[{"href":"https:\/\/prof-group.ee\/ru\/wp-json\/wp\/v2\/media?parent=698"}],"curies":[{"name":"wp","href":"https:\/\/api.w.org\/{rel}","templated":true}]}}