{"id":684,"date":"2018-02-25T21:54:27","date_gmt":"2018-02-25T21:54:27","guid":{"rendered":"http:\/\/prof-group.ee\/?post_type=product&amp;p=684"},"modified":"2018-02-25T21:54:27","modified_gmt":"2018-02-25T21:54:27","slug":"toostuslik-trummelkuivati-domus-dta-dtp-11-comfort","status":"publish","type":"product","link":"https:\/\/prof-group.ee\/ru\/tooted\/toostuslik-trummelkuivati-domus-dta-dtp-11-comfort\/","title":{"rendered":"T\u00f6\u00f6stuslik trummelkuivati DOMUS DTA | DTP-11 COMFORT"},"content":{"rendered":"<h4>FEATURES<\/h4>\n<p>\u2022 Big loading door (opening of 180\u00ba).<br \/>\n\u2022 Direct drive through a gearbox, no pulley.<br \/>\n\u2022 DTA range: Analogic control with time and temperature selection. Light indication of heating. (These models do not allow the moisture control option).<br \/>\n\u2022 DTP range: Electronic control. Easy and intuitive to use, the electronic control offers a complete control of the process.<br \/>\n\u2022 REVERSE ACTION: All models offer the reverse turning of the drum.<br \/>\n\u2022 STAINLESS STEEL DRUM standard.<br \/>\n\u2022 DOUBLE FLOW: Mixed axial-radial airflow to optimise and maximise the airflow circuit in the drum. \u2022 SOFT DRY: The new drum with stamped holes makes sure the linen is gently handled.<br \/>\n\u2022 FULL SCREEN FILTER: New filter drawer with wide surface and improved airflow.<br \/>\n\u2022 COOL DOWN: Anti-wrinkle at the end of cycle.<br \/>\n\u2022 Models available in electric, gas or steam heating.<br \/>\n\u2022 Self-service: COMFORT DTP range have several payment options for Laundromats: to work with centralized payment systems, with coin \/ token, or with prepay card systems. Electric and gas heated models.<\/p>\n<h4>OPTIONS<\/h4>\n<p>\u2022 EFFICIENT DRY: Intelligent Moisture Control. (DTP models).<br \/>\n\u2022 SFEX: Integrated Fire Extinguishing System. (DTP models).<br \/>\n\u2022 Double doorglass.<br \/>\n\u2022 Low pressure steam battery.<br \/>\n\u2022 Model versions in 60 Hz.<br \/>\n\u2022 Marine versions 440V III 50\/60 Hz No neutral or 480V III 50\/60 Hz No neutral.<\/p>\n","protected":false},"excerpt":{"rendered":"<p class=\"qtranxs-available-languages-message qtranxs-available-languages-message-ru\">\u0418\u0437\u0432\u0438\u043d\u0438\u0442\u0435, \u044d\u0442\u043e\u0442 \u0442\u0435\u043a\u0441\u0442 \u0434\u043e\u0441\u0442\u0443\u043f\u0435\u043d \u0442\u043e\u043b\u044c\u043a\u043e \u043d\u0430 &ldquo;<a href=\"https:\/\/prof-group.ee\/et\/wp-json\/wp\/v2\/product\/684\" class=\"qtranxs-available-language-link qtranxs-available-language-link-et\" title=\"Eesti\">Eesti<\/a>&rdquo;.<\/p>\n","protected":false},"featured_media":685,"template":"","meta":[],"class_list":["post-684","product","type-product","status-publish","has-post-thumbnail","hentry","product_brand-domus","product_cat-toostuslikud-trummelkuivatid","product_cat-trummelkuivatid"],"yoast_head":"<!-- This site is optimized with the Yoast SEO plugin v14.6.1 - https:\/\/yoast.com\/wordpress\/plugins\/seo\/ -->\n<title>T\u00f6\u00f6stuslik trummelkuivati DOMUS DTA | DTP-11 COMFORT - Prof Group<\/title>\n<meta name=\"robots\" content=\"index, follow\" \/>\n<meta name=\"googlebot\" content=\"index, follow, max-snippet:-1, max-image-preview:large, max-video-preview:-1\" \/>\n<meta name=\"bingbot\" content=\"index, follow, max-snippet:-1, max-image-preview:large, max-video-preview:-1\" \/>\n<link rel=\"canonical\" href=\"https:\/\/prof-group.ee\/tooted\/toostuslik-trummelkuivati-domus-dta-dtp-11-comfort\/\" \/>\n<meta property=\"og:locale\" content=\"ru_RU\" \/>\n<meta property=\"og:type\" content=\"article\" \/>\n<meta property=\"og:title\" content=\"T\u00f6\u00f6stuslik trummelkuivati DOMUS DTA | DTP-11 COMFORT - Prof Group\" \/>\n<meta property=\"og:description\" content=\"[:et]  Mahutavus\u00a012 kg.  Tootlikus 21 kg\/h.  Elektrik\u00fcte. Gaasik\u00fcte. Auruk\u00fcte. [:]\" \/>\n<meta property=\"og:url\" content=\"https:\/\/prof-group.ee\/tooted\/toostuslik-trummelkuivati-domus-dta-dtp-11-comfort\/\" \/>\n<meta property=\"og:site_name\" content=\"Prof Group\" \/>\n<meta property=\"og:image\" content=\"https:\/\/prof-group.ee\/wp-content\/uploads\/2018\/02\/comfort-20-570x560.jpg\" \/>\n\t<meta property=\"og:image:width\" content=\"570\" \/>\n\t<meta property=\"og:image:height\" content=\"560\" \/>\n<meta name=\"twitter:card\" content=\"summary_large_image\" \/>\n<script type=\"application\/ld+json\" class=\"yoast-schema-graph\">{\"@context\":\"https:\/\/schema.org\",\"@graph\":[{\"@type\":\"WebSite\",\"@id\":\"https:\/\/prof-group.ee\/ru\/#website\",\"url\":\"https:\/\/prof-group.ee\/ru\/\",\"name\":\"Prof Group\",\"description\":\"T\\u00f6\\u00f6stuslikud seadmed\",\"potentialAction\":[{\"@type\":\"SearchAction\",\"target\":\"https:\/\/prof-group.ee\/ru\/?s={search_term_string}\",\"query-input\":\"required name=search_term_string\"}],\"inLanguage\":\"ru-RU\"},{\"@type\":\"ImageObject\",\"@id\":\"https:\/\/prof-group.ee\/tooted\/toostuslik-trummelkuivati-domus-dta-dtp-11-comfort\/#primaryimage\",\"inLanguage\":\"ru-RU\",\"url\":\"https:\/\/prof-group.ee\/wp-content\/uploads\/2018\/02\/comfort-20-570x560.jpg\",\"width\":570,\"height\":560},{\"@type\":\"WebPage\",\"@id\":\"https:\/\/prof-group.ee\/tooted\/toostuslik-trummelkuivati-domus-dta-dtp-11-comfort\/#webpage\",\"url\":\"https:\/\/prof-group.ee\/tooted\/toostuslik-trummelkuivati-domus-dta-dtp-11-comfort\/\",\"name\":\"T\\u00f6\\u00f6stuslik trummelkuivati DOMUS DTA | DTP-11 COMFORT - Prof Group\",\"isPartOf\":{\"@id\":\"https:\/\/prof-group.ee\/ru\/#website\"},\"primaryImageOfPage\":{\"@id\":\"https:\/\/prof-group.ee\/tooted\/toostuslik-trummelkuivati-domus-dta-dtp-11-comfort\/#primaryimage\"},\"datePublished\":\"2018-02-25T21:54:27+00:00\",\"dateModified\":\"2018-02-25T21:54:27+00:00\",\"inLanguage\":\"ru-RU\",\"potentialAction\":[{\"@type\":\"ReadAction\",\"target\":[\"https:\/\/prof-group.ee\/tooted\/toostuslik-trummelkuivati-domus-dta-dtp-11-comfort\/\"]}]}]}<\/script>\n<!-- \/ Yoast SEO plugin. -->","_links":{"self":[{"href":"https:\/\/prof-group.ee\/ru\/wp-json\/wp\/v2\/product\/684","targetHints":{"allow":["GET"]}}],"collection":[{"href":"https:\/\/prof-group.ee\/ru\/wp-json\/wp\/v2\/product"}],"about":[{"href":"https:\/\/prof-group.ee\/ru\/wp-json\/wp\/v2\/types\/product"}],"wp:featuredmedia":[{"embeddable":true,"href":"https:\/\/prof-group.ee\/ru\/wp-json\/wp\/v2\/media\/685"}],"wp:attachment":[{"href":"https:\/\/prof-group.ee\/ru\/wp-json\/wp\/v2\/media?parent=684"}],"curies":[{"name":"wp","href":"https:\/\/api.w.org\/{rel}","templated":true}]}}