{"id":513,"date":"2017-12-03T15:29:53","date_gmt":"2017-12-03T15:29:53","guid":{"rendered":"http:\/\/prof-group.ee\/?post_type=product&#038;p=513"},"modified":"2024-02-23T11:31:14","modified_gmt":"2024-02-23T11:31:14","slug":"kuivatuskapp-nimo-ets-1900-e-must","status":"publish","type":"product","link":"https:\/\/prof-group.ee\/ru\/tooted\/kuivatuskapp-nimo-ets-1900-e-must\/","title":{"rendered":"Nimo kuivatuskapp Sensor Dryer 1900 Must"},"content":{"rendered":"<p><strong>\u041f\u043e\u0442\u0440\u0435\u0431\u043b\u044f\u0435\u0442 \u043d\u0430 40% \u043c\u0435\u043d\u044c\u0448\u0435 \u044d\u043b\u0435\u043a\u0442\u0440\u043e\u044d\u043d\u0435\u0440\u0433\u0438\u0438 \u043f\u043e \u0441\u0440\u0430\u0432\u043d\u0435\u043d\u0438\u044e \u0441 \u0442\u0440\u0430\u0434\u0438\u0446\u0438\u043e\u043d\u043d\u044b\u043c\u0438 \u0441\u0443\u0448\u0438\u043b\u044c\u043d\u044b\u043c\u0438 \u0448\u043a\u0430\u0444\u0430\u043c\u0438 \u2013 \u0432\u043e\u0442 \u043d\u0430\u0441\u043a\u043e\u043b\u044c\u043a\u043e \u0431\u043e\u043b\u0435\u0435 \u044d\u0444\u0444\u0435\u043a\u0442\u0438\u0432\u043d\u043e\u0439 \u044f\u0432\u043b\u044f\u0435\u0442\u0441\u044f \u043d\u0430\u0448\u0430 \u0441\u0443\u0448\u0438\u043b\u043a\u0430 Nimo ECO.<\/strong><\/p>\n<p>\u0421\u0443\u0448\u0438\u043b\u044c\u043d\u044b\u0435 \u0448\u043a\u0430\u0444\u044b \u0441 \u0440\u0443\u0447\u043a\u043e\u0439 \u0440\u0435\u0433\u0443\u043b\u0438\u0440\u043e\u0432\u043a\u0438 \u0443\u0436\u0435 \u0434\u0430\u0432\u043d\u043e \u044f\u0432\u043b\u044f\u044e\u0442\u0441\u044f \u0441\u0442\u0430\u043d\u0434\u0430\u0440\u0442\u043e\u043c \u043d\u0430\u0448\u0438\u0445 \u043c\u043e\u0434\u0435\u043b\u0435\u0439 \u0441\u0443\u0448\u0438\u043b\u044c\u043d\u044b\u0445 \u0448\u043a\u0430\u0444\u043e\u0432, \u043f\u0440\u0438 \u044d\u0442\u043e\u043c \u043d\u043e\u0432\u0430\u044f \u0442\u0435\u0445\u043d\u043e\u043b\u043e\u0433\u0438\u044f \u043f\u043e\u0437\u0432\u043e\u043b\u044f\u0435\u0442 \u0441\u044d\u043a\u043e\u043d\u043e\u043c\u0438\u0442\u044c \u0434\u043e 40% \u044d\u043b\u0435\u043a\u0442\u0440\u043e\u044d\u043d\u0435\u0440\u0433\u0438\u0438. \u0412\u0441\u0442\u0440\u043e\u0435\u043d\u043d\u044b\u0439 \u0434\u0430\u0442\u0447\u0438\u043a \u0432\u043b\u0430\u0436\u043d\u043e\u0441\u0442\u0438 \u043e\u0442\u043a\u043b\u044e\u0447\u0430\u0435\u0442 \u0441\u0443\u0448\u0438\u043b\u043a\u0443 \u043f\u043e\u0441\u043b\u0435 \u0437\u0430\u0432\u0435\u0440\u0448\u0435\u043d\u0438\u044f \u0441\u0443\u0448\u043a\u0438 \u2013 \u043f\u043e\u043b\u043d\u043e\u0441\u0442\u044c\u044e \u0430\u0432\u0442\u043e\u043c\u0430\u0442\u0438\u0447\u0435\u0441\u043a\u0438! \u0414\u0432\u0435 \u0437\u0430\u0434\u0430\u043d\u043d\u044b\u0435 \u0430\u0432\u0442\u043e\u043c\u0430\u0442\u0438\u0447\u0435\u0441\u043a\u0438\u0435 \u043f\u0440\u043e\u0433\u0440\u0430\u043c\u043c\u044b (40\u00b0\/60\u00b0) \u0438 \u0432\u043e\u0437\u043c\u043e\u0436\u043d\u043e\u0441\u0442\u044c \u0440\u0443\u0447\u043d\u043e\u0433\u043e \u0443\u043f\u0440\u0430\u0432\u043b\u0435\u043d\u0438\u044f \u0442\u0430\u0439\u043c\u0435\u0440\u043e\u043c. \u0422\u0440\u0438 \u0440\u044f\u0434\u0430 \u0441\u043a\u043b\u0430\u0434\u043d\u044b\u0445 \u0438 \u0432\u044b\u0434\u0432\u0438\u0436\u043d\u044b\u0445 \u0432\u0435\u0448\u0430\u043b\u043e\u043a. \u0412\u043d\u0443\u0442\u0440\u0435\u043d\u043d\u044f\u044f \u0447\u0430\u0441\u0442\u044c \u0434\u0432\u0435\u0440\u0446\u044b \u0442\u0430\u043a\u0436\u0435 \u043e\u0441\u043d\u0430\u0449\u0435\u043d\u0430 \u0442\u0440\u0435\u043c\u044f \u0434\u0432\u0435\u0440\u043d\u044b\u043c\u0438 \u0432\u0435\u0448\u0430\u043b\u043a\u0430\u043c\u0438.<\/p>\n<table class=\"shop_attributes\">\n<tbody>\n<tr>\n<th>\u0420\u0430\u0437\u043c\u0435\u0440\u044b \u0412 x \u0428 x \u0413<\/th>\n<td>1915 x 595 x 615 mm<\/td>\n<\/tr>\n<tr>\n<th>\u0412\u0435\u0441<\/th>\n<td>61 kg<\/td>\n<\/tr>\n<tr>\n<th>\u041a\u043b\u0430\u0441\u0441 \u0437\u0430\u0449\u0438\u0442\u044b<\/th>\n<td>IP24, \u0441\u0435\u0440\u0442\u0438\u0444\u0438\u043a\u0430\u0446\u0438\u044f SEMKO \u0438 CE<\/td>\n<\/tr>\n<tr>\n<th>\u0417\u0430\u0433\u0440\u0443\u0437\u043a\u0430<\/th>\n<td>\u0414\u043b\u0438\u043d\u0430 \u0432\u0435\u0448\u0430\u043b\u043e\u043a 16 \u043c\u0435\u0442\u0440\u043e\u0432, \u0432\u043c\u0435\u0441\u0442\u0438\u043c\u043e\u0441\u0442\u044c 4 \u043a\u0433 \u0438 \u0432\u044b\u0448\u0435<\/td>\n<\/tr>\n<tr>\n<th>\u0423\u0440\u043e\u0432\u0435\u043d\u044c \u0448\u0443\u043c\u0430<\/th>\n<td>\u041d\u0438\u0436\u0435 60 \u0434\u0411(A)<\/td>\n<\/tr>\n<tr>\n<th>\u042d\u043b\u0435\u043a\u0442\u0440\u0438\u0447\u0435\u0441\u043a\u043e\u0435 \u0441\u043e\u0435\u0434\u0438\u043d\u0435\u043d\u0438\u0435<\/th>\n<td>\u041e\u0434\u043d\u043e\u0444\u0430\u0437\u043d\u043e\u0435 230 \u0412 10 \u0410, \u043c\u043e\u0449\u043d\u043e\u0441\u0442\u044c \u043d\u0430\u0433\u0440\u0435\u0432\u0430\u0442\u0435\u043b\u044f 1500 \u0412\u0442, \u0434\u0432\u0438\u0433\u0430\u0442\u0435\u043b\u044c 35 \u0412\u0442 \u0441 \u0437\u0430\u0449\u0438\u0442\u043e\u0439 \u043e\u0442 \u043f\u0435\u0440\u0435\u0433\u0440\u0435\u0432\u0430<\/td>\n<\/tr>\n<tr>\n<th>\u041f\u0440\u043e\u0438\u0437\u0432\u043e\u0434\u0438\u0442\u0435\u043b\u044c\u043d\u043e\u0441\u0442\u044c \u0432\u0435\u043d\u0442\u0438\u043b\u044f\u0442\u043e\u0440\u0430<\/th>\n<td>180 \u043c\u00b3, \u0438\u0437 \u043a\u043e\u0442\u043e\u0440\u044b\u0445 25% \u0443\u0434\u0430\u043b\u044f\u0435\u0442\u0441\u044f<\/td>\n<\/tr>\n<tr>\n<th>\u0421\u0438\u0441\u0442\u0435\u043c\u0430 \u0441\u0443\u0448\u043a\u0438<\/th>\n<td>\u0412\u044b\u0442\u044f\u0436\u043d\u043e\u0439 \u0432\u043e\u0437\u0434\u0443\u0445. \u041f\u043e\u0441\u0442\u0430\u0432\u043b\u044f\u0435\u0442\u0441\u044f \u0441 \u0432\u0435\u043d\u0442\u0438\u043b\u044f\u0446\u0438\u043e\u043d\u043d\u044b\u043c\u0438 \u0441\u043e\u0435\u0434\u0438\u043d\u0435\u043d\u0438\u044f\u043c\u0438<\/td>\n<\/tr>\n<\/tbody>\n<\/table>\n<p><\/p>","protected":false},"excerpt":{"rendered":"<p>\u041d\u0430\u043f\u043e\u043b\u044c\u043d\u044b\u0439 \u0441\u0443\u0448\u0438\u043b\u044c\u043d\u044b\u0439 \u0448\u043a\u0430\u0444.\u00a01915 \u043c\u043c.\u00a0\u0412\u044b\u0442\u044f\u0436\u043d\u043e\u0439 \u0432\u043e\u0437\u0434\u0443\u0445.\u00a0\u0423\u043f\u0440\u0430\u0432\u043b\u0435\u043d\u0438\u0435 \u043e\u0442 \u0434\u0430\u0442\u0447\u0438\u043a\u043e\u0432.<\/p>\n<ul>\n<li>\u0410\u0432\u0442\u043e\u043c\u0430\u0442\u0438\u0447\u0435\u0441\u043a\u043e\u0435 \u043e\u0442\u043a\u043b\u044e\u0447\u0435\u043d\u0438\u0435.<\/li>\n<li>\u0414\u0432\u0435 \u0430\u0432\u0442\u043e\u043c\u0430\u0442\u0438\u0447\u0435\u0441\u043a\u0438\u0435 \u043f\u0440\u043e\u0433\u0440\u0430\u043c\u043c\u044b.<\/li>\n<li>\u042d\u043d\u0435\u0440\u0433\u043e\u0441\u0431\u0435\u0440\u0435\u0436\u0435\u043d\u0438\u0435 \u0438 \u043f\u0440\u0430\u043a\u0442\u0438\u0447\u043d\u043e\u0441\u0442\u044c.<\/li>\n<\/ul>\n","protected":false},"featured_media":1207,"template":"","meta":[],"class_list":["post-513","product","type-product","status-publish","has-post-thumbnail","hentry","product_brand-nimo","product_cat-kuivatuskapid","product_tag-must","product_tag-ventileeriv"],"yoast_head":"<!-- This site is optimized with the Yoast SEO plugin v14.6.1 - https:\/\/yoast.com\/wordpress\/plugins\/seo\/ -->\n<title>Nimo kuivatuskapp Sensor Dryer 1900 Must - Prof Group<\/title>\n<meta name=\"robots\" content=\"index, follow\" \/>\n<meta name=\"googlebot\" content=\"index, follow, max-snippet:-1, max-image-preview:large, max-video-preview:-1\" \/>\n<meta name=\"bingbot\" content=\"index, follow, max-snippet:-1, max-image-preview:large, max-video-preview:-1\" \/>\n<link rel=\"canonical\" href=\"https:\/\/prof-group.ee\/tooted\/kuivatuskapp-nimo-ets-1900-e-must\/\" \/>\n<meta property=\"og:locale\" content=\"ru_RU\" \/>\n<meta property=\"og:type\" content=\"article\" \/>\n<meta property=\"og:title\" content=\"Nimo kuivatuskapp Sensor Dryer 1900 Must - Prof Group\" \/>\n<meta property=\"og:description\" content=\"[:et]Kiire ja energias\u00e4\u00e4stlik, \u00f5rn riietehooldus. Ventileeriv seade.[:en]Floor standing drying cabinet.\u00a01915 mm. Extract air.\u00a0Sensor controlled.   Automatic shut-off.  Two automatic programmes.  Energy-efficient and practical. [:ru]\u041d\u0430\u043f\u043e\u043b\u044c\u043d\u044b\u0439 \u0441\u0443\u0448\u0438\u043b\u044c\u043d\u044b\u0439 \u0448\u043a\u0430\u0444.\u00a01915 \u043c\u043c.\u00a0\u0412\u044b\u0442\u044f\u0436\u043d\u043e\u0439 \u0432\u043e\u0437\u0434\u0443\u0445.\u00a0\u0423\u043f\u0440\u0430\u0432\u043b\u0435\u043d\u0438\u0435 \u043e\u0442 \u0434\u0430\u0442\u0447\u0438\u043a\u043e\u0432.   \u0410\u0432\u0442\u043e\u043c\u0430\u0442\u0438\u0447\u0435\u0441\u043a\u043e\u0435 \u043e\u0442\u043a\u043b\u044e\u0447\u0435\u043d\u0438\u0435.  \u0414\u0432\u0435 \u0430\u0432\u0442\u043e\u043c\u0430\u0442\u0438\u0447\u0435\u0441\u043a\u0438\u0435 \u043f\u0440\u043e\u0433\u0440\u0430\u043c\u043c\u044b.  \u042d\u043d\u0435\u0440\u0433\u043e\u0441\u0431\u0435\u0440\u0435\u0436\u0435\u043d\u0438\u0435 \u0438 \u043f\u0440\u0430\u043a\u0442\u0438\u0447\u043d\u043e\u0441\u0442\u044c. [:fi]Lattialle asennettava kuivauskaapit.\u00a01915 mm. poistoilma.\u00a0Anturiohjaus.   Automaattinen sammutus.  Kaksi automaattiohjelmaa.  Energiapihi ja k\u00e4yt\u00e4nn\u00f6llinen. [:]\" \/>\n<meta property=\"og:url\" content=\"https:\/\/prof-group.ee\/tooted\/kuivatuskapp-nimo-ets-1900-e-must\/\" \/>\n<meta property=\"og:site_name\" content=\"Prof Group\" \/>\n<meta property=\"article:modified_time\" content=\"2024-02-23T11:31:14+00:00\" \/>\n<meta property=\"og:image\" content=\"https:\/\/prof-group.ee\/wp-content\/uploads\/2017\/12\/SD1900B.png\" \/>\n\t<meta property=\"og:image:width\" content=\"1245\" \/>\n\t<meta property=\"og:image:height\" content=\"1215\" \/>\n<meta name=\"twitter:card\" content=\"summary_large_image\" \/>\n<script type=\"application\/ld+json\" class=\"yoast-schema-graph\">{\"@context\":\"https:\/\/schema.org\",\"@graph\":[{\"@type\":\"WebSite\",\"@id\":\"https:\/\/prof-group.ee\/ru\/#website\",\"url\":\"https:\/\/prof-group.ee\/ru\/\",\"name\":\"Prof Group\",\"description\":\"T\\u00f6\\u00f6stuslikud seadmed\",\"potentialAction\":[{\"@type\":\"SearchAction\",\"target\":\"https:\/\/prof-group.ee\/ru\/?s={search_term_string}\",\"query-input\":\"required name=search_term_string\"}],\"inLanguage\":\"ru-RU\"},{\"@type\":\"ImageObject\",\"@id\":\"https:\/\/prof-group.ee\/tooted\/kuivatuskapp-nimo-ets-1900-e-must\/#primaryimage\",\"inLanguage\":\"ru-RU\",\"url\":\"https:\/\/prof-group.ee\/wp-content\/uploads\/2017\/12\/SD1900B.png\",\"width\":1245,\"height\":1215},{\"@type\":\"WebPage\",\"@id\":\"https:\/\/prof-group.ee\/tooted\/kuivatuskapp-nimo-ets-1900-e-must\/#webpage\",\"url\":\"https:\/\/prof-group.ee\/tooted\/kuivatuskapp-nimo-ets-1900-e-must\/\",\"name\":\"Nimo kuivatuskapp Sensor Dryer 1900 Must - Prof Group\",\"isPartOf\":{\"@id\":\"https:\/\/prof-group.ee\/ru\/#website\"},\"primaryImageOfPage\":{\"@id\":\"https:\/\/prof-group.ee\/tooted\/kuivatuskapp-nimo-ets-1900-e-must\/#primaryimage\"},\"datePublished\":\"2017-12-03T15:29:53+00:00\",\"dateModified\":\"2024-02-23T11:31:14+00:00\",\"inLanguage\":\"ru-RU\",\"potentialAction\":[{\"@type\":\"ReadAction\",\"target\":[\"https:\/\/prof-group.ee\/tooted\/kuivatuskapp-nimo-ets-1900-e-must\/\"]}]}]}<\/script>\n<!-- \/ Yoast SEO plugin. -->","_links":{"self":[{"href":"https:\/\/prof-group.ee\/ru\/wp-json\/wp\/v2\/product\/513","targetHints":{"allow":["GET"]}}],"collection":[{"href":"https:\/\/prof-group.ee\/ru\/wp-json\/wp\/v2\/product"}],"about":[{"href":"https:\/\/prof-group.ee\/ru\/wp-json\/wp\/v2\/types\/product"}],"wp:featuredmedia":[{"embeddable":true,"href":"https:\/\/prof-group.ee\/ru\/wp-json\/wp\/v2\/media\/1207"}],"wp:attachment":[{"href":"https:\/\/prof-group.ee\/ru\/wp-json\/wp\/v2\/media?parent=513"}],"curies":[{"name":"wp","href":"https:\/\/api.w.org\/{rel}","templated":true}]}}