{"id":464,"date":"2017-11-26T18:28:12","date_gmt":"2017-11-26T18:28:12","guid":{"rendered":"http:\/\/prof-group.ee\/?post_type=product&#038;p=464"},"modified":"2024-02-06T10:20:33","modified_gmt":"2024-02-06T10:20:33","slug":"kuivatuskapp-ets-1500-valge","status":"publish","type":"product","link":"https:\/\/prof-group.ee\/ru\/tooted\/kuivatuskapp-ets-1500-valge\/","title":{"rendered":"Kuivatuskapp NIMO ETS 1500 Valge"},"content":{"rendered":"<p>\u041d\u0430\u0441\u0442\u0435\u043d\u043d\u044b\u0439 \u0441\u0443\u0448\u0438\u043b\u044c\u043d\u044b\u0439 \u0448\u043a\u0430\u0444 \u0434\u043b\u044f \u0443\u0441\u0442\u0430\u043d\u043e\u0432\u043a\u0438 \u0432 \u0443\u0441\u043b\u043e\u0432\u0438\u044f\u0445 \u043e\u0433\u0440\u0430\u043d\u0438\u0447\u0435\u043d\u043d\u043e\u0433\u043e \u043f\u0440\u043e\u0441\u0442\u0440\u0430\u043d\u0441\u0442\u0432\u0430, \u043d\u0430\u043f\u0440\u0438\u043c\u0435\u0440, \u043d\u0430\u0434 \u0441\u0442\u0438\u0440\u0430\u043b\u044c\u043d\u043e\u0439 \u043c\u0430\u0448\u0438\u043d\u043e\u0439. \u0420\u0435\u0433\u0443\u043b\u0438\u0440\u0443\u0435\u043c\u0430\u044f \u043f\u043e \u0432\u044b\u0441\u043e\u0442\u0435 \u0441\u0438\u0441\u0442\u0435\u043c\u0430 \u0432\u0435\u0448\u0430\u043b\u043e\u043a \u043e\u0431\u0435\u0441\u043f\u0435\u0447\u0438\u0432\u0430\u0435\u0442 \u0443\u0434\u043e\u0431\u043d\u0443\u044e \u0440\u0430\u0431\u043e\u0447\u0443\u044e \u0432\u044b\u0441\u043e\u0442\u0443. \u0412\u0435\u043d\u0442\u0438\u043b\u044f\u0442\u043e\u0440 \u0441 \u0442\u0430\u0439\u043c\u0435\u0440\u043e\u043c, \u043f\u043b\u0430\u0432\u043d\u043e\u0435 \u043d\u0430\u0433\u0440\u0435\u0432\u0430\u043d\u0438\u0435.<\/p>\n<table class=\"shop_attributes\">\n<tbody>\n<tr>\n<th>\u0420\u0430\u0437\u043c\u0435\u0440\u044b \u0412 x \u0428 x \u0413<\/th>\n<td>1435 x 595 x 610 mm<\/td>\n<\/tr>\n<tr>\n<th>\u0412\u0435\u0441<\/th>\n<td>60 kg<\/td>\n<\/tr>\n<tr>\n<th>\u041a\u043b\u0430\u0441\u0441 \u0437\u0430\u0449\u0438\u0442\u044b<\/th>\n<td>IP24, \u0441\u0435\u0440\u0442\u0438\u0444\u0438\u043a\u0430\u0446\u0438\u044f SEMKO \u0438 CE<\/td>\n<\/tr>\n<tr>\n<th>\u0417\u0430\u0433\u0440\u0443\u0437\u043a\u0430<\/th>\n<td>\u0414\u043b\u0438\u043d\u0430 \u0432\u0435\u0448\u0430\u043b\u043e\u043a 16 \u043c\u0435\u0442\u0440\u043e\u0432, \u0432\u043c\u0435\u0441\u0442\u0438\u043c\u043e\u0441\u0442\u044c 4 \u043a\u0433 \u0438 \u0432\u044b\u0448\u0435<\/td>\n<\/tr>\n<tr>\n<th>\u0423\u0440\u043e\u0432\u0435\u043d\u044c \u0448\u0443\u043c\u0430<\/th>\n<td>\u041d\u0438\u0436\u0435 60 \u0434\u0411(A)<\/td>\n<\/tr>\n<tr>\n<th>\u042d\u043b\u0435\u043a\u0442\u0440\u0438\u0447\u0435\u0441\u043a\u043e\u0435 \u0441\u043e\u0435\u0434\u0438\u043d\u0435\u043d\u0438\u0435<\/th>\n<td>\u041e\u0434\u043d\u043e\u0444\u0430\u0437\u043d\u043e\u0435 230 \u0412 10 \u0410, \u043c\u043e\u0449\u043d\u043e\u0441\u0442\u044c \u043d\u0430\u0433\u0440\u0435\u0432\u0430\u0442\u0435\u043b\u044f 1500 \u0412\u0442, \u0434\u0432\u0438\u0433\u0430\u0442\u0435\u043b\u044c 35 \u0412\u0442 \u0441 \u0437\u0430\u0449\u0438\u0442\u043e\u0439 \u043e\u0442 \u043f\u0435\u0440\u0435\u0433\u0440\u0435\u0432\u0430<\/td>\n<\/tr>\n<tr>\n<th>\u041f\u0440\u043e\u0438\u0437\u0432\u043e\u0434\u0438\u0442\u0435\u043b\u044c\u043d\u043e\u0441\u0442\u044c \u0432\u0435\u043d\u0442\u0438\u043b\u044f\u0442\u043e\u0440\u0430<\/th>\n<td>180 \u043c\u00b3, \u0438\u0437 \u043a\u043e\u0442\u043e\u0440\u044b\u0445 25% \u0443\u0434\u0430\u043b\u044f\u0435\u0442\u0441\u044f<\/td>\n<\/tr>\n<tr>\n<th>\u0421\u0438\u0441\u0442\u0435\u043c\u0430 \u0441\u0443\u0448\u043a\u0438<\/th>\n<td>\u0412\u044b\u0442\u044f\u0436\u043d\u043e\u0439 \u0432\u043e\u0437\u0434\u0443\u0445. \u041f\u043e\u0441\u0442\u0430\u0432\u043b\u044f\u0435\u0442\u0441\u044f \u0441 \u0432\u0435\u043d\u0442\u0438\u043b\u044f\u0446\u0438\u043e\u043d\u043d\u044b\u043c\u0438 \u0441\u043e\u0435\u0434\u0438\u043d\u0435\u043d\u0438\u044f\u043c\u0438<\/td>\n<\/tr>\n<\/tbody>\n<\/table>\n<p><\/p>","protected":false},"excerpt":{"rendered":"<p>\u041d\u0430\u0441\u0442\u0435\u043d\u043d\u044b\u0439 \u0441\u0443\u0448\u0438\u043b\u044c\u043d\u044b\u0439 \u0448\u043a\u0430\u0444.\u00a0\u0412\u044b\u0442\u044f\u0436\u043d\u043e\u0439 \u0432\u043e\u0437\u0434\u0443\u0445.\u00a0\u0422\u0430\u0439\u043c\u0435\u0440.<\/p>\n<ul>\n<li>\u0412\u0435\u043d\u0442\u0438\u043b\u044f\u0442\u043e\u0440 \u0441 \u0442\u0430\u0439\u043c\u0435\u0440\u043e\u043c.<\/li>\n<li>\u041f\u043b\u0430\u0432\u043d\u043e\u0435 \u043d\u0430\u0433\u0440\u0435\u0432\u0430\u043d\u0438\u0435.<\/li>\n<\/ul>\n","protected":false},"featured_media":1185,"template":"","meta":[],"class_list":["post-464","product","type-product","status-publish","has-post-thumbnail","hentry","product_brand-nimo","product_cat-kuivatuskapid","product_tag-valge","product_tag-ventileeriv"],"yoast_head":"<!-- This site is optimized with the Yoast SEO plugin v14.6.1 - https:\/\/yoast.com\/wordpress\/plugins\/seo\/ -->\n<title>Kuivatuskapp NIMO ETS 1500 Valge - Prof Group<\/title>\n<meta name=\"robots\" content=\"index, follow\" \/>\n<meta name=\"googlebot\" content=\"index, follow, max-snippet:-1, max-image-preview:large, max-video-preview:-1\" \/>\n<meta name=\"bingbot\" content=\"index, follow, max-snippet:-1, max-image-preview:large, max-video-preview:-1\" \/>\n<link rel=\"canonical\" href=\"https:\/\/prof-group.ee\/tooted\/kuivatuskapp-ets-1500-valge\/\" \/>\n<meta property=\"og:locale\" content=\"ru_RU\" \/>\n<meta property=\"og:type\" content=\"article\" \/>\n<meta property=\"og:title\" content=\"[:et]Nimo kuivatuskapp ETS 1500 Valge[:en]Kuivatuskapp NIMO ETS 1500 Valge[:ru]Kuivatuskapp NIMO ETS 1500 Valge[:fi]Kuivatuskapp NIMO ETS 1500 Valge[:] - Prof Group\" \/>\n<meta property=\"og:description\" content=\"[:et]Praktiline ja ruumis\u00e4\u00e4stlik, seinale kinnitatav kuivatuskapp. Sobib v\u00e4iksematesse ruumidesse n\u00e4iteks pesumasina kohale.[:en]Wall-mounted drying cabinet.\u00a0Extract air.\u00a0Timer.   Timer-controlled fan.  Stepless heating. [:ru]\u041d\u0430\u0441\u0442\u0435\u043d\u043d\u044b\u0439 \u0441\u0443\u0448\u0438\u043b\u044c\u043d\u044b\u0439 \u0448\u043a\u0430\u0444.\u00a0\u0412\u044b\u0442\u044f\u0436\u043d\u043e\u0439 \u0432\u043e\u0437\u0434\u0443\u0445.\u00a0\u0422\u0430\u0439\u043c\u0435\u0440.   \u0412\u0435\u043d\u0442\u0438\u043b\u044f\u0442\u043e\u0440 \u0441 \u0442\u0430\u0439\u043c\u0435\u0440\u043e\u043c.  \u041f\u043b\u0430\u0432\u043d\u043e\u0435 \u043d\u0430\u0433\u0440\u0435\u0432\u0430\u043d\u0438\u0435. [:fi]Sein\u00e4lle asennettava Kuivauskaapit.\u00a0Poistoilma.\u00a0Ajastin.   Aikaohjattu tuuletin.  Portaaton l\u00e4mp\u00f6. [:]\" \/>\n<meta property=\"og:url\" content=\"https:\/\/prof-group.ee\/tooted\/kuivatuskapp-ets-1500-valge\/\" \/>\n<meta property=\"og:site_name\" content=\"Prof Group\" \/>\n<meta property=\"article:modified_time\" content=\"2024-02-06T10:20:33+00:00\" \/>\n<meta property=\"og:image\" content=\"https:\/\/prof-group.ee\/wp-content\/uploads\/2017\/11\/ETS15001_nimoweb-dryingcabinet-ets-1500-white-closed-1by1-3840x3840-ny-vit.png\" \/>\n\t<meta property=\"og:image:width\" content=\"1920\" \/>\n\t<meta property=\"og:image:height\" content=\"1920\" \/>\n<meta name=\"twitter:card\" content=\"summary_large_image\" \/>\n<script type=\"application\/ld+json\" class=\"yoast-schema-graph\">{\"@context\":\"https:\/\/schema.org\",\"@graph\":[{\"@type\":\"WebSite\",\"@id\":\"https:\/\/prof-group.ee\/ru\/#website\",\"url\":\"https:\/\/prof-group.ee\/ru\/\",\"name\":\"Prof Group\",\"description\":\"T\\u00f6\\u00f6stuslikud seadmed\",\"potentialAction\":[{\"@type\":\"SearchAction\",\"target\":\"https:\/\/prof-group.ee\/ru\/?s={search_term_string}\",\"query-input\":\"required name=search_term_string\"}],\"inLanguage\":\"ru-RU\"},{\"@type\":\"ImageObject\",\"@id\":\"https:\/\/prof-group.ee\/tooted\/kuivatuskapp-ets-1500-valge\/#primaryimage\",\"inLanguage\":\"ru-RU\",\"url\":\"https:\/\/prof-group.ee\/wp-content\/uploads\/2017\/11\/ETS15001_nimoweb-dryingcabinet-ets-1500-white-closed-1by1-3840x3840-ny-vit.png\",\"width\":1920,\"height\":1920},{\"@type\":\"WebPage\",\"@id\":\"https:\/\/prof-group.ee\/tooted\/kuivatuskapp-ets-1500-valge\/#webpage\",\"url\":\"https:\/\/prof-group.ee\/tooted\/kuivatuskapp-ets-1500-valge\/\",\"name\":\"[:et]Nimo kuivatuskapp ETS 1500 Valge[:en]Kuivatuskapp NIMO ETS 1500 Valge[:ru]Kuivatuskapp NIMO ETS 1500 Valge[:fi]Kuivatuskapp NIMO ETS 1500 Valge[:] - Prof Group\",\"isPartOf\":{\"@id\":\"https:\/\/prof-group.ee\/ru\/#website\"},\"primaryImageOfPage\":{\"@id\":\"https:\/\/prof-group.ee\/tooted\/kuivatuskapp-ets-1500-valge\/#primaryimage\"},\"datePublished\":\"2017-11-26T18:28:12+00:00\",\"dateModified\":\"2024-02-06T10:20:33+00:00\",\"inLanguage\":\"ru-RU\",\"potentialAction\":[{\"@type\":\"ReadAction\",\"target\":[\"https:\/\/prof-group.ee\/tooted\/kuivatuskapp-ets-1500-valge\/\"]}]}]}<\/script>\n<!-- \/ Yoast SEO plugin. -->","_links":{"self":[{"href":"https:\/\/prof-group.ee\/ru\/wp-json\/wp\/v2\/product\/464","targetHints":{"allow":["GET"]}}],"collection":[{"href":"https:\/\/prof-group.ee\/ru\/wp-json\/wp\/v2\/product"}],"about":[{"href":"https:\/\/prof-group.ee\/ru\/wp-json\/wp\/v2\/types\/product"}],"wp:featuredmedia":[{"embeddable":true,"href":"https:\/\/prof-group.ee\/ru\/wp-json\/wp\/v2\/media\/1185"}],"wp:attachment":[{"href":"https:\/\/prof-group.ee\/ru\/wp-json\/wp\/v2\/media?parent=464"}],"curies":[{"name":"wp","href":"https:\/\/api.w.org\/{rel}","templated":true}]}}