{"id":769,"date":"2018-08-31T15:08:02","date_gmt":"2018-08-31T15:08:02","guid":{"rendered":"http:\/\/prof-group.ee\/?page_id=769"},"modified":"2019-10-29T19:52:23","modified_gmt":"2019-10-29T19:52:23","slug":"girbau-kuivatid","status":"publish","type":"page","link":"https:\/\/prof-group.ee\/ru\/girbau-kuivatid\/","title":{"rendered":"Girbau t\u00f6\u00f6stuslikud trummelkuivatid"},"content":{"rendered":"<p class=\"qtranxs-available-languages-message qtranxs-available-languages-message-ru\">\u0418\u0437\u0432\u0438\u043d\u0438\u0442\u0435, \u044d\u0442\u043e\u0442 \u0442\u0435\u043a\u0441\u0442 \u0434\u043e\u0441\u0442\u0443\u043f\u0435\u043d \u0442\u043e\u043b\u044c\u043a\u043e \u043d\u0430 &ldquo;<a href=\"https:\/\/prof-group.ee\/et\/wp-json\/wp\/v2\/pages\/769\" class=\"qtranxs-available-language-link qtranxs-available-language-link-et\" title=\"Eesti\">Eesti<\/a>&rdquo; \u0438 &ldquo;<a href=\"https:\/\/prof-group.ee\/en\/wp-json\/wp\/v2\/pages\/769\" class=\"qtranxs-available-language-link qtranxs-available-language-link-en\" title=\"English\">English<\/a>&rdquo;.<\/p>","protected":false},"excerpt":{"rendered":"<p>\u0418\u0437\u0432\u0438\u043d\u0438\u0442\u0435, \u044d\u0442\u043e\u0442 \u0442\u0435\u043a\u0441\u0442 \u0434\u043e\u0441\u0442\u0443\u043f\u0435\u043d \u0442\u043e\u043b\u044c\u043a\u043e \u043d\u0430 &ldquo;Eesti&rdquo; \u0438 &ldquo;English&rdquo;.<\/p>\n","protected":false},"author":1,"featured_media":0,"parent":0,"menu_order":0,"comment_status":"closed","ping_status":"closed","template":"","meta":{"footnotes":""},"class_list":["post-769","page","type-page","status-publish","hentry"],"yoast_head":"<!-- This site is optimized with the Yoast SEO plugin v14.6.1 - https:\/\/yoast.com\/wordpress\/plugins\/seo\/ -->\n<title>Girbau t\u00f6\u00f6stuslikud trummelkuivatid - Prof Group<\/title>\n<meta name=\"robots\" content=\"index, follow\" \/>\n<meta name=\"googlebot\" content=\"index, follow, max-snippet:-1, max-image-preview:large, max-video-preview:-1\" \/>\n<meta name=\"bingbot\" content=\"index, follow, max-snippet:-1, max-image-preview:large, max-video-preview:-1\" \/>\n<link rel=\"canonical\" href=\"https:\/\/prof-group.ee\/girbau-kuivatid\/\" \/>\n<meta property=\"og:locale\" content=\"ru_RU\" \/>\n<meta property=\"og:type\" content=\"article\" \/>\n<meta property=\"og:title\" content=\"[:et]Girbau t\u00f6\u00f6stuslikud trummelkuivatid[:en]Girbau Dryers[:ru]Girbau t\u00f6\u00f6stuslikud trummelkuivatid[:fi]Girbau t\u00f6\u00f6stuslikud trummelkuivatid[:] - Prof Group\" \/>\n<meta property=\"og:description\" content=\"\u0418\u0437\u0432\u0438\u043d\u0438\u0442\u0435, \u044d\u0442\u043e\u0442 \u0442\u0435\u043a\u0441\u0442 \u0434\u043e\u0441\u0442\u0443\u043f\u0435\u043d \u0442\u043e\u043b\u044c\u043a\u043e \u043d\u0430 &ldquo;Eesti&rdquo; \u0438 &ldquo;English&rdquo;.\" \/>\n<meta property=\"og:url\" content=\"https:\/\/prof-group.ee\/girbau-kuivatid\/\" \/>\n<meta property=\"og:site_name\" content=\"Prof Group\" \/>\n<meta property=\"article:modified_time\" content=\"2019-10-29T19:52:23+00:00\" \/>\n<meta property=\"og:image\" content=\"https:\/\/prof-group.ee\/wp-content\/uploads\/2018\/09\/202_ED260-p.jpg\" \/>\n<meta name=\"twitter:card\" content=\"summary_large_image\" \/>\n<script type=\"application\/ld+json\" class=\"yoast-schema-graph\">{\"@context\":\"https:\/\/schema.org\",\"@graph\":[{\"@type\":\"WebSite\",\"@id\":\"https:\/\/prof-group.ee\/ru\/#website\",\"url\":\"https:\/\/prof-group.ee\/ru\/\",\"name\":\"Prof Group\",\"description\":\"T\\u00f6\\u00f6stuslikud seadmed\",\"potentialAction\":[{\"@type\":\"SearchAction\",\"target\":\"https:\/\/prof-group.ee\/ru\/?s={search_term_string}\",\"query-input\":\"required name=search_term_string\"}],\"inLanguage\":\"ru-RU\"},{\"@type\":\"ImageObject\",\"@id\":\"https:\/\/prof-group.ee\/girbau-kuivatid\/#primaryimage\",\"inLanguage\":\"ru-RU\",\"url\":\"https:\/\/prof-group.ee\/wp-content\/uploads\/2018\/09\/202_ED260-p.jpg\",\"width\":140,\"height\":190},{\"@type\":\"WebPage\",\"@id\":\"https:\/\/prof-group.ee\/girbau-kuivatid\/#webpage\",\"url\":\"https:\/\/prof-group.ee\/girbau-kuivatid\/\",\"name\":\"[:et]Girbau t\\u00f6\\u00f6stuslikud trummelkuivatid[:en]Girbau Dryers[:ru]Girbau t\\u00f6\\u00f6stuslikud trummelkuivatid[:fi]Girbau t\\u00f6\\u00f6stuslikud trummelkuivatid[:] - Prof Group\",\"isPartOf\":{\"@id\":\"https:\/\/prof-group.ee\/ru\/#website\"},\"primaryImageOfPage\":{\"@id\":\"https:\/\/prof-group.ee\/girbau-kuivatid\/#primaryimage\"},\"datePublished\":\"2018-08-31T15:08:02+00:00\",\"dateModified\":\"2019-10-29T19:52:23+00:00\",\"inLanguage\":\"ru-RU\",\"potentialAction\":[{\"@type\":\"ReadAction\",\"target\":[\"https:\/\/prof-group.ee\/girbau-kuivatid\/\"]}]}]}<\/script>\n<!-- \/ Yoast SEO plugin. -->","_links":{"self":[{"href":"https:\/\/prof-group.ee\/ru\/wp-json\/wp\/v2\/pages\/769","targetHints":{"allow":["GET"]}}],"collection":[{"href":"https:\/\/prof-group.ee\/ru\/wp-json\/wp\/v2\/pages"}],"about":[{"href":"https:\/\/prof-group.ee\/ru\/wp-json\/wp\/v2\/types\/page"}],"author":[{"embeddable":true,"href":"https:\/\/prof-group.ee\/ru\/wp-json\/wp\/v2\/users\/1"}],"replies":[{"embeddable":true,"href":"https:\/\/prof-group.ee\/ru\/wp-json\/wp\/v2\/comments?post=769"}],"version-history":[{"count":1,"href":"https:\/\/prof-group.ee\/ru\/wp-json\/wp\/v2\/pages\/769\/revisions"}],"predecessor-version":[{"id":935,"href":"https:\/\/prof-group.ee\/ru\/wp-json\/wp\/v2\/pages\/769\/revisions\/935"}],"wp:attachment":[{"href":"https:\/\/prof-group.ee\/ru\/wp-json\/wp\/v2\/media?parent=769"}],"curies":[{"name":"wp","href":"https:\/\/api.w.org\/{rel}","templated":true}]}}