{"id":6,"date":"2017-05-28T19:41:47","date_gmt":"2017-05-28T19:41:47","guid":{"rendered":"http:\/\/prof-group.ee\/?page_id=6"},"modified":"2019-11-12T22:45:58","modified_gmt":"2019-11-12T22:45:58","slug":"avaleht","status":"publish","type":"page","link":"https:\/\/prof-group.ee\/ru\/","title":{"rendered":"Avaleht"},"content":{"rendered":"<p>[vc_row full_width=&#187;stretch_row_content_no_spaces&#187;][vc_column][rev_slider_vc alias=&#187;esileht_ru&#187;][\/vc_column][\/vc_row][vc_row full_width=&#187;stretch_row_content_no_spaces&#187;][vc_column][vc_cta h2=&#187;&#187; txt_align=&#187;center&#187; css=&#187;.vc_custom_1511519687767{margin-top: -20px !important;background-color: #ffffff !important;}&#187;]<\/p>\n<ul>\n<li style=\"display: inline-block;\"><img decoding=\"async\" style=\"height: 30px; padding: 0 20px 0 20px; opacity: 1;\" src=\"\/wp-content\/uploads\/2017\/11\/logo-domus.png\" \/><\/li>\n<li style=\"display: inline-block;\"><img decoding=\"async\" style=\"height: 30px; padding: 0 20px 0 20px; opacity: 1;\" src=\"\/wp-content\/uploads\/2017\/11\/logo-Ilsa-color.png\" \/><\/li>\n<li style=\"display: inline-block;\"><img decoding=\"async\" style=\"height: 30px; padding: 0 20px 0 20px; opacity: 1;\" src=\"\/wp-content\/uploads\/2017\/11\/logo-sidi-mondial-color.png\" \/><\/li>\n<li style=\"display: inline-block;\"><img decoding=\"async\" style=\"height: 30px; padding: 0 20px 0 20px; opacity: 1;\" src=\"\/wp-content\/uploads\/2017\/11\/logo-girbau-color.png\" \/><\/li>\n<li style=\"display: inline-block;\"><img decoding=\"async\" style=\"height: 30px; padding: 0 20px 0 20px; opacity: 1;\" src=\"\/wp-content\/uploads\/2017\/11\/logo-asber-color.png\" \/><\/li>\n<li style=\"display: inline-block;\"><img decoding=\"async\" style=\"height: 30px; padding: 0 20px 0 20px; opacity: 1;\" src=\"\/wp-content\/uploads\/2017\/11\/logo-isa-bw.png\" \/><\/li>\n<li style=\"display: inline-block;\"><img decoding=\"async\" style=\"height: 30px; padding: 0 20px 0 20px; opacity: 1;\" src=\"\/wp-content\/uploads\/2017\/11\/logo-nimo-color.png\" \/><\/li>\n<li style=\"display: inline-block;\"><img decoding=\"async\" style=\"height: 30px; padding: 0 20px 0 20px; opacity: 1;\" src=\"\/wp-content\/uploads\/2017\/11\/logo-sensene_color.png\" \/><\/li>\n<li style=\"display: inline-block;\"><img decoding=\"async\" style=\"height: 30px; padding: 0 20px 0 20px; opacity: 1;\" src=\"\/wp-content\/uploads\/2017\/11\/logo-biar-color.png\" \/><\/li>\n<\/ul>\n<p>[\/vc_cta][\/vc_column][\/vc_row][vc_section disable_element=&#187;yes&#187;][vc_row full_width=&#187;stretch_row_content&#187; el_class=&#187;w1143&#8243;][vc_column][vc_column_text]<\/p>\n<h2 style=\"text-align: center;\">Manual display<\/h2>\n<p>[\/vc_column_text]<div class=\"woocommerce columns-4 \"><ul class=\"products columns-4\">\n<li class=\"product type-product post-424 status-publish first outofstock product_cat-kuivatuskapid product_tag-valge product_tag-ventileeriv has-post-thumbnail taxable shipping-taxable purchasable product-type-simple\">\n\t\u041d\u0430\u043f\u043e\u043b\u044c\u043d\u044b\u0439 \u0441\u0443\u0448\u0438\u043b\u044c\u043d\u044b\u0439 \u0448\u043a\u0430\u0444.\u00a01915 \u043c\u043c. \u0412\u044b\u0442\u044f\u0436\u043d\u043e\u0439 \u0432\u043e\u0437\u0434\u0443\u0445. \u0412\u0435\u043d\u0442\u0438\u043b\u044f\u0442\u043e\u0440 \u0441 \u0442\u0430\u0439\u043c\u0435\u0440\u043e\u043c. \u041f\u043b\u0430\u0432\u043d\u043e\u0435 \u043d\u0430\u0433\u0440\u0435\u0432\u0430\u043d\u0438\u0435. \u0412\u0441\u0435 \u043d\u0430\u0448\u0438 \u043d\u0430\u043f\u043e\u043b\u044c\u043d\u044b\u0435 \u0441\u0443\u0448\u0438\u043b\u044c\u043d\u044b\u0435 \u0448\u043a\u0430\u0444\u044b \u043c\u043e\u0433\u0443\u0442 \u0431\u044b\u0442\u044c \u0434\u043e\u043f\u043e\u043b\u043d\u0438\u0442\u0435\u043b\u044c\u043d\u043e \u043e\u0431\u043e\u0440\u0443\u0434\u043e\u0432\u0430\u043d\u044b \u0441\u0442\u043e\u0439\u043a\u0430\u043c\u0438&hellip;<\/li>\n<li class=\"product type-product post-609 status-publish outofstock has-post-thumbnail taxable shipping-taxable purchasable product-type-simple\">\n\tLarge completely enclosed unit with sink. Exclusive titanium finish.<\/li>\n<\/ul>\n<\/div>[\/vc_column][\/vc_row][vc_row full_width=&#187;stretch_row_content&#187; el_class=&#187;w1143&#8243;][vc_column][vc_column_text]<\/p>\n<h2 style=\"text-align: center;\">Izgl\u012bt\u012bbas iest\u0101d\u0113m<\/h2>\n<p>[\/vc_column_text]<div class=\"woocommerce columns-4 \"><ul class=\"products columns-4\">\n<li class=\"product type-product post-424 status-publish first outofstock product_cat-kuivatuskapid product_tag-valge product_tag-ventileeriv has-post-thumbnail taxable shipping-taxable purchasable product-type-simple\">\n\t\u041d\u0430\u043f\u043e\u043b\u044c\u043d\u044b\u0439 \u0441\u0443\u0448\u0438\u043b\u044c\u043d\u044b\u0439 \u0448\u043a\u0430\u0444.\u00a01915 \u043c\u043c. \u0412\u044b\u0442\u044f\u0436\u043d\u043e\u0439 \u0432\u043e\u0437\u0434\u0443\u0445. \u0412\u0435\u043d\u0442\u0438\u043b\u044f\u0442\u043e\u0440 \u0441 \u0442\u0430\u0439\u043c\u0435\u0440\u043e\u043c. \u041f\u043b\u0430\u0432\u043d\u043e\u0435 \u043d\u0430\u0433\u0440\u0435\u0432\u0430\u043d\u0438\u0435. \u0412\u0441\u0435 \u043d\u0430\u0448\u0438 \u043d\u0430\u043f\u043e\u043b\u044c\u043d\u044b\u0435 \u0441\u0443\u0448\u0438\u043b\u044c\u043d\u044b\u0435 \u0448\u043a\u0430\u0444\u044b \u043c\u043e\u0433\u0443\u0442 \u0431\u044b\u0442\u044c \u0434\u043e\u043f\u043e\u043b\u043d\u0438\u0442\u0435\u043b\u044c\u043d\u043e \u043e\u0431\u043e\u0440\u0443\u0434\u043e\u0432\u0430\u043d\u044b \u0441\u0442\u043e\u0439\u043a\u0430\u043c\u0438&hellip;<\/li>\n<li class=\"product type-product post-609 status-publish outofstock has-post-thumbnail taxable shipping-taxable purchasable product-type-simple\">\n\tLarge completely enclosed unit with sink. Exclusive titanium finish.<\/li>\n<\/ul>\n<\/div>[\/vc_column][\/vc_row][\/vc_section]<br \/>\n<\/p>","protected":false},"excerpt":{"rendered":"<p>[vc_row full_width=&#187;stretch_row_content_no_spaces&#187;][vc_column][rev_slider_vc alias=&#187;esileht_ru&#187;][\/vc_column][\/vc_row][vc_row full_width=&#187;stretch_row_content_no_spaces&#187;][vc_column][vc_cta h2=&#187;&#187; txt_align=&#187;center&#187; css=&#187;.vc_custom_1511519687767{margin-top: -20px !important;background-color: #ffffff !important;}&#187;] [\/vc_cta][\/vc_column][\/vc_row][vc_section disable_element=&#187;yes&#187;][vc_row full_width=&#187;stretch_row_content&#187; el_class=&#187;w1143&#8243;][vc_column][vc_column_text] Manual display [\/vc_column_text][\/vc_column][\/vc_row][vc_row full_width=&#187;stretch_row_content&#187; el_class=&#187;w1143&#8243;][vc_column][vc_column_text] Izgl\u012bt\u012bbas iest\u0101d\u0113m [\/vc_column_text][\/vc_column][\/vc_row][\/vc_section]<\/p>\n","protected":false},"author":1,"featured_media":0,"parent":0,"menu_order":0,"comment_status":"closed","ping_status":"closed","template":"template-homepage.php","meta":{"footnotes":""},"class_list":["post-6","page","type-page","status-publish","hentry"],"yoast_head":"<!-- This site is optimized with the Yoast SEO plugin v14.6.1 - https:\/\/yoast.com\/wordpress\/plugins\/seo\/ -->\n<title>Avaleht - Prof Group<\/title>\n<meta name=\"description\" content=\"Meie tootevalikust leiate: Domus, Girbau, Sidi (v\u00e4ikesed ja suured pesumajalahendused), Ilsa, Sensene (keemilise pesu, kuivpesu lahendused) NIMO (kuivatuskapid t\u00f6\u00f6le ja koju), ISA, Desmon (j\u00e4\u00e4tisek\u00fclmikud, k\u00fclmvitriinid, suurk\u00f6\u00f6gi- ja baaride k\u00fclmikud), Asber (n\u00f5udepesumasinad, roostevaba k\u00f6\u00f6gim\u00f6\u00f6bel)\" \/>\n<meta name=\"robots\" content=\"index, follow\" \/>\n<meta name=\"googlebot\" content=\"index, follow, max-snippet:-1, max-image-preview:large, max-video-preview:-1\" \/>\n<meta name=\"bingbot\" content=\"index, follow, max-snippet:-1, max-image-preview:large, max-video-preview:-1\" \/>\n<link rel=\"canonical\" href=\"https:\/\/prof-group.ee\/et\/\" \/>\n<meta property=\"og:locale\" content=\"ru_RU\" \/>\n<meta property=\"og:type\" content=\"article\" \/>\n<meta property=\"og:title\" content=\"Avaleht - Prof Group\" \/>\n<meta property=\"og:description\" content=\"Meie tootevalikust leiate: Domus, Girbau, Sidi (v\u00e4ikesed ja suured pesumajalahendused), Ilsa, Sensene (keemilise pesu, kuivpesu lahendused) NIMO (kuivatuskapid t\u00f6\u00f6le ja koju), ISA, Desmon (j\u00e4\u00e4tisek\u00fclmikud, k\u00fclmvitriinid, suurk\u00f6\u00f6gi- ja baaride k\u00fclmikud), Asber (n\u00f5udepesumasinad, roostevaba k\u00f6\u00f6gim\u00f6\u00f6bel)\" \/>\n<meta property=\"og:url\" content=\"https:\/\/prof-group.ee\/et\/\" \/>\n<meta property=\"og:site_name\" content=\"Prof Group\" \/>\n<meta property=\"article:modified_time\" content=\"2019-11-12T22:45:58+00:00\" \/>\n<meta property=\"og:image\" content=\"https:\/\/prof-group.ee\/wp-content\/uploads\/2019\/10\/logo-domus.png\" \/>\n<meta name=\"twitter:card\" content=\"summary_large_image\" \/>\n<script type=\"application\/ld+json\" class=\"yoast-schema-graph\">{\"@context\":\"https:\/\/schema.org\",\"@graph\":[{\"@type\":\"WebSite\",\"@id\":\"https:\/\/prof-group.ee\/ru\/#website\",\"url\":\"https:\/\/prof-group.ee\/ru\/\",\"name\":\"Prof Group\",\"description\":\"T\\u00f6\\u00f6stuslikud seadmed\",\"potentialAction\":[{\"@type\":\"SearchAction\",\"target\":\"https:\/\/prof-group.ee\/ru\/?s={search_term_string}\",\"query-input\":\"required name=search_term_string\"}],\"inLanguage\":\"ru-RU\"},{\"@type\":\"ImageObject\",\"@id\":\"https:\/\/prof-group.ee\/et\/#primaryimage\",\"inLanguage\":\"ru-RU\",\"url\":\"\/wp-content\/uploads\/2019\/10\/logo-domus.png\"},{\"@type\":\"WebPage\",\"@id\":\"https:\/\/prof-group.ee\/et\/#webpage\",\"url\":\"https:\/\/prof-group.ee\/et\/\",\"name\":\"Avaleht - Prof Group\",\"isPartOf\":{\"@id\":\"https:\/\/prof-group.ee\/ru\/#website\"},\"primaryImageOfPage\":{\"@id\":\"https:\/\/prof-group.ee\/et\/#primaryimage\"},\"datePublished\":\"2017-05-28T19:41:47+00:00\",\"dateModified\":\"2019-11-12T22:45:58+00:00\",\"description\":\"Meie tootevalikust leiate: Domus, Girbau, Sidi (v\\u00e4ikesed ja suured pesumajalahendused), Ilsa, Sensene (keemilise pesu, kuivpesu lahendused) NIMO (kuivatuskapid t\\u00f6\\u00f6le ja koju), ISA, Desmon (j\\u00e4\\u00e4tisek\\u00fclmikud, k\\u00fclmvitriinid, suurk\\u00f6\\u00f6gi- ja baaride k\\u00fclmikud), Asber (n\\u00f5udepesumasinad, roostevaba k\\u00f6\\u00f6gim\\u00f6\\u00f6bel)\",\"inLanguage\":\"ru-RU\",\"potentialAction\":[{\"@type\":\"ReadAction\",\"target\":[\"https:\/\/prof-group.ee\/et\/\"]}]}]}<\/script>\n<!-- \/ Yoast SEO plugin. -->","_links":{"self":[{"href":"https:\/\/prof-group.ee\/ru\/wp-json\/wp\/v2\/pages\/6","targetHints":{"allow":["GET"]}}],"collection":[{"href":"https:\/\/prof-group.ee\/ru\/wp-json\/wp\/v2\/pages"}],"about":[{"href":"https:\/\/prof-group.ee\/ru\/wp-json\/wp\/v2\/types\/page"}],"author":[{"embeddable":true,"href":"https:\/\/prof-group.ee\/ru\/wp-json\/wp\/v2\/users\/1"}],"replies":[{"embeddable":true,"href":"https:\/\/prof-group.ee\/ru\/wp-json\/wp\/v2\/comments?post=6"}],"version-history":[{"count":6,"href":"https:\/\/prof-group.ee\/ru\/wp-json\/wp\/v2\/pages\/6\/revisions"}],"predecessor-version":[{"id":942,"href":"https:\/\/prof-group.ee\/ru\/wp-json\/wp\/v2\/pages\/6\/revisions\/942"}],"wp:attachment":[{"href":"https:\/\/prof-group.ee\/ru\/wp-json\/wp\/v2\/media?parent=6"}],"curies":[{"name":"wp","href":"https:\/\/api.w.org\/{rel}","templated":true}]}}