{"id":514,"date":"2017-12-03T15:30:24","date_gmt":"2017-12-03T15:30:24","guid":{"rendered":"http:\/\/prof-group.ee\/?post_type=product&#038;p=514"},"modified":"2024-02-23T11:31:25","modified_gmt":"2024-02-23T11:31:25","slug":"kuivatuskapp-nimo-ets-1900-e-titaan","status":"publish","type":"product","link":"https:\/\/prof-group.ee\/fi\/tooted\/kuivatuskapp-nimo-ets-1900-e-titaan\/","title":{"rendered":"Nimo kuivatuskapp Sensor Dryer 1900 Titaan"},"content":{"rendered":"<p><strong>40 prosenttia pienempi s\u00e4hk\u00f6nkulutus perinteisiin kuivauskaappeihin verrattuna. Niin paljon tehokkaampi on Nimo ECO Dryer -kuivauskaappimme.<\/strong><\/p>\n<p>S\u00e4\u00e4timell\u00e4 varustetut kuivauskaapit ovat jo pitk\u00e4\u00e4n olleet vakiona kuivauskaappivalikoimassamme \u2013 mutta uuden tekniikan ansiosta nyt voidaan s\u00e4\u00e4st\u00e4\u00e4 40 prosenttia virtaa. Sis\u00e4\u00e4nrakennettu kosteustunnistin sammuttaa kuivauksen heti kun vaatteesi kuivuvat, t\u00e4ysin automaattisesti! Kaksi kiinte\u00e4\u00e4 automaattiohjelmaa (40\u00b0 \/ 60\u00b0) sek\u00e4 mahdollisuus manuaaliseen ajans\u00e4\u00e4t\u00f6\u00f6n. Kolme rivi\u00e4 taitettavia ja ulosvedett\u00e4vi\u00e4 ripustimia. Lis\u00e4ksi oven sis\u00e4puolella on kolme oviripustinta.<\/p>\n<table class=\"shop_attributes\">\n<tbody>\n<tr>\n<th>Mitat K x L x S<\/th>\n<td>1915 x 595 x 615 mm<\/td>\n<\/tr>\n<tr>\n<th>Paino<\/th>\n<td>61 kg<\/td>\n<\/tr>\n<tr>\n<th>Suojausluokka<\/th>\n<td>IP24, SEMKO ja CE hyv\u00e4ksytty<\/td>\n<\/tr>\n<tr>\n<th>Kapasiteetti<\/th>\n<td>Ripustuspituus 16 metri\u00e4, tilavuus 4 kg ja enemm\u00e4n<\/td>\n<\/tr>\n<tr>\n<th>\u00c4\u00e4nentaso<\/th>\n<td>Alle 60 db(A)<\/td>\n<\/tr>\n<tr>\n<th>S\u00e4hk\u00f6liit\u00e4nt\u00e4<\/th>\n<td>1-vaiheinen 230 V 10 A, elementtiteho 1500 W, moottori 35 W ja ylikuumenemissuoja<\/td>\n<\/tr>\n<tr>\n<th>Tuuletuskapasiteetti<\/th>\n<td>180 m\u00b3, josta 25 % poistetaan<\/td>\n<\/tr>\n<tr>\n<th>Kuivausj\u00e4rjestelm\u00e4<\/th>\n<td>Poistoilma, mukana ilmanvaihtoliit\u00e4nn\u00e4t<\/td>\n<\/tr>\n<\/tbody>\n<\/table>\n<p><\/p>","protected":false},"excerpt":{"rendered":"<p>Lattialle asennettava kuivauskaapit.\u00a01915 mm. poistoilma.\u00a0Anturiohjaus.<\/p>\n<ul>\n<li>Automaattinen sammutus.<\/li>\n<li>Kaksi automaattiohjelmaa.<\/li>\n<li>Energiapihi ja k\u00e4yt\u00e4nn\u00f6llinen.<\/li>\n<\/ul>\n","protected":false},"featured_media":1205,"template":"","meta":[],"class_list":["post-514","product","type-product","status-publish","has-post-thumbnail","hentry","product_brand-nimo","product_cat-kuivatuskapid","product_tag-titaan","product_tag-ventileeriv"],"yoast_head":"<!-- This site is optimized with the Yoast SEO plugin v14.6.1 - https:\/\/yoast.com\/wordpress\/plugins\/seo\/ -->\n<title>Nimo kuivatuskapp Sensor Dryer 1900 Titaan - Prof Group<\/title>\n<meta name=\"robots\" content=\"index, follow\" \/>\n<meta name=\"googlebot\" content=\"index, follow, max-snippet:-1, max-image-preview:large, max-video-preview:-1\" \/>\n<meta name=\"bingbot\" content=\"index, follow, max-snippet:-1, max-image-preview:large, max-video-preview:-1\" \/>\n<link rel=\"canonical\" href=\"https:\/\/prof-group.ee\/tooted\/kuivatuskapp-nimo-ets-1900-e-titaan\/\" \/>\n<meta property=\"og:locale\" content=\"fi_FI\" \/>\n<meta property=\"og:type\" content=\"article\" \/>\n<meta property=\"og:title\" content=\"Nimo kuivatuskapp Sensor Dryer 1900 Titaan - Prof Group\" \/>\n<meta property=\"og:description\" content=\"[:et]Kiire ja energias\u00e4\u00e4stlik, \u00f5rn riietehooldus. Ventileeriv seade.[:en]Floor standing drying cabinet.\u00a01915 mm. Extract air.\u00a0Sensor controlled.   Automatic shut-off.  Two automatic programmes.  Energy-efficient and practical. [:ru]\u041d\u0430\u043f\u043e\u043b\u044c\u043d\u044b\u0439 \u0441\u0443\u0448\u0438\u043b\u044c\u043d\u044b\u0439 \u0448\u043a\u0430\u0444.\u00a01915 \u043c\u043c.\u00a0\u0412\u044b\u0442\u044f\u0436\u043d\u043e\u0439 \u0432\u043e\u0437\u0434\u0443\u0445.\u00a0\u0423\u043f\u0440\u0430\u0432\u043b\u0435\u043d\u0438\u0435 \u043e\u0442 \u0434\u0430\u0442\u0447\u0438\u043a\u043e\u0432.   \u0410\u0432\u0442\u043e\u043c\u0430\u0442\u0438\u0447\u0435\u0441\u043a\u043e\u0435 \u043e\u0442\u043a\u043b\u044e\u0447\u0435\u043d\u0438\u0435.  \u0414\u0432\u0435 \u0430\u0432\u0442\u043e\u043c\u0430\u0442\u0438\u0447\u0435\u0441\u043a\u0438\u0435 \u043f\u0440\u043e\u0433\u0440\u0430\u043c\u043c\u044b.  \u042d\u043d\u0435\u0440\u0433\u043e\u0441\u0431\u0435\u0440\u0435\u0436\u0435\u043d\u0438\u0435 \u0438 \u043f\u0440\u0430\u043a\u0442\u0438\u0447\u043d\u043e\u0441\u0442\u044c. [:fi]Lattialle asennettava kuivauskaapit.\u00a01915 mm. poistoilma.\u00a0Anturiohjaus.   Automaattinen sammutus.  Kaksi automaattiohjelmaa.  Energiapihi ja k\u00e4yt\u00e4nn\u00f6llinen. [:]\" \/>\n<meta property=\"og:url\" content=\"https:\/\/prof-group.ee\/tooted\/kuivatuskapp-nimo-ets-1900-e-titaan\/\" \/>\n<meta property=\"og:site_name\" content=\"Prof Group\" \/>\n<meta property=\"article:modified_time\" content=\"2024-02-23T11:31:25+00:00\" \/>\n<meta property=\"og:image\" content=\"https:\/\/prof-group.ee\/wp-content\/uploads\/2017\/12\/SD1900T.png\" \/>\n\t<meta property=\"og:image:width\" content=\"1243\" \/>\n\t<meta property=\"og:image:height\" content=\"1216\" \/>\n<meta name=\"twitter:card\" content=\"summary_large_image\" \/>\n<script type=\"application\/ld+json\" class=\"yoast-schema-graph\">{\"@context\":\"https:\/\/schema.org\",\"@graph\":[{\"@type\":\"WebSite\",\"@id\":\"https:\/\/prof-group.ee\/fi\/#website\",\"url\":\"https:\/\/prof-group.ee\/fi\/\",\"name\":\"Prof Group\",\"description\":\"T\\u00f6\\u00f6stuslikud seadmed\",\"potentialAction\":[{\"@type\":\"SearchAction\",\"target\":\"https:\/\/prof-group.ee\/fi\/?s={search_term_string}\",\"query-input\":\"required name=search_term_string\"}],\"inLanguage\":\"fi\"},{\"@type\":\"ImageObject\",\"@id\":\"https:\/\/prof-group.ee\/tooted\/kuivatuskapp-nimo-ets-1900-e-titaan\/#primaryimage\",\"inLanguage\":\"fi\",\"url\":\"https:\/\/prof-group.ee\/wp-content\/uploads\/2017\/12\/SD1900T.png\",\"width\":1243,\"height\":1216},{\"@type\":\"WebPage\",\"@id\":\"https:\/\/prof-group.ee\/tooted\/kuivatuskapp-nimo-ets-1900-e-titaan\/#webpage\",\"url\":\"https:\/\/prof-group.ee\/tooted\/kuivatuskapp-nimo-ets-1900-e-titaan\/\",\"name\":\"Nimo kuivatuskapp Sensor Dryer 1900 Titaan - Prof Group\",\"isPartOf\":{\"@id\":\"https:\/\/prof-group.ee\/fi\/#website\"},\"primaryImageOfPage\":{\"@id\":\"https:\/\/prof-group.ee\/tooted\/kuivatuskapp-nimo-ets-1900-e-titaan\/#primaryimage\"},\"datePublished\":\"2017-12-03T15:30:24+00:00\",\"dateModified\":\"2024-02-23T11:31:25+00:00\",\"inLanguage\":\"fi\",\"potentialAction\":[{\"@type\":\"ReadAction\",\"target\":[\"https:\/\/prof-group.ee\/tooted\/kuivatuskapp-nimo-ets-1900-e-titaan\/\"]}]}]}<\/script>\n<!-- \/ Yoast SEO plugin. -->","_links":{"self":[{"href":"https:\/\/prof-group.ee\/fi\/wp-json\/wp\/v2\/product\/514","targetHints":{"allow":["GET"]}}],"collection":[{"href":"https:\/\/prof-group.ee\/fi\/wp-json\/wp\/v2\/product"}],"about":[{"href":"https:\/\/prof-group.ee\/fi\/wp-json\/wp\/v2\/types\/product"}],"wp:featuredmedia":[{"embeddable":true,"href":"https:\/\/prof-group.ee\/fi\/wp-json\/wp\/v2\/media\/1205"}],"wp:attachment":[{"href":"https:\/\/prof-group.ee\/fi\/wp-json\/wp\/v2\/media?parent=514"}],"curies":[{"name":"wp","href":"https:\/\/api.w.org\/{rel}","templated":true}]}}