{"id":511,"date":"2017-12-03T15:28:16","date_gmt":"2017-12-03T15:28:16","guid":{"rendered":"http:\/\/prof-group.ee\/?post_type=product&#038;p=511"},"modified":"2024-02-23T11:33:07","modified_gmt":"2024-02-23T11:33:07","slug":"kuivatuskapp-nimo-ets-1900-bod-valge","status":"publish","type":"product","link":"https:\/\/prof-group.ee\/fi\/tooted\/kuivatuskapp-nimo-ets-1900-bod-valge\/","title":{"rendered":"Nimo kuivatuskapp Easy Dryer 1900 Bod Valge"},"content":{"rendered":"<p>Lattiamalli ty\u00f6vaatek\u00e4ytt\u00f6\u00f6n, varusteena katon vaatekoukut sek\u00e4 kolme ripustinta oven sis\u00e4puolella. Tarvittaessa voidaan asentaa my\u00f6s tavallisia ripustimia. Aikaohjattu tuuletin, portaaton l\u00e4mp\u00f6. Toimituksessa mukana kuljetustuki ja\u00a0ilmanvaihtoliit\u00e4nn\u00e4t.<\/p>\n<table class=\"shop_attributes\">\n<tbody>\n<tr>\n<th>Mitat K x L x S<\/th>\n<td>1915 x 595 x 615 mm<\/td>\n<\/tr>\n<tr>\n<th>Paino<\/th>\n<td>61 kg<\/td>\n<\/tr>\n<tr>\n<th>Suojausluokka<\/th>\n<td>IP24, SEMKO ja CE hyv\u00e4ksytty<\/td>\n<\/tr>\n<tr>\n<th>\u00c4\u00e4nentaso<\/th>\n<td>Alle 60 db(A)<\/td>\n<\/tr>\n<tr>\n<th>S\u00e4hk\u00f6liit\u00e4nt\u00e4<\/th>\n<td>1-vaiheinen 230 V 10 A, elementtiteho 1500 W, moottori 35 W ja ylikuumenemissuoja<\/td>\n<\/tr>\n<tr>\n<th>Tuuletuskapasiteetti<\/th>\n<td>180 m\u00b3, josta 25 % poistetaan<\/td>\n<\/tr>\n<tr>\n<th>Kuivausj\u00e4rjestelm\u00e4<\/th>\n<td>Poistoilma, mukana ilmanvaihtoliit\u00e4nn\u00e4t<\/td>\n<\/tr>\n<\/tbody>\n<\/table>\n<p><\/p>","protected":false},"excerpt":{"rendered":"<p>Lattialle asennettava kuivauskaapit.\u00a01915 mm. poistoilma.\u00a0Soveltuu erityisesti ty\u00f6vaatteille.<\/p>\n<ul>\n<li>Aikaohjattu tuuletin.<\/li>\n<li>Portaaton l\u00e4mp\u00f6.<\/li>\n<\/ul>\n","protected":false},"featured_media":455,"template":"","meta":[],"class_list":["post-511","product","type-product","status-publish","has-post-thumbnail","hentry","product_brand-nimo","product_cat-kuivatuskapid","product_tag-laekonksudega","product_tag-valge","product_tag-ventileeriv"],"yoast_head":"<!-- This site is optimized with the Yoast SEO plugin v14.6.1 - https:\/\/yoast.com\/wordpress\/plugins\/seo\/ -->\n<title>Nimo kuivatuskapp Easy Dryer 1900 Bod Valge - Prof Group<\/title>\n<meta name=\"robots\" content=\"index, follow\" \/>\n<meta name=\"googlebot\" content=\"index, follow, max-snippet:-1, max-image-preview:large, max-video-preview:-1\" \/>\n<meta name=\"bingbot\" content=\"index, follow, max-snippet:-1, max-image-preview:large, max-video-preview:-1\" \/>\n<link rel=\"canonical\" href=\"https:\/\/prof-group.ee\/tooted\/kuivatuskapp-nimo-ets-1900-bod-valge\/\" \/>\n<meta property=\"og:locale\" content=\"fi_FI\" \/>\n<meta property=\"og:type\" content=\"article\" \/>\n<meta property=\"og:title\" content=\"Nimo kuivatuskapp Easy Dryer 1900 Bod Valge - Prof Group\" \/>\n<meta property=\"og:description\" content=\"[:et]Kiire ja kangas\u00f5bralik riietehooldus. Ventileeriv seade. Lihtsa riputuslahendusega kuivatuskapp t\u00f6\u00f6riietele, kombinesoonidele ja jalan\u00f5udele.[:en]Floor standing drying cabinet.\u00a01915 mm. Extract air.\u00a0Specially adapted for workwear.   Timer-controlled fan.  Stepless heating. [:ru]\u041d\u0430\u043f\u043e\u043b\u044c\u043d\u044b\u0439 \u0441\u0443\u0448\u0438\u043b\u044c\u043d\u044b\u0439 \u0448\u043a\u0430\u0444.\u00a01915 \u043c\u043c. \u0412\u044b\u0442\u044f\u0436\u043d\u043e\u0439 \u0432\u043e\u0437\u0434\u0443\u0445.\u00a0\u0421\u043f\u0435\u0446\u0438\u0430\u043b\u044c\u043d\u043e \u043f\u0440\u0438\u0441\u043f\u043e\u0441\u043e\u0431\u043b\u0435\u043d \u0434\u043b\u044f \u0441\u0443\u0448\u043a\u0438 \u0440\u0430\u0431\u043e\u0447\u0435\u0439 \u043e\u0434\u0435\u0436\u0434\u044b.   \u0412\u0435\u043d\u0442\u0438\u043b\u044f\u0442\u043e\u0440 \u0441 \u0442\u0430\u0439\u043c\u0435\u0440\u043e\u043c  \u041f\u043b\u0430\u0432\u043d\u043e\u0435 \u043d\u0430\u0433\u0440\u0435\u0432\u0430\u043d\u0438\u0435 [:fi]Lattialle asennettava kuivauskaapit.\u00a01915 mm. poistoilma.\u00a0Soveltuu erityisesti ty\u00f6vaatteille.   Aikaohjattu tuuletin.  Portaaton l\u00e4mp\u00f6. [:]\" \/>\n<meta property=\"og:url\" content=\"https:\/\/prof-group.ee\/tooted\/kuivatuskapp-nimo-ets-1900-bod-valge\/\" \/>\n<meta property=\"og:site_name\" content=\"Prof Group\" \/>\n<meta property=\"article:modified_time\" content=\"2024-02-23T11:33:07+00:00\" \/>\n<meta property=\"og:image\" content=\"https:\/\/prof-group.ee\/wp-content\/uploads\/2017\/11\/ets_1900_bod.jpg\" \/>\n\t<meta property=\"og:image:width\" content=\"2835\" \/>\n\t<meta property=\"og:image:height\" content=\"2835\" \/>\n<meta name=\"twitter:card\" content=\"summary_large_image\" \/>\n<script type=\"application\/ld+json\" class=\"yoast-schema-graph\">{\"@context\":\"https:\/\/schema.org\",\"@graph\":[{\"@type\":\"WebSite\",\"@id\":\"https:\/\/prof-group.ee\/fi\/#website\",\"url\":\"https:\/\/prof-group.ee\/fi\/\",\"name\":\"Prof Group\",\"description\":\"T\\u00f6\\u00f6stuslikud seadmed\",\"potentialAction\":[{\"@type\":\"SearchAction\",\"target\":\"https:\/\/prof-group.ee\/fi\/?s={search_term_string}\",\"query-input\":\"required name=search_term_string\"}],\"inLanguage\":\"fi\"},{\"@type\":\"ImageObject\",\"@id\":\"https:\/\/prof-group.ee\/tooted\/kuivatuskapp-nimo-ets-1900-bod-valge\/#primaryimage\",\"inLanguage\":\"fi\",\"url\":\"https:\/\/prof-group.ee\/wp-content\/uploads\/2017\/11\/ets_1900_bod.jpg\",\"width\":2835,\"height\":2835},{\"@type\":\"WebPage\",\"@id\":\"https:\/\/prof-group.ee\/tooted\/kuivatuskapp-nimo-ets-1900-bod-valge\/#webpage\",\"url\":\"https:\/\/prof-group.ee\/tooted\/kuivatuskapp-nimo-ets-1900-bod-valge\/\",\"name\":\"Nimo kuivatuskapp Easy Dryer 1900 Bod Valge - Prof Group\",\"isPartOf\":{\"@id\":\"https:\/\/prof-group.ee\/fi\/#website\"},\"primaryImageOfPage\":{\"@id\":\"https:\/\/prof-group.ee\/tooted\/kuivatuskapp-nimo-ets-1900-bod-valge\/#primaryimage\"},\"datePublished\":\"2017-12-03T15:28:16+00:00\",\"dateModified\":\"2024-02-23T11:33:07+00:00\",\"inLanguage\":\"fi\",\"potentialAction\":[{\"@type\":\"ReadAction\",\"target\":[\"https:\/\/prof-group.ee\/tooted\/kuivatuskapp-nimo-ets-1900-bod-valge\/\"]}]}]}<\/script>\n<!-- \/ Yoast SEO plugin. -->","_links":{"self":[{"href":"https:\/\/prof-group.ee\/fi\/wp-json\/wp\/v2\/product\/511","targetHints":{"allow":["GET"]}}],"collection":[{"href":"https:\/\/prof-group.ee\/fi\/wp-json\/wp\/v2\/product"}],"about":[{"href":"https:\/\/prof-group.ee\/fi\/wp-json\/wp\/v2\/types\/product"}],"wp:featuredmedia":[{"embeddable":true,"href":"https:\/\/prof-group.ee\/fi\/wp-json\/wp\/v2\/media\/455"}],"wp:attachment":[{"href":"https:\/\/prof-group.ee\/fi\/wp-json\/wp\/v2\/media?parent=511"}],"curies":[{"name":"wp","href":"https:\/\/api.w.org\/{rel}","templated":true}]}}