{"id":877,"date":"2017-05-28T19:43:31","date_gmt":"2017-05-28T19:43:31","guid":{"rendered":"http:\/\/prof-group.ee\/?page_id=8"},"modified":"2019-10-29T18:13:22","modified_gmt":"2019-10-29T18:13:22","slug":"teenindus","status":"publish","type":"page","link":"https:\/\/prof-group.ee\/fi\/teenindus\/","title":{"rendered":"PALVELU"},"content":{"rendered":"<p><\/p>\n<h1>Tarjoamme Teille nopeaa ja perusteellista teknist\u00e4 tukea<\/h1>\n<h4>Suoritamme sek\u00e4 <span style=\"color: #549fd2;\">takuuaikana<\/span> ett\u00e4 <span style=\"color: #549fd2;\">sen j\u00e4lkeen tapahtuvaa huoltoa ja korjausta<\/span>. K\u00e4yt\u00e4mme suoraan valmistajalta saatavia alkuper\u00e4isvaraosia.<\/h4>\n<h4>Hyvin koulutetut teknikkomme varmistavat Teille ensiluokkaisen palvelun, jonka tavoitteena on laitteiden h\u00e4iri\u00f6t\u00f6n toiminta ja Teid\u00e4n tyytyv\u00e4isyytenne. Huoltosopimuksen perusteella tarjoamme Teille palvelun 24\/7.<\/h4>\n<h4>Puhelin: <span style=\"color: #549fd2;\">+372 686 4109<\/span><br \/>\nS\u00e4hk\u00f6posti: <span style=\"color: #549fd2;\">info@prof-group.ee<\/span><\/h4>\n<p><\/p>","protected":false},"excerpt":{"rendered":"<p>Tarjoamme Teille nopeaa ja perusteellista teknist\u00e4 tukea Suoritamme sek\u00e4 takuuaikana ett\u00e4 sen j\u00e4lkeen tapahtuvaa huoltoa ja korjausta. K\u00e4yt\u00e4mme suoraan valmistajalta saatavia alkuper\u00e4isvaraosia. Hyvin koulutetut teknikkomme varmistavat Teille ensiluokkaisen palvelun, jonka tavoitteena on laitteiden h\u00e4iri\u00f6t\u00f6n toiminta ja Teid\u00e4n tyytyv\u00e4isyytenne. Huoltosopimuksen perusteella tarjoamme Teille palvelun 24\/7. Puhelin: +372 686 4109 S\u00e4hk\u00f6posti: info@prof-group.ee<\/p>\n","protected":false},"author":1,"featured_media":0,"parent":0,"menu_order":0,"comment_status":"closed","ping_status":"closed","template":"","meta":{"footnotes":""},"class_list":["post-877","page","type-page","status-publish","hentry"],"yoast_head":"<!-- This site is optimized with the Yoast SEO plugin v14.6.1 - https:\/\/yoast.com\/wordpress\/plugins\/seo\/ -->\n<title>PALVELU - Prof Group<\/title>\n<meta name=\"robots\" content=\"index, follow\" \/>\n<meta name=\"googlebot\" content=\"index, follow, max-snippet:-1, max-image-preview:large, max-video-preview:-1\" \/>\n<meta name=\"bingbot\" content=\"index, follow, max-snippet:-1, max-image-preview:large, max-video-preview:-1\" \/>\n<link rel=\"canonical\" href=\"https:\/\/prof-group.ee\/teenindus\/\" \/>\n<meta property=\"og:locale\" content=\"fi_FI\" \/>\n<meta property=\"og:type\" content=\"article\" \/>\n<meta property=\"og:title\" content=\"[:et]Teenindus[:en]SERVICE[:ru]\u041e\u0411\u0421\u041b\u0423\u0416\u0418\u0412\u0410\u041d\u0418\u0415[:fi]PALVELU[:] - Prof Group\" \/>\n<meta property=\"og:description\" content=\"Tarjoamme Teille nopeaa ja perusteellista teknist\u00e4 tukea Suoritamme sek\u00e4 takuuaikana ett\u00e4 sen j\u00e4lkeen tapahtuvaa huoltoa ja korjausta. K\u00e4yt\u00e4mme suoraan valmistajalta saatavia alkuper\u00e4isvaraosia. Hyvin koulutetut teknikkomme varmistavat Teille ensiluokkaisen palvelun, jonka tavoitteena on laitteiden h\u00e4iri\u00f6t\u00f6n toiminta ja Teid\u00e4n tyytyv\u00e4isyytenne. Huoltosopimuksen perusteella tarjoamme Teille palvelun 24\/7. Puhelin: +372 686 4109 S\u00e4hk\u00f6posti: info@prof-group.ee\" \/>\n<meta property=\"og:url\" content=\"https:\/\/prof-group.ee\/teenindus\/\" \/>\n<meta property=\"og:site_name\" content=\"Prof Group\" \/>\n<meta property=\"article:modified_time\" content=\"2019-10-29T18:13:22+00:00\" \/>\n<meta name=\"twitter:card\" content=\"summary_large_image\" \/>\n<script type=\"application\/ld+json\" class=\"yoast-schema-graph\">{\"@context\":\"https:\/\/schema.org\",\"@graph\":[{\"@type\":\"WebSite\",\"@id\":\"https:\/\/prof-group.ee\/fi\/#website\",\"url\":\"https:\/\/prof-group.ee\/fi\/\",\"name\":\"Prof Group\",\"description\":\"T\\u00f6\\u00f6stuslikud seadmed\",\"potentialAction\":[{\"@type\":\"SearchAction\",\"target\":\"https:\/\/prof-group.ee\/fi\/?s={search_term_string}\",\"query-input\":\"required name=search_term_string\"}],\"inLanguage\":\"fi\"},{\"@type\":\"WebPage\",\"@id\":\"https:\/\/prof-group.ee\/teenindus\/#webpage\",\"url\":\"https:\/\/prof-group.ee\/teenindus\/\",\"name\":\"[:et]Teenindus[:en]SERVICE[:ru]\\u041e\\u0411\\u0421\\u041b\\u0423\\u0416\\u0418\\u0412\\u0410\\u041d\\u0418\\u0415[:fi]PALVELU[:] - Prof Group\",\"isPartOf\":{\"@id\":\"https:\/\/prof-group.ee\/fi\/#website\"},\"datePublished\":\"2017-05-28T19:43:31+00:00\",\"dateModified\":\"2019-10-29T18:13:22+00:00\",\"inLanguage\":\"fi\",\"potentialAction\":[{\"@type\":\"ReadAction\",\"target\":[\"https:\/\/prof-group.ee\/teenindus\/\"]}]}]}<\/script>\n<!-- \/ Yoast SEO plugin. -->","_links":{"self":[{"href":"https:\/\/prof-group.ee\/fi\/wp-json\/wp\/v2\/pages\/877","targetHints":{"allow":["GET"]}}],"collection":[{"href":"https:\/\/prof-group.ee\/fi\/wp-json\/wp\/v2\/pages"}],"about":[{"href":"https:\/\/prof-group.ee\/fi\/wp-json\/wp\/v2\/types\/page"}],"author":[{"embeddable":true,"href":"https:\/\/prof-group.ee\/fi\/wp-json\/wp\/v2\/users\/1"}],"replies":[{"embeddable":true,"href":"https:\/\/prof-group.ee\/fi\/wp-json\/wp\/v2\/comments?post=877"}],"version-history":[{"count":1,"href":"https:\/\/prof-group.ee\/fi\/wp-json\/wp\/v2\/pages\/877\/revisions"}],"predecessor-version":[{"id":927,"href":"https:\/\/prof-group.ee\/fi\/wp-json\/wp\/v2\/pages\/877\/revisions\/927"}],"wp:attachment":[{"href":"https:\/\/prof-group.ee\/fi\/wp-json\/wp\/v2\/media?parent=877"}],"curies":[{"name":"wp","href":"https:\/\/api.w.org\/{rel}","templated":true}]}}