{"id":875,"date":"2017-05-28T21:41:14","date_gmt":"2017-05-28T21:41:14","guid":{"rendered":"http:\/\/prof-group.ee\/?page_id=2"},"modified":"2019-10-29T18:18:53","modified_gmt":"2019-10-29T18:18:53","slug":"meist","status":"publish","type":"page","link":"https:\/\/prof-group.ee\/fi\/meist\/","title":{"rendered":"MEIST\u00c4"},"content":{"rendered":"<p><\/p>\n<h1>Prof Group Eesti O\u00dc on kansainv\u00e4linen, nopeasti kehittyv\u00e4 yritys.<\/h1>\n<h4>Missiomme on olla pesulalaitteiden, tarvikkeiden ja uudenlaisen pesukemian ja teknologioiden johtava toimittaja.<\/h4>\n<h4>Tukeutuen henkil\u00f6st\u00f6mme alalla hankkimaan pitk\u00e4\u00e4n kokemukseen tarjoamme erilaisia huolellisesti valittuja laitteita ja ratkaisuja my\u00f6s elintarviketeollisuudelle, v\u00e4hitt\u00e4iskaupalle ja ravitsemusliikkeille.<\/h4>\n<h4>Tuotevalikoimastamme l\u00f6yd\u00e4tte: Domus, Girbau, Sidi (isot ja suuret pesularatkaisut), Ilsa, Sensene (kemiallisen puhdistuksen ja kuivapesun ratkaisut), NIMO (kuivauskaapit t\u00f6ihin ja kotiin), ISA, Desmon (j\u00e4\u00e4tel\u00f6pakastimet, pakastevitriinit, suurkeitti\u00f6- ja baaripakastimet), Asber (astianpesukoneet, ruostumattomasta ter\u00e4ksest\u00e4 valmistetut keitti\u00f6kalusteet)<\/h4>\n<h4>Henkil\u00f6kunnallamme on vakava tahto taata Teille ainoastaan menestyvi\u00e4 ratkaisuja ja miellytt\u00e4v\u00e4\u00e4 palvelua.<\/h4>\n<h4>Yrityksen\u00e4 mittaamme menestyst\u00e4mme sill\u00e4, miten hyvin tuo tahto on t\u00e4yttynyt.<\/h4>\n<h4>Prof Groupin tavoitteena on kasvaa sek\u00e4 Viron ett\u00e4 Latvian, Liettuan, Valko-Ven\u00e4j\u00e4n ett\u00e4 Suomen markkinoilla.<\/h4>\n<p><\/p>","protected":false},"excerpt":{"rendered":"<p>Prof Group Eesti O\u00dc on kansainv\u00e4linen, nopeasti kehittyv\u00e4 yritys. Missiomme on olla pesulalaitteiden, tarvikkeiden ja uudenlaisen pesukemian ja teknologioiden johtava toimittaja. Tukeutuen henkil\u00f6st\u00f6mme alalla hankkimaan pitk\u00e4\u00e4n kokemukseen tarjoamme erilaisia huolellisesti valittuja laitteita ja ratkaisuja my\u00f6s elintarviketeollisuudelle, v\u00e4hitt\u00e4iskaupalle ja ravitsemusliikkeille. Tuotevalikoimastamme l\u00f6yd\u00e4tte: Domus, Girbau, Sidi (isot ja suuret pesularatkaisut), Ilsa, Sensene (kemiallisen puhdistuksen ja kuivapesun ratkaisut), [&hellip;]<\/p>\n","protected":false},"author":1,"featured_media":0,"parent":0,"menu_order":0,"comment_status":"closed","ping_status":"closed","template":"","meta":{"footnotes":""},"class_list":["post-875","page","type-page","status-publish","hentry"],"yoast_head":"<!-- This site is optimized with the Yoast SEO plugin v14.6.1 - https:\/\/yoast.com\/wordpress\/plugins\/seo\/ -->\n<title>MEIST\u00c4 - Prof Group<\/title>\n<meta name=\"robots\" content=\"index, follow\" \/>\n<meta name=\"googlebot\" content=\"index, follow, max-snippet:-1, max-image-preview:large, max-video-preview:-1\" \/>\n<meta name=\"bingbot\" content=\"index, follow, max-snippet:-1, max-image-preview:large, max-video-preview:-1\" \/>\n<link rel=\"canonical\" href=\"https:\/\/prof-group.ee\/meist\/\" \/>\n<meta property=\"og:locale\" content=\"fi_FI\" \/>\n<meta property=\"og:type\" content=\"article\" \/>\n<meta property=\"og:title\" content=\"[:et]Meist[:en]ABOUT US[:ru]\u041e \u041d\u0410\u0421[:fi]MEIST\u00c4[:] - Prof Group\" \/>\n<meta property=\"og:description\" content=\"Prof Group Eesti O\u00dc on kansainv\u00e4linen, nopeasti kehittyv\u00e4 yritys. Missiomme on olla pesulalaitteiden, tarvikkeiden ja uudenlaisen pesukemian ja teknologioiden johtava toimittaja. Tukeutuen henkil\u00f6st\u00f6mme alalla hankkimaan pitk\u00e4\u00e4n kokemukseen tarjoamme erilaisia huolellisesti valittuja laitteita ja ratkaisuja my\u00f6s elintarviketeollisuudelle, v\u00e4hitt\u00e4iskaupalle ja ravitsemusliikkeille. Tuotevalikoimastamme l\u00f6yd\u00e4tte: Domus, Girbau, Sidi (isot ja suuret pesularatkaisut), Ilsa, Sensene (kemiallisen puhdistuksen ja kuivapesun ratkaisut), [&hellip;]\" \/>\n<meta property=\"og:url\" content=\"https:\/\/prof-group.ee\/meist\/\" \/>\n<meta property=\"og:site_name\" content=\"Prof Group\" \/>\n<meta property=\"article:modified_time\" content=\"2019-10-29T18:18:53+00:00\" \/>\n<meta name=\"twitter:card\" content=\"summary_large_image\" \/>\n<script type=\"application\/ld+json\" class=\"yoast-schema-graph\">{\"@context\":\"https:\/\/schema.org\",\"@graph\":[{\"@type\":\"WebSite\",\"@id\":\"https:\/\/prof-group.ee\/fi\/#website\",\"url\":\"https:\/\/prof-group.ee\/fi\/\",\"name\":\"Prof Group\",\"description\":\"T\\u00f6\\u00f6stuslikud seadmed\",\"potentialAction\":[{\"@type\":\"SearchAction\",\"target\":\"https:\/\/prof-group.ee\/fi\/?s={search_term_string}\",\"query-input\":\"required name=search_term_string\"}],\"inLanguage\":\"fi\"},{\"@type\":\"WebPage\",\"@id\":\"https:\/\/prof-group.ee\/meist\/#webpage\",\"url\":\"https:\/\/prof-group.ee\/meist\/\",\"name\":\"[:et]Meist[:en]ABOUT US[:ru]\\u041e \\u041d\\u0410\\u0421[:fi]MEIST\\u00c4[:] - Prof Group\",\"isPartOf\":{\"@id\":\"https:\/\/prof-group.ee\/fi\/#website\"},\"datePublished\":\"2017-05-28T21:41:14+00:00\",\"dateModified\":\"2019-10-29T18:18:53+00:00\",\"inLanguage\":\"fi\",\"potentialAction\":[{\"@type\":\"ReadAction\",\"target\":[\"https:\/\/prof-group.ee\/meist\/\"]}]}]}<\/script>\n<!-- \/ Yoast SEO plugin. -->","_links":{"self":[{"href":"https:\/\/prof-group.ee\/fi\/wp-json\/wp\/v2\/pages\/875","targetHints":{"allow":["GET"]}}],"collection":[{"href":"https:\/\/prof-group.ee\/fi\/wp-json\/wp\/v2\/pages"}],"about":[{"href":"https:\/\/prof-group.ee\/fi\/wp-json\/wp\/v2\/types\/page"}],"author":[{"embeddable":true,"href":"https:\/\/prof-group.ee\/fi\/wp-json\/wp\/v2\/users\/1"}],"replies":[{"embeddable":true,"href":"https:\/\/prof-group.ee\/fi\/wp-json\/wp\/v2\/comments?post=875"}],"version-history":[{"count":2,"href":"https:\/\/prof-group.ee\/fi\/wp-json\/wp\/v2\/pages\/875\/revisions"}],"predecessor-version":[{"id":929,"href":"https:\/\/prof-group.ee\/fi\/wp-json\/wp\/v2\/pages\/875\/revisions\/929"}],"wp:attachment":[{"href":"https:\/\/prof-group.ee\/fi\/wp-json\/wp\/v2\/media?parent=875"}],"curies":[{"name":"wp","href":"https:\/\/api.w.org\/{rel}","templated":true}]}}