{"id":723,"date":"2018-08-29T12:11:00","date_gmt":"2018-08-29T12:11:00","guid":{"rendered":"http:\/\/prof-group.ee\/?page_id=723"},"modified":"2019-10-29T19:49:54","modified_gmt":"2019-10-29T19:49:54","slug":"girbau-pesumasinad","status":"publish","type":"page","link":"https:\/\/prof-group.ee\/fi\/girbau-pesumasinad\/","title":{"rendered":"Girbau t\u00f6\u00f6stuslikud pesumasinad"},"content":{"rendered":"<p class=\"qtranxs-available-languages-message qtranxs-available-languages-message-fi\">T&auml;m&auml; teksti on valitettavasti saatavilla vain kielill&auml;: <a href=\"https:\/\/prof-group.ee\/et\/wp-json\/wp\/v2\/pages\/723\" class=\"qtranxs-available-language-link qtranxs-available-language-link-et\" title=\"Eesti\">Eesti<\/a> ja <a href=\"https:\/\/prof-group.ee\/en\/wp-json\/wp\/v2\/pages\/723\" class=\"qtranxs-available-language-link qtranxs-available-language-link-en\" title=\"English\">English<\/a>.<\/p>","protected":false},"excerpt":{"rendered":"<p>T&auml;m&auml; teksti on valitettavasti saatavilla vain kielill&auml;: Eesti ja English.<\/p>\n","protected":false},"author":1,"featured_media":0,"parent":0,"menu_order":0,"comment_status":"closed","ping_status":"closed","template":"","meta":{"footnotes":""},"class_list":["post-723","page","type-page","status-publish","hentry"],"yoast_head":"<!-- This site is optimized with the Yoast SEO plugin v14.6.1 - https:\/\/yoast.com\/wordpress\/plugins\/seo\/ -->\n<title>Girbau t\u00f6\u00f6stuslikud pesumasinad - Prof Group<\/title>\n<meta name=\"robots\" content=\"index, follow\" \/>\n<meta name=\"googlebot\" content=\"index, follow, max-snippet:-1, max-image-preview:large, max-video-preview:-1\" \/>\n<meta name=\"bingbot\" content=\"index, follow, max-snippet:-1, max-image-preview:large, max-video-preview:-1\" \/>\n<link rel=\"canonical\" href=\"https:\/\/prof-group.ee\/girbau-pesumasinad\/\" \/>\n<meta property=\"og:locale\" content=\"fi_FI\" \/>\n<meta property=\"og:type\" content=\"article\" \/>\n<meta property=\"og:title\" content=\"[:et]Girbau t\u00f6\u00f6stuslikud pesumasinad[:en]Girbau Washers[:ru]Girbau t\u00f6\u00f6stuslikud pesumasinad[:fi]Girbau t\u00f6\u00f6stuslikud pesumasinad[:] - Prof Group\" \/>\n<meta property=\"og:description\" content=\"T&auml;m&auml; teksti on valitettavasti saatavilla vain kielill&auml;: Eesti ja English.\" \/>\n<meta property=\"og:url\" content=\"https:\/\/prof-group.ee\/girbau-pesumasinad\/\" \/>\n<meta property=\"og:site_name\" content=\"Prof Group\" \/>\n<meta property=\"article:modified_time\" content=\"2019-10-29T19:49:54+00:00\" \/>\n<meta property=\"og:image\" content=\"https:\/\/prof-group.ee\/wp-content\/uploads\/2018\/09\/151_HS6008_logi_frontal_p.jpg\" \/>\n<meta name=\"twitter:card\" content=\"summary_large_image\" \/>\n<script type=\"application\/ld+json\" class=\"yoast-schema-graph\">{\"@context\":\"https:\/\/schema.org\",\"@graph\":[{\"@type\":\"WebSite\",\"@id\":\"https:\/\/prof-group.ee\/fi\/#website\",\"url\":\"https:\/\/prof-group.ee\/fi\/\",\"name\":\"Prof Group\",\"description\":\"T\\u00f6\\u00f6stuslikud seadmed\",\"potentialAction\":[{\"@type\":\"SearchAction\",\"target\":\"https:\/\/prof-group.ee\/fi\/?s={search_term_string}\",\"query-input\":\"required name=search_term_string\"}],\"inLanguage\":\"fi\"},{\"@type\":\"ImageObject\",\"@id\":\"https:\/\/prof-group.ee\/girbau-pesumasinad\/#primaryimage\",\"inLanguage\":\"fi\",\"url\":\"https:\/\/prof-group.ee\/wp-content\/uploads\/2018\/09\/151_HS6008_logi_frontal_p.jpg\",\"width\":140,\"height\":190},{\"@type\":\"WebPage\",\"@id\":\"https:\/\/prof-group.ee\/girbau-pesumasinad\/#webpage\",\"url\":\"https:\/\/prof-group.ee\/girbau-pesumasinad\/\",\"name\":\"[:et]Girbau t\\u00f6\\u00f6stuslikud pesumasinad[:en]Girbau Washers[:ru]Girbau t\\u00f6\\u00f6stuslikud pesumasinad[:fi]Girbau t\\u00f6\\u00f6stuslikud pesumasinad[:] - Prof Group\",\"isPartOf\":{\"@id\":\"https:\/\/prof-group.ee\/fi\/#website\"},\"primaryImageOfPage\":{\"@id\":\"https:\/\/prof-group.ee\/girbau-pesumasinad\/#primaryimage\"},\"datePublished\":\"2018-08-29T12:11:00+00:00\",\"dateModified\":\"2019-10-29T19:49:54+00:00\",\"inLanguage\":\"fi\",\"potentialAction\":[{\"@type\":\"ReadAction\",\"target\":[\"https:\/\/prof-group.ee\/girbau-pesumasinad\/\"]}]}]}<\/script>\n<!-- \/ Yoast SEO plugin. -->","_links":{"self":[{"href":"https:\/\/prof-group.ee\/fi\/wp-json\/wp\/v2\/pages\/723","targetHints":{"allow":["GET"]}}],"collection":[{"href":"https:\/\/prof-group.ee\/fi\/wp-json\/wp\/v2\/pages"}],"about":[{"href":"https:\/\/prof-group.ee\/fi\/wp-json\/wp\/v2\/types\/page"}],"author":[{"embeddable":true,"href":"https:\/\/prof-group.ee\/fi\/wp-json\/wp\/v2\/users\/1"}],"replies":[{"embeddable":true,"href":"https:\/\/prof-group.ee\/fi\/wp-json\/wp\/v2\/comments?post=723"}],"version-history":[{"count":1,"href":"https:\/\/prof-group.ee\/fi\/wp-json\/wp\/v2\/pages\/723\/revisions"}],"predecessor-version":[{"id":934,"href":"https:\/\/prof-group.ee\/fi\/wp-json\/wp\/v2\/pages\/723\/revisions\/934"}],"wp:attachment":[{"href":"https:\/\/prof-group.ee\/fi\/wp-json\/wp\/v2\/media?parent=723"}],"curies":[{"name":"wp","href":"https:\/\/api.w.org\/{rel}","templated":true}]}}