{"id":614,"date":"2018-01-25T10:07:49","date_gmt":"2018-01-25T10:07:49","guid":{"rendered":"http:\/\/prof-group.ee\/?page_id=614"},"modified":"2019-10-29T18:04:36","modified_gmt":"2019-10-29T18:04:36","slug":"ilsa-sensene","status":"publish","type":"page","link":"https:\/\/prof-group.ee\/fi\/ilsa-sensene\/","title":{"rendered":"ILSA + SENSENE kuivpesu lahendus"},"content":{"rendered":"<p class=\"qtranxs-available-languages-message qtranxs-available-languages-message-fi\">T&auml;m&auml; teksti on valitettavasti saatavilla vain kielill&auml;: <a href=\"https:\/\/prof-group.ee\/et\/wp-json\/wp\/v2\/pages\/614\" class=\"qtranxs-available-language-link qtranxs-available-language-link-et\" title=\"Eesti\">Eesti<\/a>.<\/p>","protected":false},"excerpt":{"rendered":"<p>T&auml;m&auml; teksti on valitettavasti saatavilla vain kielill&auml;: Eesti.<\/p>\n","protected":false},"author":1,"featured_media":0,"parent":0,"menu_order":0,"comment_status":"closed","ping_status":"closed","template":"","meta":{"footnotes":""},"class_list":["post-614","page","type-page","status-publish","hentry"],"yoast_head":"<!-- This site is optimized with the Yoast SEO plugin v14.6.1 - https:\/\/yoast.com\/wordpress\/plugins\/seo\/ -->\n<title><\/title>\n<meta name=\"description\" content=\"{:et}ILSA keemilise puhastuse masinad ja SENSENE keemilise puhastuse ained. Ideaalne asendus perklooret\u00fcleen lahusega t\u00f6\u00f6tavatele keemilise puhastuse seadmetele. Kvaliteetne ja keskkonnas\u00f5bralik kuivpesu lahendus.{:}\" \/>\n<meta name=\"robots\" content=\"index, follow\" \/>\n<meta name=\"googlebot\" content=\"index, follow, max-snippet:-1, max-image-preview:large, max-video-preview:-1\" \/>\n<meta name=\"bingbot\" content=\"index, follow, max-snippet:-1, max-image-preview:large, max-video-preview:-1\" \/>\n<link rel=\"canonical\" href=\"https:\/\/prof-group.ee\/ilsa-sensene\/\" \/>\n<meta property=\"og:locale\" content=\"fi_FI\" \/>\n<meta property=\"og:type\" content=\"article\" \/>\n<meta property=\"og:title\" content=\"[:et]ILSA keemilise puhastuse masinad ja SENSENE keemilise puhastuse ained.[:]\" \/>\n<meta property=\"og:description\" content=\"{:et}ILSA keemilise puhastuse masinad ja SENSENE keemilise puhastuse ained. Ideaalne asendus perklooret\u00fcleen lahusega t\u00f6\u00f6tavatele keemilise puhastuse seadmetele. Kvaliteetne ja keskkonnas\u00f5bralik kuivpesu lahendus.{:}\" \/>\n<meta property=\"og:url\" content=\"https:\/\/prof-group.ee\/ilsa-sensene\/\" \/>\n<meta property=\"og:site_name\" content=\"Prof Group\" \/>\n<meta property=\"article:modified_time\" content=\"2019-10-29T18:04:36+00:00\" \/>\n<meta property=\"og:image\" content=\"https:\/\/prof-group.ee\/wp-content\/uploads\/2018\/01\/sensene1.png\" \/>\n<meta name=\"twitter:card\" content=\"summary_large_image\" \/>\n<script type=\"application\/ld+json\" class=\"yoast-schema-graph\">{\"@context\":\"https:\/\/schema.org\",\"@graph\":[{\"@type\":\"WebSite\",\"@id\":\"https:\/\/prof-group.ee\/fi\/#website\",\"url\":\"https:\/\/prof-group.ee\/fi\/\",\"name\":\"Prof Group\",\"description\":\"T\\u00f6\\u00f6stuslikud seadmed\",\"potentialAction\":[{\"@type\":\"SearchAction\",\"target\":\"https:\/\/prof-group.ee\/fi\/?s={search_term_string}\",\"query-input\":\"required name=search_term_string\"}],\"inLanguage\":\"fi\"},{\"@type\":\"ImageObject\",\"@id\":\"https:\/\/prof-group.ee\/ilsa-sensene\/#primaryimage\",\"inLanguage\":\"fi\",\"url\":\"https:\/\/prof-group.ee\/wp-content\/uploads\/2018\/01\/sensene1.png\",\"width\":41,\"height\":41},{\"@type\":\"WebPage\",\"@id\":\"https:\/\/prof-group.ee\/ilsa-sensene\/#webpage\",\"url\":\"https:\/\/prof-group.ee\/ilsa-sensene\/\",\"name\":\"[:et]ILSA keemilise puhastuse masinad ja SENSENE keemilise puhastuse ained.[:]\",\"isPartOf\":{\"@id\":\"https:\/\/prof-group.ee\/fi\/#website\"},\"primaryImageOfPage\":{\"@id\":\"https:\/\/prof-group.ee\/ilsa-sensene\/#primaryimage\"},\"datePublished\":\"2018-01-25T10:07:49+00:00\",\"dateModified\":\"2019-10-29T18:04:36+00:00\",\"description\":\"{:et}ILSA keemilise puhastuse masinad ja SENSENE keemilise puhastuse ained. Ideaalne asendus perklooret\\u00fcleen lahusega t\\u00f6\\u00f6tavatele keemilise puhastuse seadmetele. Kvaliteetne ja keskkonnas\\u00f5bralik kuivpesu lahendus.{:}\",\"inLanguage\":\"fi\",\"potentialAction\":[{\"@type\":\"ReadAction\",\"target\":[\"https:\/\/prof-group.ee\/ilsa-sensene\/\"]}]}]}<\/script>\n<!-- \/ Yoast SEO plugin. -->","_links":{"self":[{"href":"https:\/\/prof-group.ee\/fi\/wp-json\/wp\/v2\/pages\/614","targetHints":{"allow":["GET"]}}],"collection":[{"href":"https:\/\/prof-group.ee\/fi\/wp-json\/wp\/v2\/pages"}],"about":[{"href":"https:\/\/prof-group.ee\/fi\/wp-json\/wp\/v2\/types\/page"}],"author":[{"embeddable":true,"href":"https:\/\/prof-group.ee\/fi\/wp-json\/wp\/v2\/users\/1"}],"replies":[{"embeddable":true,"href":"https:\/\/prof-group.ee\/fi\/wp-json\/wp\/v2\/comments?post=614"}],"version-history":[{"count":1,"href":"https:\/\/prof-group.ee\/fi\/wp-json\/wp\/v2\/pages\/614\/revisions"}],"predecessor-version":[{"id":926,"href":"https:\/\/prof-group.ee\/fi\/wp-json\/wp\/v2\/pages\/614\/revisions\/926"}],"wp:attachment":[{"href":"https:\/\/prof-group.ee\/fi\/wp-json\/wp\/v2\/media?parent=614"}],"curies":[{"name":"wp","href":"https:\/\/api.w.org\/{rel}","templated":true}]}}