{"id":977,"date":"2020-05-26T23:05:29","date_gmt":"2020-05-26T23:05:29","guid":{"rendered":"https:\/\/prof-group.ee\/?post_type=product&#038;p=977"},"modified":"2020-05-26T23:05:29","modified_gmt":"2020-05-26T23:05:29","slug":"niiskusimur-contra-1200","status":"publish","type":"product","link":"https:\/\/prof-group.ee\/et\/tooted\/niiskusimur-contra-1200\/","title":{"rendered":"Niiskusimur Contra 1200"},"content":{"rendered":"<p><\/p>\n<ul>\n<li>T\u00f5hus \u00f5hu k\u00e4itlemise tehnoloogia kuivatab keskmise masinat\u00e4ie pesu kahe tunniga<\/li>\n<li>Madal energiatarbimine \u2013 75% madalam kui tavaline k\u00fctteseade ja 85% madalam kui kuuma vee k\u00fctteseade<\/li>\n<li>Hoiab kuivatusruumi \u00f5hu kuivana ja s\u00e4ilitab \u00f5ige temperatuuri. Hoiab \u00e4ra hallituse tekke.<\/li>\n<li>Sobib 10-30 m\u00b2 suurustesse kuivatusruumidesse<\/li>\n<li>Tipptasemel korrosioonikaitse pika eluea tagamiseks \u00e4\u00e4rmuslikes tingimustes<\/li>\n<li>Tippklassi materjalidest valmistatud Rootsi kvaliteet<\/li>\n<\/ul>\n<table class=\"shop_attributes\">\n<tbody>\n<tr>\n<th><span style=\"font-weight: 400;\">M\u00f5\u00f5dud K x L x S<\/span><\/th>\n<td>700 x 580 x 410 mm<\/td>\n<\/tr>\n<tr>\n<th><span style=\"font-weight: 400;\">Nominaalne \u00f5huhulk m3\/h<\/span><\/th>\n<td>1500<\/td>\n<\/tr>\n<tr>\n<th><span style=\"font-weight: 400;\">Elektri\u00fchendus<\/span><\/th>\n<td>220<\/td>\n<\/tr>\n<tr>\n<th><span style=\"font-weight: 400;\">V\u00f5imsus<\/span><\/th>\n<td>1,3 kW<\/td>\n<\/tr>\n<tr>\n<th><span style=\"font-weight: 400;\">Kaitse<\/span><\/th>\n<td>10 A<\/td>\n<\/tr>\n<tr>\n<th><span style=\"font-weight: 400;\">Aegrelee<\/span><\/th>\n<td>Sisaldub komplektis<\/td>\n<\/tr>\n<tr>\n<th><span style=\"font-weight: 400;\">\u00dclekuumenemise kaitse<\/span><\/th>\n<td>Sisaldub komplektis<\/td>\n<\/tr>\n<tr>\n<th><span style=\"font-weight: 400;\">H\u00fcgrostaat<\/span><\/th>\n<td>Tellitav lisa<\/td>\n<\/tr>\n<tr>\n<th><span style=\"font-weight: 400;\">Elektri patarei 3.5 kW<\/span><\/th>\n<td>&#8211;<\/td>\n<\/tr>\n<\/tbody>\n<\/table>\n<p><\/p>","protected":false},"excerpt":{"rendered":"<p>T\u00f5hus \u00f5hu k\u00e4itlemise tehnoloogia kuivatab keskmise masinat\u00e4ie pesu kahe tunniga Madal energiatarbimine \u2013 75% madalam kui tavaline k\u00fctteseade ja 85% madalam kui kuuma vee k\u00fctteseade Hoiab kuivatusruumi \u00f5hu kuivana ja s\u00e4ilitab \u00f5ige temperatuuri. Hoiab \u00e4ra hallituse tekke. Sobib 10-30 m\u00b2 suurustesse kuivatusruumidesse Tipptasemel korrosioonikaitse pika eluea tagamiseks \u00e4\u00e4rmuslikes tingimustes Tippklassi materjalidest valmistatud Rootsi kvaliteet M\u00f5\u00f5dud [&hellip;]<\/p>\n","protected":false},"featured_media":976,"template":"","meta":[],"class_list":["post-977","product","type-product","status-publish","has-post-thumbnail","hentry","product_cat-nimo-pro"],"yoast_head":"<!-- This site is optimized with the Yoast SEO plugin v14.6.1 - https:\/\/yoast.com\/wordpress\/plugins\/seo\/ -->\n<title>Niiskusimur Contra 1200 - Prof Group<\/title>\n<meta name=\"robots\" content=\"index, follow\" \/>\n<meta name=\"googlebot\" content=\"index, follow, max-snippet:-1, max-image-preview:large, max-video-preview:-1\" \/>\n<meta name=\"bingbot\" content=\"index, follow, max-snippet:-1, max-image-preview:large, max-video-preview:-1\" \/>\n<link rel=\"canonical\" href=\"https:\/\/prof-group.ee\/tooted\/niiskusimur-contra-1200\/\" \/>\n<meta property=\"og:locale\" content=\"et_EE\" \/>\n<meta property=\"og:type\" content=\"article\" \/>\n<meta property=\"og:title\" content=\"[:et]Niiskusimur Contra 1200[:en]Laundry Room Dehumidifier Contra 1200[:] - Prof Group\" \/>\n<meta property=\"og:description\" content=\"T\u00f5hus \u00f5hu k\u00e4itlemise tehnoloogia kuivatab keskmise masinat\u00e4ie pesu kahe tunniga Madal energiatarbimine \u2013 75% madalam kui tavaline k\u00fctteseade ja 85% madalam kui kuuma vee k\u00fctteseade Hoiab kuivatusruumi \u00f5hu kuivana ja s\u00e4ilitab \u00f5ige temperatuuri. Hoiab \u00e4ra hallituse tekke. Sobib 10-30 m\u00b2 suurustesse kuivatusruumidesse Tipptasemel korrosioonikaitse pika eluea tagamiseks \u00e4\u00e4rmuslikes tingimustes Tippklassi materjalidest valmistatud Rootsi kvaliteet M\u00f5\u00f5dud [&hellip;]\" \/>\n<meta property=\"og:url\" content=\"https:\/\/prof-group.ee\/tooted\/niiskusimur-contra-1200\/\" \/>\n<meta property=\"og:site_name\" content=\"Prof Group\" \/>\n<meta property=\"og:image\" content=\"https:\/\/prof-group.ee\/wp-content\/uploads\/2020\/05\/contra_2000-scaled.jpg\" \/>\n\t<meta property=\"og:image:width\" content=\"2560\" \/>\n\t<meta property=\"og:image:height\" content=\"2560\" \/>\n<meta name=\"twitter:card\" content=\"summary_large_image\" \/>\n<script type=\"application\/ld+json\" class=\"yoast-schema-graph\">{\"@context\":\"https:\/\/schema.org\",\"@graph\":[{\"@type\":\"WebSite\",\"@id\":\"https:\/\/prof-group.ee\/et\/#website\",\"url\":\"https:\/\/prof-group.ee\/et\/\",\"name\":\"Prof Group\",\"description\":\"T\\u00f6\\u00f6stuslikud seadmed\",\"potentialAction\":[{\"@type\":\"SearchAction\",\"target\":\"https:\/\/prof-group.ee\/et\/?s={search_term_string}\",\"query-input\":\"required name=search_term_string\"}],\"inLanguage\":\"et\"},{\"@type\":\"ImageObject\",\"@id\":\"https:\/\/prof-group.ee\/tooted\/niiskusimur-contra-1200\/#primaryimage\",\"inLanguage\":\"et\",\"url\":\"https:\/\/prof-group.ee\/wp-content\/uploads\/2020\/05\/contra_2000-scaled.jpg\",\"width\":2560,\"height\":2560},{\"@type\":\"WebPage\",\"@id\":\"https:\/\/prof-group.ee\/tooted\/niiskusimur-contra-1200\/#webpage\",\"url\":\"https:\/\/prof-group.ee\/tooted\/niiskusimur-contra-1200\/\",\"name\":\"[:et]Niiskusimur Contra 1200[:en]Laundry Room Dehumidifier Contra 1200[:] - Prof Group\",\"isPartOf\":{\"@id\":\"https:\/\/prof-group.ee\/et\/#website\"},\"primaryImageOfPage\":{\"@id\":\"https:\/\/prof-group.ee\/tooted\/niiskusimur-contra-1200\/#primaryimage\"},\"datePublished\":\"2020-05-26T23:05:29+00:00\",\"dateModified\":\"2020-05-26T23:05:29+00:00\",\"inLanguage\":\"et\",\"potentialAction\":[{\"@type\":\"ReadAction\",\"target\":[\"https:\/\/prof-group.ee\/tooted\/niiskusimur-contra-1200\/\"]}]}]}<\/script>\n<!-- \/ Yoast SEO plugin. -->","_links":{"self":[{"href":"https:\/\/prof-group.ee\/et\/wp-json\/wp\/v2\/product\/977","targetHints":{"allow":["GET"]}}],"collection":[{"href":"https:\/\/prof-group.ee\/et\/wp-json\/wp\/v2\/product"}],"about":[{"href":"https:\/\/prof-group.ee\/et\/wp-json\/wp\/v2\/types\/product"}],"wp:featuredmedia":[{"embeddable":true,"href":"https:\/\/prof-group.ee\/et\/wp-json\/wp\/v2\/media\/976"}],"wp:attachment":[{"href":"https:\/\/prof-group.ee\/et\/wp-json\/wp\/v2\/media?parent=977"}],"curies":[{"name":"wp","href":"https:\/\/api.w.org\/{rel}","templated":true}]}}