{"id":973,"date":"2020-05-26T20:47:45","date_gmt":"2020-05-26T20:47:45","guid":{"rendered":"https:\/\/prof-group.ee\/?post_type=product&#038;p=973"},"modified":"2020-05-26T21:43:10","modified_gmt":"2020-05-26T21:43:10","slug":"kuivatuskapp-ft-120-vp","status":"publish","type":"product","link":"https:\/\/prof-group.ee\/et\/tooted\/kuivatuskapp-ft-120-vp\/","title":{"rendered":"Kuivatuskapp FT 120 VP"},"content":{"rendered":"<p>FT 120 VP kuivatuskapp on meie energiat\u00f5husaim ja efektiivseim kuivatuskapp, milles on \u00fchendatud erakordselt madalate jooksvate kuludega ning suure v\u00f5imsusega t\u00f6\u00f6tav soojuspumba tehnoloogia ja \u00fclih\u00f5lbus paigaldamine. Sisseehitatud valgustus tagab roostevabast terasest 20 v\u00e4ljak\u00e4iva riputuskonsooli hea valgustuse. Kuivatuskapi elektroonika ja soojuspump asub kapi \u00fclaosas, mis h\u00f5lbustab hooldust.<\/p>\n<table class=\"shop_attributes\">\n<tbody>\n<tr>\n<th><span style=\"font-weight: 400;\">M\u00f5\u00f5dud K x L x S<\/span><\/th>\n<td>2059 x 1195 x 658 mm<\/td>\n<\/tr>\n<tr>\n<th><span style=\"font-weight: 400;\">Kaal<\/span><\/th>\n<td>189 kg<\/td>\n<\/tr>\n<tr>\n<th><span style=\"font-weight: 400;\">Mahutavus<\/span><\/th>\n<td>Riputuspikkus 18 meetrit, normaalkogus 6 kg pesu, kuivatusaeg 60<\/td>\n<\/tr>\n<tr>\n<th><span style=\"font-weight: 400;\">M\u00fcratase<\/span><\/th>\n<td>55 dB(A)<\/td>\n<\/tr>\n<tr>\n<th><span style=\"font-weight: 400;\">Elektri\u00fchendus<\/span><\/th>\n<td>400V 3N AC 50Hz<\/td>\n<\/tr>\n<tr>\n<th><span style=\"font-weight: 400;\">Energiatarve<\/span><\/th>\n<td>0,35 kWh 1kg kuiva pesu kohta<\/td>\n<\/tr>\n<tr>\n<th><span style=\"font-weight: 400;\">Kuivatuss\u00fcsteem<\/span><\/th>\n<td>Soojuspumba tehnoloogia \u2013 ei vaja ventilatsiooniga \u00fchendamist<\/td>\n<\/tr>\n<\/tbody>\n<\/table>\n<p><\/p>","protected":false},"excerpt":{"rendered":"<p>FT 120 VP kuivatuskapp on meie energiat\u00f5husaim ja efektiivseim kuivatuskapp, milles on \u00fchendatud erakordselt madalate jooksvate kuludega ning suure v\u00f5imsusega t\u00f6\u00f6tav soojuspumba tehnoloogia ja \u00fclih\u00f5lbus paigaldamine. Sisseehitatud valgustus tagab roostevabast terasest 20 v\u00e4ljak\u00e4iva riputuskonsooli hea valgustuse. Kuivatuskapi elektroonika ja soojuspump asub kapi \u00fclaosas, mis h\u00f5lbustab hooldust. M\u00f5\u00f5dud K x L x S 2059 x 1195 [&hellip;]<\/p>\n","protected":false},"featured_media":974,"template":"","meta":[],"class_list":["post-973","product","type-product","status-publish","has-post-thumbnail","hentry","product_cat-nimo-pro"],"yoast_head":"<!-- This site is optimized with the Yoast SEO plugin v14.6.1 - https:\/\/yoast.com\/wordpress\/plugins\/seo\/ -->\n<title>Kuivatuskapp FT 120 VP - Prof Group<\/title>\n<meta name=\"robots\" content=\"index, follow\" \/>\n<meta name=\"googlebot\" content=\"index, follow, max-snippet:-1, max-image-preview:large, max-video-preview:-1\" \/>\n<meta name=\"bingbot\" content=\"index, follow, max-snippet:-1, max-image-preview:large, max-video-preview:-1\" \/>\n<link rel=\"canonical\" href=\"https:\/\/prof-group.ee\/tooted\/kuivatuskapp-ft-120-vp\/\" \/>\n<meta property=\"og:locale\" content=\"et_EE\" \/>\n<meta property=\"og:type\" content=\"article\" \/>\n<meta property=\"og:title\" content=\"[:et]Kuivatuskapp FT 120 VP[:en]Drying Cabinet FT 120 VP[:] - Prof Group\" \/>\n<meta property=\"og:description\" content=\"FT 120 VP kuivatuskapp on meie energiat\u00f5husaim ja efektiivseim kuivatuskapp, milles on \u00fchendatud erakordselt madalate jooksvate kuludega ning suure v\u00f5imsusega t\u00f6\u00f6tav soojuspumba tehnoloogia ja \u00fclih\u00f5lbus paigaldamine. Sisseehitatud valgustus tagab roostevabast terasest 20 v\u00e4ljak\u00e4iva riputuskonsooli hea valgustuse. Kuivatuskapi elektroonika ja soojuspump asub kapi \u00fclaosas, mis h\u00f5lbustab hooldust. M\u00f5\u00f5dud K x L x S 2059 x 1195 [&hellip;]\" \/>\n<meta property=\"og:url\" content=\"https:\/\/prof-group.ee\/tooted\/kuivatuskapp-ft-120-vp\/\" \/>\n<meta property=\"og:site_name\" content=\"Prof Group\" \/>\n<meta property=\"article:modified_time\" content=\"2020-05-26T21:43:10+00:00\" \/>\n<meta property=\"og:image\" content=\"https:\/\/prof-group.ee\/wp-content\/uploads\/2020\/05\/FT120VP.jpg\" \/>\n\t<meta property=\"og:image:width\" content=\"697\" \/>\n\t<meta property=\"og:image:height\" content=\"974\" \/>\n<meta name=\"twitter:card\" content=\"summary_large_image\" \/>\n<script type=\"application\/ld+json\" class=\"yoast-schema-graph\">{\"@context\":\"https:\/\/schema.org\",\"@graph\":[{\"@type\":\"WebSite\",\"@id\":\"https:\/\/prof-group.ee\/et\/#website\",\"url\":\"https:\/\/prof-group.ee\/et\/\",\"name\":\"Prof Group\",\"description\":\"T\\u00f6\\u00f6stuslikud seadmed\",\"potentialAction\":[{\"@type\":\"SearchAction\",\"target\":\"https:\/\/prof-group.ee\/et\/?s={search_term_string}\",\"query-input\":\"required name=search_term_string\"}],\"inLanguage\":\"et\"},{\"@type\":\"ImageObject\",\"@id\":\"https:\/\/prof-group.ee\/tooted\/kuivatuskapp-ft-120-vp\/#primaryimage\",\"inLanguage\":\"et\",\"url\":\"https:\/\/prof-group.ee\/wp-content\/uploads\/2020\/05\/FT120VP.jpg\",\"width\":697,\"height\":974},{\"@type\":\"WebPage\",\"@id\":\"https:\/\/prof-group.ee\/tooted\/kuivatuskapp-ft-120-vp\/#webpage\",\"url\":\"https:\/\/prof-group.ee\/tooted\/kuivatuskapp-ft-120-vp\/\",\"name\":\"[:et]Kuivatuskapp FT 120 VP[:en]Drying Cabinet FT 120 VP[:] - Prof Group\",\"isPartOf\":{\"@id\":\"https:\/\/prof-group.ee\/et\/#website\"},\"primaryImageOfPage\":{\"@id\":\"https:\/\/prof-group.ee\/tooted\/kuivatuskapp-ft-120-vp\/#primaryimage\"},\"datePublished\":\"2020-05-26T20:47:45+00:00\",\"dateModified\":\"2020-05-26T21:43:10+00:00\",\"inLanguage\":\"et\",\"potentialAction\":[{\"@type\":\"ReadAction\",\"target\":[\"https:\/\/prof-group.ee\/tooted\/kuivatuskapp-ft-120-vp\/\"]}]}]}<\/script>\n<!-- \/ Yoast SEO plugin. -->","_links":{"self":[{"href":"https:\/\/prof-group.ee\/et\/wp-json\/wp\/v2\/product\/973","targetHints":{"allow":["GET"]}}],"collection":[{"href":"https:\/\/prof-group.ee\/et\/wp-json\/wp\/v2\/product"}],"about":[{"href":"https:\/\/prof-group.ee\/et\/wp-json\/wp\/v2\/types\/product"}],"wp:featuredmedia":[{"embeddable":true,"href":"https:\/\/prof-group.ee\/et\/wp-json\/wp\/v2\/media\/974"}],"wp:attachment":[{"href":"https:\/\/prof-group.ee\/et\/wp-json\/wp\/v2\/media?parent=973"}],"curies":[{"name":"wp","href":"https:\/\/api.w.org\/{rel}","templated":true}]}}