{"id":969,"date":"2020-05-26T20:39:24","date_gmt":"2020-05-26T20:39:24","guid":{"rendered":"https:\/\/prof-group.ee\/?post_type=product&#038;p=969"},"modified":"2020-05-26T21:43:16","modified_gmt":"2020-05-26T21:43:16","slug":"kuivatuskapp-ft-120-fl","status":"publish","type":"product","link":"https:\/\/prof-group.ee\/et\/tooted\/kuivatuskapp-ft-120-fl\/","title":{"rendered":"Kuivatuskapp FT 120 FL"},"content":{"rendered":"<p>Anduriga juhitav FT 120 FL on kiirelt kuivatav, \u00f5hu v\u00e4ljat\u00f5mbamise tehnoloogial t\u00f6\u00f6tav \u00fclimalt energias\u00e4\u00e4stlik kuivatuskapp. Kuivatuskapp t\u00f6\u00f6tab alar\u00f5huga, mis v\u00e4listab \u00f5hu lekke \u00fcmbritsevasse ruumi. Sisseehitatud valgustus tagab roostevabast terasest 20 v\u00e4ljak\u00e4iva riputuskonsooli hea valgustuse. Kuivatuskapi elektroonika asub kapi \u00fclaosas, mis h\u00f5lbustab hooldust.<\/p>\n<table class=\"shop_attributes\">\n<tbody>\n<tr>\n<th><span style=\"font-weight: 400;\">M\u00f5\u00f5dud K x L x S<\/span><\/th>\n<td>1860 x 1200 x 650 mm<\/td>\n<\/tr>\n<tr>\n<th><span style=\"font-weight: 400;\">Kaal<\/span><\/th>\n<td>145 kg<\/td>\n<\/tr>\n<tr>\n<th><span style=\"font-weight: 400;\">Mahutavus<\/span><\/th>\n<td>Riputuspikkus 18 meetrit, normaalkogus 6 kg pesu, kuivatusaeg 55 minutit.<\/td>\n<\/tr>\n<tr>\n<th><span style=\"font-weight: 400;\">M\u00fcratase<\/span><\/th>\n<td>57 dB(A)<\/td>\n<\/tr>\n<tr>\n<th><span style=\"font-weight: 400;\">Elektri\u00fchendus<\/span><\/th>\n<td>400V 3N AC 50Hz<\/td>\n<\/tr>\n<tr>\n<th><span style=\"font-weight: 400;\">Energiatarve<\/span><\/th>\n<td>0,7 kWh 1kg kuiva pesu kohta<\/td>\n<\/tr>\n<tr>\n<th><span style=\"font-weight: 400;\">Kuivatuss\u00fcsteem<\/span><\/th>\n<td>\u00d5hu v\u00e4ljat\u00f5mbega. Varustatud ventilatsiooni\u00fchendustega<\/td>\n<\/tr>\n<\/tbody>\n<\/table>\n<p><\/p>","protected":false},"excerpt":{"rendered":"<p>Anduriga juhitav FT 120 FL on kiirelt kuivatav, \u00f5hu v\u00e4ljat\u00f5mbamise tehnoloogial t\u00f6\u00f6tav \u00fclimalt energias\u00e4\u00e4stlik kuivatuskapp. Kuivatuskapp t\u00f6\u00f6tab alar\u00f5huga, mis v\u00e4listab \u00f5hu lekke \u00fcmbritsevasse ruumi. Sisseehitatud valgustus tagab roostevabast terasest 20 v\u00e4ljak\u00e4iva riputuskonsooli hea valgustuse. Kuivatuskapi elektroonika asub kapi \u00fclaosas, mis h\u00f5lbustab hooldust. M\u00f5\u00f5dud K x L x S 1860 x 1200 x 650 mm Kaal [&hellip;]<\/p>\n","protected":false},"featured_media":972,"template":"","meta":[],"class_list":["post-969","product","type-product","status-publish","has-post-thumbnail","hentry","product_cat-uncategorized","product_cat-nimo-pro"],"yoast_head":"<!-- This site is optimized with the Yoast SEO plugin v14.6.1 - https:\/\/yoast.com\/wordpress\/plugins\/seo\/ -->\n<title>Kuivatuskapp FT 120 FL - Prof Group<\/title>\n<meta name=\"robots\" content=\"index, follow\" \/>\n<meta name=\"googlebot\" content=\"index, follow, max-snippet:-1, max-image-preview:large, max-video-preview:-1\" \/>\n<meta name=\"bingbot\" content=\"index, follow, max-snippet:-1, max-image-preview:large, max-video-preview:-1\" \/>\n<link rel=\"canonical\" href=\"https:\/\/prof-group.ee\/tooted\/kuivatuskapp-ft-120-fl\/\" \/>\n<meta property=\"og:locale\" content=\"et_EE\" \/>\n<meta property=\"og:type\" content=\"article\" \/>\n<meta property=\"og:title\" content=\"[:et]Kuivatuskapp FT 120 FL[:en]Drying Cabinet FT 120 FL[:] - Prof Group\" \/>\n<meta property=\"og:description\" content=\"Anduriga juhitav FT 120 FL on kiirelt kuivatav, \u00f5hu v\u00e4ljat\u00f5mbamise tehnoloogial t\u00f6\u00f6tav \u00fclimalt energias\u00e4\u00e4stlik kuivatuskapp. Kuivatuskapp t\u00f6\u00f6tab alar\u00f5huga, mis v\u00e4listab \u00f5hu lekke \u00fcmbritsevasse ruumi. Sisseehitatud valgustus tagab roostevabast terasest 20 v\u00e4ljak\u00e4iva riputuskonsooli hea valgustuse. Kuivatuskapi elektroonika asub kapi \u00fclaosas, mis h\u00f5lbustab hooldust. M\u00f5\u00f5dud K x L x S 1860 x 1200 x 650 mm Kaal [&hellip;]\" \/>\n<meta property=\"og:url\" content=\"https:\/\/prof-group.ee\/tooted\/kuivatuskapp-ft-120-fl\/\" \/>\n<meta property=\"og:site_name\" content=\"Prof Group\" \/>\n<meta property=\"article:modified_time\" content=\"2020-05-26T21:43:16+00:00\" \/>\n<meta property=\"og:image\" content=\"https:\/\/prof-group.ee\/wp-content\/uploads\/2020\/05\/FT120FL.jpg\" \/>\n\t<meta property=\"og:image:width\" content=\"732\" \/>\n\t<meta property=\"og:image:height\" content=\"951\" \/>\n<meta name=\"twitter:card\" content=\"summary_large_image\" \/>\n<script type=\"application\/ld+json\" class=\"yoast-schema-graph\">{\"@context\":\"https:\/\/schema.org\",\"@graph\":[{\"@type\":\"WebSite\",\"@id\":\"https:\/\/prof-group.ee\/et\/#website\",\"url\":\"https:\/\/prof-group.ee\/et\/\",\"name\":\"Prof Group\",\"description\":\"T\\u00f6\\u00f6stuslikud seadmed\",\"potentialAction\":[{\"@type\":\"SearchAction\",\"target\":\"https:\/\/prof-group.ee\/et\/?s={search_term_string}\",\"query-input\":\"required name=search_term_string\"}],\"inLanguage\":\"et\"},{\"@type\":\"ImageObject\",\"@id\":\"https:\/\/prof-group.ee\/tooted\/kuivatuskapp-ft-120-fl\/#primaryimage\",\"inLanguage\":\"et\",\"url\":\"https:\/\/prof-group.ee\/wp-content\/uploads\/2020\/05\/FT120FL.jpg\",\"width\":732,\"height\":951},{\"@type\":\"WebPage\",\"@id\":\"https:\/\/prof-group.ee\/tooted\/kuivatuskapp-ft-120-fl\/#webpage\",\"url\":\"https:\/\/prof-group.ee\/tooted\/kuivatuskapp-ft-120-fl\/\",\"name\":\"[:et]Kuivatuskapp FT 120 FL[:en]Drying Cabinet FT 120 FL[:] - Prof Group\",\"isPartOf\":{\"@id\":\"https:\/\/prof-group.ee\/et\/#website\"},\"primaryImageOfPage\":{\"@id\":\"https:\/\/prof-group.ee\/tooted\/kuivatuskapp-ft-120-fl\/#primaryimage\"},\"datePublished\":\"2020-05-26T20:39:24+00:00\",\"dateModified\":\"2020-05-26T21:43:16+00:00\",\"inLanguage\":\"et\",\"potentialAction\":[{\"@type\":\"ReadAction\",\"target\":[\"https:\/\/prof-group.ee\/tooted\/kuivatuskapp-ft-120-fl\/\"]}]}]}<\/script>\n<!-- \/ Yoast SEO plugin. -->","_links":{"self":[{"href":"https:\/\/prof-group.ee\/et\/wp-json\/wp\/v2\/product\/969","targetHints":{"allow":["GET"]}}],"collection":[{"href":"https:\/\/prof-group.ee\/et\/wp-json\/wp\/v2\/product"}],"about":[{"href":"https:\/\/prof-group.ee\/et\/wp-json\/wp\/v2\/types\/product"}],"wp:featuredmedia":[{"embeddable":true,"href":"https:\/\/prof-group.ee\/et\/wp-json\/wp\/v2\/media\/972"}],"wp:attachment":[{"href":"https:\/\/prof-group.ee\/et\/wp-json\/wp\/v2\/media?parent=969"}],"curies":[{"name":"wp","href":"https:\/\/api.w.org\/{rel}","templated":true}]}}