{"id":957,"date":"2020-03-13T22:30:39","date_gmt":"2020-03-13T22:30:39","guid":{"rendered":"https:\/\/prof-group.ee\/?post_type=product&#038;p=957"},"modified":"2020-03-13T22:34:22","modified_gmt":"2020-03-13T22:34:22","slug":"kuivatuskapp-nimo-sensor-dryer-1900-valge","status":"publish","type":"product","link":"https:\/\/prof-group.ee\/et\/tooted\/kuivatuskapp-nimo-sensor-dryer-1900-valge\/","title":{"rendered":"Kuivatuskapp NIMO Sensor Dryer 1900 Valge"},"content":{"rendered":"<p>The sensor technology cuts energy consumption with 40%, compared to traditional drying cabinets, and up to 85% with the unique ECO + program. The built-in sensor shuts off the drying process as soon as the clothes are dry \u2013 automatically! You also have the possibility of manual timer control. The drying cabinet is equipped with three rows of foldable and pull-out hangers as well as three door hangers on the inside of the door.<\/p>\n<table class=\"shop_attributes\">\n<tbody>\n<tr>\n<th><span style=\"font-weight: 400;\">M\u00f5\u00f5dud K x L x S<\/span><\/th>\n<td>1900 x 595 x 610 mm<\/td>\n<\/tr>\n<tr>\n<th><span style=\"font-weight: 400;\">Kaal<\/span><\/th>\n<td>61 kg<\/td>\n<\/tr>\n<tr>\n<th><span style=\"font-weight: 400;\">Mahutavus<\/span><\/th>\n<td>Kuni 6 kg pesu (puuvill)<\/td>\n<\/tr>\n<tr>\n<th><span style=\"font-weight: 400;\">Riputuspikkus<\/span><\/th>\n<td>16 meetrit<\/td>\n<\/tr>\n<tr>\n<th><span style=\"font-weight: 400;\">Energiatarve<\/span><\/th>\n<td>4 kg pesu kuivatamisel Auto Eco+ programmiga 0,4 kWh<\/td>\n<\/tr>\n<tr>\n<th><span style=\"font-weight: 400;\">Elektri\u00fchendus<\/span><\/th>\n<td>\u00dchefaasiline 230 V, 50-60 Hz. 10 A<\/td>\n<\/tr>\n<tr>\n<th><span style=\"font-weight: 400;\">Mootoriv\u00f5imsus<\/span><\/th>\n<td>\u00a038 W<\/td>\n<\/tr>\n<tr>\n<th><span style=\"font-weight: 400;\">K\u00fcttev\u00f5imsus<\/span><\/th>\n<td>2000 W<\/td>\n<\/tr>\n<tr>\n<th><span style=\"font-weight: 400;\">Ventilaatori maht<\/span><\/th>\n<td>184 m\u00b3\/h<\/td>\n<\/tr>\n<tr>\n<th><span style=\"font-weight: 400;\">\u00dclekuumenemiskaitse<\/span><\/th>\n<td>Jah<\/td>\n<\/tr>\n<tr>\n<th><span style=\"font-weight: 400;\">Kuivatuss\u00fcsteem<\/span><\/th>\n<td>\u00d5hu v\u00e4ljat\u00f5mbega. Varustatud ventilatsiooni\u00fchendustega<\/td>\n<\/tr>\n<\/tbody>\n<\/table>\n<p><\/p>","protected":false},"excerpt":{"rendered":"<p>Quick &amp; energy efficient, for gentle clothing care.<\/p>\n<ul>\n<li>Energy-efficient &amp; practical<\/li>\n<li>6 kg drying capacity<\/li>\n<li>6 automatic programmes<\/li>\n<li>16 m hang length<\/li>\n<li>2 kw heating element<\/li>\n<li>Robust design<\/li>\n<li>Digital display<\/li>\n<\/ul>\n","protected":false},"featured_media":967,"template":"","meta":[],"class_list":["post-957","product","type-product","status-publish","has-post-thumbnail","hentry","product_cat-kuivatuskapid","product_tag-niiskusanduriga","product_tag-valge","product_tag-ventileeriv"],"yoast_head":"<!-- This site is optimized with the Yoast SEO plugin v14.6.1 - https:\/\/yoast.com\/wordpress\/plugins\/seo\/ -->\n<title>Kuivatuskapp NIMO Sensor Dryer 1900 Valge - Prof Group<\/title>\n<meta name=\"robots\" content=\"index, follow\" \/>\n<meta name=\"googlebot\" content=\"index, follow, max-snippet:-1, max-image-preview:large, max-video-preview:-1\" \/>\n<meta name=\"bingbot\" content=\"index, follow, max-snippet:-1, max-image-preview:large, max-video-preview:-1\" \/>\n<link rel=\"canonical\" href=\"https:\/\/prof-group.ee\/tooted\/kuivatuskapp-nimo-sensor-dryer-1900-valge\/\" \/>\n<meta property=\"og:locale\" content=\"et_EE\" \/>\n<meta property=\"og:type\" content=\"article\" \/>\n<meta property=\"og:title\" content=\"[:et]Kuivatuskapp NIMO Sensor Dryer 1900 Valge[:en]Drying Cabinet NIMO Sensor Dryer 1900 White[:ru]Drying Cabinet NIMO Sensor Dryer 1900 White[:fi]Drying Cabinet NIMO Sensor Dryer 1900 White[:] - Prof Group\" \/>\n<meta property=\"og:description\" content=\"[:et]Quick &amp; energy efficient, for gentle clothing care.   Energy-efficient &amp; practical  6 kg drying capacity  6 automatic programmes  16 m hang length  2 kw heating element  Robust design  Digital display [:]\" \/>\n<meta property=\"og:url\" content=\"https:\/\/prof-group.ee\/tooted\/kuivatuskapp-nimo-sensor-dryer-1900-valge\/\" \/>\n<meta property=\"og:site_name\" content=\"Prof Group\" \/>\n<meta property=\"article:modified_time\" content=\"2020-03-13T22:34:22+00:00\" \/>\n<meta property=\"og:image\" content=\"https:\/\/prof-group.ee\/wp-content\/uploads\/2020\/03\/Sensor-Dryer-1900-White-Closed-1024x1024.png\" \/>\n\t<meta property=\"og:image:width\" content=\"1024\" \/>\n\t<meta property=\"og:image:height\" content=\"1024\" \/>\n<meta name=\"twitter:card\" content=\"summary_large_image\" \/>\n<script type=\"application\/ld+json\" class=\"yoast-schema-graph\">{\"@context\":\"https:\/\/schema.org\",\"@graph\":[{\"@type\":\"WebSite\",\"@id\":\"https:\/\/prof-group.ee\/et\/#website\",\"url\":\"https:\/\/prof-group.ee\/et\/\",\"name\":\"Prof Group\",\"description\":\"T\\u00f6\\u00f6stuslikud seadmed\",\"potentialAction\":[{\"@type\":\"SearchAction\",\"target\":\"https:\/\/prof-group.ee\/et\/?s={search_term_string}\",\"query-input\":\"required name=search_term_string\"}],\"inLanguage\":\"et\"},{\"@type\":\"ImageObject\",\"@id\":\"https:\/\/prof-group.ee\/tooted\/kuivatuskapp-nimo-sensor-dryer-1900-valge\/#primaryimage\",\"inLanguage\":\"et\",\"url\":\"https:\/\/prof-group.ee\/wp-content\/uploads\/2020\/03\/Sensor-Dryer-1900-White-Closed.png\",\"width\":6067,\"height\":6067},{\"@type\":\"WebPage\",\"@id\":\"https:\/\/prof-group.ee\/tooted\/kuivatuskapp-nimo-sensor-dryer-1900-valge\/#webpage\",\"url\":\"https:\/\/prof-group.ee\/tooted\/kuivatuskapp-nimo-sensor-dryer-1900-valge\/\",\"name\":\"[:et]Kuivatuskapp NIMO Sensor Dryer 1900 Valge[:en]Drying Cabinet NIMO Sensor Dryer 1900 White[:ru]Drying Cabinet NIMO Sensor Dryer 1900 White[:fi]Drying Cabinet NIMO Sensor Dryer 1900 White[:] - Prof Group\",\"isPartOf\":{\"@id\":\"https:\/\/prof-group.ee\/et\/#website\"},\"primaryImageOfPage\":{\"@id\":\"https:\/\/prof-group.ee\/tooted\/kuivatuskapp-nimo-sensor-dryer-1900-valge\/#primaryimage\"},\"datePublished\":\"2020-03-13T22:30:39+00:00\",\"dateModified\":\"2020-03-13T22:34:22+00:00\",\"inLanguage\":\"et\",\"potentialAction\":[{\"@type\":\"ReadAction\",\"target\":[\"https:\/\/prof-group.ee\/tooted\/kuivatuskapp-nimo-sensor-dryer-1900-valge\/\"]}]}]}<\/script>\n<!-- \/ Yoast SEO plugin. -->","_links":{"self":[{"href":"https:\/\/prof-group.ee\/et\/wp-json\/wp\/v2\/product\/957","targetHints":{"allow":["GET"]}}],"collection":[{"href":"https:\/\/prof-group.ee\/et\/wp-json\/wp\/v2\/product"}],"about":[{"href":"https:\/\/prof-group.ee\/et\/wp-json\/wp\/v2\/types\/product"}],"wp:featuredmedia":[{"embeddable":true,"href":"https:\/\/prof-group.ee\/et\/wp-json\/wp\/v2\/media\/967"}],"wp:attachment":[{"href":"https:\/\/prof-group.ee\/et\/wp-json\/wp\/v2\/media?parent=957"}],"curies":[{"name":"wp","href":"https:\/\/api.w.org\/{rel}","templated":true}]}}