{"id":510,"date":"2017-12-03T15:27:33","date_gmt":"2017-12-03T15:27:33","guid":{"rendered":"http:\/\/prof-group.ee\/?post_type=product&#038;p=510"},"modified":"2024-02-23T11:30:42","modified_gmt":"2024-02-23T11:30:42","slug":"kuivatuskapp-nimo-ets-1700-e-valge","status":"publish","type":"product","link":"https:\/\/prof-group.ee\/et\/tooted\/kuivatuskapp-nimo-ets-1700-e-valge\/","title":{"rendered":"Nimo kuivatuskapp Sensor Dryer 1700 Valge"},"content":{"rendered":"<p>Kiire ja energias\u00e4\u00e4stlik, \u00f5rn riietehooldus. Ventileeriv seade. Ruumis\u00e4\u00e4stlik kuivatuskapp. Sobib \u00f5rnade siidist riiete, puuvillaste kangaste, \u00f5ueriiete, t\u00f6\u00f6riiete, spordiriiete, m\u00fctside, kinnaste ja jalan\u00f5ude kuivatamiseks. Kui riided on kuivad, l\u00f5petab sisseehitatud sensor kuivatusprogrammi automaatselt. V\u00f5rreldes tavaliste kuivatuskappidega, v\u00e4hendab sensoritehnoloogia energiatarbimist 40% ning ECO + programmiga kuni 85%. Valikus programmide k\u00e4sitsi juhtimine. Kuivatuskapis on kaks rida \u00fclesklapitavaid ja kolm rida v\u00e4lja t\u00f5mmatavaid kuivatusvardaid. Ukse sisek\u00fcljel on riputamiseks kolm konsooli.<\/p>\n<table class=\"shop_attributes\">\n<tbody>\n<tr>\n<th>K\u00f5rgus, laius, s\u00fcgavus:<\/th>\n<td>1700x595x610 mm<\/td>\n<\/tr>\n<tr>\n<th>Kaal:<\/th>\n<td>56 kg<\/td>\n<\/tr>\n<tr>\n<th>Mahutavus:<\/th>\n<td>6 kg (puuvill)<\/td>\n<\/tr>\n<tr>\n<th>Riputuslahendus:<\/th>\n<td>16 m, 33 tugevat riputusvarrast<\/td>\n<\/tr>\n<tr>\n<th>K\u00e4elisus:<\/th>\n<td>Vahetatav<\/td>\n<\/tr>\n<tr>\n<th>Kuivatustemperatuurid:<\/th>\n<td>Toatemperatuur, 45 \u00b0C, 70 \u00b0C<\/td>\n<\/tr>\n<tr>\n<th>Kuivatusajad:<\/th>\n<td>85 min, 160 min, 180 min, 240 min, 260 min, 600 min<\/td>\n<\/tr>\n<tr>\n<th>Energiakulu:<\/th>\n<td>0.4 kWh normaalse koormusega (4 kg) kasutades programmi Auto Eco +<\/td>\n<\/tr>\n<tr>\n<th>Elektri\u00fchendus:<\/th>\n<td>1-faas 230 V, 50-60 Hz. 10 A. Paigaldatud toitekaabel koos pistikuga<\/td>\n<\/tr>\n<tr>\n<th>K\u00fcttev\u00f5imsus:<\/th>\n<td>2000W<\/td>\n<\/tr>\n<tr>\n<th>Ventilaatori mootor:<\/th>\n<td>38W<\/td>\n<\/tr>\n<tr>\n<th>Ventilaatori puhumisv\u00f5imsus:<\/th>\n<td>184 m\u00b3\/h<\/td>\n<\/tr>\n<tr>\n<th>Niiske, sooja\u00f5hu v\u00e4ljapuhkev\u00f5imsus:<\/th>\n<td>95 m\u00b3\/h<\/td>\n<\/tr>\n<tr>\n<th>Ventilatsiooni \u00fchendus:<\/th>\n<td>Kapi katusel D=100 mm<\/td>\n<\/tr>\n<tr>\n<th>Automaatne \u00fclekuumenemiskaitse:<\/th>\n<td>Jah<\/td>\n<\/tr>\n<tr>\n<th>Suhteline m\u00fcratase:<\/th>\n<td>max 55 dB(A)<\/td>\n<\/tr>\n<tr>\n<th>Seadmega kaasas:<\/th>\n<td>Kinnitusvahendid ja ventilatsiooni \u00fchenduskomplekt<\/td>\n<\/tr>\n<\/tbody>\n<\/table>\n<p>&nbsp;<\/p>","protected":false},"excerpt":{"rendered":"<p>Kiire ja energias\u00e4\u00e4stlik, \u00f5rn riietehooldus. Ventileeriv seade.<\/p>\n","protected":false},"featured_media":1198,"template":"","meta":[],"class_list":["post-510","product","type-product","status-publish","has-post-thumbnail","hentry","product_brand-nimo","product_cat-kuivatuskapid","product_tag-valge","product_tag-ventileeriv"],"yoast_head":"<!-- This site is optimized with the Yoast SEO plugin v14.6.1 - https:\/\/yoast.com\/wordpress\/plugins\/seo\/ -->\n<title>Nimo kuivatuskapp Sensor Dryer 1700 Valge - Prof Group<\/title>\n<meta name=\"robots\" content=\"index, follow\" \/>\n<meta name=\"googlebot\" content=\"index, follow, max-snippet:-1, max-image-preview:large, max-video-preview:-1\" \/>\n<meta name=\"bingbot\" content=\"index, follow, max-snippet:-1, max-image-preview:large, max-video-preview:-1\" \/>\n<link rel=\"canonical\" href=\"https:\/\/prof-group.ee\/tooted\/kuivatuskapp-nimo-ets-1700-e-valge\/\" \/>\n<meta property=\"og:locale\" content=\"et_EE\" \/>\n<meta property=\"og:type\" content=\"article\" \/>\n<meta property=\"og:title\" content=\"Nimo kuivatuskapp Sensor Dryer 1700 Valge - Prof Group\" \/>\n<meta property=\"og:description\" content=\"[:et]Kiire ja energias\u00e4\u00e4stlik, \u00f5rn riietehooldus. Ventileeriv seade.[:en]Floor standing drying cabinet.\u00a01715 mm. Extract air.\u00a0Sensor controlled.   Automatic shut-off.  Two automatic programmes.  Energy-efficient and practical. [:ru]\u041d\u0430\u043f\u043e\u043b\u044c\u043d\u044b\u0439 \u0441\u0443\u0448\u0438\u043b\u044c\u043d\u044b\u0439 \u0448\u043a\u0430\u0444.\u00a01715 \u043c\u043c. \u0412\u044b\u0442\u044f\u0436\u043d\u043e\u0439 \u0432\u043e\u0437\u0434\u0443\u0445.\u00a0\u0423\u043f\u0440\u0430\u0432\u043b\u0435\u043d\u0438\u0435 \u043e\u0442 \u0434\u0430\u0442\u0447\u0438\u043a\u043e\u0432.   \u0410\u0432\u0442\u043e\u043c\u0430\u0442\u0438\u0447\u0435\u0441\u043a\u043e\u0435 \u043e\u0442\u043a\u043b\u044e\u0447\u0435\u043d\u0438\u0435.  \u0414\u0432\u0435 \u0430\u0432\u0442\u043e\u043c\u0430\u0442\u0438\u0447\u0435\u0441\u043a\u0438\u0435 \u043f\u0440\u043e\u0433\u0440\u0430\u043c\u043c\u044b.  \u042d\u043d\u0435\u0440\u0433\u043e\u0441\u0431\u0435\u0440\u0435\u0436\u0435\u043d\u0438\u0435 \u0438 \u043f\u0440\u0430\u043a\u0442\u0438\u0447\u043d\u043e\u0441\u0442\u044c. [:fi]Lattialle asennettava kuivauskaapit.\u00a01715 mm. poistoilma.\u00a0Anturiohjaus.   Automaattinen sammutus.  Kaksi automaattiohjelmaa.  Energiapihi ja k\u00e4yt\u00e4nn\u00f6llinen. [:]\" \/>\n<meta property=\"og:url\" content=\"https:\/\/prof-group.ee\/tooted\/kuivatuskapp-nimo-ets-1700-e-valge\/\" \/>\n<meta property=\"og:site_name\" content=\"Prof Group\" \/>\n<meta property=\"article:modified_time\" content=\"2024-02-23T11:30:42+00:00\" \/>\n<meta property=\"og:image\" content=\"https:\/\/prof-group.ee\/wp-content\/uploads\/2017\/12\/nimoweb-dryingcabinet-sensor-dryer-1900-white-closed-1by1-3840x3840-1.png\" \/>\n\t<meta property=\"og:image:width\" content=\"1238\" \/>\n\t<meta property=\"og:image:height\" content=\"1215\" \/>\n<meta name=\"twitter:card\" content=\"summary_large_image\" \/>\n<script type=\"application\/ld+json\" class=\"yoast-schema-graph\">{\"@context\":\"https:\/\/schema.org\",\"@graph\":[{\"@type\":\"WebSite\",\"@id\":\"https:\/\/prof-group.ee\/et\/#website\",\"url\":\"https:\/\/prof-group.ee\/et\/\",\"name\":\"Prof Group\",\"description\":\"T\\u00f6\\u00f6stuslikud seadmed\",\"potentialAction\":[{\"@type\":\"SearchAction\",\"target\":\"https:\/\/prof-group.ee\/et\/?s={search_term_string}\",\"query-input\":\"required name=search_term_string\"}],\"inLanguage\":\"et\"},{\"@type\":\"ImageObject\",\"@id\":\"https:\/\/prof-group.ee\/tooted\/kuivatuskapp-nimo-ets-1700-e-valge\/#primaryimage\",\"inLanguage\":\"et\",\"url\":\"https:\/\/prof-group.ee\/wp-content\/uploads\/2017\/12\/nimoweb-dryingcabinet-sensor-dryer-1900-white-closed-1by1-3840x3840-1.png\",\"width\":1238,\"height\":1215},{\"@type\":\"WebPage\",\"@id\":\"https:\/\/prof-group.ee\/tooted\/kuivatuskapp-nimo-ets-1700-e-valge\/#webpage\",\"url\":\"https:\/\/prof-group.ee\/tooted\/kuivatuskapp-nimo-ets-1700-e-valge\/\",\"name\":\"Nimo kuivatuskapp Sensor Dryer 1700 Valge - Prof Group\",\"isPartOf\":{\"@id\":\"https:\/\/prof-group.ee\/et\/#website\"},\"primaryImageOfPage\":{\"@id\":\"https:\/\/prof-group.ee\/tooted\/kuivatuskapp-nimo-ets-1700-e-valge\/#primaryimage\"},\"datePublished\":\"2017-12-03T15:27:33+00:00\",\"dateModified\":\"2024-02-23T11:30:42+00:00\",\"inLanguage\":\"et\",\"potentialAction\":[{\"@type\":\"ReadAction\",\"target\":[\"https:\/\/prof-group.ee\/tooted\/kuivatuskapp-nimo-ets-1700-e-valge\/\"]}]}]}<\/script>\n<!-- \/ Yoast SEO plugin. -->","_links":{"self":[{"href":"https:\/\/prof-group.ee\/et\/wp-json\/wp\/v2\/product\/510","targetHints":{"allow":["GET"]}}],"collection":[{"href":"https:\/\/prof-group.ee\/et\/wp-json\/wp\/v2\/product"}],"about":[{"href":"https:\/\/prof-group.ee\/et\/wp-json\/wp\/v2\/types\/product"}],"wp:featuredmedia":[{"embeddable":true,"href":"https:\/\/prof-group.ee\/et\/wp-json\/wp\/v2\/media\/1198"}],"wp:attachment":[{"href":"https:\/\/prof-group.ee\/et\/wp-json\/wp\/v2\/media?parent=510"}],"curies":[{"name":"wp","href":"https:\/\/api.w.org\/{rel}","templated":true}]}}