{"id":508,"date":"2017-12-03T15:26:07","date_gmt":"2017-12-03T15:26:07","guid":{"rendered":"http:\/\/prof-group.ee\/?post_type=product&#038;p=508"},"modified":"2024-02-23T11:33:15","modified_gmt":"2024-02-23T11:33:15","slug":"kuivatuskapp-nimo-ets-1700-valge","status":"publish","type":"product","link":"https:\/\/prof-group.ee\/et\/tooted\/kuivatuskapp-nimo-ets-1700-valge\/","title":{"rendered":"Nimo kuivatuskapp Easy Dryer 1700 Valge"},"content":{"rendered":"<p>Kiire ja kangas\u00f5bralik riietehooldus. Ventileeriv seade. Ruumis\u00e4\u00e4stlik kuivatuskapp. Sobib \u00f5rnade siidist riiete, puuvillaste kangaste, \u00f5ueriiete, t\u00f6\u00f6riiete, spordiriiete, m\u00fctside, kinnaste ja jalan\u00f5ude kuivatamiseks. Kuivatusaja pikkust ja kuivatustemperatuuri saab seadistada kahe keeratava l\u00fcliti abil. Kuivatuskapp l\u00f5petab t\u00f6\u00f6tamise valitud kuivatusaja pikkuse t\u00e4itudes. Kuivatuskapis on kaks rida \u00fclesklapitavaid ja kolm rida v\u00e4lja t\u00f5mmatavaid kuivatusvardaid. Ukse sisek\u00fcljel on riputamiseks kolm konsooli.<\/p>\n<table class=\"shop_attributes\">\n<tbody>\n<tr>\n<th>K\u00f5rgus, laius, s\u00fcgavus:<\/th>\n<td>1700x595x610 mm<\/td>\n<\/tr>\n<tr>\n<th>Kaal:<\/th>\n<td>56 kg<\/td>\n<\/tr>\n<tr>\n<th>Mahutavus:<\/th>\n<td>6 kg (puuvill)<\/td>\n<\/tr>\n<tr>\n<th>Riputuslahendus:<\/th>\n<td>16 m, 33 tugevat riputusvarrast<\/td>\n<\/tr>\n<tr>\n<th>K\u00e4elisus:<\/th>\n<td>Vahetatav<\/td>\n<\/tr>\n<tr>\n<th>Kuivatustemperatuurid:<\/th>\n<td>Toatemperatuur kuni 65 \u00b0C<\/td>\n<\/tr>\n<tr>\n<th>Kuivatusajad:<\/th>\n<td>Kuni 220 min<\/td>\n<\/tr>\n<tr>\n<th>Energiakulu:<\/th>\n<td>2.68 kWh normaalse koormusega (4 kg)<\/td>\n<\/tr>\n<tr>\n<th>Elektri\u00fchendus:<\/th>\n<td>1-faas 230 V, 50-60 Hz. 10 A. Paigaldatud toitekaabel koos pistikuga<\/td>\n<\/tr>\n<tr>\n<th>K\u00fcttev\u00f5imsus:<\/th>\n<td>2000W<\/td>\n<\/tr>\n<tr>\n<th>Ventilaatori mootor:<\/th>\n<td>38W<\/td>\n<\/tr>\n<tr>\n<th>Ventilaatori puhumisv\u00f5imsus:<\/th>\n<td>184 m\u00b3\/h<\/td>\n<\/tr>\n<tr>\n<th>Niiske, sooja\u00f5hu v\u00e4ljapuhkev\u00f5imsus:<\/th>\n<td>95 m\u00b3\/h<\/td>\n<\/tr>\n<tr>\n<th>Ventilatsiooni \u00fchendus:<\/th>\n<td>Kapi katusel D=100 mm<\/td>\n<\/tr>\n<tr>\n<th>Automaatne \u00fclekuumenemiskaitse:<\/th>\n<td>Jah<\/td>\n<\/tr>\n<tr>\n<th>Suhteline m\u00fcratase:<\/th>\n<td>max 55 dB(A)<\/td>\n<\/tr>\n<tr>\n<th>Seadmega kaasas:<\/th>\n<td>Kinnitusvahendid ja ventilatsiooni \u00fchenduskomplekt<\/td>\n<\/tr>\n<\/tbody>\n<\/table>\n<p>&nbsp;<\/p>","protected":false},"excerpt":{"rendered":"<p>Kiire ja kangas\u00f5bralik riietehooldus. Ventileeriv seade.<\/p>\n","protected":false},"featured_media":1209,"template":"","meta":[],"class_list":["post-508","product","type-product","status-publish","has-post-thumbnail","hentry","product_brand-nimo","product_cat-kuivatuskapid","product_tag-valge","product_tag-ventileeriv"],"yoast_head":"<!-- This site is optimized with the Yoast SEO plugin v14.6.1 - https:\/\/yoast.com\/wordpress\/plugins\/seo\/ -->\n<title>Nimo kuivatuskapp Easy Dryer 1700 Valge - Prof Group<\/title>\n<meta name=\"robots\" content=\"index, follow\" \/>\n<meta name=\"googlebot\" content=\"index, follow, max-snippet:-1, max-image-preview:large, max-video-preview:-1\" \/>\n<meta name=\"bingbot\" content=\"index, follow, max-snippet:-1, max-image-preview:large, max-video-preview:-1\" \/>\n<link rel=\"canonical\" href=\"https:\/\/prof-group.ee\/tooted\/kuivatuskapp-nimo-ets-1700-valge\/\" \/>\n<meta property=\"og:locale\" content=\"et_EE\" \/>\n<meta property=\"og:type\" content=\"article\" \/>\n<meta property=\"og:title\" content=\"Nimo kuivatuskapp Easy Dryer 1700 Valge - Prof Group\" \/>\n<meta property=\"og:description\" content=\"[:et]Kiire ja kangas\u00f5bralik riietehooldus. Ventileeriv seade.[:en]Floor standing drying cabinet.\u00a01715 mm. Extract air.   Timer-controlled fan.  Stepless heating. [:ru]\u041d\u0430\u043f\u043e\u043b\u044c\u043d\u044b\u0439 \u0441\u0443\u0448\u0438\u043b\u044c\u043d\u044b\u0439 \u0448\u043a\u0430\u0444.\u00a01715 \u043c\u043c. \u0412\u044b\u0442\u044f\u0436\u043d\u043e\u0439 \u0432\u043e\u0437\u0434\u0443\u0445.   \u0412\u0435\u043d\u0442\u0438\u043b\u044f\u0442\u043e\u0440 \u0441 \u0442\u0430\u0439\u043c\u0435\u0440\u043e\u043c.  \u041f\u043b\u0430\u0432\u043d\u043e\u0435 \u043d\u0430\u0433\u0440\u0435\u0432\u0430\u043d\u0438\u0435. [:fi]Lattialle asennettava kuivauskaapit.\u00a01715 mm. poistoilma.   Aikaohjattu tuuletin.  Portaaton l\u00e4mp\u00f6. [:]\" \/>\n<meta property=\"og:url\" content=\"https:\/\/prof-group.ee\/tooted\/kuivatuskapp-nimo-ets-1700-valge\/\" \/>\n<meta property=\"og:site_name\" content=\"Prof Group\" \/>\n<meta property=\"article:modified_time\" content=\"2024-02-23T11:33:15+00:00\" \/>\n<meta property=\"og:image\" content=\"https:\/\/prof-group.ee\/wp-content\/uploads\/2017\/12\/ED1900.png\" \/>\n\t<meta property=\"og:image:width\" content=\"1245\" \/>\n\t<meta property=\"og:image:height\" content=\"1215\" \/>\n<meta name=\"twitter:card\" content=\"summary_large_image\" \/>\n<script type=\"application\/ld+json\" class=\"yoast-schema-graph\">{\"@context\":\"https:\/\/schema.org\",\"@graph\":[{\"@type\":\"WebSite\",\"@id\":\"https:\/\/prof-group.ee\/et\/#website\",\"url\":\"https:\/\/prof-group.ee\/et\/\",\"name\":\"Prof Group\",\"description\":\"T\\u00f6\\u00f6stuslikud seadmed\",\"potentialAction\":[{\"@type\":\"SearchAction\",\"target\":\"https:\/\/prof-group.ee\/et\/?s={search_term_string}\",\"query-input\":\"required name=search_term_string\"}],\"inLanguage\":\"et\"},{\"@type\":\"ImageObject\",\"@id\":\"https:\/\/prof-group.ee\/tooted\/kuivatuskapp-nimo-ets-1700-valge\/#primaryimage\",\"inLanguage\":\"et\",\"url\":\"https:\/\/prof-group.ee\/wp-content\/uploads\/2017\/12\/ED1900.png\",\"width\":1245,\"height\":1215},{\"@type\":\"WebPage\",\"@id\":\"https:\/\/prof-group.ee\/tooted\/kuivatuskapp-nimo-ets-1700-valge\/#webpage\",\"url\":\"https:\/\/prof-group.ee\/tooted\/kuivatuskapp-nimo-ets-1700-valge\/\",\"name\":\"Nimo kuivatuskapp Easy Dryer 1700 Valge - Prof Group\",\"isPartOf\":{\"@id\":\"https:\/\/prof-group.ee\/et\/#website\"},\"primaryImageOfPage\":{\"@id\":\"https:\/\/prof-group.ee\/tooted\/kuivatuskapp-nimo-ets-1700-valge\/#primaryimage\"},\"datePublished\":\"2017-12-03T15:26:07+00:00\",\"dateModified\":\"2024-02-23T11:33:15+00:00\",\"inLanguage\":\"et\",\"potentialAction\":[{\"@type\":\"ReadAction\",\"target\":[\"https:\/\/prof-group.ee\/tooted\/kuivatuskapp-nimo-ets-1700-valge\/\"]}]}]}<\/script>\n<!-- \/ Yoast SEO plugin. -->","_links":{"self":[{"href":"https:\/\/prof-group.ee\/et\/wp-json\/wp\/v2\/product\/508","targetHints":{"allow":["GET"]}}],"collection":[{"href":"https:\/\/prof-group.ee\/et\/wp-json\/wp\/v2\/product"}],"about":[{"href":"https:\/\/prof-group.ee\/et\/wp-json\/wp\/v2\/types\/product"}],"wp:featuredmedia":[{"embeddable":true,"href":"https:\/\/prof-group.ee\/et\/wp-json\/wp\/v2\/media\/1209"}],"wp:attachment":[{"href":"https:\/\/prof-group.ee\/et\/wp-json\/wp\/v2\/media?parent=508"}],"curies":[{"name":"wp","href":"https:\/\/api.w.org\/{rel}","templated":true}]}}