{"id":505,"date":"2017-12-02T18:43:32","date_gmt":"2017-12-02T18:43:32","guid":{"rendered":"http:\/\/prof-group.ee\/?post_type=product&#038;p=505"},"modified":"2024-02-06T10:22:16","modified_gmt":"2024-02-06T10:22:16","slug":"kuivatuskapp-nimo-ets-1500-e-valge","status":"publish","type":"product","link":"https:\/\/prof-group.ee\/et\/tooted\/kuivatuskapp-nimo-ets-1500-e-valge\/","title":{"rendered":"Nimo kuivatuskapp ETS 1500 E Valge"},"content":{"rendered":"<p>Praktiline ja ruumis\u00e4\u00e4stlik, seinale kinnitatav sensoriga kuivatuskapp. Sobib v\u00e4iksematesse ruumidesse n\u00e4iteks pesumasina kohale. Hea lahendus m\u00e4rja pesu kuivatamiseks peale pesemist. Kuivatuskapp l\u00f5petab t\u00f6\u00f6tamise kui riided on kuivad. Kaks automaatset programmi ja v\u00f5imalus kuivatusaega k\u00e4sitsi muuta. Kuivatuskapis on kolm rida kuivatusvardaid. Kuivatusvarraste k\u00f5rgus on reguleeritav.<\/p>\n<table class=\"shop_attributes\">\n<tbody>\n<tr>\n<th>K\u00f5rgus, laius, s\u00fcgavus:<\/th>\n<td>1435x595x610 mm<\/td>\n<\/tr>\n<tr>\n<th>Kaal:<\/th>\n<td>60 kg<\/td>\n<\/tr>\n<tr>\n<th>Mahutavus:<\/th>\n<td>Maksimaalne t\u00e4ide 4 kg (puuvill)<\/td>\n<\/tr>\n<tr>\n<th>Riputuslahendus:<\/th>\n<td>30 tugevat riputusvarrast<\/td>\n<\/tr>\n<tr>\n<th>K\u00e4elisus:<\/th>\n<td>Vasakuk\u00e4eline Art. no.: 63110101<br \/>\nParemak\u00e4eline Art. no.: 63120101<\/td>\n<\/tr>\n<tr>\n<th>Kuivatustemperatuurid ja kuivatusajad:<\/th>\n<td>Automaatprogrammid:<br \/>\n\u2022 AUT 40 \u00b0C (120 min, max 45 \u00b0C)<br \/>\n\u2022 AUT 60 \u00b0C (120 min, max 65 \u00b0C)<br \/>\nK\u00e4sitsijuhitavad:<br \/>\n\u2022 MAN 30 \u00b0C (15 &#8211; 360 min, max 35 \u00b0C)<br \/>\n\u2022 MAN 40 \u00b0C (15 &#8211; 240 min, max 45 \u00b0C)<br \/>\n\u2022 MAN 60 \u00b0C (15 &#8211; 240 min, max 65 \u00b0C)<br \/>\n\u2022 MAN toatemperatuur (15 &#8211; 720 min)<\/td>\n<\/tr>\n<tr>\n<th>Energiakulu:<\/th>\n<td>0.4 kWh\/kg programmiga AUT 40 \u00b0C, 0.08 kWh\/kg programmiga MAN toatemperatuur<\/td>\n<\/tr>\n<tr>\n<th>Elektri\u00fchendus:<\/th>\n<td>1-faas 230 V, 50-60 Hz. 10 A. Paigaldatud toitekaabel koos pistikuga<\/td>\n<\/tr>\n<tr>\n<th>K\u00fcttev\u00f5imsus:<\/th>\n<td>750\/1500 W<\/td>\n<\/tr>\n<tr>\n<th>Ventilaatori mootor:<\/th>\n<td>35 W<\/td>\n<\/tr>\n<tr>\n<th>Ventilaatori puhumisv\u00f5imsus:<\/th>\n<td>180 m\u00b3\/h, millest 25% juhitakse v\u00e4lja<\/td>\n<\/tr>\n<tr>\n<th>Niiske, sooja\u00f5hu v\u00e4ljapuhkev\u00f5imsus:<\/th>\n<td>45 m\u00b3\/h<\/td>\n<\/tr>\n<tr>\n<th>Ventilatsiooni \u00fchendus:<\/th>\n<td>Kapi katusel D = 100 mm<\/td>\n<\/tr>\n<tr>\n<th>Automaatne \u00fclekuumenemiskaitse:<\/th>\n<td>Jah<\/td>\n<\/tr>\n<tr>\n<th>Suhteline m\u00fcratase:<\/th>\n<td>max 60 dB(A)<\/td>\n<\/tr>\n<tr>\n<th>Seadmega kaasas:<\/th>\n<td>Kinnitusvahendid ja ventilatsiooni \u00fchenduskomplekt<\/td>\n<\/tr>\n<\/tbody>\n<\/table>\n<p><\/p>","protected":false},"excerpt":{"rendered":"<p>Praktiline ja ruumis\u00e4\u00e4stlik, seinale kinnitatav sensoriga kuivatuskapp. Sobib v\u00e4iksematesse ruumidesse n\u00e4iteks pesumasina kohale.<\/p>\n","protected":false},"featured_media":1186,"template":"","meta":[],"class_list":["post-505","product","type-product","status-publish","has-post-thumbnail","hentry","product_brand-nimo","product_cat-kuivatuskapid","product_tag-valge","product_tag-ventileeriv"],"yoast_head":"<!-- This site is optimized with the Yoast SEO plugin v14.6.1 - https:\/\/yoast.com\/wordpress\/plugins\/seo\/ -->\n<title>Nimo kuivatuskapp ETS 1500 E Valge - Prof Group<\/title>\n<meta name=\"robots\" content=\"index, follow\" \/>\n<meta name=\"googlebot\" content=\"index, follow, max-snippet:-1, max-image-preview:large, max-video-preview:-1\" \/>\n<meta name=\"bingbot\" content=\"index, follow, max-snippet:-1, max-image-preview:large, max-video-preview:-1\" \/>\n<link rel=\"canonical\" href=\"https:\/\/prof-group.ee\/tooted\/kuivatuskapp-nimo-ets-1500-e-valge\/\" \/>\n<meta property=\"og:locale\" content=\"et_EE\" \/>\n<meta property=\"og:type\" content=\"article\" \/>\n<meta property=\"og:title\" content=\"[:et]Nimo kuivatuskapp ETS 1500 E Valge[:en]Kuivatuskapp NIMO ETS 1500 E Valge[:ru]Kuivatuskapp NIMO ETS 1500 E Valge[:fi]Kuivatuskapp NIMO ETS 1500 E Valge[:] - Prof Group\" \/>\n<meta property=\"og:description\" content=\"[:et]Praktiline ja ruumis\u00e4\u00e4stlik, seinale kinnitatav sensoriga kuivatuskapp. Sobib v\u00e4iksematesse ruumidesse n\u00e4iteks pesumasina kohale.[:en]Wall-mounted drying cabinet.\u00a0Extract air.\u00a0Sensor-controlled.   Automatic shut-off.  Two automatic programmes.  Energy-efficient and practical. [:ru]\u041d\u0430\u0441\u0442\u0435\u043d\u043d\u044b\u0439 \u0441\u0443\u0448\u0438\u043b\u044c\u043d\u044b\u0439 \u0448\u043a\u0430\u0444.\u00a0\u0412\u044b\u0442\u044f\u0436\u043d\u043e\u0439 \u0432\u043e\u0437\u0434\u0443\u0445.\u00a0\u0423\u043f\u0440\u0430\u0432\u043b\u0435\u043d\u0438\u0435 \u043e\u0442 \u0434\u0430\u0442\u0447\u0438\u043a\u043e\u0432.   \u0410\u0432\u0442\u043e\u043c\u0430\u0442\u0438\u0447\u0435\u0441\u043a\u043e\u0435 \u043e\u0442\u043a\u043b\u044e\u0447\u0435\u043d\u0438\u0435.  \u0414\u0432\u0435 \u0430\u0432\u0442\u043e\u043c\u0430\u0442\u0438\u0447\u0435\u0441\u043a\u0438\u0435 \u043f\u0440\u043e\u0433\u0440\u0430\u043c\u043c\u044b.  \u042d\u043d\u0435\u0440\u0433\u043e\u0441\u0431\u0435\u0440\u0435\u0436\u0435\u043d\u0438\u0435 \u0438 \u043f\u0440\u0430\u043a\u0442\u0438\u0447\u043d\u043e\u0441\u0442\u044c. [:fi]Sein\u00e4lle asennettava kuivauskaapit.\u00a0Poistoilma.\u00a0Anturiohjaus.   Automaattinen sammutus.  Kaksi automaattiohjelmaa.  Energiapihi ja k\u00e4yt\u00e4nn\u00f6llinen. [:]\" \/>\n<meta property=\"og:url\" content=\"https:\/\/prof-group.ee\/tooted\/kuivatuskapp-nimo-ets-1500-e-valge\/\" \/>\n<meta property=\"og:site_name\" content=\"Prof Group\" \/>\n<meta property=\"article:modified_time\" content=\"2024-02-06T10:22:16+00:00\" \/>\n<meta property=\"og:image\" content=\"https:\/\/prof-group.ee\/wp-content\/uploads\/2017\/12\/ETS1500E1_nimoweb-dryingcabinet-ets-1500-white-closed-1by1-3840x3840-1.png\" \/>\n\t<meta property=\"og:image:width\" content=\"800\" \/>\n\t<meta property=\"og:image:height\" content=\"800\" \/>\n<meta name=\"twitter:card\" content=\"summary_large_image\" \/>\n<script type=\"application\/ld+json\" class=\"yoast-schema-graph\">{\"@context\":\"https:\/\/schema.org\",\"@graph\":[{\"@type\":\"WebSite\",\"@id\":\"https:\/\/prof-group.ee\/et\/#website\",\"url\":\"https:\/\/prof-group.ee\/et\/\",\"name\":\"Prof Group\",\"description\":\"T\\u00f6\\u00f6stuslikud seadmed\",\"potentialAction\":[{\"@type\":\"SearchAction\",\"target\":\"https:\/\/prof-group.ee\/et\/?s={search_term_string}\",\"query-input\":\"required name=search_term_string\"}],\"inLanguage\":\"et\"},{\"@type\":\"ImageObject\",\"@id\":\"https:\/\/prof-group.ee\/tooted\/kuivatuskapp-nimo-ets-1500-e-valge\/#primaryimage\",\"inLanguage\":\"et\",\"url\":\"https:\/\/prof-group.ee\/wp-content\/uploads\/2017\/12\/ETS1500E1_nimoweb-dryingcabinet-ets-1500-white-closed-1by1-3840x3840-1.png\",\"width\":800,\"height\":800},{\"@type\":\"WebPage\",\"@id\":\"https:\/\/prof-group.ee\/tooted\/kuivatuskapp-nimo-ets-1500-e-valge\/#webpage\",\"url\":\"https:\/\/prof-group.ee\/tooted\/kuivatuskapp-nimo-ets-1500-e-valge\/\",\"name\":\"[:et]Nimo kuivatuskapp ETS 1500 E Valge[:en]Kuivatuskapp NIMO ETS 1500 E Valge[:ru]Kuivatuskapp NIMO ETS 1500 E Valge[:fi]Kuivatuskapp NIMO ETS 1500 E Valge[:] - Prof Group\",\"isPartOf\":{\"@id\":\"https:\/\/prof-group.ee\/et\/#website\"},\"primaryImageOfPage\":{\"@id\":\"https:\/\/prof-group.ee\/tooted\/kuivatuskapp-nimo-ets-1500-e-valge\/#primaryimage\"},\"datePublished\":\"2017-12-02T18:43:32+00:00\",\"dateModified\":\"2024-02-06T10:22:16+00:00\",\"inLanguage\":\"et\",\"potentialAction\":[{\"@type\":\"ReadAction\",\"target\":[\"https:\/\/prof-group.ee\/tooted\/kuivatuskapp-nimo-ets-1500-e-valge\/\"]}]}]}<\/script>\n<!-- \/ Yoast SEO plugin. -->","_links":{"self":[{"href":"https:\/\/prof-group.ee\/et\/wp-json\/wp\/v2\/product\/505","targetHints":{"allow":["GET"]}}],"collection":[{"href":"https:\/\/prof-group.ee\/et\/wp-json\/wp\/v2\/product"}],"about":[{"href":"https:\/\/prof-group.ee\/et\/wp-json\/wp\/v2\/types\/product"}],"wp:featuredmedia":[{"embeddable":true,"href":"https:\/\/prof-group.ee\/et\/wp-json\/wp\/v2\/media\/1186"}],"wp:attachment":[{"href":"https:\/\/prof-group.ee\/et\/wp-json\/wp\/v2\/media?parent=505"}],"curies":[{"name":"wp","href":"https:\/\/api.w.org\/{rel}","templated":true}]}}