{"id":464,"date":"2017-11-26T18:28:12","date_gmt":"2017-11-26T18:28:12","guid":{"rendered":"http:\/\/prof-group.ee\/?post_type=product&#038;p=464"},"modified":"2024-02-06T10:20:33","modified_gmt":"2024-02-06T10:20:33","slug":"kuivatuskapp-ets-1500-valge","status":"publish","type":"product","link":"https:\/\/prof-group.ee\/et\/tooted\/kuivatuskapp-ets-1500-valge\/","title":{"rendered":"Nimo kuivatuskapp ETS 1500 Valge"},"content":{"rendered":"<p>Praktiline ja ruumis\u00e4\u00e4stlik, seinale kinnitatav kuivatuskapp. Sobib v\u00e4iksematesse ruumidesse n\u00e4iteks pesumasina kohale. Hea lahendus m\u00e4rja pesu kuivatamiseks peale pesemist. Kuivatuspikkust ja kuivatustemperatuuri saab seadistada kahe keeratava l\u00fcliti abil. Kuivatuskapp l\u00f5petab t\u00f6\u00f6tamise valitud kuivatuspikkuse aja t\u00e4itudes. Kuivatuskapis on kolm rida kuivatusvardaid. Kuivatusvarraste k\u00f5rgus on reguleeritav.<\/p>\n<table class=\"shop_attributes\">\n<tbody>\n<tr>\n<th>K\u00f5rgus, laius, s\u00fcgavus:<\/th>\n<td>1435x595x610 mm<\/td>\n<\/tr>\n<tr>\n<th>Kaal:<\/th>\n<td>60 kg<\/td>\n<\/tr>\n<tr>\n<th>Mahutavus:<\/th>\n<td>Maksimaalne t\u00e4ide 4 kg (puuvill)<\/td>\n<\/tr>\n<tr>\n<th>Riputuslahendus:<\/th>\n<td>30 tugevat riputusvarrast<\/td>\n<\/tr>\n<tr>\n<th>K\u00e4elisus:<\/th>\n<td>Vasakuk\u00e4eline Art. no.: 63110100<br \/>\nParemak\u00e4eline Art. no.: 63120100<\/td>\n<\/tr>\n<tr>\n<th>Kuivatustemperatuurid:<\/th>\n<td>45 \u00b0C &#8211; 60 \u00b0C<\/td>\n<\/tr>\n<tr>\n<th>Kuivatusajad:<\/th>\n<td>120 &#8211; 180 min<\/td>\n<\/tr>\n<tr>\n<th>Elektri\u00fchendus:<\/th>\n<td>1-faas 230 V, 50-60 Hz. 10 A. Paigaldatud toitekaabel koos pistikuga<\/td>\n<\/tr>\n<tr>\n<th>K\u00fcttev\u00f5imsus:<\/th>\n<td>750\/1500 W<\/td>\n<\/tr>\n<tr>\n<th>Ventilaatori mootor:<\/th>\n<td>35 W<\/td>\n<\/tr>\n<tr>\n<th>Ventilaatori puhumisv\u00f5imsus:<\/th>\n<td>180 m\u00b3\/h, millest 25% juhitakse v\u00e4lja<\/td>\n<\/tr>\n<tr>\n<th>Niiske, sooja\u00f5hu v\u00e4ljapuhkev\u00f5imsus:<\/th>\n<td>45 m\u00b3\/h<\/td>\n<\/tr>\n<tr>\n<th>Ventilatsiooni \u00fchendus:<\/th>\n<td>Kapi katusel D = 100 mm<\/td>\n<\/tr>\n<tr>\n<th>Automaatne \u00fclekuumenemiskaitse:<\/th>\n<td>Jah<\/td>\n<\/tr>\n<tr>\n<th>Suhteline m\u00fcratase:<\/th>\n<td>max 60 dB(A)<\/td>\n<\/tr>\n<tr>\n<th>Seadmega kaasas:<\/th>\n<td>Kinnitusvahendid ja ventilatsiooni \u00fchenduskomplekt<\/td>\n<\/tr>\n<\/tbody>\n<\/table>\n<p><\/p>","protected":false},"excerpt":{"rendered":"<p>Praktiline ja ruumis\u00e4\u00e4stlik, seinale kinnitatav kuivatuskapp. Sobib v\u00e4iksematesse ruumidesse n\u00e4iteks pesumasina kohale.<\/p>\n","protected":false},"featured_media":1185,"template":"","meta":[],"class_list":["post-464","product","type-product","status-publish","has-post-thumbnail","hentry","product_brand-nimo","product_cat-kuivatuskapid","product_tag-valge","product_tag-ventileeriv"],"yoast_head":"<!-- This site is optimized with the Yoast SEO plugin v14.6.1 - https:\/\/yoast.com\/wordpress\/plugins\/seo\/ -->\n<title>Nimo kuivatuskapp ETS 1500 Valge - Prof Group<\/title>\n<meta name=\"robots\" content=\"index, follow\" \/>\n<meta name=\"googlebot\" content=\"index, follow, max-snippet:-1, max-image-preview:large, max-video-preview:-1\" \/>\n<meta name=\"bingbot\" content=\"index, follow, max-snippet:-1, max-image-preview:large, max-video-preview:-1\" \/>\n<link rel=\"canonical\" href=\"https:\/\/prof-group.ee\/tooted\/kuivatuskapp-ets-1500-valge\/\" \/>\n<meta property=\"og:locale\" content=\"et_EE\" \/>\n<meta property=\"og:type\" content=\"article\" \/>\n<meta property=\"og:title\" content=\"[:et]Nimo kuivatuskapp ETS 1500 Valge[:en]Kuivatuskapp NIMO ETS 1500 Valge[:ru]Kuivatuskapp NIMO ETS 1500 Valge[:fi]Kuivatuskapp NIMO ETS 1500 Valge[:] - Prof Group\" \/>\n<meta property=\"og:description\" content=\"[:et]Praktiline ja ruumis\u00e4\u00e4stlik, seinale kinnitatav kuivatuskapp. Sobib v\u00e4iksematesse ruumidesse n\u00e4iteks pesumasina kohale.[:en]Wall-mounted drying cabinet.\u00a0Extract air.\u00a0Timer.   Timer-controlled fan.  Stepless heating. [:ru]\u041d\u0430\u0441\u0442\u0435\u043d\u043d\u044b\u0439 \u0441\u0443\u0448\u0438\u043b\u044c\u043d\u044b\u0439 \u0448\u043a\u0430\u0444.\u00a0\u0412\u044b\u0442\u044f\u0436\u043d\u043e\u0439 \u0432\u043e\u0437\u0434\u0443\u0445.\u00a0\u0422\u0430\u0439\u043c\u0435\u0440.   \u0412\u0435\u043d\u0442\u0438\u043b\u044f\u0442\u043e\u0440 \u0441 \u0442\u0430\u0439\u043c\u0435\u0440\u043e\u043c.  \u041f\u043b\u0430\u0432\u043d\u043e\u0435 \u043d\u0430\u0433\u0440\u0435\u0432\u0430\u043d\u0438\u0435. [:fi]Sein\u00e4lle asennettava Kuivauskaapit.\u00a0Poistoilma.\u00a0Ajastin.   Aikaohjattu tuuletin.  Portaaton l\u00e4mp\u00f6. [:]\" \/>\n<meta property=\"og:url\" content=\"https:\/\/prof-group.ee\/tooted\/kuivatuskapp-ets-1500-valge\/\" \/>\n<meta property=\"og:site_name\" content=\"Prof Group\" \/>\n<meta property=\"article:modified_time\" content=\"2024-02-06T10:20:33+00:00\" \/>\n<meta property=\"og:image\" content=\"https:\/\/prof-group.ee\/wp-content\/uploads\/2017\/11\/ETS15001_nimoweb-dryingcabinet-ets-1500-white-closed-1by1-3840x3840-ny-vit.png\" \/>\n\t<meta property=\"og:image:width\" content=\"1920\" \/>\n\t<meta property=\"og:image:height\" content=\"1920\" \/>\n<meta name=\"twitter:card\" content=\"summary_large_image\" \/>\n<script type=\"application\/ld+json\" class=\"yoast-schema-graph\">{\"@context\":\"https:\/\/schema.org\",\"@graph\":[{\"@type\":\"WebSite\",\"@id\":\"https:\/\/prof-group.ee\/et\/#website\",\"url\":\"https:\/\/prof-group.ee\/et\/\",\"name\":\"Prof Group\",\"description\":\"T\\u00f6\\u00f6stuslikud seadmed\",\"potentialAction\":[{\"@type\":\"SearchAction\",\"target\":\"https:\/\/prof-group.ee\/et\/?s={search_term_string}\",\"query-input\":\"required name=search_term_string\"}],\"inLanguage\":\"et\"},{\"@type\":\"ImageObject\",\"@id\":\"https:\/\/prof-group.ee\/tooted\/kuivatuskapp-ets-1500-valge\/#primaryimage\",\"inLanguage\":\"et\",\"url\":\"https:\/\/prof-group.ee\/wp-content\/uploads\/2017\/11\/ETS15001_nimoweb-dryingcabinet-ets-1500-white-closed-1by1-3840x3840-ny-vit.png\",\"width\":1920,\"height\":1920},{\"@type\":\"WebPage\",\"@id\":\"https:\/\/prof-group.ee\/tooted\/kuivatuskapp-ets-1500-valge\/#webpage\",\"url\":\"https:\/\/prof-group.ee\/tooted\/kuivatuskapp-ets-1500-valge\/\",\"name\":\"[:et]Nimo kuivatuskapp ETS 1500 Valge[:en]Kuivatuskapp NIMO ETS 1500 Valge[:ru]Kuivatuskapp NIMO ETS 1500 Valge[:fi]Kuivatuskapp NIMO ETS 1500 Valge[:] - Prof Group\",\"isPartOf\":{\"@id\":\"https:\/\/prof-group.ee\/et\/#website\"},\"primaryImageOfPage\":{\"@id\":\"https:\/\/prof-group.ee\/tooted\/kuivatuskapp-ets-1500-valge\/#primaryimage\"},\"datePublished\":\"2017-11-26T18:28:12+00:00\",\"dateModified\":\"2024-02-06T10:20:33+00:00\",\"inLanguage\":\"et\",\"potentialAction\":[{\"@type\":\"ReadAction\",\"target\":[\"https:\/\/prof-group.ee\/tooted\/kuivatuskapp-ets-1500-valge\/\"]}]}]}<\/script>\n<!-- \/ Yoast SEO plugin. -->","_links":{"self":[{"href":"https:\/\/prof-group.ee\/et\/wp-json\/wp\/v2\/product\/464","targetHints":{"allow":["GET"]}}],"collection":[{"href":"https:\/\/prof-group.ee\/et\/wp-json\/wp\/v2\/product"}],"about":[{"href":"https:\/\/prof-group.ee\/et\/wp-json\/wp\/v2\/types\/product"}],"wp:featuredmedia":[{"embeddable":true,"href":"https:\/\/prof-group.ee\/et\/wp-json\/wp\/v2\/media\/1185"}],"wp:attachment":[{"href":"https:\/\/prof-group.ee\/et\/wp-json\/wp\/v2\/media?parent=464"}],"curies":[{"name":"wp","href":"https:\/\/api.w.org\/{rel}","templated":true}]}}