{"id":461,"date":"2017-11-26T18:05:54","date_gmt":"2017-11-26T18:05:54","guid":{"rendered":"http:\/\/prof-group.ee\/?post_type=product&#038;p=461"},"modified":"2024-02-23T10:47:54","modified_gmt":"2024-02-23T10:47:54","slug":"kuivatuskapp-nimo-eco-dryer-2-0-hp-extreme-valge","status":"publish","type":"product","link":"https:\/\/prof-group.ee\/et\/tooted\/kuivatuskapp-nimo-eco-dryer-2-0-hp-extreme-valge\/","title":{"rendered":"Nimo kuivatuskapp ECO Dryer 2.0 HP Extreme Valge"},"content":{"rendered":"<p>K\u00f5ige populaarsem ning t\u00e4nu soojuspumbatehnoloogiale k\u00f5ige efektiivsem, vaiksem ja energias\u00e4\u00e4stlikum kuivatuskapp. T\u00e4nu laekonksudele hea lahendus pikkade kombinesoonide ja raskete riiete kuivatamiseks. Soojuspumbatehnoloogial kuivatus s\u00e4\u00e4stab kuni 65% energiat v\u00f5rreldes traditsionaalse ventileeriva Easy Dryer kuivatuskapiga. Kaasaegne disain, puhas valge viimistlus &#8211; suurep\u00e4rane lahendus p\u00f5hjamaises interj\u00f6\u00f6ris. Tugev ja stabiilne seade. Seade on m\u00f5eldud \u00f5rnade siidist riiete, puuvillaste kangaste, \u00f5ueriiete, t\u00f6\u00f6riiete, spordiriiete, m\u00fctside, kinnaste ja jalan\u00f5ude kuivatamiseks. Kaks t\u00e4isautomaatset kuivatusprogrammi. Programm l\u00f5ppeb automaatselt kui riided on kuivad. Kuivatuskapis on kaks rida \u00fclesklapitavaid ja v\u00e4lja t\u00f5mmatavaid kuivatusvardaid, laes kuus kahepoolset riputuskonksu. Ukse sisek\u00fcljel on kaks kindariputusnagi. Kondensaat kogutakse seadmes olevasse paaki v\u00f5i soovi korral otse kanalisatsiooni. Lihtne paigaldus, ei vaja ventilatsiooni \u00fchendamist.<\/p>\n<table class=\"shop_attributes\">\n<tbody>\n<tr>\n<th>K\u00f5rgus, laius, s\u00fcgavus:<\/th>\n<td>1930x595x675 mm<\/td>\n<\/tr>\n<tr>\n<th>Kaal:<\/th>\n<td>95 kg<\/td>\n<\/tr>\n<tr>\n<th>Mahutavus:<\/th>\n<td>Maksimaalne t\u00e4ide 8 kg (puuvill)<\/td>\n<\/tr>\n<tr>\n<th>Riputuslahendus:<\/th>\n<td><strong>20 tugevat riputusvarrast, laes 6 kahepoolset riputuskonksu, ukse sisek\u00fcljel 2 kindariputusnagi<\/strong><\/td>\n<\/tr>\n<tr>\n<th>K\u00e4elisus:<\/th>\n<td>Vasakuk\u00e4eline Art. no.: 65110101<br \/>\nParemak\u00e4eline Art. no.: 65120101<\/td>\n<\/tr>\n<tr>\n<th>Kuivatustemperatuurid:<\/th>\n<td>55 \u00b0C<\/td>\n<\/tr>\n<tr>\n<th>Automaatsed kuivatusajad:<\/th>\n<td>90 min (Normal Dry), 120 min (Extra Dry)<\/td>\n<\/tr>\n<tr>\n<th>Energiakulu:<\/th>\n<td>1.3 kWh normaalse koormusega (4 kg), 0.28 kWh\/kg maksimaalse koormusega (8 kg)<\/td>\n<\/tr>\n<tr>\n<th>Elektri\u00fchendus:<\/th>\n<td>1-faas 220-240 V, 50 Hz. 10 A. 900 W. Paigaldatud toitekaabel koos pistikuga<\/td>\n<\/tr>\n<tr>\n<th>Kuivatusventilaatori puhumisv\u00f5imsus:<\/th>\n<td>945 m\u00b3\/h<\/td>\n<\/tr>\n<tr>\n<th>Ventilatsiooni \u00fchendus:<\/th>\n<td>Ei vaja<\/td>\n<\/tr>\n<tr>\n<th>Suhteline m\u00fcratase:<\/th>\n<td>max 52 dB(A)<\/td>\n<\/tr>\n<tr>\n<th>Seadmega kaasas:<\/th>\n<td>Kinnitusvahendid, kanalisatsiooni \u00fchenduskomplekt, \u00f5hufiltri puhastushari<\/td>\n<\/tr>\n<tr>\n<th>Sisaldab k\u00fclmaainet:<\/th>\n<td>R407C<\/td>\n<\/tr>\n<tr>\n<th>K\u00fclmaaine kogus:<\/th>\n<td>0.3 kg<\/td>\n<\/tr>\n<\/tbody>\n<\/table>\n<p>&nbsp;<\/p>","protected":false},"excerpt":{"rendered":"<p class=\"western\" lang=\"en-US\" align=\"left\"><span style=\"font-family: Arial, serif;\">K\u00f5ige populaarsem ning t\u00e4nu soojuspumbatehnoloogiale k\u00f5ige efektiivsem, vaiksem ja energias\u00e4\u00e4stlikum kuivatuskapp. T\u00e4nu laekonksudele hea lahendus pikkade kombinesoonide ja raskete riiete kuivatamiseks.<\/span><\/p>\n","protected":false},"featured_media":1193,"template":"","meta":[],"class_list":["post-461","product","type-product","status-publish","has-post-thumbnail","hentry","product_brand-nimo","product_cat-kuivatuskapid","product_tag-ei-vaja-ventilatsiooni","product_tag-soojuspumbaga","product_tag-valge"],"yoast_head":"<!-- This site is optimized with the Yoast SEO plugin v14.6.1 - https:\/\/yoast.com\/wordpress\/plugins\/seo\/ -->\n<title>Nimo kuivatuskapp ECO Dryer 2.0 HP Extreme Valge - Prof Group<\/title>\n<meta name=\"robots\" content=\"index, follow\" \/>\n<meta name=\"googlebot\" content=\"index, follow, max-snippet:-1, max-image-preview:large, max-video-preview:-1\" \/>\n<meta name=\"bingbot\" content=\"index, follow, max-snippet:-1, max-image-preview:large, max-video-preview:-1\" \/>\n<link rel=\"canonical\" href=\"https:\/\/prof-group.ee\/tooted\/kuivatuskapp-nimo-eco-dryer-2-0-hp-extreme-valge\/\" \/>\n<meta property=\"og:locale\" content=\"et_EE\" \/>\n<meta property=\"og:type\" content=\"article\" \/>\n<meta property=\"og:title\" content=\"[:et]Nimo kuivatuskapp ECO Dryer 2.0 HP Extreme Valge[:en]Kuivatuskapp NIMO ECO Dryer 2.0 HP Extreme Valge[:ru]Kuivatuskapp NIMO ECO Dryer 2.0 HP Extreme Valge[:fi]Kuivatuskapp NIMO ECO Dryer 2.0 HP Extreme Valge[:] - Prof Group\" \/>\n<meta property=\"og:description\" content=\"[:et]K\u00f5ige populaarsem ning t\u00e4nu soojuspumbatehnoloogiale k\u00f5ige efektiivsem, vaiksem ja energias\u00e4\u00e4stlikum kuivatuskapp. T\u00e4nu laekonksudele hea lahendus pikkade kombinesoonide ja raskete riiete kuivatamiseks.[:en]Floor standing drying cabinet.\u00a01930 mm.\u00a0Heat pump.\u00a0Sensor controlled.\u00a0Energy-efficient for mountain lodges.   Energy-efficient heat pump technology.  Quiet.  Requires no extract air ventilation.  Two fully automatic programmes. [:ru]\u041d\u0430\u043f\u043e\u043b\u044c\u043d\u044b\u0439 \u0441\u0443\u0448\u0438\u043b\u044c\u043d\u044b\u0439 \u0448\u043a\u0430\u0444.\u00a01930 \u043c\u043c. \u0422\u0435\u043f\u043b\u043e\u0432\u043e\u0439 \u043d\u0430\u0441\u043e\u0441.\u00a0\u0423\u043f\u0440\u0430\u0432\u043b\u0435\u043d\u0438\u0435 \u043e\u0442 \u0434\u0430\u0442\u0447\u0438\u043a\u043e\u0432.\u00a0\u042d\u043d\u0435\u0440\u0433\u043e\u0441\u0431\u0435\u0440\u0435\u0433\u0430\u044e\u0449\u0438\u0439 \u0434\u043b\u044f \u0433\u043e\u0440\u043d\u044b\u0445 \u043a\u043e\u0442\u0442\u0435\u0434\u0436\u0435\u0439.   \u042d\u043d\u0435\u0440\u0433\u043e\u0441\u0431\u0435\u0440\u0435\u0433\u0430\u044e\u0449\u0430\u044f \u0442\u0435\u0445\u043d\u043e\u043b\u043e\u0433\u0438\u044f \u0442\u0435\u043f\u043b\u043e\u0432\u044b\u0445 \u043d\u0430\u0441\u043e\u0441\u043e\u0432.  \u0411\u0435\u0441\u0448\u0443\u043c\u043d\u043e\u0441\u0442\u044c.  \u0412\u044b\u0442\u044f\u0436\u043d\u0430\u044f \u0432\u043e\u0437\u0434\u0443\u0448\u043d\u0430\u044f \u0432\u0435\u043d\u0442\u0438\u043b\u044f\u0446\u0438\u044f \u043d\u0435 \u0442\u0440\u0435\u0431\u0443\u0435\u0442\u0441\u044f.  \u0414\u0432\u0435 \u043f\u043e\u043b\u043d\u043e\u0441\u0442\u044c\u044e \u0430\u0432\u0442\u043e\u043c\u0430\u0442\u0438\u0447\u0435\u0441\u043a\u0438\u0435 \u043f\u0440\u043e\u0433\u0440\u0430\u043c\u043c\u044b [:fi]Lattialle asennettava kuivauskaapit.\u00a01925 mm. l\u00e4mp\u00f6pumppu.\u00a0Anturiohjaus. Energiapihi, sopii hiihtomajoihin.   Energiapihi l\u00e4mp\u00f6pumpputekniikka.  Hiljainen toiminta.  Ei tarvitse poistoilmanvaihtoa.  Kaksi t\u00e4ysin automaattista ohjelmaa. [:]\" \/>\n<meta property=\"og:url\" content=\"https:\/\/prof-group.ee\/tooted\/kuivatuskapp-nimo-eco-dryer-2-0-hp-extreme-valge\/\" \/>\n<meta property=\"og:site_name\" content=\"Prof Group\" \/>\n<meta property=\"article:modified_time\" content=\"2024-02-23T10:47:54+00:00\" \/>\n<meta property=\"og:image\" content=\"https:\/\/prof-group.ee\/wp-content\/uploads\/2017\/11\/nimoweb-dryingcabinet-ecodryer-2.0-children-white-open-1by1-3840x3840-1-scaled.jpg\" \/>\n\t<meta property=\"og:image:width\" content=\"2560\" \/>\n\t<meta property=\"og:image:height\" content=\"2560\" \/>\n<meta name=\"twitter:card\" content=\"summary_large_image\" \/>\n<script type=\"application\/ld+json\" class=\"yoast-schema-graph\">{\"@context\":\"https:\/\/schema.org\",\"@graph\":[{\"@type\":\"WebSite\",\"@id\":\"https:\/\/prof-group.ee\/et\/#website\",\"url\":\"https:\/\/prof-group.ee\/et\/\",\"name\":\"Prof Group\",\"description\":\"T\\u00f6\\u00f6stuslikud seadmed\",\"potentialAction\":[{\"@type\":\"SearchAction\",\"target\":\"https:\/\/prof-group.ee\/et\/?s={search_term_string}\",\"query-input\":\"required name=search_term_string\"}],\"inLanguage\":\"et\"},{\"@type\":\"ImageObject\",\"@id\":\"https:\/\/prof-group.ee\/tooted\/kuivatuskapp-nimo-eco-dryer-2-0-hp-extreme-valge\/#primaryimage\",\"inLanguage\":\"et\",\"url\":\"https:\/\/prof-group.ee\/wp-content\/uploads\/2017\/11\/nimoweb-dryingcabinet-ecodryer-2.0-children-white-open-1by1-3840x3840-1-scaled.jpg\",\"width\":2560,\"height\":2560},{\"@type\":\"WebPage\",\"@id\":\"https:\/\/prof-group.ee\/tooted\/kuivatuskapp-nimo-eco-dryer-2-0-hp-extreme-valge\/#webpage\",\"url\":\"https:\/\/prof-group.ee\/tooted\/kuivatuskapp-nimo-eco-dryer-2-0-hp-extreme-valge\/\",\"name\":\"[:et]Nimo kuivatuskapp ECO Dryer 2.0 HP Extreme Valge[:en]Kuivatuskapp NIMO ECO Dryer 2.0 HP Extreme Valge[:ru]Kuivatuskapp NIMO ECO Dryer 2.0 HP Extreme Valge[:fi]Kuivatuskapp NIMO ECO Dryer 2.0 HP Extreme Valge[:] - Prof Group\",\"isPartOf\":{\"@id\":\"https:\/\/prof-group.ee\/et\/#website\"},\"primaryImageOfPage\":{\"@id\":\"https:\/\/prof-group.ee\/tooted\/kuivatuskapp-nimo-eco-dryer-2-0-hp-extreme-valge\/#primaryimage\"},\"datePublished\":\"2017-11-26T18:05:54+00:00\",\"dateModified\":\"2024-02-23T10:47:54+00:00\",\"inLanguage\":\"et\",\"potentialAction\":[{\"@type\":\"ReadAction\",\"target\":[\"https:\/\/prof-group.ee\/tooted\/kuivatuskapp-nimo-eco-dryer-2-0-hp-extreme-valge\/\"]}]}]}<\/script>\n<!-- \/ Yoast SEO plugin. -->","_links":{"self":[{"href":"https:\/\/prof-group.ee\/et\/wp-json\/wp\/v2\/product\/461","targetHints":{"allow":["GET"]}}],"collection":[{"href":"https:\/\/prof-group.ee\/et\/wp-json\/wp\/v2\/product"}],"about":[{"href":"https:\/\/prof-group.ee\/et\/wp-json\/wp\/v2\/types\/product"}],"wp:featuredmedia":[{"embeddable":true,"href":"https:\/\/prof-group.ee\/et\/wp-json\/wp\/v2\/media\/1193"}],"wp:attachment":[{"href":"https:\/\/prof-group.ee\/et\/wp-json\/wp\/v2\/media?parent=461"}],"curies":[{"name":"wp","href":"https:\/\/api.w.org\/{rel}","templated":true}]}}