{"id":877,"date":"2017-05-28T19:43:31","date_gmt":"2017-05-28T19:43:31","guid":{"rendered":"http:\/\/prof-group.ee\/?page_id=8"},"modified":"2019-10-29T18:13:22","modified_gmt":"2019-10-29T18:13:22","slug":"teenindus","status":"publish","type":"page","link":"https:\/\/prof-group.ee\/et\/teenindus\/","title":{"rendered":"Teenindus"},"content":{"rendered":"<p><\/p>\n<h1>Pakume Teile kiiret ja p\u00f5hjalikku tehnilist tuge<\/h1>\n<h4>Teostame nii <span style=\"color: #549fd2;\">garantii<\/span> kui ka <span style=\"color: #549fd2;\">garantiij\u00e4rgset hooldust ja remonti<\/span>. Kasutame originaalvaruosi otse tootjalt.<\/h4>\n<h4>Meie h\u00e4sti koolitatud tehnikud tagavad Teile esmaklassilise teeninduse, mille eesm\u00e4rgiks on seadmete t\u00f5rgeteta t\u00f6\u00f6 ja Teie rahulolu. Hoolduslepingu alusel v\u00f5imaldame Teile <span style=\"color: #549fd2;\">24\/7 teeninduse.<\/span><\/h4>\n<h4>Telefon: <span style=\"color: #549fd2;\">+372 686 4109<\/span><br \/>\nE-post: <span style=\"color: #549fd2;\">info@prof-group.ee<\/span><\/h4>\n<p><\/p>","protected":false},"excerpt":{"rendered":"<p>Pakume Teile kiiret ja p\u00f5hjalikku tehnilist tuge Teostame nii garantii kui ka garantiij\u00e4rgset hooldust ja remonti. Kasutame originaalvaruosi otse tootjalt. Meie h\u00e4sti koolitatud tehnikud tagavad Teile esmaklassilise teeninduse, mille eesm\u00e4rgiks on seadmete t\u00f5rgeteta t\u00f6\u00f6 ja Teie rahulolu. Hoolduslepingu alusel v\u00f5imaldame Teile 24\/7 teeninduse. Telefon: +372 686 4109 E-post: info@prof-group.ee<\/p>\n","protected":false},"author":1,"featured_media":0,"parent":0,"menu_order":0,"comment_status":"closed","ping_status":"closed","template":"","meta":{"footnotes":""},"class_list":["post-877","page","type-page","status-publish","hentry"],"yoast_head":"<!-- This site is optimized with the Yoast SEO plugin v14.6.1 - https:\/\/yoast.com\/wordpress\/plugins\/seo\/ -->\n<title>Teenindus - Prof Group<\/title>\n<meta name=\"robots\" content=\"index, follow\" \/>\n<meta name=\"googlebot\" content=\"index, follow, max-snippet:-1, max-image-preview:large, max-video-preview:-1\" \/>\n<meta name=\"bingbot\" content=\"index, follow, max-snippet:-1, max-image-preview:large, max-video-preview:-1\" \/>\n<link rel=\"canonical\" href=\"https:\/\/prof-group.ee\/teenindus\/\" \/>\n<meta property=\"og:locale\" content=\"et_EE\" \/>\n<meta property=\"og:type\" content=\"article\" \/>\n<meta property=\"og:title\" content=\"[:et]Teenindus[:en]SERVICE[:ru]\u041e\u0411\u0421\u041b\u0423\u0416\u0418\u0412\u0410\u041d\u0418\u0415[:fi]PALVELU[:] - Prof Group\" \/>\n<meta property=\"og:description\" content=\"Pakume Teile kiiret ja p\u00f5hjalikku tehnilist tuge Teostame nii garantii kui ka garantiij\u00e4rgset hooldust ja remonti. Kasutame originaalvaruosi otse tootjalt. Meie h\u00e4sti koolitatud tehnikud tagavad Teile esmaklassilise teeninduse, mille eesm\u00e4rgiks on seadmete t\u00f5rgeteta t\u00f6\u00f6 ja Teie rahulolu. Hoolduslepingu alusel v\u00f5imaldame Teile 24\/7 teeninduse. Telefon: +372 686 4109 E-post: info@prof-group.ee\" \/>\n<meta property=\"og:url\" content=\"https:\/\/prof-group.ee\/teenindus\/\" \/>\n<meta property=\"og:site_name\" content=\"Prof Group\" \/>\n<meta property=\"article:modified_time\" content=\"2019-10-29T18:13:22+00:00\" \/>\n<meta name=\"twitter:card\" content=\"summary_large_image\" \/>\n<script type=\"application\/ld+json\" class=\"yoast-schema-graph\">{\"@context\":\"https:\/\/schema.org\",\"@graph\":[{\"@type\":\"WebSite\",\"@id\":\"https:\/\/prof-group.ee\/et\/#website\",\"url\":\"https:\/\/prof-group.ee\/et\/\",\"name\":\"Prof Group\",\"description\":\"T\\u00f6\\u00f6stuslikud seadmed\",\"potentialAction\":[{\"@type\":\"SearchAction\",\"target\":\"https:\/\/prof-group.ee\/et\/?s={search_term_string}\",\"query-input\":\"required name=search_term_string\"}],\"inLanguage\":\"et\"},{\"@type\":\"WebPage\",\"@id\":\"https:\/\/prof-group.ee\/teenindus\/#webpage\",\"url\":\"https:\/\/prof-group.ee\/teenindus\/\",\"name\":\"[:et]Teenindus[:en]SERVICE[:ru]\\u041e\\u0411\\u0421\\u041b\\u0423\\u0416\\u0418\\u0412\\u0410\\u041d\\u0418\\u0415[:fi]PALVELU[:] - Prof Group\",\"isPartOf\":{\"@id\":\"https:\/\/prof-group.ee\/et\/#website\"},\"datePublished\":\"2017-05-28T19:43:31+00:00\",\"dateModified\":\"2019-10-29T18:13:22+00:00\",\"inLanguage\":\"et\",\"potentialAction\":[{\"@type\":\"ReadAction\",\"target\":[\"https:\/\/prof-group.ee\/teenindus\/\"]}]}]}<\/script>\n<!-- \/ Yoast SEO plugin. -->","_links":{"self":[{"href":"https:\/\/prof-group.ee\/et\/wp-json\/wp\/v2\/pages\/877","targetHints":{"allow":["GET"]}}],"collection":[{"href":"https:\/\/prof-group.ee\/et\/wp-json\/wp\/v2\/pages"}],"about":[{"href":"https:\/\/prof-group.ee\/et\/wp-json\/wp\/v2\/types\/page"}],"author":[{"embeddable":true,"href":"https:\/\/prof-group.ee\/et\/wp-json\/wp\/v2\/users\/1"}],"replies":[{"embeddable":true,"href":"https:\/\/prof-group.ee\/et\/wp-json\/wp\/v2\/comments?post=877"}],"version-history":[{"count":1,"href":"https:\/\/prof-group.ee\/et\/wp-json\/wp\/v2\/pages\/877\/revisions"}],"predecessor-version":[{"id":927,"href":"https:\/\/prof-group.ee\/et\/wp-json\/wp\/v2\/pages\/877\/revisions\/927"}],"wp:attachment":[{"href":"https:\/\/prof-group.ee\/et\/wp-json\/wp\/v2\/media?parent=877"}],"curies":[{"name":"wp","href":"https:\/\/api.w.org\/{rel}","templated":true}]}}