{"id":876,"date":"2017-05-28T19:41:18","date_gmt":"2017-05-28T19:41:18","guid":{"rendered":"http:\/\/prof-group.ee\/?page_id=4"},"modified":"2019-10-29T19:46:44","modified_gmt":"2019-10-29T19:46:44","slug":"meie-tooted","status":"publish","type":"page","link":"https:\/\/prof-group.ee\/et\/meie-tooted\/","title":{"rendered":"Meie tooted"},"content":{"rendered":"<p>[vc_row][vc_column][vc_column_text]<\/p>\n<h4>Info ja pakkumised: <span style=\"color: #549fd2;\">info@prof-group.ee<\/span>, telefon: <span style=\"color: #549fd2;\">+372 686 4109<\/span>, mob: <span style=\"color: #549fd2;\">+372 5300 3140<\/span><\/h4>\n<p>[\/vc_column_text][\/vc_column][\/vc_row][vc_section][vc_row equal_height=&#8221;yes&#8221;][vc_column width=&#8221;1\/3&#8243;][vc_row_inner][vc_column_inner][vc_column_text]<\/p>\n<h3><strong>Pesumajade t\u00e4islahendused:<\/strong><\/h3>\n<p>[\/vc_column_text][\/vc_column_inner][\/vc_row_inner][vc_row_inner][vc_column_inner width=&#8221;2\/3&#8243;][vc_single_image image=&#8221;304&#8243; img_size=&#8221;full&#8221;][\/vc_column_inner][vc_column_inner width=&#8221;1\/3&#8243;][vc_column_text]<a href=\"\/et\/product_brand\/domus\/\"><img decoding=\"async\" style=\"max-width: 80px; margin-bottom: 5px; opacity: 1;\" src=\"\/wp-content\/uploads\/2017\/11\/logo-domus.png\" alt=\"Domus-logo\" \/><\/a><br \/>\n<img decoding=\"async\" style=\"max-width: 80px; margin-bottom: 5px; opacity: 1;\" src=\"\/wp-content\/uploads\/2017\/11\/logo-girbau-color.png\" \/><br \/>\n<a href=\"\/et\/product_brand\/nimo\/\"><img decoding=\"async\" style=\"max-width: 65px; margin-bottom: 5px; opacity: 1;\" src=\"\/wp-content\/uploads\/2017\/11\/logo-nimo-color.png\" \/><\/a><br \/>\n<img decoding=\"async\" style=\"max-width: 65px; margin-bottom: 5px; opacity: 1;\" src=\"\/wp-content\/uploads\/2017\/11\/logo-sidi-mondial-color.png\" \/><br \/>\n<a href=\"\/et\/ilsa-sensene\/\"><img decoding=\"async\" style=\"max-width: 65px; margin-bottom: 5px; opacity: 1;\" src=\"\/wp-content\/uploads\/2017\/11\/logo-Ilsa-color.png\" \/><\/a><br \/>\n<a href=\"\/et\/ilsa-sensene\/\"><img decoding=\"async\" style=\"max-width: 65px; margin-bottom: 5px; opacity: 1;\" src=\"\/wp-content\/uploads\/2017\/11\/logo-sensene_color.png\" \/><\/a><br \/>\n<img decoding=\"async\" style=\"max-width: 65px; margin-bottom: 0; opacity: 1;\" src=\"\/wp-content\/uploads\/2017\/11\/logo-biar-color.png\" \/>[\/vc_column_text][\/vc_column_inner][\/vc_row_inner][\/vc_column][vc_column width=&#8221;1\/3&#8243;][vc_row_inner][vc_column_inner][vc_column_text]<\/p>\n<h3><strong>Muud seadmed &amp; tarvikud:<\/strong><\/h3>\n<p>[\/vc_column_text][\/vc_column_inner][\/vc_row_inner][vc_row_inner][vc_column_inner width=&#8221;2\/3&#8243;][vc_single_image image=&#8221;306&#8243; img_size=&#8221;full&#8221;][\/vc_column_inner][vc_column_inner width=&#8221;1\/3&#8243;][vc_column_text]K\u00fclmutus-seadmed<\/p>\n<p>Suurk\u00f6\u00f6gi-seadmed<\/p>\n<p>Tarvikud<\/p>\n<p><img decoding=\"async\" style=\"max-width: 65px; padding: 0 0 30px 0; opacity: 0.5;\" src=\"https:\/\/prof-group.ee\/wp-content\/uploads\/2017\/11\/logo-asber-bw.png\" \/><br \/>\n<img decoding=\"async\" style=\"max-width: 65px; padding: 0 0 30px 0; opacity: 0.5;\" src=\"https:\/\/prof-group.ee\/wp-content\/uploads\/2017\/11\/logo-isa-bw.png\" \/>[\/vc_column_text][\/vc_column_inner][\/vc_row_inner][\/vc_column][vc_column width=&#8221;1\/3&#8243;][vc_row_inner][vc_column_inner][vc_column_text]<\/p>\n<h3><strong>Pakkumised:<\/strong><\/h3>\n<p>[\/vc_column_text][\/vc_column_inner][\/vc_row_inner][vc_row_inner][vc_column_inner width=&#8221;2\/3&#8243;][vc_single_image image=&#8221;654&#8243; img_size=&#8221;full&#8221;][\/vc_column_inner][vc_column_inner width=&#8221;1\/3&#8243;][vc_column_text]Sooduspakkumised<br \/>\nKasutatud seadmed[\/vc_column_text][\/vc_column_inner][\/vc_row_inner][\/vc_column][\/vc_row][\/vc_section][vc_row][vc_column][vc_column_text]<\/p>\n<h4>Meie tootevalikust leiate: <a href=\"\/product_brand\/domus\/\">Domus<\/a>, <a href=\"\/product_brand\/girbau\/\">Girbau<\/a>, Sidi (<a href=\"\/meie-tooted\/\">pesumajaseadmed<\/a>, v\u00e4ikesed ja <a href=\"\/product_brand\/girbau\/\">suured pesumajalahendused<\/a>), <a href=\"\/ilsa-sensene\/\">Ilsa<\/a>, <a href=\"\/ilsa-sensene\/\">Sensene <\/a>(<a href=\"\/ilsa-sensene\/\">keemilise pesu<\/a>, <a href=\"\/ilsa-sensene\/\">kuivpesu lahendused<\/a>) <a href=\"\/product_brand\/nimo\/\">NIMO <\/a>(<a href=\"\/product_brand\/nimo\/\">kuivatuskapid<\/a> t\u00f6\u00f6le ja koju), ISA, Desmon (j\u00e4\u00e4tisek\u00fclmikud, k\u00fclmvitriinid, suurk\u00f6\u00f6gi- ja baaride k\u00fclmikud), Asber (n\u00f5udepesumasinad, roostevaba k\u00f6\u00f6gim\u00f6\u00f6bel)<\/h4>\n<h4>Meie meeskonnal on kindel soov tagada Teile ainult edukad lahendused ja meeldiv teenindus.<\/h4>\n<p>[\/vc_column_text][\/vc_column][\/vc_row]<\/p>","protected":false},"excerpt":{"rendered":"<p>[vc_row][vc_column][vc_column_text] Info ja pakkumised: info@prof-group.ee, telefon: +372 686 4109, mob: +372 5300 3140 [\/vc_column_text][\/vc_column][\/vc_row][vc_section][vc_row equal_height=&#8221;yes&#8221;][vc_column width=&#8221;1\/3&#8243;][vc_row_inner][vc_column_inner][vc_column_text] Pesumajade t\u00e4islahendused: [\/vc_column_text][\/vc_column_inner][\/vc_row_inner][vc_row_inner][vc_column_inner width=&#8221;2\/3&#8243;][vc_single_image image=&#8221;304&#8243; img_size=&#8221;full&#8221;][\/vc_column_inner][vc_column_inner width=&#8221;1\/3&#8243;][vc_column_text] [\/vc_column_text][\/vc_column_inner][\/vc_row_inner][\/vc_column][vc_column width=&#8221;1\/3&#8243;][vc_row_inner][vc_column_inner][vc_column_text] Muud seadmed &amp; tarvikud: [\/vc_column_text][\/vc_column_inner][\/vc_row_inner][vc_row_inner][vc_column_inner width=&#8221;2\/3&#8243;][vc_single_image image=&#8221;306&#8243; img_size=&#8221;full&#8221;][\/vc_column_inner][vc_column_inner width=&#8221;1\/3&#8243;][vc_column_text]K\u00fclmutus-seadmed Suurk\u00f6\u00f6gi-seadmed Tarvikud [\/vc_column_text][\/vc_column_inner][\/vc_row_inner][\/vc_column][vc_column width=&#8221;1\/3&#8243;][vc_row_inner][vc_column_inner][vc_column_text] Pakkumised: [\/vc_column_text][\/vc_column_inner][\/vc_row_inner][vc_row_inner][vc_column_inner width=&#8221;2\/3&#8243;][vc_single_image image=&#8221;654&#8243; img_size=&#8221;full&#8221;][\/vc_column_inner][vc_column_inner width=&#8221;1\/3&#8243;][vc_column_text]Sooduspakkumised Kasutatud seadmed[\/vc_column_text][\/vc_column_inner][\/vc_row_inner][\/vc_column][\/vc_row][\/vc_section][vc_row][vc_column][vc_column_text] Meie tootevalikust leiate: Domus, Girbau, Sidi (pesumajaseadmed, v\u00e4ikesed ja [&hellip;]<\/p>\n","protected":false},"author":1,"featured_media":0,"parent":0,"menu_order":0,"comment_status":"closed","ping_status":"closed","template":"","meta":{"footnotes":""},"class_list":["post-876","page","type-page","status-publish","hentry"],"yoast_head":"<!-- This site is optimized with the Yoast SEO plugin v14.6.1 - https:\/\/yoast.com\/wordpress\/plugins\/seo\/ -->\n<title>Meie tooted - Prof Group<\/title>\n<meta name=\"robots\" content=\"index, follow\" \/>\n<meta name=\"googlebot\" content=\"index, follow, max-snippet:-1, max-image-preview:large, max-video-preview:-1\" \/>\n<meta name=\"bingbot\" content=\"index, follow, max-snippet:-1, max-image-preview:large, max-video-preview:-1\" \/>\n<link rel=\"canonical\" href=\"https:\/\/prof-group.ee\/meie-tooted\/\" \/>\n<meta property=\"og:locale\" content=\"et_EE\" \/>\n<meta property=\"og:type\" content=\"article\" \/>\n<meta property=\"og:title\" content=\"[:et]Meie tooted[:en]OUR PRODUCTS[:ru]\u041d\u0410\u0428\u0418 \u0422\u041e\u0412\u0410\u0420\u042b[:fi]MEID\u00c4N TUOTTEEMME[:] - Prof Group\" \/>\n<meta property=\"og:description\" content=\"[vc_row][vc_column][vc_column_text] Info ja pakkumised: info@prof-group.ee, telefon: +372 686 4109, mob: +372 5300 3140 [\/vc_column_text][\/vc_column][\/vc_row][vc_section][vc_row equal_height=&#8221;yes&#8221;][vc_column width=&#8221;1\/3&#8243;][vc_row_inner][vc_column_inner][vc_column_text] Pesumajade t\u00e4islahendused: [\/vc_column_text][\/vc_column_inner][\/vc_row_inner][vc_row_inner][vc_column_inner width=&#8221;2\/3&#8243;][vc_single_image image=&#8221;304&#8243; img_size=&#8221;full&#8221;][\/vc_column_inner][vc_column_inner width=&#8221;1\/3&#8243;][vc_column_text] [\/vc_column_text][\/vc_column_inner][\/vc_row_inner][\/vc_column][vc_column width=&#8221;1\/3&#8243;][vc_row_inner][vc_column_inner][vc_column_text] Muud seadmed &amp; tarvikud: [\/vc_column_text][\/vc_column_inner][\/vc_row_inner][vc_row_inner][vc_column_inner width=&#8221;2\/3&#8243;][vc_single_image image=&#8221;306&#8243; img_size=&#8221;full&#8221;][\/vc_column_inner][vc_column_inner width=&#8221;1\/3&#8243;][vc_column_text]K\u00fclmutus-seadmed Suurk\u00f6\u00f6gi-seadmed Tarvikud [\/vc_column_text][\/vc_column_inner][\/vc_row_inner][\/vc_column][vc_column width=&#8221;1\/3&#8243;][vc_row_inner][vc_column_inner][vc_column_text] Pakkumised: [\/vc_column_text][\/vc_column_inner][\/vc_row_inner][vc_row_inner][vc_column_inner width=&#8221;2\/3&#8243;][vc_single_image image=&#8221;654&#8243; img_size=&#8221;full&#8221;][\/vc_column_inner][vc_column_inner width=&#8221;1\/3&#8243;][vc_column_text]Sooduspakkumised Kasutatud seadmed[\/vc_column_text][\/vc_column_inner][\/vc_row_inner][\/vc_column][\/vc_row][\/vc_section][vc_row][vc_column][vc_column_text] Meie tootevalikust leiate: Domus, Girbau, Sidi (pesumajaseadmed, v\u00e4ikesed ja [&hellip;]\" \/>\n<meta property=\"og:url\" content=\"https:\/\/prof-group.ee\/meie-tooted\/\" \/>\n<meta property=\"og:site_name\" content=\"Prof Group\" \/>\n<meta property=\"article:modified_time\" content=\"2019-10-29T19:46:44+00:00\" \/>\n<meta property=\"og:image\" content=\"https:\/\/prof-group.ee\/wp-content\/uploads\/2017\/11\/logo-domus.png\" \/>\n<meta name=\"twitter:card\" content=\"summary_large_image\" \/>\n<script type=\"application\/ld+json\" class=\"yoast-schema-graph\">{\"@context\":\"https:\/\/schema.org\",\"@graph\":[{\"@type\":\"WebSite\",\"@id\":\"https:\/\/prof-group.ee\/et\/#website\",\"url\":\"https:\/\/prof-group.ee\/et\/\",\"name\":\"Prof Group\",\"description\":\"T\\u00f6\\u00f6stuslikud seadmed\",\"potentialAction\":[{\"@type\":\"SearchAction\",\"target\":\"https:\/\/prof-group.ee\/et\/?s={search_term_string}\",\"query-input\":\"required name=search_term_string\"}],\"inLanguage\":\"et\"},{\"@type\":\"ImageObject\",\"@id\":\"https:\/\/prof-group.ee\/meie-tooted\/#primaryimage\",\"inLanguage\":\"et\",\"url\":\"\/wp-content\/uploads\/2017\/11\/logo-domus.png\"},{\"@type\":\"WebPage\",\"@id\":\"https:\/\/prof-group.ee\/meie-tooted\/#webpage\",\"url\":\"https:\/\/prof-group.ee\/meie-tooted\/\",\"name\":\"[:et]Meie tooted[:en]OUR PRODUCTS[:ru]\\u041d\\u0410\\u0428\\u0418 \\u0422\\u041e\\u0412\\u0410\\u0420\\u042b[:fi]MEID\\u00c4N TUOTTEEMME[:] - Prof Group\",\"isPartOf\":{\"@id\":\"https:\/\/prof-group.ee\/et\/#website\"},\"primaryImageOfPage\":{\"@id\":\"https:\/\/prof-group.ee\/meie-tooted\/#primaryimage\"},\"datePublished\":\"2017-05-28T19:41:18+00:00\",\"dateModified\":\"2019-10-29T19:46:44+00:00\",\"inLanguage\":\"et\",\"potentialAction\":[{\"@type\":\"ReadAction\",\"target\":[\"https:\/\/prof-group.ee\/meie-tooted\/\"]}]}]}<\/script>\n<!-- \/ Yoast SEO plugin. -->","_links":{"self":[{"href":"https:\/\/prof-group.ee\/et\/wp-json\/wp\/v2\/pages\/876","targetHints":{"allow":["GET"]}}],"collection":[{"href":"https:\/\/prof-group.ee\/et\/wp-json\/wp\/v2\/pages"}],"about":[{"href":"https:\/\/prof-group.ee\/et\/wp-json\/wp\/v2\/types\/page"}],"author":[{"embeddable":true,"href":"https:\/\/prof-group.ee\/et\/wp-json\/wp\/v2\/users\/1"}],"replies":[{"embeddable":true,"href":"https:\/\/prof-group.ee\/et\/wp-json\/wp\/v2\/comments?post=876"}],"version-history":[{"count":10,"href":"https:\/\/prof-group.ee\/et\/wp-json\/wp\/v2\/pages\/876\/revisions"}],"predecessor-version":[{"id":933,"href":"https:\/\/prof-group.ee\/et\/wp-json\/wp\/v2\/pages\/876\/revisions\/933"}],"wp:attachment":[{"href":"https:\/\/prof-group.ee\/et\/wp-json\/wp\/v2\/media?parent=876"}],"curies":[{"name":"wp","href":"https:\/\/api.w.org\/{rel}","templated":true}]}}