{"id":875,"date":"2017-05-28T21:41:14","date_gmt":"2017-05-28T21:41:14","guid":{"rendered":"http:\/\/prof-group.ee\/?page_id=2"},"modified":"2019-10-29T18:18:53","modified_gmt":"2019-10-29T18:18:53","slug":"meist","status":"publish","type":"page","link":"https:\/\/prof-group.ee\/et\/meist\/","title":{"rendered":"Meist"},"content":{"rendered":"<p><\/p>\n<h1>Prof Group Eesti O\u00dc on rahvusvaheline kiirelt arenev ettev\u00f5te<\/h1>\n<h4>Meie missiooniks on olla juhtivaks pesumajaseadmete, tarvikute ja uuendusliku pesukeemia, tehnoloogiate tarnijaks.<\/h4>\n<h4>Toetudes meie meeskonna pikale kogemusele valdkonnas, pakume erinevaid hoolega valitud seadmeid ja lahendusi ka toiduainet\u00f6\u00f6stusele, jaekaubandusele ja toitlustusele.<\/h4>\n<h4>Meie tootevalikust leiate:\u00a0<a href=\"\/product_brand\/domus\/\">Domus<\/a>,\u00a0<a href=\"\/product_brand\/girbau\/\">Girbau<\/a>, Sidi (<a href=\"\/meie-tooted\/\">pesumajaseadmed<\/a>, v\u00e4ikesed ja\u00a0<a href=\"\/product_brand\/girbau\/\">suured pesumajalahendused<\/a>),\u00a0<a href=\"\/ilsa-sensene\/\">Ilsa<\/a>,\u00a0<a href=\"\/ilsa-sensene\/\">Sensene\u00a0<\/a>(<a href=\"\/ilsa-sensene\/\">keemilise pesu<\/a>,\u00a0<a href=\"\/ilsa-sensene\/\">kuivpesu lahendused<\/a>)\u00a0<a href=\"\/product_brand\/nimo\/\">NIMO\u00a0<\/a>(<a href=\"\/product_brand\/nimo\/\">kuivatuskapid<\/a>\u00a0t\u00f6\u00f6le ja koju), ISA, Desmon (j\u00e4\u00e4tisek\u00fclmikud, k\u00fclmvitriinid, suurk\u00f6\u00f6gi- ja baaride k\u00fclmikud), Asber (n\u00f5udepesumasinad, roostevaba k\u00f6\u00f6gim\u00f6\u00f6bel)<\/h4>\n<h4>Meie meeskonnal on kindel soov tagada Teile ainult edukad lahendused ja meeldiv teenindus.<\/h4>\n<h4>Ettev\u00f5ttena m\u00f5\u00f5dame oma edu sellega kui h\u00e4sti see soov on t\u00e4idetud.<\/h4>\n<h4>Prof Group eesm\u00e4rgiks on kasvada nii Eesti kui ka L\u00e4ti, Leedu, Valgevene ja Soome turul<\/h4>\n<p><\/p>","protected":false},"excerpt":{"rendered":"<p>Prof Group Eesti O\u00dc on rahvusvaheline kiirelt arenev ettev\u00f5te Meie missiooniks on olla juhtivaks pesumajaseadmete, tarvikute ja uuendusliku pesukeemia, tehnoloogiate tarnijaks. Toetudes meie meeskonna pikale kogemusele valdkonnas, pakume erinevaid hoolega valitud seadmeid ja lahendusi ka toiduainet\u00f6\u00f6stusele, jaekaubandusele ja toitlustusele. Meie tootevalikust leiate:\u00a0Domus,\u00a0Girbau, Sidi (pesumajaseadmed, v\u00e4ikesed ja\u00a0suured pesumajalahendused),\u00a0Ilsa,\u00a0Sensene\u00a0(keemilise pesu,\u00a0kuivpesu lahendused)\u00a0NIMO\u00a0(kuivatuskapid\u00a0t\u00f6\u00f6le ja koju), ISA, Desmon (j\u00e4\u00e4tisek\u00fclmikud, k\u00fclmvitriinid, [&hellip;]<\/p>\n","protected":false},"author":1,"featured_media":0,"parent":0,"menu_order":0,"comment_status":"closed","ping_status":"closed","template":"","meta":{"footnotes":""},"class_list":["post-875","page","type-page","status-publish","hentry"],"yoast_head":"<!-- This site is optimized with the Yoast SEO plugin v14.6.1 - https:\/\/yoast.com\/wordpress\/plugins\/seo\/ -->\n<title>Meist - Prof Group<\/title>\n<meta name=\"robots\" content=\"index, follow\" \/>\n<meta name=\"googlebot\" content=\"index, follow, max-snippet:-1, max-image-preview:large, max-video-preview:-1\" \/>\n<meta name=\"bingbot\" content=\"index, follow, max-snippet:-1, max-image-preview:large, max-video-preview:-1\" \/>\n<link rel=\"canonical\" href=\"https:\/\/prof-group.ee\/meist\/\" \/>\n<meta property=\"og:locale\" content=\"et_EE\" \/>\n<meta property=\"og:type\" content=\"article\" \/>\n<meta property=\"og:title\" content=\"[:et]Meist[:en]ABOUT US[:ru]\u041e \u041d\u0410\u0421[:fi]MEIST\u00c4[:] - Prof Group\" \/>\n<meta property=\"og:description\" content=\"Prof Group Eesti O\u00dc on rahvusvaheline kiirelt arenev ettev\u00f5te Meie missiooniks on olla juhtivaks pesumajaseadmete, tarvikute ja uuendusliku pesukeemia, tehnoloogiate tarnijaks. Toetudes meie meeskonna pikale kogemusele valdkonnas, pakume erinevaid hoolega valitud seadmeid ja lahendusi ka toiduainet\u00f6\u00f6stusele, jaekaubandusele ja toitlustusele. Meie tootevalikust leiate:\u00a0Domus,\u00a0Girbau, Sidi (pesumajaseadmed, v\u00e4ikesed ja\u00a0suured pesumajalahendused),\u00a0Ilsa,\u00a0Sensene\u00a0(keemilise pesu,\u00a0kuivpesu lahendused)\u00a0NIMO\u00a0(kuivatuskapid\u00a0t\u00f6\u00f6le ja koju), ISA, Desmon (j\u00e4\u00e4tisek\u00fclmikud, k\u00fclmvitriinid, [&hellip;]\" \/>\n<meta property=\"og:url\" content=\"https:\/\/prof-group.ee\/meist\/\" \/>\n<meta property=\"og:site_name\" content=\"Prof Group\" \/>\n<meta property=\"article:modified_time\" content=\"2019-10-29T18:18:53+00:00\" \/>\n<meta name=\"twitter:card\" content=\"summary_large_image\" \/>\n<script type=\"application\/ld+json\" class=\"yoast-schema-graph\">{\"@context\":\"https:\/\/schema.org\",\"@graph\":[{\"@type\":\"WebSite\",\"@id\":\"https:\/\/prof-group.ee\/et\/#website\",\"url\":\"https:\/\/prof-group.ee\/et\/\",\"name\":\"Prof Group\",\"description\":\"T\\u00f6\\u00f6stuslikud seadmed\",\"potentialAction\":[{\"@type\":\"SearchAction\",\"target\":\"https:\/\/prof-group.ee\/et\/?s={search_term_string}\",\"query-input\":\"required name=search_term_string\"}],\"inLanguage\":\"et\"},{\"@type\":\"WebPage\",\"@id\":\"https:\/\/prof-group.ee\/meist\/#webpage\",\"url\":\"https:\/\/prof-group.ee\/meist\/\",\"name\":\"[:et]Meist[:en]ABOUT US[:ru]\\u041e \\u041d\\u0410\\u0421[:fi]MEIST\\u00c4[:] - Prof Group\",\"isPartOf\":{\"@id\":\"https:\/\/prof-group.ee\/et\/#website\"},\"datePublished\":\"2017-05-28T21:41:14+00:00\",\"dateModified\":\"2019-10-29T18:18:53+00:00\",\"inLanguage\":\"et\",\"potentialAction\":[{\"@type\":\"ReadAction\",\"target\":[\"https:\/\/prof-group.ee\/meist\/\"]}]}]}<\/script>\n<!-- \/ Yoast SEO plugin. -->","_links":{"self":[{"href":"https:\/\/prof-group.ee\/et\/wp-json\/wp\/v2\/pages\/875","targetHints":{"allow":["GET"]}}],"collection":[{"href":"https:\/\/prof-group.ee\/et\/wp-json\/wp\/v2\/pages"}],"about":[{"href":"https:\/\/prof-group.ee\/et\/wp-json\/wp\/v2\/types\/page"}],"author":[{"embeddable":true,"href":"https:\/\/prof-group.ee\/et\/wp-json\/wp\/v2\/users\/1"}],"replies":[{"embeddable":true,"href":"https:\/\/prof-group.ee\/et\/wp-json\/wp\/v2\/comments?post=875"}],"version-history":[{"count":2,"href":"https:\/\/prof-group.ee\/et\/wp-json\/wp\/v2\/pages\/875\/revisions"}],"predecessor-version":[{"id":929,"href":"https:\/\/prof-group.ee\/et\/wp-json\/wp\/v2\/pages\/875\/revisions\/929"}],"wp:attachment":[{"href":"https:\/\/prof-group.ee\/et\/wp-json\/wp\/v2\/media?parent=875"}],"curies":[{"name":"wp","href":"https:\/\/api.w.org\/{rel}","templated":true}]}}