{"id":793,"date":"2018-08-31T19:38:04","date_gmt":"2018-08-31T19:38:04","guid":{"rendered":"http:\/\/prof-group.ee\/?page_id=793"},"modified":"2019-10-29T19:53:58","modified_gmt":"2019-10-29T19:53:58","slug":"girbau-kalandrid","status":"publish","type":"page","link":"https:\/\/prof-group.ee\/et\/girbau-kalandrid\/","title":{"rendered":"Girbau t\u00f6\u00f6stuslikud triikimiskalandrid"},"content":{"rendered":"<p>[vc_row][vc_column width=&#8221;1\/4&#8243;][vc_column_text]<\/p>\n<div class=\"c11 textcol last\">\n<p><img loading=\"lazy\" decoding=\"async\" class=\"alignnone size-full wp-image-800\" src=\"https:\/\/prof-group.ee\/wp-content\/uploads\/2018\/08\/PB3219-P.jpg\" alt=\"\" width=\"140\" height=\"90\" \/><br \/>\nGIRBAU PB3215<br \/>\nTRIIKIMISKALANDER<\/p>\n<p>Rulli l\u00e4bim\u00f5\u00f5t: 325 mm<br \/>\nT\u00f6\u00f6pinna laius: 1540 mm<\/p>\n<p>Logi juhtimine<br \/>\nElektri-, gaasik\u00fcttega mudelid<\/p>\n<p>M\u00f5\u00f5dud (KxLxS): 1416x2313x872 mm<br \/>\nKaal:\u00a0459 kg<\/p>\n<\/div>\n<p>[\/vc_column_text][\/vc_column][vc_column width=&#8221;1\/4&#8243;][vc_column_text]<\/p>\n<p class=\"c11 textcol\"><img loading=\"lazy\" decoding=\"async\" class=\"alignnone size-full wp-image-800\" src=\"https:\/\/prof-group.ee\/wp-content\/uploads\/2018\/08\/PB3219-P.jpg\" alt=\"\" width=\"140\" height=\"90\" \/><br \/>\nGIRBAU PB3221<br \/>\nTRIIKIMISKALANDER<\/p>\n<p>Rulli l\u00e4bim\u00f5\u00f5t: 325 mm<br \/>\nT\u00f6\u00f6pinna laius: 2120 mm<\/p>\n<p>Logi juhtimine<br \/>\nElektri-, gaasik\u00fcttega mudelid<\/p>\n<p>M\u00f5\u00f5dud (KxLxS): 1416x2895x872 mm<br \/>\nKaal: 561kg[\/vc_column_text][\/vc_column][vc_column width=&#8221;1\/4&#8243;][vc_column_text]<\/p>\n<div class=\"c11 textcol last\">\n<p><img loading=\"lazy\" decoding=\"async\" class=\"alignnone size-full wp-image-801\" src=\"https:\/\/prof-group.ee\/wp-content\/uploads\/2018\/08\/PB5-p.jpg\" alt=\"\" width=\"140\" height=\"90\" \/><br \/>\nGIRBAU PB5119<br \/>\nTRIIKIMISKALANDER<\/p>\n<p>Rulli l\u00e4bim\u00f5\u00f5t:\u00a0510 mm<br \/>\nT\u00f6\u00f6pinna laius:\u00a01900 mm<\/p>\n<p>Inteli\u00a0juhtimine<br \/>\nElektri-, gaasi-, auruk\u00fcttega mudelid<\/p>\n<p>M\u00f5\u00f5dud (KxLxS): 1630x2837x1173 mm<br \/>\nKaal: 1035\u00a0kg<\/p>\n<\/div>\n<p>[\/vc_column_text][\/vc_column][vc_column width=&#8221;1\/4&#8243;][vc_column_text]<\/p>\n<div class=\"c11 textcol\">\n<div class=\"c11 textcol\">\n<p><img loading=\"lazy\" decoding=\"async\" class=\"alignnone size-full wp-image-801\" src=\"https:\/\/prof-group.ee\/wp-content\/uploads\/2018\/08\/PB5-p.jpg\" alt=\"\" width=\"140\" height=\"90\" \/><br \/>\nGIRBAU PB5125<br \/>\nTRIIKIMISKALANDER<\/p>\n<p>Rulli l\u00e4bim\u00f5\u00f5t:\u00a0510 mm<br \/>\nT\u00f6\u00f6pinna laius: 2530 mm<\/p>\n<p>Inteli\u00a0juhtimine<br \/>\nElektri-, gaasi-, auruk\u00fcttega mudelid<\/p>\n<p>M\u00f5\u00f5dud (KxLxS): 1630x3470x1173 mm<br \/>\nKaal:\u00a01265 kg<\/p>\n<\/div>\n<div class=\"c11 textcol last\"><\/div>\n<\/div>\n<p>[\/vc_column_text][\/vc_column][\/vc_row][vc_row][vc_column][vc_separator][\/vc_column][\/vc_row][vc_row][vc_column width=&#8221;1\/4&#8243;][vc_column_text]<\/p>\n<div class=\"c11 textcol\">\n<div class=\"c11 textcol\">\n<p><img loading=\"lazy\" decoding=\"async\" class=\"alignnone size-full wp-image-801\" src=\"https:\/\/prof-group.ee\/wp-content\/uploads\/2018\/08\/PB5-p.jpg\" alt=\"\" width=\"140\" height=\"90\" \/><br \/>\nGIRBAU PB5132<br \/>\nTRIIKIMISKALANDER<\/p>\n<p>Rulli l\u00e4bim\u00f5\u00f5t:\u00a0510 mm<br \/>\nT\u00f6\u00f6pinna laius: 3165\u00a0mm<\/p>\n<p>Inteli\u00a0juhtimine<br \/>\nElektri-, gaasi-, auruk\u00fcttega mudelid<\/p>\n<p>M\u00f5\u00f5dud (KxLxS): 1630x4103x1173 mm<br \/>\nKaal:\u00a01423 kg<\/p>\n<\/div>\n<div class=\"c11 textcol\"><\/div>\n<\/div>\n<p>[\/vc_column_text][\/vc_column][vc_column width=&#8221;1\/4&#8243;][vc_column_text]<\/p>\n<div class=\"c11 textcol\">\n<div class=\"c11 textcol\">\n<p><img loading=\"lazy\" decoding=\"async\" class=\"alignnone size-full wp-image-801\" src=\"https:\/\/prof-group.ee\/wp-content\/uploads\/2018\/08\/PB5-p.jpg\" alt=\"\" width=\"140\" height=\"90\" \/><br \/>\nGIRBAU PBP5119<br \/>\nTRIIKIMISKALANDER<\/p>\n<p>Rulli l\u00e4bim\u00f5\u00f5t:\u00a0510 mm<br \/>\nT\u00f6\u00f6pinna laius:\u00a01900 mm<\/p>\n<p>Inteli\u00a0juhtimine<br \/>\nElektri-, gaasi-, auruk\u00fcttega mudelid<br \/>\nPikivoltimine<\/p>\n<p>M\u00f5\u00f5dud (KxLxS): 1630x2837x1173 mm<br \/>\nKaal:\u00a01132 kg<\/p>\n<\/div>\n<div><\/div>\n<\/div>\n<p>[\/vc_column_text][\/vc_column][vc_column width=&#8221;1\/4&#8243;][vc_column_text]<\/p>\n<div class=\"c11 textcol\">\n<div class=\"c11 textcol\">\n<div class=\"c11 textcol\">\n<p><img loading=\"lazy\" decoding=\"async\" class=\"alignnone size-full wp-image-801\" src=\"https:\/\/prof-group.ee\/wp-content\/uploads\/2018\/08\/PB5-p.jpg\" alt=\"\" width=\"140\" height=\"90\" \/><br \/>\nGIRBAU PBP5125<br \/>\nTRIIKIMISKALANDER<\/p>\n<p>Rulli l\u00e4bim\u00f5\u00f5t:\u00a0510 mm<br \/>\nT\u00f6\u00f6pinna laius: 2530 mm<\/p>\n<p>Inteli\u00a0juhtimine<br \/>\nElektri-, gaasi-, auruk\u00fcttega mudelid<br \/>\nPikivoltimine<\/p>\n<p>M\u00f5\u00f5dud (KxLxS): 1630x3470x1173 mm<br \/>\nKaal: 1392\u00a0kg<\/p>\n<\/div>\n<div class=\"c11 textcol last\"><\/div>\n<\/div>\n<\/div>\n<p>[\/vc_column_text][\/vc_column][vc_column width=&#8221;1\/4&#8243;][vc_column_text]<\/p>\n<div class=\"c11 textcol\">\n<div class=\"c11 textcol\">\n<div class=\"c11 textcol\">\n<p><img loading=\"lazy\" decoding=\"async\" class=\"alignnone size-full wp-image-801\" src=\"https:\/\/prof-group.ee\/wp-content\/uploads\/2018\/08\/PB5-p.jpg\" alt=\"\" width=\"140\" height=\"90\" \/><br \/>\nGIRBAU PBP5132<br \/>\nTRIIKIMISKALANDER<\/p>\n<p>Rulli l\u00e4bim\u00f5\u00f5t:\u00a0510 mm<br \/>\nT\u00f6\u00f6pinna laius:\u00a03165\u00a0mm<\/p>\n<p>Inteli\u00a0juhtimine<br \/>\nElektri-, gaasi-, auruk\u00fcttega mudelid<br \/>\nPikivoltimine<\/p>\n<p>M\u00f5\u00f5dud (KxLxS): 1630x4103x1173 mm<br \/>\nKaal:\u00a01586 kg<\/p>\n<\/div>\n<div class=\"c11 textcol last\"><\/div>\n<\/div>\n<\/div>\n<p>[\/vc_column_text][\/vc_column][\/vc_row]<\/p>","protected":false},"excerpt":{"rendered":"<p>[vc_row][vc_column width=&#8221;1\/4&#8243;][vc_column_text] GIRBAU PB3215 TRIIKIMISKALANDER Rulli l\u00e4bim\u00f5\u00f5t: 325 mm T\u00f6\u00f6pinna laius: 1540 mm Logi juhtimine Elektri-, gaasik\u00fcttega mudelid M\u00f5\u00f5dud (KxLxS): 1416x2313x872 mm Kaal:\u00a0459 kg [\/vc_column_text][\/vc_column][vc_column width=&#8221;1\/4&#8243;][vc_column_text] GIRBAU PB3221 TRIIKIMISKALANDER Rulli l\u00e4bim\u00f5\u00f5t: 325 mm T\u00f6\u00f6pinna laius: 2120 mm Logi juhtimine Elektri-, gaasik\u00fcttega mudelid M\u00f5\u00f5dud (KxLxS): 1416x2895x872 mm Kaal: 561kg[\/vc_column_text][\/vc_column][vc_column width=&#8221;1\/4&#8243;][vc_column_text] GIRBAU PB5119 TRIIKIMISKALANDER Rulli l\u00e4bim\u00f5\u00f5t:\u00a0510 mm [&hellip;]<\/p>\n","protected":false},"author":1,"featured_media":0,"parent":0,"menu_order":0,"comment_status":"closed","ping_status":"closed","template":"","meta":{"footnotes":""},"class_list":["post-793","page","type-page","status-publish","hentry"],"yoast_head":"<!-- This site is optimized with the Yoast SEO plugin v14.6.1 - https:\/\/yoast.com\/wordpress\/plugins\/seo\/ -->\n<title>Girbau t\u00f6\u00f6stuslikud triikimiskalandrid - Prof Group<\/title>\n<meta name=\"robots\" content=\"index, follow\" \/>\n<meta name=\"googlebot\" content=\"index, follow, max-snippet:-1, max-image-preview:large, max-video-preview:-1\" \/>\n<meta name=\"bingbot\" content=\"index, follow, max-snippet:-1, max-image-preview:large, max-video-preview:-1\" \/>\n<link rel=\"canonical\" href=\"https:\/\/prof-group.ee\/girbau-kalandrid\/\" \/>\n<meta property=\"og:locale\" content=\"et_EE\" \/>\n<meta property=\"og:type\" content=\"article\" \/>\n<meta property=\"og:title\" content=\"[:et]Girbau t\u00f6\u00f6stuslikud triikimiskalandrid[:en]Girbau Ironers[:ru]Girbau t\u00f6\u00f6stuslikud triikimiskalandrid[:fi]Girbau t\u00f6\u00f6stuslikud triikimiskalandrid[:] - Prof Group\" \/>\n<meta property=\"og:description\" content=\"[vc_row][vc_column width=&#8221;1\/4&#8243;][vc_column_text] GIRBAU PB3215 TRIIKIMISKALANDER Rulli l\u00e4bim\u00f5\u00f5t: 325 mm T\u00f6\u00f6pinna laius: 1540 mm Logi juhtimine Elektri-, gaasik\u00fcttega mudelid M\u00f5\u00f5dud (KxLxS): 1416x2313x872 mm Kaal:\u00a0459 kg [\/vc_column_text][\/vc_column][vc_column width=&#8221;1\/4&#8243;][vc_column_text] GIRBAU PB3221 TRIIKIMISKALANDER Rulli l\u00e4bim\u00f5\u00f5t: 325 mm T\u00f6\u00f6pinna laius: 2120 mm Logi juhtimine Elektri-, gaasik\u00fcttega mudelid M\u00f5\u00f5dud (KxLxS): 1416x2895x872 mm Kaal: 561kg[\/vc_column_text][\/vc_column][vc_column width=&#8221;1\/4&#8243;][vc_column_text] GIRBAU PB5119 TRIIKIMISKALANDER Rulli l\u00e4bim\u00f5\u00f5t:\u00a0510 mm [&hellip;]\" \/>\n<meta property=\"og:url\" content=\"https:\/\/prof-group.ee\/girbau-kalandrid\/\" \/>\n<meta property=\"og:site_name\" content=\"Prof Group\" \/>\n<meta property=\"article:modified_time\" content=\"2019-10-29T19:53:58+00:00\" \/>\n<meta property=\"og:image\" content=\"https:\/\/prof-group.ee\/wp-content\/uploads\/2018\/08\/PB3219-P.jpg\" \/>\n<meta name=\"twitter:card\" content=\"summary_large_image\" \/>\n<script type=\"application\/ld+json\" class=\"yoast-schema-graph\">{\"@context\":\"https:\/\/schema.org\",\"@graph\":[{\"@type\":\"WebSite\",\"@id\":\"https:\/\/prof-group.ee\/et\/#website\",\"url\":\"https:\/\/prof-group.ee\/et\/\",\"name\":\"Prof Group\",\"description\":\"T\\u00f6\\u00f6stuslikud seadmed\",\"potentialAction\":[{\"@type\":\"SearchAction\",\"target\":\"https:\/\/prof-group.ee\/et\/?s={search_term_string}\",\"query-input\":\"required name=search_term_string\"}],\"inLanguage\":\"et\"},{\"@type\":\"ImageObject\",\"@id\":\"https:\/\/prof-group.ee\/girbau-kalandrid\/#primaryimage\",\"inLanguage\":\"et\",\"url\":\"https:\/\/prof-group.ee\/wp-content\/uploads\/2018\/08\/PB3219-P.jpg\",\"width\":140,\"height\":90},{\"@type\":\"WebPage\",\"@id\":\"https:\/\/prof-group.ee\/girbau-kalandrid\/#webpage\",\"url\":\"https:\/\/prof-group.ee\/girbau-kalandrid\/\",\"name\":\"[:et]Girbau t\\u00f6\\u00f6stuslikud triikimiskalandrid[:en]Girbau Ironers[:ru]Girbau t\\u00f6\\u00f6stuslikud triikimiskalandrid[:fi]Girbau t\\u00f6\\u00f6stuslikud triikimiskalandrid[:] - Prof Group\",\"isPartOf\":{\"@id\":\"https:\/\/prof-group.ee\/et\/#website\"},\"primaryImageOfPage\":{\"@id\":\"https:\/\/prof-group.ee\/girbau-kalandrid\/#primaryimage\"},\"datePublished\":\"2018-08-31T19:38:04+00:00\",\"dateModified\":\"2019-10-29T19:53:58+00:00\",\"inLanguage\":\"et\",\"potentialAction\":[{\"@type\":\"ReadAction\",\"target\":[\"https:\/\/prof-group.ee\/girbau-kalandrid\/\"]}]}]}<\/script>\n<!-- \/ Yoast SEO plugin. -->","_links":{"self":[{"href":"https:\/\/prof-group.ee\/et\/wp-json\/wp\/v2\/pages\/793","targetHints":{"allow":["GET"]}}],"collection":[{"href":"https:\/\/prof-group.ee\/et\/wp-json\/wp\/v2\/pages"}],"about":[{"href":"https:\/\/prof-group.ee\/et\/wp-json\/wp\/v2\/types\/page"}],"author":[{"embeddable":true,"href":"https:\/\/prof-group.ee\/et\/wp-json\/wp\/v2\/users\/1"}],"replies":[{"embeddable":true,"href":"https:\/\/prof-group.ee\/et\/wp-json\/wp\/v2\/comments?post=793"}],"version-history":[{"count":1,"href":"https:\/\/prof-group.ee\/et\/wp-json\/wp\/v2\/pages\/793\/revisions"}],"predecessor-version":[{"id":936,"href":"https:\/\/prof-group.ee\/et\/wp-json\/wp\/v2\/pages\/793\/revisions\/936"}],"wp:attachment":[{"href":"https:\/\/prof-group.ee\/et\/wp-json\/wp\/v2\/media?parent=793"}],"curies":[{"name":"wp","href":"https:\/\/api.w.org\/{rel}","templated":true}]}}