{"id":769,"date":"2018-08-31T15:08:02","date_gmt":"2018-08-31T15:08:02","guid":{"rendered":"http:\/\/prof-group.ee\/?page_id=769"},"modified":"2019-10-29T19:52:23","modified_gmt":"2019-10-29T19:52:23","slug":"girbau-kuivatid","status":"publish","type":"page","link":"https:\/\/prof-group.ee\/et\/girbau-kuivatid\/","title":{"rendered":"Girbau t\u00f6\u00f6stuslikud trummelkuivatid"},"content":{"rendered":"<p>[vc_row][vc_column width=&#8221;1\/4&#8243;][vc_column_text]<\/p>\n<div class=\"c11 textcol\"><img loading=\"lazy\" decoding=\"async\" class=\"alignnone size-full wp-image-831\" src=\"https:\/\/prof-group.ee\/wp-content\/uploads\/2018\/09\/202_ED260-p.jpg\" alt=\"\" width=\"140\" height=\"190\" \/><\/div>\n<div class=\"c11 textcol\">\n<p>GIRBAU ED260<br \/>\nT\u00d6\u00d6STUSLIK TRUMMELKUIVATI<\/p>\n<p>Mahutavus\u00a01\/25-1\/18: 10,5-14,5 kg<\/p>\n<p>Professional juhtimine<br \/>\nRoostevabast terasest trummel<br \/>\nElektri-, gaasi-, auruk\u00fcttega mudelid<\/p>\n<p>Trumli l\u00e4bim\u00f5\u00f5t:\u00a0736 mm<br \/>\nTrumli maht:\u00a0260 dm3<br \/>\nM\u00f5\u00f5dud (KxLxS): 1522x798x985 mm<br \/>\nKaal:\u00a0249 kg<\/p>\n<\/div>\n<p>[\/vc_column_text][\/vc_column][vc_column width=&#8221;1\/4&#8243;][vc_column_text]<\/p>\n<div class=\"c11 textcol\"><img loading=\"lazy\" decoding=\"async\" class=\"alignnone size-full wp-image-832\" src=\"https:\/\/prof-group.ee\/wp-content\/uploads\/2018\/09\/203_ED340-p.jpg\" alt=\"\" width=\"140\" height=\"190\" \/><\/div>\n<div class=\"c11 textcol\">\n<p>GIRBAU ED340<br \/>\nT\u00d6\u00d6STUSLIK TRUMMELKUIVATI<\/p>\n<p>Mahutavus\u00a01\/25-1\/18:\u00a013,5-19 kg<\/p>\n<p>Professional juhtimine<br \/>\nRoostevabast terasest trummel<br \/>\nElektri-, gaasi-, auruk\u00fcttega mudelid<\/p>\n<p>Trumli l\u00e4bim\u00f5\u00f5t: 736 mm<br \/>\nTrumli maht:\u00a0340 dm3<br \/>\nM\u00f5\u00f5dud (KxLxS): 1522x798x1173 mm<br \/>\nKaal: 279 kg<\/p>\n<\/div>\n<p>[\/vc_column_text][\/vc_column][vc_column width=&#8221;1\/4&#8243;][vc_column_text]<\/p>\n<div class=\"c11 textcol\"><img loading=\"lazy\" decoding=\"async\" class=\"alignnone size-full wp-image-833\" src=\"https:\/\/prof-group.ee\/wp-content\/uploads\/2018\/09\/204_ED460-p.jpg\" alt=\"\" width=\"140\" height=\"190\" \/><\/div>\n<div class=\"c11 textcol\">\n<p>GIRBAU ED460<br \/>\nT\u00d6\u00d6STUSLIK TRUMMELKUIVATI<\/p>\n<p>Mahutavus\u00a01\/25-1\/18:\u00a018,5-25,5 kg<\/p>\n<p>Professional juhtimine<br \/>\nRoostevabast terasest trummel<br \/>\nElektri-, gaasi-, auruk\u00fcttega mudelid<\/p>\n<p>Trumli l\u00e4bim\u00f5\u00f5t:\u00a0940 mm<br \/>\nTrumli maht:\u00a0460 dm3<br \/>\nM\u00f5\u00f5dud (KxLxS): 1828x1002x1056 mm<br \/>\nKaal:\u00a0339 kg<\/p>\n<\/div>\n<p>[\/vc_column_text][\/vc_column][vc_column width=&#8221;1\/4&#8243;][vc_column_text]<\/p>\n<div class=\"c11 textcol\"><img loading=\"lazy\" decoding=\"async\" class=\"alignnone size-full wp-image-834\" src=\"https:\/\/prof-group.ee\/wp-content\/uploads\/2018\/09\/205_ED660-p.jpg\" alt=\"\" width=\"140\" height=\"190\" \/><\/div>\n<div class=\"c11 textcol\">\n<p>GIRBAU ED660<br \/>\nT\u00d6\u00d6STUSLIK TRUMMELKUIVATI<\/p>\n<p>Mahutavus\u00a01\/25-1\/18:\u00a026,5-37 kg<\/p>\n<p>Professional juhtimine<br \/>\nRoostevabast terasest trummel<br \/>\nElektri-, gaasi-, auruk\u00fcttega mudelid<\/p>\n<p>Trumli l\u00e4bim\u00f5\u00f5t: 940 mm<br \/>\nTrumli maht: 660 dm3<br \/>\nM\u00f5\u00f5dud (KxLxS): 1828x1002x1343 mm<br \/>\nKaal: 386 kg<\/p>\n<\/div>\n<p>[\/vc_column_text][\/vc_column][\/vc_row][vc_row][vc_column][vc_separator][\/vc_column][\/vc_row][vc_row][vc_column width=&#8221;1\/4&#8243;][vc_column_text]<\/p>\n<div class=\"c11 textcol\"><img loading=\"lazy\" decoding=\"async\" class=\"alignnone size-full wp-image-835\" src=\"https:\/\/prof-group.ee\/wp-content\/uploads\/2018\/09\/STI-14-p.jpg\" alt=\"\" width=\"140\" height=\"190\" \/><\/div>\n<div class=\"c11 textcol\">\n<p>GIRBAU STI-14<br \/>\nT\u00d6\u00d6STUSLIK TRUMMELKUIVATI<\/p>\n<p>Mahutavus 1\/25-1\/18: 14-19,5 kg<\/p>\n<p>Standard control (S)\u00a0juhtimine<br \/>\nRoostevabast terasest trummel<br \/>\nElektri-, gaasik\u00fcttega mudelid<\/p>\n<p>Trumli l\u00e4bim\u00f5\u00f5t:\u00a0832 mm<br \/>\nTrumli maht:\u00a0354 dm3<br \/>\nM\u00f5\u00f5dud (KxLxS): 1910x878x937 mm<br \/>\nKaal:\u00a0242 kg<\/p>\n<\/div>\n<p>[\/vc_column_text][\/vc_column][vc_column width=&#8221;1\/4&#8243;][vc_column_text]<\/p>\n<div class=\"c11 textcol\"><img loading=\"lazy\" decoding=\"async\" class=\"alignnone size-full wp-image-836\" src=\"https:\/\/prof-group.ee\/wp-content\/uploads\/2018\/09\/STI-23-p.jpg\" alt=\"\" width=\"140\" height=\"190\" \/><\/div>\n<div class=\"c11 textcol\">\n<p>GIRBAU STI-23<br \/>\nT\u00d6\u00d6STUSLIK TRUMMELKUIVATI<\/p>\n<p>Mahutavus 1\/25-1\/18: 21-29 kg<\/p>\n<p>Standard control (S)\u00a0juhtimine<br \/>\nRoostevabast terasest trummel<br \/>\nElektri-, gaasi-, auruk\u00fcttega mudelid<\/p>\n<p>Trumli l\u00e4bim\u00f5\u00f5t:\u00a0832 mm<br \/>\nTrumli maht:\u00a0518 dm3<br \/>\nM\u00f5\u00f5dud (KxLxS): 1910x878x1295 mm<br \/>\nKaal:\u00a0295 kg<\/p>\n<\/div>\n<p>[\/vc_column_text][\/vc_column][vc_column width=&#8221;1\/4&#8243;][vc_column_text]<\/p>\n<div class=\"c11 textcol\"><img loading=\"lazy\" decoding=\"async\" class=\"alignnone size-full wp-image-837\" src=\"https:\/\/prof-group.ee\/wp-content\/uploads\/2018\/09\/STI-34-p.jpg\" alt=\"\" width=\"140\" height=\"190\" \/><\/div>\n<div class=\"c11 textcol\">\n<p>GIRBAU STI-34<br \/>\nT\u00d6\u00d6STUSLIK TRUMMELKUIVATI<\/p>\n<p>Mahutavus 1\/25-1\/18: 24,5-34 kg<\/p>\n<p>Standard control (S)\u00a0juhtimine<br \/>\nRoostevabast terasest trummel<br \/>\nElektri-, gaasi-, auruk\u00fcttega mudelid<\/p>\n<p>Trumli l\u00e4bim\u00f5\u00f5t:\u00a0921 mm<br \/>\nTrumli maht:\u00a0609 dm3<br \/>\nM\u00f5\u00f5dud (KxLxS): 1965x972x1270 mm<br \/>\nKaal:\u00a0327 kg<\/p>\n<\/div>\n<p>[\/vc_column_text][\/vc_column][vc_column width=&#8221;1\/4&#8243;][vc_column_text]<\/p>\n<div class=\"c11 textcol\"><img loading=\"lazy\" decoding=\"async\" class=\"alignnone size-full wp-image-838\" src=\"https:\/\/prof-group.ee\/wp-content\/uploads\/2018\/09\/STI-54-p.jpg\" alt=\"\" width=\"140\" height=\"190\" \/><\/div>\n<div class=\"c11 textcol\">\n<p>GIRBAU STI-54<br \/>\nT\u00d6\u00d6STUSLIK TRUMMELKUIVATI<\/p>\n<p>Mahutavus 1\/25-1\/18: 43-60 kg<\/p>\n<p>Standard control (S)\u00a0juhtimine<br \/>\nRoostevabast terasest trummel<br \/>\nElektri-, gaasi-, auru-, \u00f5lik\u00fcttega mudelid<\/p>\n<p>Trumli l\u00e4bim\u00f5\u00f5t:\u00a01133 mm<br \/>\nTrumli maht:\u00a01079 dm3<br \/>\nM\u00f5\u00f5dud (KxLxS): 2557x1235x1784 mm<br \/>\nKaal:\u00a0653 kg<\/p>\n<\/div>\n<p>[\/vc_column_text][\/vc_column][\/vc_row][vc_row][vc_column][vc_separator][\/vc_column][\/vc_row][vc_row][vc_column width=&#8221;1\/4&#8243;][vc_column_text]<\/p>\n<div class=\"c11 textcol\"><img loading=\"lazy\" decoding=\"async\" class=\"alignnone size-full wp-image-839\" src=\"https:\/\/prof-group.ee\/wp-content\/uploads\/2018\/09\/STI-77-p.jpg\" alt=\"\" width=\"140\" height=\"190\" \/><\/div>\n<div class=\"c11 textcol\">\n<p>GIRBAU STI-77<br \/>\nT\u00d6\u00d6STUSLIK TRUMMELKUIVATI<\/p>\n<p>Mahutavus 1\/25-1\/18:\u00a058-80,5 kg<\/p>\n<p>Standard control (S)\u00a0juhtimine<br \/>\nRoostevabast terasest trummel<br \/>\nGaasi-, auru-, \u00f5lik\u00fcttega mudelid<\/p>\n<p>Trumli l\u00e4bim\u00f5\u00f5t:\u00a01308 mm<br \/>\nTrumli maht:\u00a01450 dm3<br \/>\nM\u00f5\u00f5dud (KxLxS): 2540x1413x1765 mm<br \/>\nKaal:\u00a0953 kg<\/p>\n<\/div>\n<p>[\/vc_column_text][\/vc_column][vc_column width=&#8221;1\/4&#8243;][\/vc_column][vc_column width=&#8221;1\/4&#8243;][\/vc_column][vc_column width=&#8221;1\/4&#8243;][\/vc_column][\/vc_row]<\/p>","protected":false},"excerpt":{"rendered":"<p>[vc_row][vc_column width=&#8221;1\/4&#8243;][vc_column_text] GIRBAU ED260 T\u00d6\u00d6STUSLIK TRUMMELKUIVATI Mahutavus\u00a01\/25-1\/18: 10,5-14,5 kg Professional juhtimine Roostevabast terasest trummel Elektri-, gaasi-, auruk\u00fcttega mudelid Trumli l\u00e4bim\u00f5\u00f5t:\u00a0736 mm Trumli maht:\u00a0260 dm3 M\u00f5\u00f5dud (KxLxS): 1522x798x985 mm Kaal:\u00a0249 kg [\/vc_column_text][\/vc_column][vc_column width=&#8221;1\/4&#8243;][vc_column_text] GIRBAU ED340 T\u00d6\u00d6STUSLIK TRUMMELKUIVATI Mahutavus\u00a01\/25-1\/18:\u00a013,5-19 kg Professional juhtimine Roostevabast terasest trummel Elektri-, gaasi-, auruk\u00fcttega mudelid Trumli l\u00e4bim\u00f5\u00f5t: 736 mm Trumli maht:\u00a0340 dm3 M\u00f5\u00f5dud [&hellip;]<\/p>\n","protected":false},"author":1,"featured_media":0,"parent":0,"menu_order":0,"comment_status":"closed","ping_status":"closed","template":"","meta":{"footnotes":""},"class_list":["post-769","page","type-page","status-publish","hentry"],"yoast_head":"<!-- This site is optimized with the Yoast SEO plugin v14.6.1 - https:\/\/yoast.com\/wordpress\/plugins\/seo\/ -->\n<title>Girbau t\u00f6\u00f6stuslikud trummelkuivatid - Prof Group<\/title>\n<meta name=\"robots\" content=\"index, follow\" \/>\n<meta name=\"googlebot\" content=\"index, follow, max-snippet:-1, max-image-preview:large, max-video-preview:-1\" \/>\n<meta name=\"bingbot\" content=\"index, follow, max-snippet:-1, max-image-preview:large, max-video-preview:-1\" \/>\n<link rel=\"canonical\" href=\"https:\/\/prof-group.ee\/girbau-kuivatid\/\" \/>\n<meta property=\"og:locale\" content=\"et_EE\" \/>\n<meta property=\"og:type\" content=\"article\" \/>\n<meta property=\"og:title\" content=\"[:et]Girbau t\u00f6\u00f6stuslikud trummelkuivatid[:en]Girbau Dryers[:ru]Girbau t\u00f6\u00f6stuslikud trummelkuivatid[:fi]Girbau t\u00f6\u00f6stuslikud trummelkuivatid[:] - Prof Group\" \/>\n<meta property=\"og:description\" content=\"[vc_row][vc_column width=&#8221;1\/4&#8243;][vc_column_text] GIRBAU ED260 T\u00d6\u00d6STUSLIK TRUMMELKUIVATI Mahutavus\u00a01\/25-1\/18: 10,5-14,5 kg Professional juhtimine Roostevabast terasest trummel Elektri-, gaasi-, auruk\u00fcttega mudelid Trumli l\u00e4bim\u00f5\u00f5t:\u00a0736 mm Trumli maht:\u00a0260 dm3 M\u00f5\u00f5dud (KxLxS): 1522x798x985 mm Kaal:\u00a0249 kg [\/vc_column_text][\/vc_column][vc_column width=&#8221;1\/4&#8243;][vc_column_text] GIRBAU ED340 T\u00d6\u00d6STUSLIK TRUMMELKUIVATI Mahutavus\u00a01\/25-1\/18:\u00a013,5-19 kg Professional juhtimine Roostevabast terasest trummel Elektri-, gaasi-, auruk\u00fcttega mudelid Trumli l\u00e4bim\u00f5\u00f5t: 736 mm Trumli maht:\u00a0340 dm3 M\u00f5\u00f5dud [&hellip;]\" \/>\n<meta property=\"og:url\" content=\"https:\/\/prof-group.ee\/girbau-kuivatid\/\" \/>\n<meta property=\"og:site_name\" content=\"Prof Group\" \/>\n<meta property=\"article:modified_time\" content=\"2019-10-29T19:52:23+00:00\" \/>\n<meta property=\"og:image\" content=\"https:\/\/prof-group.ee\/wp-content\/uploads\/2018\/09\/202_ED260-p.jpg\" \/>\n<meta name=\"twitter:card\" content=\"summary_large_image\" \/>\n<script type=\"application\/ld+json\" class=\"yoast-schema-graph\">{\"@context\":\"https:\/\/schema.org\",\"@graph\":[{\"@type\":\"WebSite\",\"@id\":\"https:\/\/prof-group.ee\/et\/#website\",\"url\":\"https:\/\/prof-group.ee\/et\/\",\"name\":\"Prof Group\",\"description\":\"T\\u00f6\\u00f6stuslikud seadmed\",\"potentialAction\":[{\"@type\":\"SearchAction\",\"target\":\"https:\/\/prof-group.ee\/et\/?s={search_term_string}\",\"query-input\":\"required name=search_term_string\"}],\"inLanguage\":\"et\"},{\"@type\":\"ImageObject\",\"@id\":\"https:\/\/prof-group.ee\/girbau-kuivatid\/#primaryimage\",\"inLanguage\":\"et\",\"url\":\"https:\/\/prof-group.ee\/wp-content\/uploads\/2018\/09\/202_ED260-p.jpg\",\"width\":140,\"height\":190},{\"@type\":\"WebPage\",\"@id\":\"https:\/\/prof-group.ee\/girbau-kuivatid\/#webpage\",\"url\":\"https:\/\/prof-group.ee\/girbau-kuivatid\/\",\"name\":\"[:et]Girbau t\\u00f6\\u00f6stuslikud trummelkuivatid[:en]Girbau Dryers[:ru]Girbau t\\u00f6\\u00f6stuslikud trummelkuivatid[:fi]Girbau t\\u00f6\\u00f6stuslikud trummelkuivatid[:] - Prof Group\",\"isPartOf\":{\"@id\":\"https:\/\/prof-group.ee\/et\/#website\"},\"primaryImageOfPage\":{\"@id\":\"https:\/\/prof-group.ee\/girbau-kuivatid\/#primaryimage\"},\"datePublished\":\"2018-08-31T15:08:02+00:00\",\"dateModified\":\"2019-10-29T19:52:23+00:00\",\"inLanguage\":\"et\",\"potentialAction\":[{\"@type\":\"ReadAction\",\"target\":[\"https:\/\/prof-group.ee\/girbau-kuivatid\/\"]}]}]}<\/script>\n<!-- \/ Yoast SEO plugin. -->","_links":{"self":[{"href":"https:\/\/prof-group.ee\/et\/wp-json\/wp\/v2\/pages\/769","targetHints":{"allow":["GET"]}}],"collection":[{"href":"https:\/\/prof-group.ee\/et\/wp-json\/wp\/v2\/pages"}],"about":[{"href":"https:\/\/prof-group.ee\/et\/wp-json\/wp\/v2\/types\/page"}],"author":[{"embeddable":true,"href":"https:\/\/prof-group.ee\/et\/wp-json\/wp\/v2\/users\/1"}],"replies":[{"embeddable":true,"href":"https:\/\/prof-group.ee\/et\/wp-json\/wp\/v2\/comments?post=769"}],"version-history":[{"count":1,"href":"https:\/\/prof-group.ee\/et\/wp-json\/wp\/v2\/pages\/769\/revisions"}],"predecessor-version":[{"id":935,"href":"https:\/\/prof-group.ee\/et\/wp-json\/wp\/v2\/pages\/769\/revisions\/935"}],"wp:attachment":[{"href":"https:\/\/prof-group.ee\/et\/wp-json\/wp\/v2\/media?parent=769"}],"curies":[{"name":"wp","href":"https:\/\/api.w.org\/{rel}","templated":true}]}}