{"id":723,"date":"2018-08-29T12:11:00","date_gmt":"2018-08-29T12:11:00","guid":{"rendered":"http:\/\/prof-group.ee\/?page_id=723"},"modified":"2019-10-29T19:49:54","modified_gmt":"2019-10-29T19:49:54","slug":"girbau-pesumasinad","status":"publish","type":"page","link":"https:\/\/prof-group.ee\/et\/girbau-pesumasinad\/","title":{"rendered":"Girbau t\u00f6\u00f6stuslikud pesumasinad"},"content":{"rendered":"<p>[vc_row][vc_column width=&#8221;1\/4&#8243;][vc_column_text]<\/p>\n<div class=\"c11 textcol\">\n<p><img loading=\"lazy\" decoding=\"async\" class=\"alignnone size-full wp-image-819\" src=\"https:\/\/prof-group.ee\/wp-content\/uploads\/2018\/09\/151_HS6008_logi_frontal_p.jpg\" alt=\"\" width=\"140\" height=\"190\" \/><\/p>\n<p>GIRBAU\u00a0HS6008<br \/>\nT\u00d6\u00d6STUSLIK PESUMASIN<\/p>\n<p>Mahutavus: 9kg (1\/9),\u00a08kg (1\/10)<\/p>\n<p>Logi, Logi Pro juhtimine<br \/>\nElektri-, kuuma vee-, auruk\u00fcttega mudelid<\/p>\n<p>Trumli l\u00e4bim\u00f5\u00f5t:\u00a0536 mm<br \/>\nTrumli maht:\u00a079,2 dm3<br \/>\nM\u00f5\u00f5dud (KxLxS):\u00a01080x685x700 mm<br \/>\nKaal:\u00a0124 kg<\/p>\n<\/div>\n<p>[\/vc_column_text][\/vc_column][vc_column width=&#8221;1\/4&#8243;][vc_column_text]<\/p>\n<div class=\"c11 textcol\">\n<p><img loading=\"lazy\" decoding=\"async\" class=\"alignnone size-full wp-image-820\" src=\"https:\/\/prof-group.ee\/wp-content\/uploads\/2018\/09\/152_HS6013_Inteli_frontal_p.jpg\" alt=\"\" width=\"140\" height=\"190\" \/><\/p>\n<p>GIRBAU\u00a0HS6013<br \/>\nT\u00d6\u00d6STUSLIK PESUMASIN<\/p>\n<p>Mahutavus: 14kg\u00a0(1\/9), 13kg (1\/10)<\/p>\n<p>Logi, Inteli\u00a0juhtimine<br \/>\nElektri-, kuuma vee-, auruk\u00fcttega mudelid<\/p>\n<p>Trumli l\u00e4bim\u00f5\u00f5t: 620 mm<br \/>\nTrumli maht: 126 dm3<br \/>\nM\u00f5\u00f5dud (KxLxS): 1325x796x887 mm<br \/>\nKaal:\u00a0344 kg<\/p>\n<\/div>\n<p>[\/vc_column_text][\/vc_column][vc_column width=&#8221;1\/4&#8243;][vc_column_text]<\/p>\n<div class=\"c11 textcol\">\n<p><img loading=\"lazy\" decoding=\"async\" class=\"alignnone size-full wp-image-821\" src=\"https:\/\/prof-group.ee\/wp-content\/uploads\/2018\/09\/153_HS6017-inteli_frontal_p.jpg\" alt=\"\" width=\"140\" height=\"190\" \/><\/p>\n<p>GIRBAU HS6017<br \/>\nT\u00d6\u00d6STUSLIK PESUMASIN<\/p>\n<p>Mahutavus:\u00a0<span class=\"colum_llistat4_mitja\">19kg (1\/9), 17kg (1\/10)<\/span><\/p>\n<p>Logi, Inteli juhtimine<br \/>\nElektri-, kuuma vee-, auruk\u00fcttega mudelid<\/p>\n<p>Trumli l\u00e4bim\u00f5\u00f5t: 700 mm<br \/>\nTrumli maht: 173 dm3<br \/>\nM\u00f5\u00f5dud(KxLxS): 1404x868x962 mm<br \/>\nKaal: 476 kg<\/p>\n<\/div>\n<p>[\/vc_column_text][\/vc_column][vc_column width=&#8221;1\/4&#8243;][vc_column_text]<\/p>\n<div class=\"c11 textcol\">\n<p><img loading=\"lazy\" decoding=\"async\" class=\"alignnone size-full wp-image-825\" src=\"https:\/\/prof-group.ee\/wp-content\/uploads\/2018\/09\/391_HS6024-inteli_frontal_p.jpg\" alt=\"\" width=\"140\" height=\"190\" \/><\/p>\n<p class=\"squaredata squaredata_blau\">\n<\/div>\n<div class=\"c11 textcol last\">\n<p>GIRBAU HS6024<br \/>\nT\u00d6\u00d6STUSLIK PESUMASIN<\/p>\n<p>Mahutavus:\u00a027<span class=\"colum_llistat4_mitja\">kg (1\/9), 24kg (1\/10)<\/span><\/p>\n<p>Logi, Inteli juhtimine<br \/>\nElektri-, kuuma vee-, auruk\u00fcttega mudelid<\/p>\n<p>Trumli l\u00e4bim\u00f5\u00f5t: 765 mm<br \/>\nTrumli maht: 239 dm3<br \/>\nM\u00f5\u00f5dud(KxLxS): 975x1477x1225 mm<br \/>\nKaal: 584 kg<\/p>\n<\/div>\n<p>[\/vc_column_text][\/vc_column][vc_column][vc_separator][\/vc_column][\/vc_row][vc_row][vc_column width=&#8221;1\/4&#8243;][vc_column_text]<\/p>\n<div class=\"c11 textcol\">\n<div class=\"c11 textcol\">\n<p><img loading=\"lazy\" decoding=\"async\" class=\"alignnone size-full wp-image-828\" src=\"https:\/\/prof-group.ee\/wp-content\/uploads\/2018\/09\/486_HS6028_frontal_p.jpg\" alt=\"\" width=\"140\" height=\"190\" \/><\/p>\n<p>GIRBAU HS6028<br \/>\nT\u00d6\u00d6STUSLIK PESUMASIN<\/p>\n<\/div>\n<div class=\"c11 textcol last\">\n<p>Mahutavus:\u00a031<span class=\"colum_llistat4_mitja\">kg (1\/9), 28kg (1\/10)<\/span><\/p>\n<p>Inteli juhtimine<br \/>\nElektri-, kuuma vee-, auruk\u00fcttega mudelid<\/p>\n<p>Trumli l\u00e4bim\u00f5\u00f5t:\u00a0825 mm<br \/>\nTrumli maht: 280 dm3<br \/>\nM\u00f5\u00f5dud(KxLxS): 1053x1294x1500 mm<br \/>\nKaal:\u00a0636 kg<\/p>\n<\/div>\n<\/div>\n<p>[\/vc_column_text][\/vc_column][vc_column width=&#8221;1\/4&#8243;][vc_column_text]<\/p>\n<div class=\"c11 textcol\">\n<div class=\"c11 textcol\">\n<p><img loading=\"lazy\" decoding=\"async\" class=\"alignnone size-full wp-image-826\" src=\"https:\/\/prof-group.ee\/wp-content\/uploads\/2018\/09\/449_HS6032_frontal_p.jpg\" alt=\"\" width=\"140\" height=\"190\" \/><\/p>\n<p>GIRBAU HS6032<br \/>\nT\u00d6\u00d6STUSLIK PESUMASIN<\/p>\n<\/div>\n<p>Mahutavus:\u00a036<span class=\"colum_llistat4_mitja\">kg (1\/9), 32kg (1\/10)<\/span><\/p>\n<p>Inteli juhtimine<br \/>\nElektri-, kuuma vee-, auruk\u00fcttega mudelid<\/p>\n<p>Trumli l\u00e4bim\u00f5\u00f5t:\u00a0825 mm<br \/>\nTrumli maht: 320 dm3<br \/>\nM\u00f5\u00f5dud(KxLxS): 1053x1294x1500 mm<br \/>\nKaal:\u00a0680 kg<\/p>\n<\/div>\n<p>[\/vc_column_text][\/vc_column][vc_column width=&#8221;1\/4&#8243;][vc_column_text]<\/p>\n<div class=\"c11 textcol\">\n<div class=\"c11 textcol\">\n<p><img loading=\"lazy\" decoding=\"async\" class=\"alignnone size-full wp-image-822\" src=\"https:\/\/prof-group.ee\/wp-content\/uploads\/2018\/09\/155_HS6040_inteli_frontal_p.jpg\" alt=\"\" width=\"140\" height=\"190\" \/><\/p>\n<p>GIRBAU HS6040<br \/>\nT\u00d6\u00d6STUSLIK PESUMASIN<\/p>\n<\/div>\n<div class=\"c11 textcol last\">\n<p>Mahutavus:\u00a044<span class=\"colum_llistat4_mitja\">kg (1\/9), 40kg (1\/10)<\/span><\/p>\n<p>Inteli juhtimine<br \/>\nTILT kallutuss\u00fcsteem lisana<br \/>\nElektri-, kuuma vee-, auruk\u00fcttega mudelid<\/p>\n<p>Trumli l\u00e4bim\u00f5\u00f5t: 900 mm<br \/>\nTrumli maht: 395 dm3<br \/>\nM\u00f5\u00f5dud(KxLxS): 1794x1390x1455 mm<br \/>\nKaal:\u00a01409 kg<\/p>\n<\/div>\n<\/div>\n<p>[\/vc_column_text][\/vc_column][vc_column width=&#8221;1\/4&#8243;][vc_column_text]<\/p>\n<div class=\"c11 textcol\">\n<div class=\"c11 textcol\">\n<p><img loading=\"lazy\" decoding=\"async\" class=\"alignnone size-full wp-image-823\" src=\"https:\/\/prof-group.ee\/wp-content\/uploads\/2018\/09\/156_HS6057_Inteli_frontal_p.jpg\" alt=\"\" width=\"140\" height=\"190\" \/><\/p>\n<p>GIRBAU HS6057<br \/>\nT\u00d6\u00d6STUSLIK PESUMASIN<\/p>\n<\/div>\n<div class=\"c11 textcol last\">\n<div class=\"c11 textcol last\">\n<p>Mahutavus:\u00a063<span class=\"colum_llistat4_mitja\">kg (1\/9), 57kg (1\/10)<\/span><\/p>\n<p>Inteli juhtimine<br \/>\nTILT kallutuss\u00fcsteem lisana<br \/>\nElektri-, kuuma vee-, auruk\u00fcttega mudelid<\/p>\n<p>Trumli l\u00e4bim\u00f5\u00f5t: 1080 mm<br \/>\nTrumli maht: 569 dm3<br \/>\nM\u00f5\u00f5dud(KxLxS): 1925x1570x1493 mm<br \/>\nKaal:\u00a01932 kg<\/p>\n<\/div>\n<\/div>\n<\/div>\n<p>[\/vc_column_text][\/vc_column][vc_column][vc_separator][\/vc_column][\/vc_row][vc_row][vc_column width=&#8221;1\/4&#8243;][vc_column_text]<\/p>\n<div class=\"c11 textcol\">\n<div class=\"c11 textcol\">\n<div class=\"c11 textcol\">\n<p><img loading=\"lazy\" decoding=\"async\" class=\"alignnone size-full wp-image-827\" src=\"https:\/\/prof-group.ee\/wp-content\/uploads\/2018\/09\/458_HS6085_inteli_frontal-p.jpg\" alt=\"\" width=\"140\" height=\"190\" \/><\/p>\n<p>GIRBAU HS6085<br \/>\nT\u00d6\u00d6STUSLIK PESUMASIN<\/p>\n<\/div>\n<div class=\"c11 textcol last\">\n<div class=\"c11 textcol last\">\n<div class=\"c11 textcol last\">\n<p>Mahutavus:\u00a095<span class=\"colum_llistat4_mitja\">kg (1\/9), 85kg (1\/10)<\/span><\/p>\n<p>Inteli juhtimine<br \/>\nTILT kallutuss\u00fcsteem lisana<br \/>\nKuuma vee-, auruk\u00fcttega mudelid<\/p>\n<p>Trumli l\u00e4bim\u00f5\u00f5t: 1310 mm<br \/>\nTrumli maht: 850 dm3<br \/>\nM\u00f5\u00f5dud(KxLxS): 2068x1770x1939 mm<br \/>\nKaal:\u00a03756 kg<\/p>\n<\/div>\n<\/div>\n<\/div>\n<\/div>\n<\/div>\n<p>[\/vc_column_text][\/vc_column][vc_column width=&#8221;1\/4&#8243;][vc_column_text]<\/p>\n<div class=\"c11 textcol\">\n<div class=\"c11 textcol\">\n<div class=\"c11 textcol\">\n<p><img loading=\"lazy\" decoding=\"async\" class=\"alignnone size-full wp-image-824\" src=\"https:\/\/prof-group.ee\/wp-content\/uploads\/2018\/09\/157_HS6110_inteli_frontal-p.jpg\" alt=\"\" width=\"140\" height=\"190\" \/><\/p>\n<p>GIRBAU HS6110<br \/>\nT\u00d6\u00d6STUSLIK PESUMASIN<\/p>\n<\/div>\n<div class=\"c11 textcol last\">\n<div class=\"c11 textcol last\">\n<div class=\"c11 textcol last\">\n<div class=\"c11 textcol last\">\n<p>Mahutavus:\u00a0122<span class=\"colum_llistat4_mitja\">kg (1\/9), 110kg (1\/10)<\/span><\/p>\n<p>Inteli juhtimine<br \/>\nTILT kallutuss\u00fcsteem lisana<br \/>\nKuuma vee-, auruk\u00fcttega mudelid<\/p>\n<p>Trumli l\u00e4bim\u00f5\u00f5t:\u00a01310 mm<br \/>\nTrumli maht: 1100 dm3<br \/>\nM\u00f5\u00f5dud(KxLxS): 2068x1770x1939 mm<br \/>\nKaal:\u00a03885 kg<\/p>\n<\/div>\n<\/div>\n<\/div>\n<\/div>\n<\/div>\n<\/div>\n<p>[\/vc_column_text][\/vc_column][vc_column width=&#8221;1\/4&#8243;][\/vc_column][vc_column width=&#8221;1\/4&#8243;][\/vc_column][\/vc_row]<\/p>","protected":false},"excerpt":{"rendered":"<p>[vc_row][vc_column width=&#8221;1\/4&#8243;][vc_column_text] GIRBAU\u00a0HS6008 T\u00d6\u00d6STUSLIK PESUMASIN Mahutavus: 9kg (1\/9),\u00a08kg (1\/10) Logi, Logi Pro juhtimine Elektri-, kuuma vee-, auruk\u00fcttega mudelid Trumli l\u00e4bim\u00f5\u00f5t:\u00a0536 mm Trumli maht:\u00a079,2 dm3 M\u00f5\u00f5dud (KxLxS):\u00a01080x685x700 mm Kaal:\u00a0124 kg [\/vc_column_text][\/vc_column][vc_column width=&#8221;1\/4&#8243;][vc_column_text] GIRBAU\u00a0HS6013 T\u00d6\u00d6STUSLIK PESUMASIN Mahutavus: 14kg\u00a0(1\/9), 13kg (1\/10) Logi, Inteli\u00a0juhtimine Elektri-, kuuma vee-, auruk\u00fcttega mudelid Trumli l\u00e4bim\u00f5\u00f5t: 620 mm Trumli maht: 126 dm3 M\u00f5\u00f5dud (KxLxS): [&hellip;]<\/p>\n","protected":false},"author":1,"featured_media":0,"parent":0,"menu_order":0,"comment_status":"closed","ping_status":"closed","template":"","meta":{"footnotes":""},"class_list":["post-723","page","type-page","status-publish","hentry"],"yoast_head":"<!-- This site is optimized with the Yoast SEO plugin v14.6.1 - https:\/\/yoast.com\/wordpress\/plugins\/seo\/ -->\n<title>Girbau t\u00f6\u00f6stuslikud pesumasinad - Prof Group<\/title>\n<meta name=\"robots\" content=\"index, follow\" \/>\n<meta name=\"googlebot\" content=\"index, follow, max-snippet:-1, max-image-preview:large, max-video-preview:-1\" \/>\n<meta name=\"bingbot\" content=\"index, follow, max-snippet:-1, max-image-preview:large, max-video-preview:-1\" \/>\n<link rel=\"canonical\" href=\"https:\/\/prof-group.ee\/girbau-pesumasinad\/\" \/>\n<meta property=\"og:locale\" content=\"et_EE\" \/>\n<meta property=\"og:type\" content=\"article\" \/>\n<meta property=\"og:title\" content=\"[:et]Girbau t\u00f6\u00f6stuslikud pesumasinad[:en]Girbau Washers[:ru]Girbau t\u00f6\u00f6stuslikud pesumasinad[:fi]Girbau t\u00f6\u00f6stuslikud pesumasinad[:] - Prof Group\" \/>\n<meta property=\"og:description\" content=\"[vc_row][vc_column width=&#8221;1\/4&#8243;][vc_column_text] GIRBAU\u00a0HS6008 T\u00d6\u00d6STUSLIK PESUMASIN Mahutavus: 9kg (1\/9),\u00a08kg (1\/10) Logi, Logi Pro juhtimine Elektri-, kuuma vee-, auruk\u00fcttega mudelid Trumli l\u00e4bim\u00f5\u00f5t:\u00a0536 mm Trumli maht:\u00a079,2 dm3 M\u00f5\u00f5dud (KxLxS):\u00a01080x685x700 mm Kaal:\u00a0124 kg [\/vc_column_text][\/vc_column][vc_column width=&#8221;1\/4&#8243;][vc_column_text] GIRBAU\u00a0HS6013 T\u00d6\u00d6STUSLIK PESUMASIN Mahutavus: 14kg\u00a0(1\/9), 13kg (1\/10) Logi, Inteli\u00a0juhtimine Elektri-, kuuma vee-, auruk\u00fcttega mudelid Trumli l\u00e4bim\u00f5\u00f5t: 620 mm Trumli maht: 126 dm3 M\u00f5\u00f5dud (KxLxS): [&hellip;]\" \/>\n<meta property=\"og:url\" content=\"https:\/\/prof-group.ee\/girbau-pesumasinad\/\" \/>\n<meta property=\"og:site_name\" content=\"Prof Group\" \/>\n<meta property=\"article:modified_time\" content=\"2019-10-29T19:49:54+00:00\" \/>\n<meta property=\"og:image\" content=\"https:\/\/prof-group.ee\/wp-content\/uploads\/2018\/09\/151_HS6008_logi_frontal_p.jpg\" \/>\n<meta name=\"twitter:card\" content=\"summary_large_image\" \/>\n<script type=\"application\/ld+json\" class=\"yoast-schema-graph\">{\"@context\":\"https:\/\/schema.org\",\"@graph\":[{\"@type\":\"WebSite\",\"@id\":\"https:\/\/prof-group.ee\/et\/#website\",\"url\":\"https:\/\/prof-group.ee\/et\/\",\"name\":\"Prof Group\",\"description\":\"T\\u00f6\\u00f6stuslikud seadmed\",\"potentialAction\":[{\"@type\":\"SearchAction\",\"target\":\"https:\/\/prof-group.ee\/et\/?s={search_term_string}\",\"query-input\":\"required name=search_term_string\"}],\"inLanguage\":\"et\"},{\"@type\":\"ImageObject\",\"@id\":\"https:\/\/prof-group.ee\/girbau-pesumasinad\/#primaryimage\",\"inLanguage\":\"et\",\"url\":\"https:\/\/prof-group.ee\/wp-content\/uploads\/2018\/09\/151_HS6008_logi_frontal_p.jpg\",\"width\":140,\"height\":190},{\"@type\":\"WebPage\",\"@id\":\"https:\/\/prof-group.ee\/girbau-pesumasinad\/#webpage\",\"url\":\"https:\/\/prof-group.ee\/girbau-pesumasinad\/\",\"name\":\"[:et]Girbau t\\u00f6\\u00f6stuslikud pesumasinad[:en]Girbau Washers[:ru]Girbau t\\u00f6\\u00f6stuslikud pesumasinad[:fi]Girbau t\\u00f6\\u00f6stuslikud pesumasinad[:] - Prof Group\",\"isPartOf\":{\"@id\":\"https:\/\/prof-group.ee\/et\/#website\"},\"primaryImageOfPage\":{\"@id\":\"https:\/\/prof-group.ee\/girbau-pesumasinad\/#primaryimage\"},\"datePublished\":\"2018-08-29T12:11:00+00:00\",\"dateModified\":\"2019-10-29T19:49:54+00:00\",\"inLanguage\":\"et\",\"potentialAction\":[{\"@type\":\"ReadAction\",\"target\":[\"https:\/\/prof-group.ee\/girbau-pesumasinad\/\"]}]}]}<\/script>\n<!-- \/ Yoast SEO plugin. -->","_links":{"self":[{"href":"https:\/\/prof-group.ee\/et\/wp-json\/wp\/v2\/pages\/723","targetHints":{"allow":["GET"]}}],"collection":[{"href":"https:\/\/prof-group.ee\/et\/wp-json\/wp\/v2\/pages"}],"about":[{"href":"https:\/\/prof-group.ee\/et\/wp-json\/wp\/v2\/types\/page"}],"author":[{"embeddable":true,"href":"https:\/\/prof-group.ee\/et\/wp-json\/wp\/v2\/users\/1"}],"replies":[{"embeddable":true,"href":"https:\/\/prof-group.ee\/et\/wp-json\/wp\/v2\/comments?post=723"}],"version-history":[{"count":1,"href":"https:\/\/prof-group.ee\/et\/wp-json\/wp\/v2\/pages\/723\/revisions"}],"predecessor-version":[{"id":934,"href":"https:\/\/prof-group.ee\/et\/wp-json\/wp\/v2\/pages\/723\/revisions\/934"}],"wp:attachment":[{"href":"https:\/\/prof-group.ee\/et\/wp-json\/wp\/v2\/media?parent=723"}],"curies":[{"name":"wp","href":"https:\/\/api.w.org\/{rel}","templated":true}]}}