{"id":614,"date":"2018-01-25T10:07:49","date_gmt":"2018-01-25T10:07:49","guid":{"rendered":"http:\/\/prof-group.ee\/?page_id=614"},"modified":"2019-10-29T18:04:36","modified_gmt":"2019-10-29T18:04:36","slug":"ilsa-sensene","status":"publish","type":"page","link":"https:\/\/prof-group.ee\/et\/ilsa-sensene\/","title":{"rendered":"ILSA + SENSENE kuivpesu lahendus"},"content":{"rendered":"<p>[vc_row][vc_column width=&#8221;2\/3&#8243;][vc_column_text]<\/p>\n<h3><span class=\"fontstyle0\">KVALITEETNE JA\u00a0KESKKONNAS\u00d5BRALIK<br \/>\n<\/span><span class=\"fontstyle0\">KUIVPESU LAHENDUS<\/span><\/h3>\n<p>ILSA keemilise puhastuse masinad ja SENSENE keemilise puhastuse ained. Ideaalne asendus perklooret\u00fcleen lahusega t\u00f6\u00f6tavatele keemilise puhastuse seadmetele.<\/p>\n<h5><span class=\"fontstyle0\"><img loading=\"lazy\" decoding=\"async\" class=\"size-full wp-image-616 alignleft\" src=\"https:\/\/prof-group.ee\/wp-content\/uploads\/2018\/01\/sensene1.png\" alt=\"\" width=\"41\" height=\"41\" \/><\/span><span class=\"fontstyle0\">TUNNETA PUHTUSE ILU<br \/>\n<\/span><span class=\"fontstyle0\">SENSENE \u2122 suurep\u00e4rane puhastuskvaliteet ka raskelt m\u00e4\u00e4rdunud\u00a0riietele ja kangastele. Puhastuslahus omab v\u00e4ga suurt\u00a0puhastusv\u00f5imet ja eemaldab turvaliselt erinevaid plekke ka\u00a0kaasaegsetel kangastel. Uudne puhastuslahus tagab kangastel\u00a0algsete v\u00e4rvide ja loomulike erksate toonide p\u00fcsimise.<\/span><\/h5>\n<h5><span class=\"fontstyle0\"><img loading=\"lazy\" decoding=\"async\" class=\"size-full wp-image-618 alignleft\" src=\"https:\/\/prof-group.ee\/wp-content\/uploads\/2018\/01\/sensene2.png\" alt=\"\" width=\"41\" height=\"41\" \/>TUNNETA PUHAST LOODUST<br \/>\nSENSENE \u2122 on modifitseeritud alkoholil p\u00f5hinev uudne\u00a0biolagunev puhastuslahus, millel on ohutult madal\u00a0veekeskkonda kahjustav toksilisus. Seega k\u00f5ige\u00a0keskkonnas\u00f5bralikum viis kangaste kuivpesuks\/keemiliseks\u00a0puhastamiseks.<\/span><\/h5>\n<h5><span class=\"fontstyle0\"><img loading=\"lazy\" decoding=\"async\" class=\"size-full wp-image-620 alignleft\" src=\"https:\/\/prof-group.ee\/wp-content\/uploads\/2018\/01\/sensene3.png\" alt=\"\" width=\"41\" height=\"41\" \/>TUNNETA PUUDUTUST<br \/>\nSENSENE \u2122 on kangale \u00f5rn ja p\u00f5hjustab v\u00e4ga madalat\u00a0kortsumist, mis muudab triikimise tunduvalt lihtsamaks. See\u00a0tagab SENSENE \u2122 puhastatud tekstiilide suurep\u00e4rase pehme\u00a0puudutuse.<\/span><\/h5>\n<h5><span class=\"fontstyle0\"><img loading=\"lazy\" decoding=\"async\" class=\"size-full wp-image-621 alignleft\" src=\"https:\/\/prof-group.ee\/wp-content\/uploads\/2018\/01\/sensene4.png\" alt=\"\" width=\"41\" height=\"41\" \/>TUNNETA OMA \u00c4RI V\u00d5IMALUSI<br \/>\nSENSENE \u2122 v\u00f5imaldab kangaste lihtsat ja nutikat pesu: tekstiil\u00a0kuivab kiiremini, masina ts\u00fckliajad on l\u00fchemad ja energiakulu\u00a0v\u00e4iksem. Peale selle vajab puhastusprotsess hea<br \/>\ndestilleerimisk\u00e4itumise t\u00f5ttu v\u00e4hem energiat. Saab v\u00e4hendada ja\u00a0v\u00e4ltida plekieemalduse eelt\u00f6\u00f6tluse materjalide ja aja kulu.<br \/>\nPesulahuse kulu on minimaalne. SENSENE \u2122 muudab pesu\u00a0viimistlemise tunduvalt lihtsamaks t\u00e4nu kangaste madalale\u00a0kortsumisele.<\/span><\/h5>\n<h5><span class=\"fontstyle0\">Turvaline ja testitud, v\u00e4ga hea pesutulemusega. Lai\u00a0kasutusvaldkond \u2013 \u201eSoft-Cell\u201c kangad; erim\u00e4rgistega;\u00a0helkurribadega ja kuumpressitud reklaamkirjadega r\u00f5ivad,\u00a0raskelt m\u00e4\u00e4rdunud t\u00f6\u00f6r\u00f5ivad, haiglapesu, jne.<\/span><\/h5>\n<h5><span class=\"fontstyle0\">K\u00f5ik see s\u00e4\u00e4stab Teie aega ja kulusid, avardab Teie \u00e4ri v\u00f5imalusi.<\/span><\/h5>\n<h5><span class=\"fontstyle0\"><img loading=\"lazy\" decoding=\"async\" class=\"size-full wp-image-622 alignleft\" src=\"https:\/\/prof-group.ee\/wp-content\/uploads\/2018\/01\/sensene5.png\" alt=\"\" width=\"41\" height=\"41\" \/>TUNNETA PUHTUST<br \/>\nSENSENE \u2122 j\u00e4tab puhastatud tekstiile vaid meeldiva puhta\u00a0l\u00f5hna. Stabiilne formulatsioon hoiab Teie puhastusseadme<br \/>\ndesinfitseeritud, puhta, v\u00e4ltides bakterite akumulatsiooni ja<br \/>\nebameeldiva l\u00f5hna.<\/span><\/h5>\n<h5><span class=\"fontstyle0\">SENSENE \u2122 pesulahus ei sisalda allergeene.<\/span><\/h5>\n<p>[\/vc_column_text][\/vc_column][vc_column width=&#8221;1\/3&#8243;][vc_column_text]<img loading=\"lazy\" decoding=\"async\" class=\"alignnone wp-image-628\" src=\"https:\/\/prof-group.ee\/wp-content\/uploads\/2018\/01\/Capture2.png\" alt=\"\" width=\"321\" height=\"574\" srcset=\"https:\/\/prof-group.ee\/wp-content\/uploads\/2018\/01\/Capture2.png 321w, https:\/\/prof-group.ee\/wp-content\/uploads\/2018\/01\/Capture2-168x300.png 168w\" sizes=\"auto, (max-width: 321px) 100vw, 321px\" \/><\/p>\n<h3><img loading=\"lazy\" decoding=\"async\" class=\"alignnone wp-image-630\" src=\"https:\/\/prof-group.ee\/wp-content\/uploads\/2018\/01\/ilsa-sensene.png\" alt=\"\" width=\"322\" height=\"100\" srcset=\"https:\/\/prof-group.ee\/wp-content\/uploads\/2018\/01\/ilsa-sensene.png 370w, https:\/\/prof-group.ee\/wp-content\/uploads\/2018\/01\/ilsa-sensene-300x93.png 300w\" sizes=\"auto, (max-width: 322px) 100vw, 322px\" \/><\/h3>\n<h3>AMETLIKULT ESINDAJALT<br \/>\nKOGU BALTIKUMIS<\/h3>\n<h4>PROF GROUP EESTI O\u00dc<br \/>\nTel: +372 5300 3140<br \/>\ninfo@prof-group.ee<br \/>\nwww.prof-group.ee<\/h4>\n<p>[\/vc_column_text][\/vc_column][\/vc_row]<\/p>","protected":false},"excerpt":{"rendered":"<p>[vc_row][vc_column width=&#8221;2\/3&#8243;][vc_column_text] KVALITEETNE JA\u00a0KESKKONNAS\u00d5BRALIK KUIVPESU LAHENDUS ILSA keemilise puhastuse masinad ja SENSENE keemilise puhastuse ained. Ideaalne asendus perklooret\u00fcleen lahusega t\u00f6\u00f6tavatele keemilise puhastuse seadmetele. TUNNETA PUHTUSE ILU SENSENE \u2122 suurep\u00e4rane puhastuskvaliteet ka raskelt m\u00e4\u00e4rdunud\u00a0riietele ja kangastele. Puhastuslahus omab v\u00e4ga suurt\u00a0puhastusv\u00f5imet ja eemaldab turvaliselt erinevaid plekke ka\u00a0kaasaegsetel kangastel. Uudne puhastuslahus tagab kangastel\u00a0algsete v\u00e4rvide ja loomulike erksate toonide [&hellip;]<\/p>\n","protected":false},"author":1,"featured_media":0,"parent":0,"menu_order":0,"comment_status":"closed","ping_status":"closed","template":"","meta":{"footnotes":""},"class_list":["post-614","page","type-page","status-publish","hentry"],"yoast_head":"<!-- This site is optimized with the Yoast SEO plugin v14.6.1 - https:\/\/yoast.com\/wordpress\/plugins\/seo\/ -->\n<title>ILSA keemilise puhastuse masinad ja SENSENE keemilise puhastuse ained.<\/title>\n<meta name=\"description\" content=\"{:et}ILSA keemilise puhastuse masinad ja SENSENE keemilise puhastuse ained. Ideaalne asendus perklooret\u00fcleen lahusega t\u00f6\u00f6tavatele keemilise puhastuse seadmetele. Kvaliteetne ja keskkonnas\u00f5bralik kuivpesu lahendus.{:}\" \/>\n<meta name=\"robots\" content=\"index, follow\" \/>\n<meta name=\"googlebot\" content=\"index, follow, max-snippet:-1, max-image-preview:large, max-video-preview:-1\" \/>\n<meta name=\"bingbot\" content=\"index, follow, max-snippet:-1, max-image-preview:large, max-video-preview:-1\" \/>\n<link rel=\"canonical\" href=\"https:\/\/prof-group.ee\/ilsa-sensene\/\" \/>\n<meta property=\"og:locale\" content=\"et_EE\" \/>\n<meta property=\"og:type\" content=\"article\" \/>\n<meta property=\"og:title\" content=\"[:et]ILSA keemilise puhastuse masinad ja SENSENE keemilise puhastuse ained.[:]\" \/>\n<meta property=\"og:description\" content=\"{:et}ILSA keemilise puhastuse masinad ja SENSENE keemilise puhastuse ained. Ideaalne asendus perklooret\u00fcleen lahusega t\u00f6\u00f6tavatele keemilise puhastuse seadmetele. Kvaliteetne ja keskkonnas\u00f5bralik kuivpesu lahendus.{:}\" \/>\n<meta property=\"og:url\" content=\"https:\/\/prof-group.ee\/ilsa-sensene\/\" \/>\n<meta property=\"og:site_name\" content=\"Prof Group\" \/>\n<meta property=\"article:modified_time\" content=\"2019-10-29T18:04:36+00:00\" \/>\n<meta property=\"og:image\" content=\"https:\/\/prof-group.ee\/wp-content\/uploads\/2018\/01\/sensene1.png\" \/>\n<meta name=\"twitter:card\" content=\"summary_large_image\" \/>\n<script type=\"application\/ld+json\" class=\"yoast-schema-graph\">{\"@context\":\"https:\/\/schema.org\",\"@graph\":[{\"@type\":\"WebSite\",\"@id\":\"https:\/\/prof-group.ee\/et\/#website\",\"url\":\"https:\/\/prof-group.ee\/et\/\",\"name\":\"Prof Group\",\"description\":\"T\\u00f6\\u00f6stuslikud seadmed\",\"potentialAction\":[{\"@type\":\"SearchAction\",\"target\":\"https:\/\/prof-group.ee\/et\/?s={search_term_string}\",\"query-input\":\"required name=search_term_string\"}],\"inLanguage\":\"et\"},{\"@type\":\"ImageObject\",\"@id\":\"https:\/\/prof-group.ee\/ilsa-sensene\/#primaryimage\",\"inLanguage\":\"et\",\"url\":\"https:\/\/prof-group.ee\/wp-content\/uploads\/2018\/01\/sensene1.png\",\"width\":41,\"height\":41},{\"@type\":\"WebPage\",\"@id\":\"https:\/\/prof-group.ee\/ilsa-sensene\/#webpage\",\"url\":\"https:\/\/prof-group.ee\/ilsa-sensene\/\",\"name\":\"[:et]ILSA keemilise puhastuse masinad ja SENSENE keemilise puhastuse ained.[:]\",\"isPartOf\":{\"@id\":\"https:\/\/prof-group.ee\/et\/#website\"},\"primaryImageOfPage\":{\"@id\":\"https:\/\/prof-group.ee\/ilsa-sensene\/#primaryimage\"},\"datePublished\":\"2018-01-25T10:07:49+00:00\",\"dateModified\":\"2019-10-29T18:04:36+00:00\",\"description\":\"{:et}ILSA keemilise puhastuse masinad ja SENSENE keemilise puhastuse ained. Ideaalne asendus perklooret\\u00fcleen lahusega t\\u00f6\\u00f6tavatele keemilise puhastuse seadmetele. Kvaliteetne ja keskkonnas\\u00f5bralik kuivpesu lahendus.{:}\",\"inLanguage\":\"et\",\"potentialAction\":[{\"@type\":\"ReadAction\",\"target\":[\"https:\/\/prof-group.ee\/ilsa-sensene\/\"]}]}]}<\/script>\n<!-- \/ Yoast SEO plugin. -->","_links":{"self":[{"href":"https:\/\/prof-group.ee\/et\/wp-json\/wp\/v2\/pages\/614","targetHints":{"allow":["GET"]}}],"collection":[{"href":"https:\/\/prof-group.ee\/et\/wp-json\/wp\/v2\/pages"}],"about":[{"href":"https:\/\/prof-group.ee\/et\/wp-json\/wp\/v2\/types\/page"}],"author":[{"embeddable":true,"href":"https:\/\/prof-group.ee\/et\/wp-json\/wp\/v2\/users\/1"}],"replies":[{"embeddable":true,"href":"https:\/\/prof-group.ee\/et\/wp-json\/wp\/v2\/comments?post=614"}],"version-history":[{"count":1,"href":"https:\/\/prof-group.ee\/et\/wp-json\/wp\/v2\/pages\/614\/revisions"}],"predecessor-version":[{"id":926,"href":"https:\/\/prof-group.ee\/et\/wp-json\/wp\/v2\/pages\/614\/revisions\/926"}],"wp:attachment":[{"href":"https:\/\/prof-group.ee\/et\/wp-json\/wp\/v2\/media?parent=614"}],"curies":[{"name":"wp","href":"https:\/\/api.w.org\/{rel}","templated":true}]}}