{"id":6,"date":"2017-05-28T19:41:47","date_gmt":"2017-05-28T19:41:47","guid":{"rendered":"http:\/\/prof-group.ee\/?page_id=6"},"modified":"2019-11-12T22:45:58","modified_gmt":"2019-11-12T22:45:58","slug":"avaleht","status":"publish","type":"page","link":"https:\/\/prof-group.ee\/et\/","title":{"rendered":"Avaleht"},"content":{"rendered":"<p>[vc_row full_width=&#8221;stretch_row_content_no_spaces&#8221;][vc_column][rev_slider_vc alias=&#8221;esileht&#8221;][\/vc_column][\/vc_row][vc_row full_width=&#8221;stretch_row_content_no_spaces&#8221;][vc_column][vc_cta h2=&#8221;&#8221; txt_align=&#8221;center&#8221; css=&#8221;.vc_custom_1522512810336{margin-top: -20px !important;background-color: #ffffff !important;}&#8221;]<\/p>\n<ul>\n<li style=\"display: inline-block;\"><a href=\"\/product_brand\/domus\/\"><img decoding=\"async\" style=\"height: 30px; padding: 0 20px 0 20px; opacity: 1;\" src=\"\/wp-content\/uploads\/2019\/10\/logo-domus.png\" \/><\/a><\/li>\n<li style=\"display: inline-block;\"><a href=\"\/ilsa-sensene\/\"><img decoding=\"async\" style=\"height: 30px; padding: 0 20px 0 20px; opacity: 1;\" src=\"\/wp-content\/uploads\/2019\/10\/logo-Ilsa-color.png\" \/><\/a><\/li>\n<li style=\"display: inline-block;\"><a href=\"\/et\/tootekategooria\/sidi-mondial\/\"><img decoding=\"async\" class=\"alignnone\" style=\"height: 30px; padding: 0 20px 0 20px; opacity: 1;\" src=\"\/wp-content\/uploads\/2019\/10\/logo-sidi-mondial-color.png\" alt=\"\" height=\"115\" \/><\/a><\/li>\n<li style=\"display: inline-block;\"><a href=\"\/product_brand\/girbau\/\"><img decoding=\"async\" style=\"height: 30px; padding: 0 20px 0 20px; opacity: 1;\" src=\"\/wp-content\/uploads\/2019\/10\/logo-girbau-color.png\" \/><\/a><\/li>\n<li style=\"display: inline-block;\"><img decoding=\"async\" style=\"height: 30px; padding: 0 20px 0 20px; opacity: 1;\" src=\"\/wp-content\/uploads\/2019\/10\/logo-asber-color.png\" \/><\/li>\n<li style=\"display: inline-block;\"><img decoding=\"async\" style=\"height: 30px; padding: 0 20px 0 20px; opacity: 1;\" src=\"\/wp-content\/uploads\/2019\/10\/logo-isa-bw.png\" \/><\/li>\n<li style=\"display: inline-block;\"><a href=\"\/product_brand\/nimo\/\"><img decoding=\"async\" style=\"height: 30px; padding: 0 20px 0 20px; opacity: 1;\" src=\"\/wp-content\/uploads\/2019\/10\/logo-nimo-color.png\" \/><\/a><\/li>\n<li style=\"display: inline-block;\"><a href=\"\/ilsa-sensene\/\"><img decoding=\"async\" style=\"height: 30px; padding: 0 20px 0 20px; opacity: 1;\" src=\"\/wp-content\/uploads\/2019\/10\/logo-sensene_color.png\" \/><\/a><\/li>\n<li style=\"display: inline-block;\"><img decoding=\"async\" style=\"height: 30px; padding: 0 20px 0 20px; opacity: 1;\" src=\"\/wp-content\/uploads\/2019\/10\/logo-biar-color.png\" \/><\/li>\n<\/ul>\n<p>[\/vc_cta][\/vc_column][\/vc_row][vc_section disable_element=&#8221;yes&#8221;][vc_row full_width=&#8221;stretch_row_content&#8221; el_class=&#8221;w1143&#8243;][vc_column][vc_column_text]<\/p>\n<h2 style=\"text-align: center;\">Manual display<\/h2>\n<p>[\/vc_column_text]<div class=\"woocommerce columns-4 \"><ul class=\"products columns-4\">\n<li class=\"product type-product post-424 status-publish first outofstock product_cat-kuivatuskapid product_tag-valge product_tag-ventileeriv has-post-thumbnail taxable shipping-taxable purchasable product-type-simple\">\n\tKiire ja kangas\u00f5bralik riietehooldus. Ventileeriv seade.<\/li>\n<li class=\"product type-product post-609 status-publish outofstock has-post-thumbnail taxable shipping-taxable purchasable product-type-simple\">\n\tLarge completely enclosed unit with sink. Exclusive titanium finish.<\/li>\n<\/ul>\n<\/div>[\/vc_column][\/vc_row][vc_row full_width=&#8221;stretch_row_content&#8221; el_class=&#8221;w1143&#8243;][vc_column][vc_column_text]<\/p>\n<h2 style=\"text-align: center;\">Izgl\u012bt\u012bbas iest\u0101d\u0113m<\/h2>\n<p>[\/vc_column_text]<div class=\"woocommerce columns-4 \"><ul class=\"products columns-4\">\n<li class=\"product type-product post-424 status-publish first outofstock product_cat-kuivatuskapid product_tag-valge product_tag-ventileeriv has-post-thumbnail taxable shipping-taxable purchasable product-type-simple\">\n\tKiire ja kangas\u00f5bralik riietehooldus. Ventileeriv seade.<\/li>\n<li class=\"product type-product post-609 status-publish outofstock has-post-thumbnail taxable shipping-taxable purchasable product-type-simple\">\n\tLarge completely enclosed unit with sink. Exclusive titanium finish.<\/li>\n<\/ul>\n<\/div>[\/vc_column][\/vc_row][\/vc_section]<\/p>","protected":false},"excerpt":{"rendered":"<p>[vc_row full_width=&#8221;stretch_row_content_no_spaces&#8221;][vc_column][rev_slider_vc alias=&#8221;esileht&#8221;][\/vc_column][\/vc_row][vc_row full_width=&#8221;stretch_row_content_no_spaces&#8221;][vc_column][vc_cta h2=&#8221;&#8221; txt_align=&#8221;center&#8221; css=&#8221;.vc_custom_1522512810336{margin-top: -20px !important;background-color: #ffffff !important;}&#8221;] [\/vc_cta][\/vc_column][\/vc_row][vc_section disable_element=&#8221;yes&#8221;][vc_row full_width=&#8221;stretch_row_content&#8221; el_class=&#8221;w1143&#8243;][vc_column][vc_column_text] Manual display [\/vc_column_text][\/vc_column][\/vc_row][vc_row full_width=&#8221;stretch_row_content&#8221; el_class=&#8221;w1143&#8243;][vc_column][vc_column_text] Izgl\u012bt\u012bbas iest\u0101d\u0113m [\/vc_column_text][\/vc_column][\/vc_row][\/vc_section]<\/p>\n","protected":false},"author":1,"featured_media":0,"parent":0,"menu_order":0,"comment_status":"closed","ping_status":"closed","template":"template-homepage.php","meta":{"footnotes":""},"class_list":["post-6","page","type-page","status-publish","hentry"],"yoast_head":"<!-- This site is optimized with the Yoast SEO plugin v14.6.1 - https:\/\/yoast.com\/wordpress\/plugins\/seo\/ -->\n<title>Avaleht - Prof Group<\/title>\n<meta name=\"description\" content=\"Meie tootevalikust leiate: Domus, Girbau, Sidi (v\u00e4ikesed ja suured pesumajalahendused), Ilsa, Sensene (keemilise pesu, kuivpesu lahendused) NIMO (kuivatuskapid t\u00f6\u00f6le ja koju), ISA, Desmon (j\u00e4\u00e4tisek\u00fclmikud, k\u00fclmvitriinid, suurk\u00f6\u00f6gi- ja baaride k\u00fclmikud), Asber (n\u00f5udepesumasinad, roostevaba k\u00f6\u00f6gim\u00f6\u00f6bel)\" \/>\n<meta name=\"robots\" content=\"index, follow\" \/>\n<meta name=\"googlebot\" content=\"index, follow, max-snippet:-1, max-image-preview:large, max-video-preview:-1\" \/>\n<meta name=\"bingbot\" content=\"index, follow, max-snippet:-1, max-image-preview:large, max-video-preview:-1\" \/>\n<link rel=\"canonical\" href=\"https:\/\/prof-group.ee\/et\/\" \/>\n<meta property=\"og:locale\" content=\"et_EE\" \/>\n<meta property=\"og:type\" content=\"article\" \/>\n<meta property=\"og:title\" content=\"Avaleht - Prof Group\" \/>\n<meta property=\"og:description\" content=\"Meie tootevalikust leiate: Domus, Girbau, Sidi (v\u00e4ikesed ja suured pesumajalahendused), Ilsa, Sensene (keemilise pesu, kuivpesu lahendused) NIMO (kuivatuskapid t\u00f6\u00f6le ja koju), ISA, Desmon (j\u00e4\u00e4tisek\u00fclmikud, k\u00fclmvitriinid, suurk\u00f6\u00f6gi- ja baaride k\u00fclmikud), Asber (n\u00f5udepesumasinad, roostevaba k\u00f6\u00f6gim\u00f6\u00f6bel)\" \/>\n<meta property=\"og:url\" content=\"https:\/\/prof-group.ee\/et\/\" \/>\n<meta property=\"og:site_name\" content=\"Prof Group\" \/>\n<meta property=\"article:modified_time\" content=\"2019-11-12T22:45:58+00:00\" \/>\n<meta property=\"og:image\" content=\"https:\/\/prof-group.ee\/wp-content\/uploads\/2019\/10\/logo-domus.png\" \/>\n<meta name=\"twitter:card\" content=\"summary_large_image\" \/>\n<script type=\"application\/ld+json\" class=\"yoast-schema-graph\">{\"@context\":\"https:\/\/schema.org\",\"@graph\":[{\"@type\":\"WebSite\",\"@id\":\"https:\/\/prof-group.ee\/et\/#website\",\"url\":\"https:\/\/prof-group.ee\/et\/\",\"name\":\"Prof Group\",\"description\":\"T\\u00f6\\u00f6stuslikud seadmed\",\"potentialAction\":[{\"@type\":\"SearchAction\",\"target\":\"https:\/\/prof-group.ee\/et\/?s={search_term_string}\",\"query-input\":\"required name=search_term_string\"}],\"inLanguage\":\"et\"},{\"@type\":\"ImageObject\",\"@id\":\"https:\/\/prof-group.ee\/et\/#primaryimage\",\"inLanguage\":\"et\",\"url\":\"\/wp-content\/uploads\/2019\/10\/logo-domus.png\"},{\"@type\":\"WebPage\",\"@id\":\"https:\/\/prof-group.ee\/et\/#webpage\",\"url\":\"https:\/\/prof-group.ee\/et\/\",\"name\":\"Avaleht - Prof Group\",\"isPartOf\":{\"@id\":\"https:\/\/prof-group.ee\/et\/#website\"},\"primaryImageOfPage\":{\"@id\":\"https:\/\/prof-group.ee\/et\/#primaryimage\"},\"datePublished\":\"2017-05-28T19:41:47+00:00\",\"dateModified\":\"2019-11-12T22:45:58+00:00\",\"description\":\"Meie tootevalikust leiate: Domus, Girbau, Sidi (v\\u00e4ikesed ja suured pesumajalahendused), Ilsa, Sensene (keemilise pesu, kuivpesu lahendused) NIMO (kuivatuskapid t\\u00f6\\u00f6le ja koju), ISA, Desmon (j\\u00e4\\u00e4tisek\\u00fclmikud, k\\u00fclmvitriinid, suurk\\u00f6\\u00f6gi- ja baaride k\\u00fclmikud), Asber (n\\u00f5udepesumasinad, roostevaba k\\u00f6\\u00f6gim\\u00f6\\u00f6bel)\",\"inLanguage\":\"et\",\"potentialAction\":[{\"@type\":\"ReadAction\",\"target\":[\"https:\/\/prof-group.ee\/et\/\"]}]}]}<\/script>\n<!-- \/ Yoast SEO plugin. -->","_links":{"self":[{"href":"https:\/\/prof-group.ee\/et\/wp-json\/wp\/v2\/pages\/6","targetHints":{"allow":["GET"]}}],"collection":[{"href":"https:\/\/prof-group.ee\/et\/wp-json\/wp\/v2\/pages"}],"about":[{"href":"https:\/\/prof-group.ee\/et\/wp-json\/wp\/v2\/types\/page"}],"author":[{"embeddable":true,"href":"https:\/\/prof-group.ee\/et\/wp-json\/wp\/v2\/users\/1"}],"replies":[{"embeddable":true,"href":"https:\/\/prof-group.ee\/et\/wp-json\/wp\/v2\/comments?post=6"}],"version-history":[{"count":6,"href":"https:\/\/prof-group.ee\/et\/wp-json\/wp\/v2\/pages\/6\/revisions"}],"predecessor-version":[{"id":942,"href":"https:\/\/prof-group.ee\/et\/wp-json\/wp\/v2\/pages\/6\/revisions\/942"}],"wp:attachment":[{"href":"https:\/\/prof-group.ee\/et\/wp-json\/wp\/v2\/media?parent=6"}],"curies":[{"name":"wp","href":"https:\/\/api.w.org\/{rel}","templated":true}]}}