{"id":698,"date":"2018-03-24T00:31:41","date_gmt":"2018-03-24T00:31:41","guid":{"rendered":"http:\/\/prof-group.ee\/?post_type=product&amp;p=698"},"modified":"2018-03-24T00:31:41","modified_gmt":"2018-03-24T00:31:41","slug":"sidi-mondial-fvc-902s","status":"publish","type":"product","link":"https:\/\/prof-group.ee\/en\/tooted\/sidi-mondial-fvc-902s\/","title":{"rendered":"Sidi Mondial FVC-902\/S"},"content":{"rendered":"<p><strong>Universal ironing vacuum and blowing table, mod. FVC-902\/S<\/strong><\/p>\n<p>Electrically heated\u00a0<strong>VACUUM &amp; BLOWING<\/strong>\u00a0table, either with built-in 5 lt electronic, automatic boiler or for connection to external steam supply.<\/p>\n<p>Available Extras:<br \/>\n\u2022 Swinging arm with sleeve ironing shape or spotting shape<br \/>\n\u2022 Steam or steam\/air gun or cold spotting gun<br \/>\n\u2022 Water spray on iron or water spray gun with support<br \/>\n\u2022 Overhead lighting either with or without suspension for iron.<\/p>\n<p><strong>TECHNICAL DATA:<\/strong><br \/>\nRequired power:\u00a0<strong>with boiler\u00a0400 V\/3+N\/50 Hz \u00a0&#8211; \u00a0220V\/3\/60 Hz<\/strong><br \/>\nRequired power:\u00a0<strong>without \u00a0boiler 230 V\/1\/50 Hz-\u00a0\u00a0110V\/1\/60 Hz<\/strong><br \/>\nWater feeding:\u00a0<strong>\u00a0 \u00d813&#8243;-\u00a0\u00a00,5 in<\/strong><br \/>\nBoiler drain:\u00a0<strong>\u00a0 1\/2&#8243;<\/strong><br \/>\nSteam working pressure:\u00a0<strong>\u00a0\u00a02,8 bar \u00a0&#8211;\u00a040,6 psi<\/strong><br \/>\nVacuum motor:\u00a0<strong>\u00a0 0,25 kW<\/strong><br \/>\nVacuum outlet:\u00a0<strong>\u00a0 \u00d8 100-\u00a04 in<\/strong><br \/>\nEncumbrance:\u00a0<strong>\u00a0 1960&#215;650 mm-\u00a077&#215;26 in<\/strong><br \/>\nNet weight:\u00a0<strong>\u00a0100 kg-\u00a0220 Lbs<\/strong><br \/>\nGross weight:\u00a0<strong>\u00a0 122 kg \u00a0&#8211; 269 Lbs<\/strong><br \/>\nOverall dimensions:\u00a0<strong>\u00a01550 x 580 x 1070 mm-\u00a061x23x42 in<\/strong><\/p>","protected":false},"excerpt":{"rendered":"<p class=\"qtranxs-available-languages-message qtranxs-available-languages-message-en\">Sorry, this entry is only available in <a href=\"https:\/\/prof-group.ee\/et\/wp-json\/wp\/v2\/product\/698\" class=\"qtranxs-available-language-link qtranxs-available-language-link-et\" title=\"Eesti\">Eesti<\/a>.<\/p>\n","protected":false},"featured_media":699,"template":"","meta":[],"class_list":["post-698","product","type-product","status-publish","has-post-thumbnail","hentry","product_brand-sidi-mondial","product_cat-sidi-mondial","product_cat-triikimissusteemid"],"yoast_head":"<!-- This site is optimized with the Yoast SEO plugin v14.6.1 - https:\/\/yoast.com\/wordpress\/plugins\/seo\/ -->\n<title>Sidi Mondial FVC-902\/S - Prof Group<\/title>\n<meta name=\"robots\" content=\"index, follow\" \/>\n<meta name=\"googlebot\" content=\"index, follow, max-snippet:-1, max-image-preview:large, max-video-preview:-1\" \/>\n<meta name=\"bingbot\" content=\"index, follow, max-snippet:-1, max-image-preview:large, max-video-preview:-1\" \/>\n<link rel=\"canonical\" href=\"https:\/\/prof-group.ee\/tooted\/sidi-mondial-fvc-902s\/\" \/>\n<meta property=\"og:locale\" content=\"en_US\" \/>\n<meta property=\"og:type\" content=\"article\" \/>\n<meta property=\"og:title\" content=\"Sidi Mondial FVC-902\/S - Prof Group\" \/>\n<meta property=\"og:description\" content=\"[:et]Universaalne triikimislaud koos triikrauaga.  Elektrik\u00fcttega.  Vaakumi ja puhumisfunktsiooniga.  Sisseehitatud automaatne\u00a05-liitrine boiler. Koos lisadega:  Auru p\u00fcstol.  P\u00f6\u00f6rlev varrukalaud vaakumiga \u2013 varrukalaud k\u00fcttega ( varustatud l\u00fcliti, pistiku ja pistikupesaga).  T\u00f6\u00f6koha valgusti + triikraua siin + t\u00f5mbevedru triikrauale, reguleeritava leevendiga. Triikimistehnika vasakult paremale ja paremalt vasakule. &quot;POINT TO RIGHT&quot; or &quot;POINT TO LEFT&quot;. Tehniline info:  Elektritoide: 380-400 V\/3+N+E\/50 Hz, 5600 W  Triikimislaua m\u00f5\u00f5tmed: L 1100 x S 380 x K 230 mm  Veetoite vajadus: \u00d813&quot;- 0,5 in  Boileri \u00e4ravoolu diameeter: 1\/2&quot;  Auru t\u00f6\u00f6r\u00f5hk seadmest: 2,8 bar - 40,6 psi  Vaakummootor: 0,25 kW  Vaakumv\u00e4ljund: \u00d8 100- 4 in  Kaal: 100 kg  Seadme m\u00f5\u00f5tmed: 1550 x 580 x 1070 mm [:]\" \/>\n<meta property=\"og:url\" content=\"https:\/\/prof-group.ee\/tooted\/sidi-mondial-fvc-902s\/\" \/>\n<meta property=\"og:site_name\" content=\"Prof Group\" \/>\n<meta property=\"og:image\" content=\"https:\/\/prof-group.ee\/wp-content\/uploads\/2018\/03\/FVC_S-902_1.jpg\" \/>\n\t<meta property=\"og:image:width\" content=\"286\" \/>\n\t<meta property=\"og:image:height\" content=\"350\" \/>\n<meta name=\"twitter:card\" content=\"summary_large_image\" \/>\n<script type=\"application\/ld+json\" class=\"yoast-schema-graph\">{\"@context\":\"https:\/\/schema.org\",\"@graph\":[{\"@type\":\"WebSite\",\"@id\":\"https:\/\/prof-group.ee\/en\/#website\",\"url\":\"https:\/\/prof-group.ee\/en\/\",\"name\":\"Prof Group\",\"description\":\"T\\u00f6\\u00f6stuslikud seadmed\",\"potentialAction\":[{\"@type\":\"SearchAction\",\"target\":\"https:\/\/prof-group.ee\/en\/?s={search_term_string}\",\"query-input\":\"required name=search_term_string\"}],\"inLanguage\":\"en-US\"},{\"@type\":\"ImageObject\",\"@id\":\"https:\/\/prof-group.ee\/tooted\/sidi-mondial-fvc-902s\/#primaryimage\",\"inLanguage\":\"en-US\",\"url\":\"https:\/\/prof-group.ee\/wp-content\/uploads\/2018\/03\/FVC_S-902_1.jpg\",\"width\":286,\"height\":350,\"caption\":\"Sidi Mondial FVC-902\/S\"},{\"@type\":\"WebPage\",\"@id\":\"https:\/\/prof-group.ee\/tooted\/sidi-mondial-fvc-902s\/#webpage\",\"url\":\"https:\/\/prof-group.ee\/tooted\/sidi-mondial-fvc-902s\/\",\"name\":\"Sidi Mondial FVC-902\/S - Prof Group\",\"isPartOf\":{\"@id\":\"https:\/\/prof-group.ee\/en\/#website\"},\"primaryImageOfPage\":{\"@id\":\"https:\/\/prof-group.ee\/tooted\/sidi-mondial-fvc-902s\/#primaryimage\"},\"datePublished\":\"2018-03-24T00:31:41+00:00\",\"dateModified\":\"2018-03-24T00:31:41+00:00\",\"inLanguage\":\"en-US\",\"potentialAction\":[{\"@type\":\"ReadAction\",\"target\":[\"https:\/\/prof-group.ee\/tooted\/sidi-mondial-fvc-902s\/\"]}]}]}<\/script>\n<!-- \/ Yoast SEO plugin. -->","_links":{"self":[{"href":"https:\/\/prof-group.ee\/en\/wp-json\/wp\/v2\/product\/698","targetHints":{"allow":["GET"]}}],"collection":[{"href":"https:\/\/prof-group.ee\/en\/wp-json\/wp\/v2\/product"}],"about":[{"href":"https:\/\/prof-group.ee\/en\/wp-json\/wp\/v2\/types\/product"}],"wp:featuredmedia":[{"embeddable":true,"href":"https:\/\/prof-group.ee\/en\/wp-json\/wp\/v2\/media\/699"}],"wp:attachment":[{"href":"https:\/\/prof-group.ee\/en\/wp-json\/wp\/v2\/media?parent=698"}],"curies":[{"name":"wp","href":"https:\/\/api.w.org\/{rel}","templated":true}]}}