{"id":505,"date":"2017-12-02T18:43:32","date_gmt":"2017-12-02T18:43:32","guid":{"rendered":"http:\/\/prof-group.ee\/?post_type=product&#038;p=505"},"modified":"2024-02-06T10:22:16","modified_gmt":"2024-02-06T10:22:16","slug":"kuivatuskapp-nimo-ets-1500-e-valge","status":"publish","type":"product","link":"https:\/\/prof-group.ee\/en\/tooted\/kuivatuskapp-nimo-ets-1500-e-valge\/","title":{"rendered":"Kuivatuskapp NIMO ETS 1500 E Valge"},"content":{"rendered":"<p>Wall-mounted drying cabinet with ECO DRYER sensor-controlled automatic shut-off. For smaller spaces, for example above the washing machine. Two set automatic programmes and the possibility of manual timer control. Height-adjustable hanger system provides a comfortable working height. Timer-controlled fan, stepless heating.<\/p>\n<table class=\"shop_attributes\">\n<tbody>\n<tr>\n<th>Dimensions H x W x D<\/th>\n<td>1435 x 595 x 610 mm<\/td>\n<\/tr>\n<tr>\n<th>Weight<\/th>\n<td>60 kg<\/td>\n<\/tr>\n<tr>\n<th>Protection class<\/th>\n<td>IP24, SEMKO and CE approved<\/td>\n<\/tr>\n<tr>\n<th>Capacity<\/th>\n<td>Hanging length 16 metres, volume 4 kg and upwards<\/td>\n<\/tr>\n<tr>\n<th>Noise level<\/th>\n<td>Below 60 dB(A)<\/td>\n<\/tr>\n<tr>\n<th>Electrical connection<\/th>\n<td>One phase 230 V 10 A, heater power 1500 W, motor 35 W with overheat protection<\/td>\n<\/tr>\n<tr>\n<th>Fan capacity<\/th>\n<td>180 m\u00b3 of which 25% is evacuated<\/td>\n<\/tr>\n<tr>\n<th>Drying system<\/th>\n<td>Extract air. Supplied with ventilation connections<\/td>\n<\/tr>\n<\/tbody>\n<\/table>\n<p><\/p>","protected":false},"excerpt":{"rendered":"<p>Wall-mounted drying cabinet.\u00a0Extract air.\u00a0Sensor-controlled.<\/p>\n<ul>\n<li>Automatic shut-off.<\/li>\n<li>Two automatic programmes.<\/li>\n<li>Energy-efficient and practical.<\/li>\n<\/ul>\n","protected":false},"featured_media":1186,"template":"","meta":[],"class_list":["post-505","product","type-product","status-publish","has-post-thumbnail","hentry","product_brand-nimo","product_cat-kuivatuskapid","product_tag-valge","product_tag-ventileeriv"],"yoast_head":"<!-- This site is optimized with the Yoast SEO plugin v14.6.1 - https:\/\/yoast.com\/wordpress\/plugins\/seo\/ -->\n<title>Kuivatuskapp NIMO ETS 1500 E Valge - Prof Group<\/title>\n<meta name=\"robots\" content=\"index, follow\" \/>\n<meta name=\"googlebot\" content=\"index, follow, max-snippet:-1, max-image-preview:large, max-video-preview:-1\" \/>\n<meta name=\"bingbot\" content=\"index, follow, max-snippet:-1, max-image-preview:large, max-video-preview:-1\" \/>\n<link rel=\"canonical\" href=\"https:\/\/prof-group.ee\/tooted\/kuivatuskapp-nimo-ets-1500-e-valge\/\" \/>\n<meta property=\"og:locale\" content=\"en_US\" \/>\n<meta property=\"og:type\" content=\"article\" \/>\n<meta property=\"og:title\" content=\"[:et]Nimo kuivatuskapp ETS 1500 E Valge[:en]Kuivatuskapp NIMO ETS 1500 E Valge[:ru]Kuivatuskapp NIMO ETS 1500 E Valge[:fi]Kuivatuskapp NIMO ETS 1500 E Valge[:] - Prof Group\" \/>\n<meta property=\"og:description\" content=\"[:et]Praktiline ja ruumis\u00e4\u00e4stlik, seinale kinnitatav sensoriga kuivatuskapp. Sobib v\u00e4iksematesse ruumidesse n\u00e4iteks pesumasina kohale.[:en]Wall-mounted drying cabinet.\u00a0Extract air.\u00a0Sensor-controlled.   Automatic shut-off.  Two automatic programmes.  Energy-efficient and practical. [:ru]\u041d\u0430\u0441\u0442\u0435\u043d\u043d\u044b\u0439 \u0441\u0443\u0448\u0438\u043b\u044c\u043d\u044b\u0439 \u0448\u043a\u0430\u0444.\u00a0\u0412\u044b\u0442\u044f\u0436\u043d\u043e\u0439 \u0432\u043e\u0437\u0434\u0443\u0445.\u00a0\u0423\u043f\u0440\u0430\u0432\u043b\u0435\u043d\u0438\u0435 \u043e\u0442 \u0434\u0430\u0442\u0447\u0438\u043a\u043e\u0432.   \u0410\u0432\u0442\u043e\u043c\u0430\u0442\u0438\u0447\u0435\u0441\u043a\u043e\u0435 \u043e\u0442\u043a\u043b\u044e\u0447\u0435\u043d\u0438\u0435.  \u0414\u0432\u0435 \u0430\u0432\u0442\u043e\u043c\u0430\u0442\u0438\u0447\u0435\u0441\u043a\u0438\u0435 \u043f\u0440\u043e\u0433\u0440\u0430\u043c\u043c\u044b.  \u042d\u043d\u0435\u0440\u0433\u043e\u0441\u0431\u0435\u0440\u0435\u0436\u0435\u043d\u0438\u0435 \u0438 \u043f\u0440\u0430\u043a\u0442\u0438\u0447\u043d\u043e\u0441\u0442\u044c. [:fi]Sein\u00e4lle asennettava kuivauskaapit.\u00a0Poistoilma.\u00a0Anturiohjaus.   Automaattinen sammutus.  Kaksi automaattiohjelmaa.  Energiapihi ja k\u00e4yt\u00e4nn\u00f6llinen. [:]\" \/>\n<meta property=\"og:url\" content=\"https:\/\/prof-group.ee\/tooted\/kuivatuskapp-nimo-ets-1500-e-valge\/\" \/>\n<meta property=\"og:site_name\" content=\"Prof Group\" \/>\n<meta property=\"article:modified_time\" content=\"2024-02-06T10:22:16+00:00\" \/>\n<meta property=\"og:image\" content=\"https:\/\/prof-group.ee\/wp-content\/uploads\/2017\/12\/ETS1500E1_nimoweb-dryingcabinet-ets-1500-white-closed-1by1-3840x3840-1.png\" \/>\n\t<meta property=\"og:image:width\" content=\"800\" \/>\n\t<meta property=\"og:image:height\" content=\"800\" \/>\n<meta name=\"twitter:card\" content=\"summary_large_image\" \/>\n<script type=\"application\/ld+json\" class=\"yoast-schema-graph\">{\"@context\":\"https:\/\/schema.org\",\"@graph\":[{\"@type\":\"WebSite\",\"@id\":\"https:\/\/prof-group.ee\/en\/#website\",\"url\":\"https:\/\/prof-group.ee\/en\/\",\"name\":\"Prof Group\",\"description\":\"T\\u00f6\\u00f6stuslikud seadmed\",\"potentialAction\":[{\"@type\":\"SearchAction\",\"target\":\"https:\/\/prof-group.ee\/en\/?s={search_term_string}\",\"query-input\":\"required name=search_term_string\"}],\"inLanguage\":\"en-US\"},{\"@type\":\"ImageObject\",\"@id\":\"https:\/\/prof-group.ee\/tooted\/kuivatuskapp-nimo-ets-1500-e-valge\/#primaryimage\",\"inLanguage\":\"en-US\",\"url\":\"https:\/\/prof-group.ee\/wp-content\/uploads\/2017\/12\/ETS1500E1_nimoweb-dryingcabinet-ets-1500-white-closed-1by1-3840x3840-1.png\",\"width\":800,\"height\":800},{\"@type\":\"WebPage\",\"@id\":\"https:\/\/prof-group.ee\/tooted\/kuivatuskapp-nimo-ets-1500-e-valge\/#webpage\",\"url\":\"https:\/\/prof-group.ee\/tooted\/kuivatuskapp-nimo-ets-1500-e-valge\/\",\"name\":\"[:et]Nimo kuivatuskapp ETS 1500 E Valge[:en]Kuivatuskapp NIMO ETS 1500 E Valge[:ru]Kuivatuskapp NIMO ETS 1500 E Valge[:fi]Kuivatuskapp NIMO ETS 1500 E Valge[:] - Prof Group\",\"isPartOf\":{\"@id\":\"https:\/\/prof-group.ee\/en\/#website\"},\"primaryImageOfPage\":{\"@id\":\"https:\/\/prof-group.ee\/tooted\/kuivatuskapp-nimo-ets-1500-e-valge\/#primaryimage\"},\"datePublished\":\"2017-12-02T18:43:32+00:00\",\"dateModified\":\"2024-02-06T10:22:16+00:00\",\"inLanguage\":\"en-US\",\"potentialAction\":[{\"@type\":\"ReadAction\",\"target\":[\"https:\/\/prof-group.ee\/tooted\/kuivatuskapp-nimo-ets-1500-e-valge\/\"]}]}]}<\/script>\n<!-- \/ Yoast SEO plugin. -->","_links":{"self":[{"href":"https:\/\/prof-group.ee\/en\/wp-json\/wp\/v2\/product\/505","targetHints":{"allow":["GET"]}}],"collection":[{"href":"https:\/\/prof-group.ee\/en\/wp-json\/wp\/v2\/product"}],"about":[{"href":"https:\/\/prof-group.ee\/en\/wp-json\/wp\/v2\/types\/product"}],"wp:featuredmedia":[{"embeddable":true,"href":"https:\/\/prof-group.ee\/en\/wp-json\/wp\/v2\/media\/1186"}],"wp:attachment":[{"href":"https:\/\/prof-group.ee\/en\/wp-json\/wp\/v2\/media?parent=505"}],"curies":[{"name":"wp","href":"https:\/\/api.w.org\/{rel}","templated":true}]}}