{"id":462,"date":"2017-11-26T18:08:47","date_gmt":"2017-11-26T18:08:47","guid":{"rendered":"http:\/\/prof-group.ee\/?post_type=product&#038;p=462"},"modified":"2024-02-02T08:26:01","modified_gmt":"2024-02-02T08:26:01","slug":"kuivatuskapp-nimo-ets-1100-valge","status":"publish","type":"product","link":"https:\/\/prof-group.ee\/en\/tooted\/kuivatuskapp-nimo-ets-1100-valge\/","title":{"rendered":"Kuivatuskapp NIMO ETS 1100 Valge"},"content":{"rendered":"<p>Compact drying cabinet for wall mounting, e.g. in the bathroom. Timer-controlled fan, stepless heating. Rotatable door.<\/p>\n<table class=\"shop_attributes\">\n<tbody>\n<tr>\n<th>Dimensions H x W x D<\/th>\n<td>1140 x 595 x 335 mm<\/td>\n<\/tr>\n<tr>\n<th>Weight<\/th>\n<td>33 kg<\/td>\n<\/tr>\n<tr>\n<th>Protection class<\/th>\n<td>IP24, SEMKO and CE approved<\/td>\n<\/tr>\n<tr>\n<th>Capacity<\/th>\n<td>Hanging length 5.4 metres, volume approx. 1.5 kg<\/td>\n<\/tr>\n<tr>\n<th>Noise level<\/th>\n<td>Below 60 dB(A)<\/td>\n<\/tr>\n<tr>\n<th>Electrical connection<\/th>\n<td>One phase 230 V 10 A, heater power 1500 W, motor 35 W with overheat protection<\/td>\n<\/tr>\n<tr>\n<th>Fan capacity<\/th>\n<td>150 m\u00b3 of which 25% is evacuated<\/td>\n<\/tr>\n<tr>\n<th>Drying system<\/th>\n<td>Extract air. Supplied with ventilation connections<\/td>\n<\/tr>\n<\/tbody>\n<\/table>\n<p><\/p>","protected":false},"excerpt":{"rendered":"<p>Wall-mounted drying cabinet.\u00a0Extract air.<\/p>\n<ul>\n<li>Timer-controlled fan.<\/li>\n<li>Stepless heating.<\/li>\n<\/ul>\n","protected":false},"featured_media":448,"template":"","meta":[],"class_list":["post-462","product","type-product","status-publish","has-post-thumbnail","hentry","product_brand-nimo","product_cat-kuivatuskapid","product_tag-valge","product_tag-ventileeriv"],"yoast_head":"<!-- This site is optimized with the Yoast SEO plugin v14.6.1 - https:\/\/yoast.com\/wordpress\/plugins\/seo\/ -->\n<title>Kuivatuskapp NIMO ETS 1100 Valge - Prof Group<\/title>\n<meta name=\"robots\" content=\"index, follow\" \/>\n<meta name=\"googlebot\" content=\"index, follow, max-snippet:-1, max-image-preview:large, max-video-preview:-1\" \/>\n<meta name=\"bingbot\" content=\"index, follow, max-snippet:-1, max-image-preview:large, max-video-preview:-1\" \/>\n<link rel=\"canonical\" href=\"https:\/\/prof-group.ee\/tooted\/kuivatuskapp-nimo-ets-1100-valge\/\" \/>\n<meta property=\"og:locale\" content=\"en_US\" \/>\n<meta property=\"og:type\" content=\"article\" \/>\n<meta property=\"og:title\" content=\"Kuivatuskapp NIMO ETS 1100 Valge - Prof Group\" \/>\n<meta property=\"og:description\" content=\"[:et]Seinale paigaldatav kuivatuskapp.\u00a0\u00d5hu v\u00e4ljat\u00f5mbega.   Taimeriga kontrollitav ventilaator.  Astmeteta kuumutamine. [:en]Wall-mounted drying cabinet.\u00a0Extract air.   Timer-controlled fan.  Stepless heating. [:ru]\u041d\u0430\u0441\u0442\u0435\u043d\u043d\u044b\u0439 \u0441\u0443\u0448\u0438\u043b\u044c\u043d\u044b\u0439 \u0448\u043a\u0430\u0444. \u0412\u044b\u0442\u044f\u0436\u043d\u043e\u0439 \u0432\u043e\u0437\u0434\u0443\u0445.   \u0412\u0435\u043d\u0442\u0438\u043b\u044f\u0442\u043e\u0440 \u0441 \u0442\u0430\u0439\u043c\u0435\u0440\u043e\u043c.  \u041f\u043b\u0430\u0432\u043d\u043e\u0435 \u043d\u0430\u0433\u0440\u0435\u0432\u0430\u043d\u0438\u0435. [:fi]Sein\u00e4lle asennettava kuivauskaappi.\u00a0Poistoilma.   Aikaohjattu tuuletin.  Portaaton l\u00e4mp\u00f6. [:]\" \/>\n<meta property=\"og:url\" content=\"https:\/\/prof-group.ee\/tooted\/kuivatuskapp-nimo-ets-1100-valge\/\" \/>\n<meta property=\"og:site_name\" content=\"Prof Group\" \/>\n<meta property=\"article:modified_time\" content=\"2024-02-02T08:26:01+00:00\" \/>\n<meta property=\"og:image\" content=\"https:\/\/prof-group.ee\/wp-content\/uploads\/2017\/11\/ets_1100.jpg\" \/>\n\t<meta property=\"og:image:width\" content=\"2835\" \/>\n\t<meta property=\"og:image:height\" content=\"2835\" \/>\n<meta name=\"twitter:card\" content=\"summary_large_image\" \/>\n<script type=\"application\/ld+json\" class=\"yoast-schema-graph\">{\"@context\":\"https:\/\/schema.org\",\"@graph\":[{\"@type\":\"WebSite\",\"@id\":\"https:\/\/prof-group.ee\/en\/#website\",\"url\":\"https:\/\/prof-group.ee\/en\/\",\"name\":\"Prof Group\",\"description\":\"T\\u00f6\\u00f6stuslikud seadmed\",\"potentialAction\":[{\"@type\":\"SearchAction\",\"target\":\"https:\/\/prof-group.ee\/en\/?s={search_term_string}\",\"query-input\":\"required name=search_term_string\"}],\"inLanguage\":\"en-US\"},{\"@type\":\"ImageObject\",\"@id\":\"https:\/\/prof-group.ee\/tooted\/kuivatuskapp-nimo-ets-1100-valge\/#primaryimage\",\"inLanguage\":\"en-US\",\"url\":\"https:\/\/prof-group.ee\/wp-content\/uploads\/2017\/11\/ets_1100.jpg\",\"width\":2835,\"height\":2835},{\"@type\":\"WebPage\",\"@id\":\"https:\/\/prof-group.ee\/tooted\/kuivatuskapp-nimo-ets-1100-valge\/#webpage\",\"url\":\"https:\/\/prof-group.ee\/tooted\/kuivatuskapp-nimo-ets-1100-valge\/\",\"name\":\"Kuivatuskapp NIMO ETS 1100 Valge - Prof Group\",\"isPartOf\":{\"@id\":\"https:\/\/prof-group.ee\/en\/#website\"},\"primaryImageOfPage\":{\"@id\":\"https:\/\/prof-group.ee\/tooted\/kuivatuskapp-nimo-ets-1100-valge\/#primaryimage\"},\"datePublished\":\"2017-11-26T18:08:47+00:00\",\"dateModified\":\"2024-02-02T08:26:01+00:00\",\"inLanguage\":\"en-US\",\"potentialAction\":[{\"@type\":\"ReadAction\",\"target\":[\"https:\/\/prof-group.ee\/tooted\/kuivatuskapp-nimo-ets-1100-valge\/\"]}]}]}<\/script>\n<!-- \/ Yoast SEO plugin. -->","_links":{"self":[{"href":"https:\/\/prof-group.ee\/en\/wp-json\/wp\/v2\/product\/462","targetHints":{"allow":["GET"]}}],"collection":[{"href":"https:\/\/prof-group.ee\/en\/wp-json\/wp\/v2\/product"}],"about":[{"href":"https:\/\/prof-group.ee\/en\/wp-json\/wp\/v2\/types\/product"}],"wp:featuredmedia":[{"embeddable":true,"href":"https:\/\/prof-group.ee\/en\/wp-json\/wp\/v2\/media\/448"}],"wp:attachment":[{"href":"https:\/\/prof-group.ee\/en\/wp-json\/wp\/v2\/media?parent=462"}],"curies":[{"name":"wp","href":"https:\/\/api.w.org\/{rel}","templated":true}]}}