{"id":432,"date":"2017-11-26T17:32:46","date_gmt":"2017-11-26T17:32:46","guid":{"rendered":"http:\/\/prof-group.ee\/?post_type=product&#038;p=432"},"modified":"2024-02-23T10:47:46","modified_gmt":"2024-02-23T10:47:46","slug":"kuivatuskapp-nimo-eco-dryer-2-0-hp-bod-valge","status":"publish","type":"product","link":"https:\/\/prof-group.ee\/en\/tooted\/kuivatuskapp-nimo-eco-dryer-2-0-hp-bod-valge\/","title":{"rendered":"Kuivatuskapp NIMO ECO Dryer 2.0 HP BOD Valge"},"content":{"rendered":"<p><strong>Floor standing model specially adapted for drying workwear.<\/strong><\/p>\n<p>Energy-efficient heat pump technology for fast, effective drying. Equipped with six ceiling clothing hooks and three hangers on the inside of the door. Where necessary, standard hangers can also be installed.<\/p>\n<table class=\"shop_attributes\">\n<tbody>\n<tr>\n<th>Dimensions H x W x D<\/th>\n<td>1930 x 595 x 675 mm<\/td>\n<\/tr>\n<tr>\n<th>Weight<\/th>\n<td>95 kg<\/td>\n<\/tr>\n<tr>\n<th>Protection class<\/th>\n<td>IP24, SEMKO and CE approved<\/td>\n<\/tr>\n<tr>\n<th>Noise level<\/th>\n<td>52 db(A) \u2013 in principle no louder than a refrigerator<\/td>\n<\/tr>\n<tr>\n<th>Electrical connection<\/th>\n<td>Connect to normal wall outlet, one phase 230 V 10 A<\/td>\n<\/tr>\n<tr>\n<th>Quick drying<\/th>\n<td>Up to 22 g water per minute<\/td>\n<\/tr>\n<tr>\n<th>Energy consumption<\/th>\n<td>1.3 kWh with normal load (4 kg). Down to 0.28 kWh\/kg with maximum load (8 kg)<\/td>\n<\/tr>\n<tr>\n<th>Connection<\/th>\n<td>Heat pump technology \u2013 requires no extract air ventilation. Condensation hose included<\/td>\n<\/tr>\n<\/tbody>\n<\/table>\n<p><\/p>","protected":false},"excerpt":{"rendered":"<p>Floor standing drying cabinet.\u00a01930 mm. Heat pump.\u00a0Sensor controlled. Specially adapted for workwear.<\/p>\n<ul>\n<li>Energy-efficient heat pump technology.<\/li>\n<li>Quiet.<\/li>\n<li>Requires no extract air ventilation.<\/li>\n<li>Two fully automatic programmes.<\/li>\n<\/ul>\n","protected":false},"featured_media":1192,"template":"","meta":[],"class_list":["post-432","product","type-product","status-publish","has-post-thumbnail","hentry","product_brand-nimo","product_cat-kuivatuskapid","product_tag-ei-vaja-ventilatsiooni","product_tag-laekonksudega","product_tag-soojuspumbaga","product_tag-valge"],"yoast_head":"<!-- This site is optimized with the Yoast SEO plugin v14.6.1 - https:\/\/yoast.com\/wordpress\/plugins\/seo\/ -->\n<title>Kuivatuskapp NIMO ECO Dryer 2.0 HP BOD Valge - Prof Group<\/title>\n<meta name=\"robots\" content=\"index, follow\" \/>\n<meta name=\"googlebot\" content=\"index, follow, max-snippet:-1, max-image-preview:large, max-video-preview:-1\" \/>\n<meta name=\"bingbot\" content=\"index, follow, max-snippet:-1, max-image-preview:large, max-video-preview:-1\" \/>\n<link rel=\"canonical\" href=\"https:\/\/prof-group.ee\/tooted\/kuivatuskapp-nimo-eco-dryer-2-0-hp-bod-valge\/\" \/>\n<meta property=\"og:locale\" content=\"en_US\" \/>\n<meta property=\"og:type\" content=\"article\" \/>\n<meta property=\"og:title\" content=\"[:et]Nimo kuivatuskapp ECO Dryer 2.0 HP Bod Valge[:en]Kuivatuskapp NIMO ECO Dryer 2.0 HP BOD Valge[:ru]Kuivatuskapp NIMO ECO Dryer 2.0 HP BOD Valge[:fi]Kuivatuskapp NIMO ECO Dryer 2.0 HP BOD Valge[:] - Prof Group\" \/>\n<meta property=\"og:description\" content=\"[:et]K\u00f5ige efektiivsem, vaiksem ja energias\u00e4\u00e4stlikum kuivatuskapp. Lihtsa riputuslahendusega kuivatuskapp t\u00f6\u00f6riietele, kombinesoonidele ja jalan\u00f5udele.[:en]Floor standing drying cabinet.\u00a01930 mm. Heat pump.\u00a0Sensor controlled. Specially adapted for workwear.   Energy-efficient heat pump technology.  Quiet.  Requires no extract air ventilation.  Two fully automatic programmes. [:ru]\u041d\u0430\u043f\u043e\u043b\u044c\u043d\u044b\u0439 \u0441\u0443\u0448\u0438\u043b\u044c\u043d\u044b\u0439 \u0448\u043a\u0430\u0444.\u00a01930 \u043c\u043c. \u0422\u0435\u043f\u043b\u043e\u0432\u043e\u0439 \u043d\u0430\u0441\u043e\u0441.\u00a0\u0423\u043f\u0440\u0430\u0432\u043b\u0435\u043d\u0438\u0435 \u043e\u0442 \u0434\u0430\u0442\u0447\u0438\u043a\u043e\u0432.\u00a0\u0421\u043f\u0435\u0446\u0438\u0430\u043b\u044c\u043d\u043e \u043f\u0440\u0438\u0441\u043f\u043e\u0441\u043e\u0431\u043b\u0435\u043d \u0434\u043b\u044f \u0441\u0443\u0448\u043a\u0438 \u0440\u0430\u0431\u043e\u0447\u0435\u0439 \u043e\u0434\u0435\u0436\u0434\u044b.   \u042d\u043d\u0435\u0440\u0433\u043e\u0441\u0431\u0435\u0440\u0435\u0433\u0430\u044e\u0449\u0430\u044f \u0442\u0435\u0445\u043d\u043e\u043b\u043e\u0433\u0438\u044f \u0442\u0435\u043f\u043b\u043e\u0432\u044b\u0445 \u043d\u0430\u0441\u043e\u0441\u043e\u0432.  \u0411\u0435\u0441\u0448\u0443\u043c\u043d\u043e\u0441\u0442\u044c.  \u0412\u044b\u0442\u044f\u0436\u043d\u0430\u044f \u0432\u043e\u0437\u0434\u0443\u0448\u043d\u0430\u044f \u0432\u0435\u043d\u0442\u0438\u043b\u044f\u0446\u0438\u044f \u043d\u0435 \u0442\u0440\u0435\u0431\u0443\u0435\u0442\u0441\u044f.  \u0414\u0432\u0435 \u043f\u043e\u043b\u043d\u043e\u0441\u0442\u044c\u044e \u0430\u0432\u0442\u043e\u043c\u0430\u0442\u0438\u0447\u0435\u0441\u043a\u0438\u0435 \u043f\u0440\u043e\u0433\u0440\u0430\u043c\u043c\u044b [:fi]Lattialle asennettava kuivauskaapit.\u00a01925 mm. l\u00e4mp\u00f6pumppu.\u00a0Anturiohjaus.\u00a0Soveltuu erityisesti ty\u00f6vaatteille.   Energiapihi l\u00e4mp\u00f6pumpputekniikka.  Hiljainen toiminta.  Ei tarvitse poistoilmanvaihtoa.  Kaksi t\u00e4ysin automaattista ohjelmaa. [:]\" \/>\n<meta property=\"og:url\" content=\"https:\/\/prof-group.ee\/tooted\/kuivatuskapp-nimo-eco-dryer-2-0-hp-bod-valge\/\" \/>\n<meta property=\"og:site_name\" content=\"Prof Group\" \/>\n<meta property=\"article:modified_time\" content=\"2024-02-23T10:47:46+00:00\" \/>\n<meta property=\"og:image\" content=\"https:\/\/prof-group.ee\/wp-content\/uploads\/2017\/11\/nimoweb-dryingcabinet-ecodryer-2.0-work-white-open-1by1-3840x3840-1-scaled.jpg\" \/>\n\t<meta property=\"og:image:width\" content=\"2560\" \/>\n\t<meta property=\"og:image:height\" content=\"2560\" \/>\n<meta name=\"twitter:card\" content=\"summary_large_image\" \/>\n<script type=\"application\/ld+json\" class=\"yoast-schema-graph\">{\"@context\":\"https:\/\/schema.org\",\"@graph\":[{\"@type\":\"WebSite\",\"@id\":\"https:\/\/prof-group.ee\/en\/#website\",\"url\":\"https:\/\/prof-group.ee\/en\/\",\"name\":\"Prof Group\",\"description\":\"T\\u00f6\\u00f6stuslikud seadmed\",\"potentialAction\":[{\"@type\":\"SearchAction\",\"target\":\"https:\/\/prof-group.ee\/en\/?s={search_term_string}\",\"query-input\":\"required name=search_term_string\"}],\"inLanguage\":\"en-US\"},{\"@type\":\"ImageObject\",\"@id\":\"https:\/\/prof-group.ee\/tooted\/kuivatuskapp-nimo-eco-dryer-2-0-hp-bod-valge\/#primaryimage\",\"inLanguage\":\"en-US\",\"url\":\"https:\/\/prof-group.ee\/wp-content\/uploads\/2017\/11\/nimoweb-dryingcabinet-ecodryer-2.0-work-white-open-1by1-3840x3840-1-scaled.jpg\",\"width\":2560,\"height\":2560},{\"@type\":\"WebPage\",\"@id\":\"https:\/\/prof-group.ee\/tooted\/kuivatuskapp-nimo-eco-dryer-2-0-hp-bod-valge\/#webpage\",\"url\":\"https:\/\/prof-group.ee\/tooted\/kuivatuskapp-nimo-eco-dryer-2-0-hp-bod-valge\/\",\"name\":\"[:et]Nimo kuivatuskapp ECO Dryer 2.0 HP Bod Valge[:en]Kuivatuskapp NIMO ECO Dryer 2.0 HP BOD Valge[:ru]Kuivatuskapp NIMO ECO Dryer 2.0 HP BOD Valge[:fi]Kuivatuskapp NIMO ECO Dryer 2.0 HP BOD Valge[:] - Prof Group\",\"isPartOf\":{\"@id\":\"https:\/\/prof-group.ee\/en\/#website\"},\"primaryImageOfPage\":{\"@id\":\"https:\/\/prof-group.ee\/tooted\/kuivatuskapp-nimo-eco-dryer-2-0-hp-bod-valge\/#primaryimage\"},\"datePublished\":\"2017-11-26T17:32:46+00:00\",\"dateModified\":\"2024-02-23T10:47:46+00:00\",\"inLanguage\":\"en-US\",\"potentialAction\":[{\"@type\":\"ReadAction\",\"target\":[\"https:\/\/prof-group.ee\/tooted\/kuivatuskapp-nimo-eco-dryer-2-0-hp-bod-valge\/\"]}]}]}<\/script>\n<!-- \/ Yoast SEO plugin. -->","_links":{"self":[{"href":"https:\/\/prof-group.ee\/en\/wp-json\/wp\/v2\/product\/432","targetHints":{"allow":["GET"]}}],"collection":[{"href":"https:\/\/prof-group.ee\/en\/wp-json\/wp\/v2\/product"}],"about":[{"href":"https:\/\/prof-group.ee\/en\/wp-json\/wp\/v2\/types\/product"}],"wp:featuredmedia":[{"embeddable":true,"href":"https:\/\/prof-group.ee\/en\/wp-json\/wp\/v2\/media\/1192"}],"wp:attachment":[{"href":"https:\/\/prof-group.ee\/en\/wp-json\/wp\/v2\/media?parent=432"}],"curies":[{"name":"wp","href":"https:\/\/api.w.org\/{rel}","templated":true}]}}