{"id":424,"date":"2017-11-26T17:20:20","date_gmt":"2017-11-26T17:20:20","guid":{"rendered":"http:\/\/prof-group.ee\/?post_type=product&#038;p=424"},"modified":"2024-02-23T11:33:25","modified_gmt":"2024-02-23T11:33:25","slug":"kuivatuskapp-nimo-ets-1900","status":"publish","type":"product","link":"https:\/\/prof-group.ee\/en\/tooted\/kuivatuskapp-nimo-ets-1900\/","title":{"rendered":"Nimo kuivatuskapp Easy Dryer 1900 Valge"},"content":{"rendered":"<p>High floor standing model with three pull-out and foldable hangers. Timer-controlled fan, stepless heating. Supplied with ventilation connections.<\/p>\n<table class=\"shop_attributes\">\n<tbody>\n<tr>\n<th>Dimensions H x W x D<\/th>\n<td>1915 x 595 x 615 mm<\/td>\n<\/tr>\n<tr>\n<th>Weight<\/th>\n<td>61 kg<\/td>\n<\/tr>\n<tr>\n<th>Protection class<\/th>\n<td>IP24, SEMKO and CE approved<\/td>\n<\/tr>\n<tr>\n<th>Capacity<\/th>\n<td>Hanging length 16 metres, volume 4 kg and upwards<\/td>\n<\/tr>\n<tr>\n<th>Noise level<\/th>\n<td>Below 60 dB(A)<\/td>\n<\/tr>\n<tr>\n<th>Electrical connection<\/th>\n<td>One phase 230 V 10 A, heater power 1500 W, motor 35 W with overheat protection<\/td>\n<\/tr>\n<tr>\n<th>Fan capacity<\/th>\n<td>180 m\u00b3 of which 25% is evacuated<\/td>\n<\/tr>\n<tr>\n<th>Drying system<\/th>\n<td>Extract air. Supplied with ventilation connections<\/td>\n<\/tr>\n<\/tbody>\n<\/table>\n<p><\/p>","protected":false},"excerpt":{"rendered":"<p>Floor standing drying cabinet.\u00a01915 mm. Extract air.<\/p>\n<ul>\n<li>Timer-controlled fan.<\/li>\n<li>Stepless heating.<\/li>\n<li>All of our floor standing drying cabinets can be equipped with glove and shoe racks as options.<\/li>\n<\/ul>\n","protected":false},"featured_media":1209,"template":"","meta":[],"class_list":["post-424","product","type-product","status-publish","has-post-thumbnail","hentry","product_brand-nimo","product_cat-kuivatuskapid","product_tag-valge","product_tag-ventileeriv"],"yoast_head":"<!-- This site is optimized with the Yoast SEO plugin v14.6.1 - https:\/\/yoast.com\/wordpress\/plugins\/seo\/ -->\n<title>Nimo kuivatuskapp Easy Dryer 1900 Valge - Prof Group<\/title>\n<meta name=\"robots\" content=\"index, follow\" \/>\n<meta name=\"googlebot\" content=\"index, follow, max-snippet:-1, max-image-preview:large, max-video-preview:-1\" \/>\n<meta name=\"bingbot\" content=\"index, follow, max-snippet:-1, max-image-preview:large, max-video-preview:-1\" \/>\n<link rel=\"canonical\" href=\"https:\/\/prof-group.ee\/tooted\/kuivatuskapp-nimo-ets-1900\/\" \/>\n<meta property=\"og:locale\" content=\"en_US\" \/>\n<meta property=\"og:type\" content=\"article\" \/>\n<meta property=\"og:title\" content=\"Nimo kuivatuskapp Easy Dryer 1900 Valge - Prof Group\" \/>\n<meta property=\"og:description\" content=\"[:et]Kiire ja kangas\u00f5bralik riietehooldus. Ventileeriv seade.[:en]Floor standing drying cabinet.\u00a01915 mm. Extract air.   Timer-controlled fan.  Stepless heating.  All of our floor standing drying cabinets can be equipped with glove and shoe racks as options. [:ru]\u041d\u0430\u043f\u043e\u043b\u044c\u043d\u044b\u0439 \u0441\u0443\u0448\u0438\u043b\u044c\u043d\u044b\u0439 \u0448\u043a\u0430\u0444.\u00a01915 \u043c\u043c. \u0412\u044b\u0442\u044f\u0436\u043d\u043e\u0439 \u0432\u043e\u0437\u0434\u0443\u0445. \u0412\u0435\u043d\u0442\u0438\u043b\u044f\u0442\u043e\u0440 \u0441 \u0442\u0430\u0439\u043c\u0435\u0440\u043e\u043c.   \u041f\u043b\u0430\u0432\u043d\u043e\u0435 \u043d\u0430\u0433\u0440\u0435\u0432\u0430\u043d\u0438\u0435.  \u0412\u0441\u0435 \u043d\u0430\u0448\u0438 \u043d\u0430\u043f\u043e\u043b\u044c\u043d\u044b\u0435 \u0441\u0443\u0448\u0438\u043b\u044c\u043d\u044b\u0435 \u0448\u043a\u0430\u0444\u044b \u043c\u043e\u0433\u0443\u0442 \u0431\u044b\u0442\u044c \u0434\u043e\u043f\u043e\u043b\u043d\u0438\u0442\u0435\u043b\u044c\u043d\u043e \u043e\u0431\u043e\u0440\u0443\u0434\u043e\u0432\u0430\u043d\u044b \u0441\u0442\u043e\u0439\u043a\u0430\u043c\u0438 \u0434\u043b\u044f \u043f\u0435\u0440\u0447\u0430\u0442\u043e\u043a \u0438 \u043e\u0431\u0443\u0432\u0438. [:fi]Lattialle asennettava kuivauskaapit.\u00a01915 mm. poistoilma.   Aikaohjattu tuuletin.  Portaaton l\u00e4mp\u00f6.  Kaikkiin lattialle asennettaviin kuivauskaappeihimme on saatavana k\u00e4sinepidikkeet ja kenk\u00e4telineet lis\u00e4varusteena. [:]\" \/>\n<meta property=\"og:url\" content=\"https:\/\/prof-group.ee\/tooted\/kuivatuskapp-nimo-ets-1900\/\" \/>\n<meta property=\"og:site_name\" content=\"Prof Group\" \/>\n<meta property=\"article:modified_time\" content=\"2024-02-23T11:33:25+00:00\" \/>\n<meta property=\"og:image\" content=\"https:\/\/prof-group.ee\/wp-content\/uploads\/2017\/12\/ED1900.png\" \/>\n\t<meta property=\"og:image:width\" content=\"1245\" \/>\n\t<meta property=\"og:image:height\" content=\"1215\" \/>\n<meta name=\"twitter:card\" content=\"summary_large_image\" \/>\n<script type=\"application\/ld+json\" class=\"yoast-schema-graph\">{\"@context\":\"https:\/\/schema.org\",\"@graph\":[{\"@type\":\"WebSite\",\"@id\":\"https:\/\/prof-group.ee\/en\/#website\",\"url\":\"https:\/\/prof-group.ee\/en\/\",\"name\":\"Prof Group\",\"description\":\"T\\u00f6\\u00f6stuslikud seadmed\",\"potentialAction\":[{\"@type\":\"SearchAction\",\"target\":\"https:\/\/prof-group.ee\/en\/?s={search_term_string}\",\"query-input\":\"required name=search_term_string\"}],\"inLanguage\":\"en-US\"},{\"@type\":\"ImageObject\",\"@id\":\"https:\/\/prof-group.ee\/tooted\/kuivatuskapp-nimo-ets-1900\/#primaryimage\",\"inLanguage\":\"en-US\",\"url\":\"https:\/\/prof-group.ee\/wp-content\/uploads\/2017\/12\/ED1900.png\",\"width\":1245,\"height\":1215},{\"@type\":\"WebPage\",\"@id\":\"https:\/\/prof-group.ee\/tooted\/kuivatuskapp-nimo-ets-1900\/#webpage\",\"url\":\"https:\/\/prof-group.ee\/tooted\/kuivatuskapp-nimo-ets-1900\/\",\"name\":\"Nimo kuivatuskapp Easy Dryer 1900 Valge - Prof Group\",\"isPartOf\":{\"@id\":\"https:\/\/prof-group.ee\/en\/#website\"},\"primaryImageOfPage\":{\"@id\":\"https:\/\/prof-group.ee\/tooted\/kuivatuskapp-nimo-ets-1900\/#primaryimage\"},\"datePublished\":\"2017-11-26T17:20:20+00:00\",\"dateModified\":\"2024-02-23T11:33:25+00:00\",\"inLanguage\":\"en-US\",\"potentialAction\":[{\"@type\":\"ReadAction\",\"target\":[\"https:\/\/prof-group.ee\/tooted\/kuivatuskapp-nimo-ets-1900\/\"]}]}]}<\/script>\n<!-- \/ Yoast SEO plugin. -->","_links":{"self":[{"href":"https:\/\/prof-group.ee\/en\/wp-json\/wp\/v2\/product\/424","targetHints":{"allow":["GET"]}}],"collection":[{"href":"https:\/\/prof-group.ee\/en\/wp-json\/wp\/v2\/product"}],"about":[{"href":"https:\/\/prof-group.ee\/en\/wp-json\/wp\/v2\/types\/product"}],"wp:featuredmedia":[{"embeddable":true,"href":"https:\/\/prof-group.ee\/en\/wp-json\/wp\/v2\/media\/1209"}],"wp:attachment":[{"href":"https:\/\/prof-group.ee\/en\/wp-json\/wp\/v2\/media?parent=424"}],"curies":[{"name":"wp","href":"https:\/\/api.w.org\/{rel}","templated":true}]}}