{"id":793,"date":"2018-08-31T19:38:04","date_gmt":"2018-08-31T19:38:04","guid":{"rendered":"http:\/\/prof-group.ee\/?page_id=793"},"modified":"2019-10-29T19:53:58","modified_gmt":"2019-10-29T19:53:58","slug":"girbau-kalandrid","status":"publish","type":"page","link":"https:\/\/prof-group.ee\/en\/girbau-kalandrid\/","title":{"rendered":"Girbau Ironers"},"content":{"rendered":"<p>[vc_row][vc_column width=&#8221;1\/4&#8243;][vc_column_text]<\/p>\n<div class=\"c11 textcol last\">\n<p><img loading=\"lazy\" decoding=\"async\" class=\"alignnone size-full wp-image-800\" src=\"https:\/\/prof-group.ee\/wp-content\/uploads\/2018\/08\/PB3219-P.jpg\" alt=\"\" width=\"140\" height=\"90\" \/><br \/>\nGIRBAU PB3215<br \/>\nIRONER<\/p>\n<p>Cylinder diameter: 325 mm<br \/>\nUseful length of cylinder: 1540 mm<\/p>\n<p>Logi control<br \/>\nElectric, gas heating<\/p>\n<p>Dimensions (HxWxD): 1416x2313x872 mm<br \/>\nWeight:\u00a0459 kg<\/p>\n<\/div>\n<p>[\/vc_column_text][\/vc_column][vc_column width=&#8221;1\/4&#8243;][vc_column_text]<\/p>\n<p class=\"c11 textcol\"><img loading=\"lazy\" decoding=\"async\" class=\"alignnone size-full wp-image-800\" src=\"https:\/\/prof-group.ee\/wp-content\/uploads\/2018\/08\/PB3219-P.jpg\" alt=\"\" width=\"140\" height=\"90\" \/><br \/>\nGIRBAU PB3221<br \/>\nIRONER<\/p>\n<p>Cylinder diameter: 325 mm<br \/>\nUseful length of cylinder: 2120 mm<\/p>\n<p>Logi control<br \/>\nElectric, gas heating<\/p>\n<p>Dimensions (HxWxD): 1416x2895x872 mm<br \/>\nWeight: 561kg[\/vc_column_text][\/vc_column][vc_column width=&#8221;1\/4&#8243;][vc_column_text]<\/p>\n<div class=\"c11 textcol last\">\n<p><img loading=\"lazy\" decoding=\"async\" class=\"alignnone size-full wp-image-801\" src=\"https:\/\/prof-group.ee\/wp-content\/uploads\/2018\/08\/PB5-p.jpg\" alt=\"\" width=\"140\" height=\"90\" \/><br \/>\nGIRBAU PB5119<br \/>\nIRONER<\/p>\n<p>Cylinder diameter:\u00a0510 mm<br \/>\nUseful length of cylinder:\u00a01900 mm<\/p>\n<p>Inteli\u00a0control<br \/>\nElectric, gas, steam heating<\/p>\n<p>Dimensions (HxWxD): 1630x2837x1173 mm<br \/>\nWeight: 1035\u00a0kg<\/p>\n<\/div>\n<p>[\/vc_column_text][\/vc_column][vc_column width=&#8221;1\/4&#8243;][vc_column_text]<\/p>\n<div class=\"c11 textcol\">\n<div class=\"c11 textcol\">\n<p><img loading=\"lazy\" decoding=\"async\" class=\"alignnone size-full wp-image-801\" src=\"https:\/\/prof-group.ee\/wp-content\/uploads\/2018\/08\/PB5-p.jpg\" alt=\"\" width=\"140\" height=\"90\" \/><br \/>\nGIRBAU PB5125<br \/>\nIRONER<\/p>\n<p>Cylinder diameter:\u00a0510 mm<br \/>\nUseful length of cylinder: 2530 mm<\/p>\n<p>Inteli\u00a0control<br \/>\nElectric, gas, steam heating<\/p>\n<p>Dimensions (HxWxD): 1630x3470x1173 mm<br \/>\nWeight:\u00a01265 kg<\/p>\n<\/div>\n<div class=\"c11 textcol last\"><\/div>\n<\/div>\n<p>[\/vc_column_text][\/vc_column][\/vc_row][vc_row][vc_column][vc_separator][\/vc_column][\/vc_row][vc_row][vc_column width=&#8221;1\/4&#8243;][vc_column_text]<\/p>\n<div class=\"c11 textcol\">\n<div class=\"c11 textcol\">\n<p><img loading=\"lazy\" decoding=\"async\" class=\"alignnone size-full wp-image-801\" src=\"https:\/\/prof-group.ee\/wp-content\/uploads\/2018\/08\/PB5-p.jpg\" alt=\"\" width=\"140\" height=\"90\" \/><br \/>\nGIRBAU PB5132<br \/>\nIRONER<\/p>\n<p>Cylinder diameter:\u00a0510 mm<br \/>\nUseful length of cylinder: 3165\u00a0mm<\/p>\n<p>Inteli\u00a0control<br \/>\nElectric, gas, steam heating<\/p>\n<p>Dimensions (HxWxD): 1630x4103x1173 mm<br \/>\nWeight:\u00a01423 kg<\/p>\n<\/div>\n<div class=\"c11 textcol\"><\/div>\n<\/div>\n<p>[\/vc_column_text][\/vc_column][vc_column width=&#8221;1\/4&#8243;][vc_column_text]<\/p>\n<div class=\"c11 textcol\">\n<div class=\"c11 textcol\">\n<p><img loading=\"lazy\" decoding=\"async\" class=\"alignnone size-full wp-image-801\" src=\"https:\/\/prof-group.ee\/wp-content\/uploads\/2018\/08\/PB5-p.jpg\" alt=\"\" width=\"140\" height=\"90\" \/><br \/>\nGIRBAU PBP5119<br \/>\nIRONER<\/p>\n<p>Cylinder diameter:\u00a0510 mm<br \/>\nUseful length of cylinder:\u00a01900 mm<\/p>\n<p>Inteli\u00a0control<br \/>\nElectric, gas, steam heating<br \/>\nIncorporates a primary folder<\/p>\n<p>Dimensions (HxWxD): 1630x2837x1173 mm<br \/>\nWeight:\u00a01132 kg<\/p>\n<\/div>\n<div><\/div>\n<\/div>\n<p>[\/vc_column_text][\/vc_column][vc_column width=&#8221;1\/4&#8243;][vc_column_text]<\/p>\n<div class=\"c11 textcol\">\n<div class=\"c11 textcol\">\n<div class=\"c11 textcol\">\n<p><img loading=\"lazy\" decoding=\"async\" class=\"alignnone size-full wp-image-801\" src=\"https:\/\/prof-group.ee\/wp-content\/uploads\/2018\/08\/PB5-p.jpg\" alt=\"\" width=\"140\" height=\"90\" \/><br \/>\nGIRBAU PBP5125<br \/>\nIRONER<\/p>\n<p>Cylinder diameter:\u00a0510 mm<br \/>\nUseful length of cylinder: 2530 mm<\/p>\n<p>Inteli\u00a0control<br \/>\nElectric, gas, steam heating<br \/>\nIncorporates a primary folder<\/p>\n<p>Dimensions (HxWxD): 1630x3470x1173 mm<br \/>\nWeight: 1392\u00a0kg<\/p>\n<\/div>\n<div class=\"c11 textcol last\"><\/div>\n<\/div>\n<\/div>\n<p>[\/vc_column_text][\/vc_column][vc_column width=&#8221;1\/4&#8243;][vc_column_text]<\/p>\n<div class=\"c11 textcol\">\n<div class=\"c11 textcol\">\n<div class=\"c11 textcol\">\n<p><img loading=\"lazy\" decoding=\"async\" class=\"alignnone size-full wp-image-801\" src=\"https:\/\/prof-group.ee\/wp-content\/uploads\/2018\/08\/PB5-p.jpg\" alt=\"\" width=\"140\" height=\"90\" \/><br \/>\nGIRBAU PBP5132<br \/>\nIRONER<\/p>\n<p>Cylinder diameter:\u00a0510 mm<br \/>\nUseful length of cylinder:\u00a03165\u00a0mm<\/p>\n<p>Inteli\u00a0control<br \/>\nElectric, gas, steam heating<br \/>\nIncorporates a primary folder<\/p>\n<p>Dimensions (HxWxD): 1630x4103x1173 mm<br \/>\nWeight:\u00a01586 kg<\/p>\n<\/div>\n<div class=\"c11 textcol last\"><\/div>\n<\/div>\n<\/div>\n<p>[\/vc_column_text][\/vc_column][\/vc_row]<\/p>","protected":false},"excerpt":{"rendered":"<p>[vc_row][vc_column width=&#8221;1\/4&#8243;][vc_column_text] GIRBAU PB3215 IRONER Cylinder diameter: 325 mm Useful length of cylinder: 1540 mm Logi control Electric, gas heating Dimensions (HxWxD): 1416x2313x872 mm Weight:\u00a0459 kg [\/vc_column_text][\/vc_column][vc_column width=&#8221;1\/4&#8243;][vc_column_text] GIRBAU PB3221 IRONER Cylinder diameter: 325 mm Useful length of cylinder: 2120 mm Logi control Electric, gas heating Dimensions (HxWxD): 1416x2895x872 mm Weight: 561kg[\/vc_column_text][\/vc_column][vc_column width=&#8221;1\/4&#8243;][vc_column_text] GIRBAU PB5119 [&hellip;]<\/p>\n","protected":false},"author":1,"featured_media":0,"parent":0,"menu_order":0,"comment_status":"closed","ping_status":"closed","template":"","meta":{"footnotes":""},"class_list":["post-793","page","type-page","status-publish","hentry"],"yoast_head":"<!-- This site is optimized with the Yoast SEO plugin v14.6.1 - https:\/\/yoast.com\/wordpress\/plugins\/seo\/ -->\n<title>Girbau Ironers - Prof Group<\/title>\n<meta name=\"robots\" content=\"index, follow\" \/>\n<meta name=\"googlebot\" content=\"index, follow, max-snippet:-1, max-image-preview:large, max-video-preview:-1\" \/>\n<meta name=\"bingbot\" content=\"index, follow, max-snippet:-1, max-image-preview:large, max-video-preview:-1\" \/>\n<link rel=\"canonical\" href=\"https:\/\/prof-group.ee\/girbau-kalandrid\/\" \/>\n<meta property=\"og:locale\" content=\"en_US\" \/>\n<meta property=\"og:type\" content=\"article\" \/>\n<meta property=\"og:title\" content=\"[:et]Girbau t\u00f6\u00f6stuslikud triikimiskalandrid[:en]Girbau Ironers[:ru]Girbau t\u00f6\u00f6stuslikud triikimiskalandrid[:fi]Girbau t\u00f6\u00f6stuslikud triikimiskalandrid[:] - Prof Group\" \/>\n<meta property=\"og:description\" content=\"[vc_row][vc_column width=&#8221;1\/4&#8243;][vc_column_text] GIRBAU PB3215 IRONER Cylinder diameter: 325 mm Useful length of cylinder: 1540 mm Logi control Electric, gas heating Dimensions (HxWxD): 1416x2313x872 mm Weight:\u00a0459 kg [\/vc_column_text][\/vc_column][vc_column width=&#8221;1\/4&#8243;][vc_column_text] GIRBAU PB3221 IRONER Cylinder diameter: 325 mm Useful length of cylinder: 2120 mm Logi control Electric, gas heating Dimensions (HxWxD): 1416x2895x872 mm Weight: 561kg[\/vc_column_text][\/vc_column][vc_column width=&#8221;1\/4&#8243;][vc_column_text] GIRBAU PB5119 [&hellip;]\" \/>\n<meta property=\"og:url\" content=\"https:\/\/prof-group.ee\/girbau-kalandrid\/\" \/>\n<meta property=\"og:site_name\" content=\"Prof Group\" \/>\n<meta property=\"article:modified_time\" content=\"2019-10-29T19:53:58+00:00\" \/>\n<meta property=\"og:image\" content=\"https:\/\/prof-group.ee\/wp-content\/uploads\/2018\/08\/PB3219-P.jpg\" \/>\n<meta name=\"twitter:card\" content=\"summary_large_image\" \/>\n<script type=\"application\/ld+json\" class=\"yoast-schema-graph\">{\"@context\":\"https:\/\/schema.org\",\"@graph\":[{\"@type\":\"WebSite\",\"@id\":\"https:\/\/prof-group.ee\/en\/#website\",\"url\":\"https:\/\/prof-group.ee\/en\/\",\"name\":\"Prof Group\",\"description\":\"T\\u00f6\\u00f6stuslikud seadmed\",\"potentialAction\":[{\"@type\":\"SearchAction\",\"target\":\"https:\/\/prof-group.ee\/en\/?s={search_term_string}\",\"query-input\":\"required name=search_term_string\"}],\"inLanguage\":\"en-US\"},{\"@type\":\"ImageObject\",\"@id\":\"https:\/\/prof-group.ee\/girbau-kalandrid\/#primaryimage\",\"inLanguage\":\"en-US\",\"url\":\"https:\/\/prof-group.ee\/wp-content\/uploads\/2018\/08\/PB3219-P.jpg\",\"width\":140,\"height\":90},{\"@type\":\"WebPage\",\"@id\":\"https:\/\/prof-group.ee\/girbau-kalandrid\/#webpage\",\"url\":\"https:\/\/prof-group.ee\/girbau-kalandrid\/\",\"name\":\"[:et]Girbau t\\u00f6\\u00f6stuslikud triikimiskalandrid[:en]Girbau Ironers[:ru]Girbau t\\u00f6\\u00f6stuslikud triikimiskalandrid[:fi]Girbau t\\u00f6\\u00f6stuslikud triikimiskalandrid[:] - Prof Group\",\"isPartOf\":{\"@id\":\"https:\/\/prof-group.ee\/en\/#website\"},\"primaryImageOfPage\":{\"@id\":\"https:\/\/prof-group.ee\/girbau-kalandrid\/#primaryimage\"},\"datePublished\":\"2018-08-31T19:38:04+00:00\",\"dateModified\":\"2019-10-29T19:53:58+00:00\",\"inLanguage\":\"en-US\",\"potentialAction\":[{\"@type\":\"ReadAction\",\"target\":[\"https:\/\/prof-group.ee\/girbau-kalandrid\/\"]}]}]}<\/script>\n<!-- \/ Yoast SEO plugin. -->","_links":{"self":[{"href":"https:\/\/prof-group.ee\/en\/wp-json\/wp\/v2\/pages\/793","targetHints":{"allow":["GET"]}}],"collection":[{"href":"https:\/\/prof-group.ee\/en\/wp-json\/wp\/v2\/pages"}],"about":[{"href":"https:\/\/prof-group.ee\/en\/wp-json\/wp\/v2\/types\/page"}],"author":[{"embeddable":true,"href":"https:\/\/prof-group.ee\/en\/wp-json\/wp\/v2\/users\/1"}],"replies":[{"embeddable":true,"href":"https:\/\/prof-group.ee\/en\/wp-json\/wp\/v2\/comments?post=793"}],"version-history":[{"count":1,"href":"https:\/\/prof-group.ee\/en\/wp-json\/wp\/v2\/pages\/793\/revisions"}],"predecessor-version":[{"id":936,"href":"https:\/\/prof-group.ee\/en\/wp-json\/wp\/v2\/pages\/793\/revisions\/936"}],"wp:attachment":[{"href":"https:\/\/prof-group.ee\/en\/wp-json\/wp\/v2\/media?parent=793"}],"curies":[{"name":"wp","href":"https:\/\/api.w.org\/{rel}","templated":true}]}}