{"id":769,"date":"2018-08-31T15:08:02","date_gmt":"2018-08-31T15:08:02","guid":{"rendered":"http:\/\/prof-group.ee\/?page_id=769"},"modified":"2019-10-29T19:52:23","modified_gmt":"2019-10-29T19:52:23","slug":"girbau-kuivatid","status":"publish","type":"page","link":"https:\/\/prof-group.ee\/en\/girbau-kuivatid\/","title":{"rendered":"Girbau Dryers"},"content":{"rendered":"<p>[vc_row][vc_column width=&#8221;1\/4&#8243;][vc_column_text]<\/p>\n<div class=\"c11 textcol\"><img loading=\"lazy\" decoding=\"async\" class=\"alignnone size-full wp-image-831\" src=\"https:\/\/prof-group.ee\/wp-content\/uploads\/2018\/09\/202_ED260-p.jpg\" alt=\"\" width=\"140\" height=\"190\" \/><\/div>\n<div class=\"c11 textcol\">\n<p>GIRBAU ED260<br \/>\nDRYER<\/p>\n<p>Capacity 1\/25-1\/18: 10,5-14,5 kg<\/p>\n<p>Control: Professional<br \/>\nStainless steel: Drum<br \/>\nHeating: Electric, Gas, Steam<\/p>\n<p>Drum diameter:\u00a0736 mm<br \/>\nDrum volume:\u00a0260 dm3<br \/>\nDimensions\u00a0(HxWxD): 1522x798x985 mm<br \/>\nWeight:\u00a0249 kg<\/p>\n<\/div>\n<p>[\/vc_column_text][\/vc_column][vc_column width=&#8221;1\/4&#8243;][vc_column_text]<\/p>\n<div class=\"c11 textcol\">\n<div class=\"c11 textcol\"><img loading=\"lazy\" decoding=\"async\" class=\"alignnone size-full wp-image-832\" src=\"https:\/\/prof-group.ee\/wp-content\/uploads\/2018\/09\/203_ED340-p.jpg\" alt=\"\" width=\"140\" height=\"190\" \/><\/div>\n<div class=\"c11 textcol\">\n<p>GIRBAU ED340<br \/>\nDRYER<\/p>\n<p>Capacity\u00a01\/25-1\/18:\u00a013,5-19 kg<\/p>\n<p>Control: Professional<br \/>\nStainless steel: Drum<br \/>\nHeating: Electric, Gas, Steam<\/p>\n<p>Drum diameter: 736 mm<br \/>\nDrum volume:\u00a0340 dm3<br \/>\nDimensions\u00a0(HxWxD): 1522x798x1173 mm<br \/>\nWeight: 279 kg<\/p>\n<\/div>\n<\/div>\n<p>[\/vc_column_text][\/vc_column][vc_column width=&#8221;1\/4&#8243;][vc_column_text]<\/p>\n<div class=\"c11 textcol\">\n<div class=\"c11 textcol\"><img loading=\"lazy\" decoding=\"async\" class=\"alignnone size-full wp-image-833\" src=\"https:\/\/prof-group.ee\/wp-content\/uploads\/2018\/09\/204_ED460-p.jpg\" alt=\"\" width=\"140\" height=\"190\" \/><\/div>\n<div class=\"c11 textcol\">\n<p>GIRBAU ED460<br \/>\nDRYER<\/p>\n<p>Capacity\u00a01\/25-1\/18:\u00a018,5-25,5 kg<\/p>\n<p>Control: Professional<br \/>\nStainless steel: Drum<br \/>\nHeating: Electric, Gas, Steam<\/p>\n<p>Drum diameter:\u00a0940 mm<br \/>\nDrum volume:\u00a0460 dm3<br \/>\nDimensions\u00a0(HxWxD): 1828x1002x1056 mm<br \/>\nWeight:\u00a0339 kg<\/p>\n<\/div>\n<\/div>\n<p>[\/vc_column_text][\/vc_column][vc_column width=&#8221;1\/4&#8243;][vc_column_text]<\/p>\n<div class=\"c11 textcol\">\n<div class=\"c11 textcol\"><img loading=\"lazy\" decoding=\"async\" class=\"alignnone size-full wp-image-834\" src=\"https:\/\/prof-group.ee\/wp-content\/uploads\/2018\/09\/205_ED660-p.jpg\" alt=\"\" width=\"140\" height=\"190\" \/><\/div>\n<div class=\"c11 textcol\">\n<p>GIRBAU ED660<br \/>\nDRYER<\/p>\n<p>Capacity\u00a01\/25-1\/18:\u00a026,5-37 kg<\/p>\n<p>Control: Professional<br \/>\nStainless steel: Drum<br \/>\nHeating: Electric, Gas, Steam<\/p>\n<p>Drum diameter: 940 mm<br \/>\nDrum volume: 660 dm3<br \/>\nDimensions\u00a0(HxWxD): 1828x1002x1343 mm<br \/>\nWeight: 386 kg<\/p>\n<\/div>\n<\/div>\n<p>[\/vc_column_text][\/vc_column][\/vc_row][vc_row][vc_column][vc_separator][\/vc_column][\/vc_row][vc_row][vc_column width=&#8221;1\/4&#8243;][vc_column_text]<\/p>\n<div class=\"c11 textcol\"><img loading=\"lazy\" decoding=\"async\" class=\"alignnone size-full wp-image-835\" src=\"https:\/\/prof-group.ee\/wp-content\/uploads\/2018\/09\/STI-14-p.jpg\" alt=\"\" width=\"140\" height=\"190\" \/><\/div>\n<div class=\"c11 textcol\">\n<p>GIRBAU STI-14<br \/>\nDRYER<\/p>\n<p>Capacity\u00a01\/25-1\/18: 14-19,5 kg<\/p>\n<p>Standard control (S)<br \/>\nStainless steel: Drum<br \/>\nElectric, gas heating<\/p>\n<p>Drum diameter: 832 mm<br \/>\nDrum volume: 354 dm3<br \/>\nDimensions\u00a0(HxWxD): 1910x878x937 mm<br \/>\nWeight:\u00a0242 kg<\/p>\n<\/div>\n<p>[\/vc_column_text][\/vc_column][vc_column width=&#8221;1\/4&#8243;][vc_column_text]<\/p>\n<div class=\"c11 textcol\"><img loading=\"lazy\" decoding=\"async\" class=\"alignnone size-full wp-image-836\" src=\"https:\/\/prof-group.ee\/wp-content\/uploads\/2018\/09\/STI-23-p.jpg\" alt=\"\" width=\"140\" height=\"190\" \/><\/div>\n<div class=\"c11 textcol\">\n<p>GIRBAU STI-23<br \/>\nDRYER<\/p>\n<p>Capacity\u00a01\/25-1\/18: 21-29 kg<\/p>\n<p>Standard control (S)<br \/>\nStainless steel: Drum<br \/>\nElectric, gas, steam heating<\/p>\n<p>Drum diameter:\u00a0832 mm<br \/>\nDrum volume:\u00a0518 dm3<br \/>\nDimensions\u00a0(HxWxD): 1910x878x1295 mm<br \/>\nWeight:\u00a0295 kg<\/p>\n<\/div>\n<p>[\/vc_column_text][\/vc_column][vc_column width=&#8221;1\/4&#8243;][vc_column_text]<\/p>\n<div class=\"c11 textcol\"><img loading=\"lazy\" decoding=\"async\" class=\"alignnone size-full wp-image-837\" src=\"https:\/\/prof-group.ee\/wp-content\/uploads\/2018\/09\/STI-34-p.jpg\" alt=\"\" width=\"140\" height=\"190\" \/><\/div>\n<div class=\"c11 textcol\">\n<p>GIRBAU STI-34<br \/>\nDRYER<\/p>\n<p>Capacity\u00a01\/25-1\/18: 24,5-34 kg<\/p>\n<p>Standard control (S)<br \/>\nStainless steel: Drum<br \/>\nElectric, gas, steam heating<\/p>\n<p>Drum diameter:\u00a0921 mm<br \/>\nDrum volume:\u00a0609 dm3<br \/>\nDimensions\u00a0(HxWxD): 1965x972x1270 mm<br \/>\nWeight:\u00a0327 kg<\/p>\n<\/div>\n<p>[\/vc_column_text][\/vc_column][vc_column width=&#8221;1\/4&#8243;][vc_column_text]<\/p>\n<div class=\"c11 textcol\"><img loading=\"lazy\" decoding=\"async\" class=\"alignnone size-full wp-image-838\" src=\"https:\/\/prof-group.ee\/wp-content\/uploads\/2018\/09\/STI-54-p.jpg\" alt=\"\" width=\"140\" height=\"190\" \/><\/div>\n<div class=\"c11 textcol\">\n<p>GIRBAU STI-54<br \/>\nDRYER<\/p>\n<p>Capacity\u00a01\/25-1\/18: 43-60 kg<\/p>\n<p>Standard control (S)<br \/>\nStainless steel: Drum<br \/>\nElectric, gas, steam and thermal oil heating<\/p>\n<p>Drum diameter:\u00a01133 mm<br \/>\nDrum volume:\u00a01079 dm3<br \/>\nDimensions\u00a0(HxWxD): 2557x1235x1784 mm<br \/>\nWeight:\u00a0653 kg<\/p>\n<\/div>\n<p>[\/vc_column_text][\/vc_column][\/vc_row][vc_row][vc_column][vc_separator][\/vc_column][\/vc_row][vc_row][vc_column width=&#8221;1\/4&#8243;][vc_column_text]<\/p>\n<div class=\"c11 textcol\"><img loading=\"lazy\" decoding=\"async\" class=\"alignnone size-full wp-image-839\" src=\"https:\/\/prof-group.ee\/wp-content\/uploads\/2018\/09\/STI-77-p.jpg\" alt=\"\" width=\"140\" height=\"190\" \/><\/div>\n<div class=\"c11 textcol\">\n<p>GIRBAU STI-77<br \/>\nDRYER<\/p>\n<p>Capacity\u00a01\/25-1\/18:\u00a058-80,5 kg<\/p>\n<p>Standard control (S)<br \/>\nStainless steel: Drum<br \/>\nElectric, gas, steam and thermal oil heating<\/p>\n<p>Drum diameter:\u00a01308 mm<br \/>\nDrum volume:\u00a01450 dm3<br \/>\nDimensions\u00a0(HxWxD): 2540x1413x1765 mm<br \/>\nWeight:\u00a0953 kg<\/p>\n<\/div>\n<p>[\/vc_column_text][\/vc_column][vc_column width=&#8221;1\/4&#8243;][\/vc_column][vc_column width=&#8221;1\/4&#8243;][\/vc_column][vc_column width=&#8221;1\/4&#8243;][\/vc_column][\/vc_row]<\/p>","protected":false},"excerpt":{"rendered":"<p>[vc_row][vc_column width=&#8221;1\/4&#8243;][vc_column_text] GIRBAU ED260 DRYER Capacity 1\/25-1\/18: 10,5-14,5 kg Control: Professional Stainless steel: Drum Heating: Electric, Gas, Steam Drum diameter:\u00a0736 mm Drum volume:\u00a0260 dm3 Dimensions\u00a0(HxWxD): 1522x798x985 mm Weight:\u00a0249 kg [\/vc_column_text][\/vc_column][vc_column width=&#8221;1\/4&#8243;][vc_column_text] GIRBAU ED340 DRYER Capacity\u00a01\/25-1\/18:\u00a013,5-19 kg Control: Professional Stainless steel: Drum Heating: Electric, Gas, Steam Drum diameter: 736 mm Drum volume:\u00a0340 dm3 Dimensions\u00a0(HxWxD): 1522x798x1173 mm [&hellip;]<\/p>\n","protected":false},"author":1,"featured_media":0,"parent":0,"menu_order":0,"comment_status":"closed","ping_status":"closed","template":"","meta":{"footnotes":""},"class_list":["post-769","page","type-page","status-publish","hentry"],"yoast_head":"<!-- This site is optimized with the Yoast SEO plugin v14.6.1 - https:\/\/yoast.com\/wordpress\/plugins\/seo\/ -->\n<title>Girbau Dryers - Prof Group<\/title>\n<meta name=\"robots\" content=\"index, follow\" \/>\n<meta name=\"googlebot\" content=\"index, follow, max-snippet:-1, max-image-preview:large, max-video-preview:-1\" \/>\n<meta name=\"bingbot\" content=\"index, follow, max-snippet:-1, max-image-preview:large, max-video-preview:-1\" \/>\n<link rel=\"canonical\" href=\"https:\/\/prof-group.ee\/girbau-kuivatid\/\" \/>\n<meta property=\"og:locale\" content=\"en_US\" \/>\n<meta property=\"og:type\" content=\"article\" \/>\n<meta property=\"og:title\" content=\"[:et]Girbau t\u00f6\u00f6stuslikud trummelkuivatid[:en]Girbau Dryers[:ru]Girbau t\u00f6\u00f6stuslikud trummelkuivatid[:fi]Girbau t\u00f6\u00f6stuslikud trummelkuivatid[:] - Prof Group\" \/>\n<meta property=\"og:description\" content=\"[vc_row][vc_column width=&#8221;1\/4&#8243;][vc_column_text] GIRBAU ED260 DRYER Capacity 1\/25-1\/18: 10,5-14,5 kg Control: Professional Stainless steel: Drum Heating: Electric, Gas, Steam Drum diameter:\u00a0736 mm Drum volume:\u00a0260 dm3 Dimensions\u00a0(HxWxD): 1522x798x985 mm Weight:\u00a0249 kg [\/vc_column_text][\/vc_column][vc_column width=&#8221;1\/4&#8243;][vc_column_text] GIRBAU ED340 DRYER Capacity\u00a01\/25-1\/18:\u00a013,5-19 kg Control: Professional Stainless steel: Drum Heating: Electric, Gas, Steam Drum diameter: 736 mm Drum volume:\u00a0340 dm3 Dimensions\u00a0(HxWxD): 1522x798x1173 mm [&hellip;]\" \/>\n<meta property=\"og:url\" content=\"https:\/\/prof-group.ee\/girbau-kuivatid\/\" \/>\n<meta property=\"og:site_name\" content=\"Prof Group\" \/>\n<meta property=\"article:modified_time\" content=\"2019-10-29T19:52:23+00:00\" \/>\n<meta property=\"og:image\" content=\"https:\/\/prof-group.ee\/wp-content\/uploads\/2018\/09\/202_ED260-p.jpg\" \/>\n<meta name=\"twitter:card\" content=\"summary_large_image\" \/>\n<script type=\"application\/ld+json\" class=\"yoast-schema-graph\">{\"@context\":\"https:\/\/schema.org\",\"@graph\":[{\"@type\":\"WebSite\",\"@id\":\"https:\/\/prof-group.ee\/en\/#website\",\"url\":\"https:\/\/prof-group.ee\/en\/\",\"name\":\"Prof Group\",\"description\":\"T\\u00f6\\u00f6stuslikud seadmed\",\"potentialAction\":[{\"@type\":\"SearchAction\",\"target\":\"https:\/\/prof-group.ee\/en\/?s={search_term_string}\",\"query-input\":\"required name=search_term_string\"}],\"inLanguage\":\"en-US\"},{\"@type\":\"ImageObject\",\"@id\":\"https:\/\/prof-group.ee\/girbau-kuivatid\/#primaryimage\",\"inLanguage\":\"en-US\",\"url\":\"https:\/\/prof-group.ee\/wp-content\/uploads\/2018\/09\/202_ED260-p.jpg\",\"width\":140,\"height\":190},{\"@type\":\"WebPage\",\"@id\":\"https:\/\/prof-group.ee\/girbau-kuivatid\/#webpage\",\"url\":\"https:\/\/prof-group.ee\/girbau-kuivatid\/\",\"name\":\"[:et]Girbau t\\u00f6\\u00f6stuslikud trummelkuivatid[:en]Girbau Dryers[:ru]Girbau t\\u00f6\\u00f6stuslikud trummelkuivatid[:fi]Girbau t\\u00f6\\u00f6stuslikud trummelkuivatid[:] - Prof Group\",\"isPartOf\":{\"@id\":\"https:\/\/prof-group.ee\/en\/#website\"},\"primaryImageOfPage\":{\"@id\":\"https:\/\/prof-group.ee\/girbau-kuivatid\/#primaryimage\"},\"datePublished\":\"2018-08-31T15:08:02+00:00\",\"dateModified\":\"2019-10-29T19:52:23+00:00\",\"inLanguage\":\"en-US\",\"potentialAction\":[{\"@type\":\"ReadAction\",\"target\":[\"https:\/\/prof-group.ee\/girbau-kuivatid\/\"]}]}]}<\/script>\n<!-- \/ Yoast SEO plugin. -->","_links":{"self":[{"href":"https:\/\/prof-group.ee\/en\/wp-json\/wp\/v2\/pages\/769","targetHints":{"allow":["GET"]}}],"collection":[{"href":"https:\/\/prof-group.ee\/en\/wp-json\/wp\/v2\/pages"}],"about":[{"href":"https:\/\/prof-group.ee\/en\/wp-json\/wp\/v2\/types\/page"}],"author":[{"embeddable":true,"href":"https:\/\/prof-group.ee\/en\/wp-json\/wp\/v2\/users\/1"}],"replies":[{"embeddable":true,"href":"https:\/\/prof-group.ee\/en\/wp-json\/wp\/v2\/comments?post=769"}],"version-history":[{"count":1,"href":"https:\/\/prof-group.ee\/en\/wp-json\/wp\/v2\/pages\/769\/revisions"}],"predecessor-version":[{"id":935,"href":"https:\/\/prof-group.ee\/en\/wp-json\/wp\/v2\/pages\/769\/revisions\/935"}],"wp:attachment":[{"href":"https:\/\/prof-group.ee\/en\/wp-json\/wp\/v2\/media?parent=769"}],"curies":[{"name":"wp","href":"https:\/\/api.w.org\/{rel}","templated":true}]}}