{"id":723,"date":"2018-08-29T12:11:00","date_gmt":"2018-08-29T12:11:00","guid":{"rendered":"http:\/\/prof-group.ee\/?page_id=723"},"modified":"2019-10-29T19:49:54","modified_gmt":"2019-10-29T19:49:54","slug":"girbau-pesumasinad","status":"publish","type":"page","link":"https:\/\/prof-group.ee\/en\/girbau-pesumasinad\/","title":{"rendered":"Girbau Washers"},"content":{"rendered":"<p>[vc_row][vc_column width=&#8221;1\/4&#8243;][vc_column_text]<img loading=\"lazy\" decoding=\"async\" class=\"alignnone size-full wp-image-819\" src=\"https:\/\/prof-group.ee\/wp-content\/uploads\/2018\/09\/151_HS6008_logi_frontal_p.jpg\" alt=\"\" width=\"140\" height=\"190\" \/><\/p>\n<p>GIRBAU\u00a0HS6008<br \/>\nWASHER<\/p>\n<p>Capacity: 9kg (1\/9),\u00a08kg (1\/10)<\/p>\n<p>Logi, Logi Pro\u00a0control versions<br \/>\nElectric, hot water and steam heating<\/p>\n<p>Drum diameter:\u00a0536 mm<br \/>\nDrum volume:\u00a079,2 dm3<br \/>\nDimensions\u00a0(HxWxD):\u00a01080x685x700 mm<br \/>\nWeight:\u00a0124 kg[\/vc_column_text][\/vc_column][vc_column width=&#8221;1\/4&#8243;][vc_column_text]<img loading=\"lazy\" decoding=\"async\" class=\"alignnone size-full wp-image-820\" src=\"https:\/\/prof-group.ee\/wp-content\/uploads\/2018\/09\/152_HS6013_Inteli_frontal_p.jpg\" alt=\"\" width=\"140\" height=\"190\" \/><\/p>\n<p>GIRBAU\u00a0HS6013<br \/>\nWASHER<\/p>\n<p>Capacity: 14kg\u00a0(1\/9), 13kg (1\/10)<\/p>\n<p>Logi, Inteli\u00a0control versions<br \/>\nElectric, hot water and steam heating<\/p>\n<p>Drum diameter: 620 mm<br \/>\nDrum volume: 126 dm3<br \/>\nDimensions\u00a0(HxWxD): 1325x796x887 mm<br \/>\nWeight:\u00a0344 kg[\/vc_column_text][\/vc_column][vc_column width=&#8221;1\/4&#8243;][vc_column_text]<img loading=\"lazy\" decoding=\"async\" class=\"alignnone size-full wp-image-821\" src=\"https:\/\/prof-group.ee\/wp-content\/uploads\/2018\/09\/153_HS6017-inteli_frontal_p.jpg\" alt=\"\" width=\"140\" height=\"190\" \/><\/p>\n<p>GIRBAU HS6017<br \/>\nWASHER<\/p>\n<p>Capacity:\u00a0<span class=\"colum_llistat4_mitja\">19kg (1\/9), 17kg (1\/10)<\/span><\/p>\n<p>Logi, Inteli control versions<br \/>\nElectric, hot water and steam heating<\/p>\n<p>Drum diameter: 700 mm<br \/>\nDrum volume: 173 dm3<br \/>\nDimensions\u00a0(HxWxD): 1404x868x962 mm<br \/>\nWeight: 476 kg[\/vc_column_text][\/vc_column][vc_column width=&#8221;1\/4&#8243;][vc_column_text]<\/p>\n<div class=\"c11 textcol\">\n<p><img loading=\"lazy\" decoding=\"async\" class=\"alignnone size-full wp-image-825\" src=\"https:\/\/prof-group.ee\/wp-content\/uploads\/2018\/09\/391_HS6024-inteli_frontal_p.jpg\" alt=\"\" width=\"140\" height=\"190\" \/><\/p>\n<p class=\"squaredata squaredata_blau\">GIRBAU HS6024<br \/>\nWASHER<\/p>\n<p class=\"squaredata squaredata_blau\">Capacity:\u00a027<span class=\"colum_llistat4_mitja\">kg (1\/9), 24kg (1\/10)<\/span><\/p>\n<p class=\"squaredata squaredata_blau\">Logi, Inteli control versions<br \/>\nElectric, hot water and steam heating<\/p>\n<p class=\"squaredata squaredata_blau\">Drum diameter: 765 mm<br \/>\nDrum volume: 239 dm3<br \/>\nDimensions\u00a0(HxWxD): 975x1477x1225 mm<br \/>\nWeight: 584 kg<\/p>\n<\/div>\n<p>[\/vc_column_text][\/vc_column][\/vc_row][vc_row][vc_column][vc_separator][\/vc_column][\/vc_row][vc_row][vc_column width=&#8221;1\/4&#8243;][vc_column_text]<\/p>\n<div class=\"c11 textcol\">\n<p><img loading=\"lazy\" decoding=\"async\" class=\"alignnone size-full wp-image-828\" src=\"https:\/\/prof-group.ee\/wp-content\/uploads\/2018\/09\/486_HS6028_frontal_p.jpg\" alt=\"\" width=\"140\" height=\"190\" \/><\/p>\n<p>GIRBAU HS6028<br \/>\nWASHER<\/p>\n<\/div>\n<div class=\"c11 textcol last\">\n<p>Capacity:\u00a031<span class=\"colum_llistat4_mitja\">kg (1\/9), 28kg (1\/10)<\/span><\/p>\n<p>Inteli control<br \/>\nElectric, hot water and steam heating<\/p>\n<p>Drum diameter:\u00a0825 mm<br \/>\nDrum volume: 280 dm3<br \/>\nDimensions\u00a0(HxWxD): 1053x1294x1500 mm<br \/>\nWeight:\u00a0636 kg<\/p>\n<\/div>\n<p>[\/vc_column_text][\/vc_column][vc_column width=&#8221;1\/4&#8243;][vc_column_text]<\/p>\n<div class=\"c11 textcol\">\n<p><img loading=\"lazy\" decoding=\"async\" class=\"alignnone size-full wp-image-826\" src=\"https:\/\/prof-group.ee\/wp-content\/uploads\/2018\/09\/449_HS6032_frontal_p.jpg\" alt=\"\" width=\"140\" height=\"190\" \/><\/p>\n<p>GIRBAU HS6032<br \/>\nWASHER<\/p>\n<\/div>\n<p>Capacity:\u00a036<span class=\"colum_llistat4_mitja\">kg (1\/9), 32kg (1\/10)<\/span><\/p>\n<p>Inteli control<br \/>\nElectric, hot water and steam heating<\/p>\n<p>Drum diameter:\u00a0825 mm<br \/>\nDrum volume: 320 dm3<br \/>\nDimensions\u00a0(HxWxD): 1053x1294x1500 mm<br \/>\nWeight:\u00a0680 kg[\/vc_column_text][\/vc_column][vc_column width=&#8221;1\/4&#8243;][vc_column_text]<\/p>\n<div class=\"c11 textcol\">\n<p><img loading=\"lazy\" decoding=\"async\" class=\"alignnone size-full wp-image-822\" src=\"https:\/\/prof-group.ee\/wp-content\/uploads\/2018\/09\/155_HS6040_inteli_frontal_p.jpg\" alt=\"\" width=\"140\" height=\"190\" \/><\/p>\n<p>GIRBAU HS6040<br \/>\nWASHER<\/p>\n<\/div>\n<div class=\"c11 textcol last\">\n<p>Capacity:\u00a044<span class=\"colum_llistat4_mitja\">kg (1\/9), 40kg (1\/10)<\/span><\/p>\n<p>Inteli control<br \/>\nTILT option system<br \/>\nElectric, hot water and steam heating<\/p>\n<p>Drum diameter: 900 mm<br \/>\nDrum volume: 395 dm3<br \/>\nDimensions\u00a0(HxWxD): 1794x1390x1455 mm<br \/>\nWeight:\u00a01409 kg<\/p>\n<\/div>\n<p>[\/vc_column_text][\/vc_column][vc_column width=&#8221;1\/4&#8243;][vc_column_text]<\/p>\n<div class=\"c11 textcol\">\n<p><img loading=\"lazy\" decoding=\"async\" class=\"alignnone size-full wp-image-823\" src=\"https:\/\/prof-group.ee\/wp-content\/uploads\/2018\/09\/156_HS6057_Inteli_frontal_p.jpg\" alt=\"\" width=\"140\" height=\"190\" \/><\/p>\n<p>GIRBAU HS6057<br \/>\nWASHER<\/p>\n<\/div>\n<div class=\"c11 textcol last\">\n<div class=\"c11 textcol last\">\n<p>Capacity:\u00a063<span class=\"colum_llistat4_mitja\">kg (1\/9), 57kg (1\/10)<\/span><\/p>\n<p>Inteli control<br \/>\nTILT option system<br \/>\nElectric, hot water and steam heating<\/p>\n<p>Drum diameter: 1080 mm<br \/>\nDrum volume: 569 dm3<br \/>\nDimensions\u00a0(HxWxD): 1925x1570x1493 mm<br \/>\nWeight:\u00a01932 kg<\/p>\n<\/div>\n<\/div>\n<p>[\/vc_column_text][\/vc_column][\/vc_row][vc_row][vc_column][vc_separator][\/vc_column][\/vc_row][vc_row][vc_column width=&#8221;1\/4&#8243;][vc_column_text]<\/p>\n<div class=\"c11 textcol\">\n<p><img loading=\"lazy\" decoding=\"async\" class=\"alignnone size-full wp-image-827\" src=\"https:\/\/prof-group.ee\/wp-content\/uploads\/2018\/09\/458_HS6085_inteli_frontal-p.jpg\" alt=\"\" width=\"140\" height=\"190\" \/><\/p>\n<p>GIRBAU HS6085<br \/>\nWASHER<\/p>\n<\/div>\n<div class=\"c11 textcol last\">\n<div class=\"c11 textcol last\">\n<div class=\"c11 textcol last\">\n<p>Capacity:\u00a095<span class=\"colum_llistat4_mitja\">kg (1\/9), 85kg (1\/10)<\/span><\/p>\n<p>Inteli control<br \/>\nTILT option system<br \/>\nHot water and steam heating<\/p>\n<p>Drum diameter: 1310 mm<br \/>\nDrum volume: 850 dm3<br \/>\nDimensions\u00a0(HxWxD): 2068x1770x1939 mm<br \/>\nWeight:\u00a03756 kg<\/p>\n<\/div>\n<\/div>\n<\/div>\n<p>[\/vc_column_text][\/vc_column][vc_column width=&#8221;1\/4&#8243;][vc_column_text]<\/p>\n<div class=\"c11 textcol\">\n<p><img loading=\"lazy\" decoding=\"async\" class=\"alignnone size-full wp-image-824\" src=\"https:\/\/prof-group.ee\/wp-content\/uploads\/2018\/09\/157_HS6110_inteli_frontal-p.jpg\" alt=\"\" width=\"140\" height=\"190\" \/><\/p>\n<p>GIRBAU HS6110<br \/>\nWASHER<\/p>\n<\/div>\n<div class=\"c11 textcol last\">\n<div class=\"c11 textcol last\">\n<div class=\"c11 textcol last\">\n<div class=\"c11 textcol last\">\n<p>Capacity:\u00a0122<span class=\"colum_llistat4_mitja\">kg (1\/9), 110kg (1\/10)<\/span><\/p>\n<p>Inteli control<br \/>\nTILT option system<br \/>\nHot water and steam heating<\/p>\n<p>Drum diameter:\u00a01310 mm<br \/>\nDrum volume: 1100 dm3<br \/>\nDimensions\u00a0(HxWxD): 2068x1770x1939 mm<br \/>\nWeight:\u00a03885 kg<\/p>\n<\/div>\n<\/div>\n<\/div>\n<\/div>\n<p>[\/vc_column_text][\/vc_column][vc_column width=&#8221;1\/4&#8243;][\/vc_column][vc_column width=&#8221;1\/4&#8243;][\/vc_column][\/vc_row]<\/p>","protected":false},"excerpt":{"rendered":"<p>[vc_row][vc_column width=&#8221;1\/4&#8243;][vc_column_text] GIRBAU\u00a0HS6008 WASHER Capacity: 9kg (1\/9),\u00a08kg (1\/10) Logi, Logi Pro\u00a0control versions Electric, hot water and steam heating Drum diameter:\u00a0536 mm Drum volume:\u00a079,2 dm3 Dimensions\u00a0(HxWxD):\u00a01080x685x700 mm Weight:\u00a0124 kg[\/vc_column_text][\/vc_column][vc_column width=&#8221;1\/4&#8243;][vc_column_text] GIRBAU\u00a0HS6013 WASHER Capacity: 14kg\u00a0(1\/9), 13kg (1\/10) Logi, Inteli\u00a0control versions Electric, hot water and steam heating Drum diameter: 620 mm Drum volume: 126 dm3 Dimensions\u00a0(HxWxD): 1325x796x887 mm [&hellip;]<\/p>\n","protected":false},"author":1,"featured_media":0,"parent":0,"menu_order":0,"comment_status":"closed","ping_status":"closed","template":"","meta":{"footnotes":""},"class_list":["post-723","page","type-page","status-publish","hentry"],"yoast_head":"<!-- This site is optimized with the Yoast SEO plugin v14.6.1 - https:\/\/yoast.com\/wordpress\/plugins\/seo\/ -->\n<title>Girbau Washers - Prof Group<\/title>\n<meta name=\"robots\" content=\"index, follow\" \/>\n<meta name=\"googlebot\" content=\"index, follow, max-snippet:-1, max-image-preview:large, max-video-preview:-1\" \/>\n<meta name=\"bingbot\" content=\"index, follow, max-snippet:-1, max-image-preview:large, max-video-preview:-1\" \/>\n<link rel=\"canonical\" href=\"https:\/\/prof-group.ee\/girbau-pesumasinad\/\" \/>\n<meta property=\"og:locale\" content=\"en_US\" \/>\n<meta property=\"og:type\" content=\"article\" \/>\n<meta property=\"og:title\" content=\"[:et]Girbau t\u00f6\u00f6stuslikud pesumasinad[:en]Girbau Washers[:ru]Girbau t\u00f6\u00f6stuslikud pesumasinad[:fi]Girbau t\u00f6\u00f6stuslikud pesumasinad[:] - Prof Group\" \/>\n<meta property=\"og:description\" content=\"[vc_row][vc_column width=&#8221;1\/4&#8243;][vc_column_text] GIRBAU\u00a0HS6008 WASHER Capacity: 9kg (1\/9),\u00a08kg (1\/10) Logi, Logi Pro\u00a0control versions Electric, hot water and steam heating Drum diameter:\u00a0536 mm Drum volume:\u00a079,2 dm3 Dimensions\u00a0(HxWxD):\u00a01080x685x700 mm Weight:\u00a0124 kg[\/vc_column_text][\/vc_column][vc_column width=&#8221;1\/4&#8243;][vc_column_text] GIRBAU\u00a0HS6013 WASHER Capacity: 14kg\u00a0(1\/9), 13kg (1\/10) Logi, Inteli\u00a0control versions Electric, hot water and steam heating Drum diameter: 620 mm Drum volume: 126 dm3 Dimensions\u00a0(HxWxD): 1325x796x887 mm [&hellip;]\" \/>\n<meta property=\"og:url\" content=\"https:\/\/prof-group.ee\/girbau-pesumasinad\/\" \/>\n<meta property=\"og:site_name\" content=\"Prof Group\" \/>\n<meta property=\"article:modified_time\" content=\"2019-10-29T19:49:54+00:00\" \/>\n<meta property=\"og:image\" content=\"https:\/\/prof-group.ee\/wp-content\/uploads\/2018\/09\/151_HS6008_logi_frontal_p.jpg\" \/>\n<meta name=\"twitter:card\" content=\"summary_large_image\" \/>\n<script type=\"application\/ld+json\" class=\"yoast-schema-graph\">{\"@context\":\"https:\/\/schema.org\",\"@graph\":[{\"@type\":\"WebSite\",\"@id\":\"https:\/\/prof-group.ee\/en\/#website\",\"url\":\"https:\/\/prof-group.ee\/en\/\",\"name\":\"Prof Group\",\"description\":\"T\\u00f6\\u00f6stuslikud seadmed\",\"potentialAction\":[{\"@type\":\"SearchAction\",\"target\":\"https:\/\/prof-group.ee\/en\/?s={search_term_string}\",\"query-input\":\"required name=search_term_string\"}],\"inLanguage\":\"en-US\"},{\"@type\":\"ImageObject\",\"@id\":\"https:\/\/prof-group.ee\/girbau-pesumasinad\/#primaryimage\",\"inLanguage\":\"en-US\",\"url\":\"https:\/\/prof-group.ee\/wp-content\/uploads\/2018\/09\/151_HS6008_logi_frontal_p.jpg\",\"width\":140,\"height\":190},{\"@type\":\"WebPage\",\"@id\":\"https:\/\/prof-group.ee\/girbau-pesumasinad\/#webpage\",\"url\":\"https:\/\/prof-group.ee\/girbau-pesumasinad\/\",\"name\":\"[:et]Girbau t\\u00f6\\u00f6stuslikud pesumasinad[:en]Girbau Washers[:ru]Girbau t\\u00f6\\u00f6stuslikud pesumasinad[:fi]Girbau t\\u00f6\\u00f6stuslikud pesumasinad[:] - Prof Group\",\"isPartOf\":{\"@id\":\"https:\/\/prof-group.ee\/en\/#website\"},\"primaryImageOfPage\":{\"@id\":\"https:\/\/prof-group.ee\/girbau-pesumasinad\/#primaryimage\"},\"datePublished\":\"2018-08-29T12:11:00+00:00\",\"dateModified\":\"2019-10-29T19:49:54+00:00\",\"inLanguage\":\"en-US\",\"potentialAction\":[{\"@type\":\"ReadAction\",\"target\":[\"https:\/\/prof-group.ee\/girbau-pesumasinad\/\"]}]}]}<\/script>\n<!-- \/ Yoast SEO plugin. -->","_links":{"self":[{"href":"https:\/\/prof-group.ee\/en\/wp-json\/wp\/v2\/pages\/723","targetHints":{"allow":["GET"]}}],"collection":[{"href":"https:\/\/prof-group.ee\/en\/wp-json\/wp\/v2\/pages"}],"about":[{"href":"https:\/\/prof-group.ee\/en\/wp-json\/wp\/v2\/types\/page"}],"author":[{"embeddable":true,"href":"https:\/\/prof-group.ee\/en\/wp-json\/wp\/v2\/users\/1"}],"replies":[{"embeddable":true,"href":"https:\/\/prof-group.ee\/en\/wp-json\/wp\/v2\/comments?post=723"}],"version-history":[{"count":1,"href":"https:\/\/prof-group.ee\/en\/wp-json\/wp\/v2\/pages\/723\/revisions"}],"predecessor-version":[{"id":934,"href":"https:\/\/prof-group.ee\/en\/wp-json\/wp\/v2\/pages\/723\/revisions\/934"}],"wp:attachment":[{"href":"https:\/\/prof-group.ee\/en\/wp-json\/wp\/v2\/media?parent=723"}],"curies":[{"name":"wp","href":"https:\/\/api.w.org\/{rel}","templated":true}]}}