{"id":16,"date":"2017-05-28T19:56:31","date_gmt":"2017-05-28T19:56:31","guid":{"rendered":"http:\/\/prof-group.ee\/?page_id=16"},"modified":"2021-05-30T10:04:50","modified_gmt":"2021-05-30T10:04:50","slug":"kontakt","status":"publish","type":"page","link":"https:\/\/prof-group.ee\/en\/kontakt\/","title":{"rendered":"Contact"},"content":{"rendered":"<p>[vc_row][vc_column width=&#8221;1\/2&#8243; css=&#8221;.vc_custom_1510739505876{padding-right: 20px !important;}&#8221;][vc_column_text]<\/p>\n<h2>V\u00f5tke meiega \u00fchendust:<\/h2>\n<p>*Palun t\u00e4ida k\u00f5ik t\u00e4rniga m\u00e4rgitud v\u00e4ljad[\/vc_column_text]<div role=\"form\" class=\"wpcf7\" id=\"wpcf7-f985-o1\" lang=\"et\" dir=\"ltr\">\n<div class=\"screen-reader-response\" role=\"alert\" aria-live=\"polite\"><\/div>\n<form action=\"\/en\/wp-json\/wp\/v2\/pages\/16#wpcf7-f985-o1\" method=\"post\" class=\"wpcf7-form init\" novalidate=\"novalidate\">\n<div style=\"display: none;\">\n<input type=\"hidden\" name=\"_wpcf7\" value=\"985\" \/>\n<input type=\"hidden\" name=\"_wpcf7_version\" value=\"5.2\" \/>\n<input type=\"hidden\" name=\"_wpcf7_locale\" value=\"et\" \/>\n<input type=\"hidden\" name=\"_wpcf7_unit_tag\" value=\"wpcf7-f985-o1\" \/>\n<input type=\"hidden\" name=\"_wpcf7_container_post\" value=\"0\" \/>\n<input type=\"hidden\" name=\"_wpcf7_posted_data_hash\" value=\"\" \/>\n<input type=\"hidden\" name=\"_wpcf7_recaptcha_response\" value=\"\" \/>\n<\/div>\n<p><label> <b>Nimi *<\/b><br \/>\n    <span class=\"wpcf7-form-control-wrap your-name\"><input type=\"text\" name=\"your-name\" value=\"\" size=\"40\" class=\"wpcf7-form-control wpcf7-text wpcf7-validates-as-required\" aria-required=\"true\" aria-invalid=\"false\" \/><\/span> <\/label><\/p>\n<p><label> <b>E-post *<\/b><br \/>\n    <span class=\"wpcf7-form-control-wrap your-email\"><input type=\"email\" name=\"your-email\" value=\"\" size=\"40\" class=\"wpcf7-form-control wpcf7-text wpcf7-email wpcf7-validates-as-required wpcf7-validates-as-email\" aria-required=\"true\" aria-invalid=\"false\" \/><\/span> <\/label><\/p>\n<p><label> <b>Telefon *<\/b><br \/>\n    <span class=\"wpcf7-form-control-wrap your-phone\"><input type=\"text\" name=\"your-phone\" value=\"\" size=\"40\" class=\"wpcf7-form-control wpcf7-text\" aria-invalid=\"false\" \/><\/span> <\/label><\/p>\n<p><label> <b>S\u00f5num *<\/b><br \/>\n    <span class=\"wpcf7-form-control-wrap your-message\"><textarea name=\"your-message\" cols=\"40\" rows=\"10\" class=\"wpcf7-form-control wpcf7-textarea\" aria-invalid=\"false\"><\/textarea><\/span> <\/label><\/p>\n<p><input type=\"submit\" value=\"Saada\" class=\"wpcf7-form-control wpcf7-submit\" \/><\/p>\n<div class=\"wpcf7-response-output\" role=\"alert\" aria-hidden=\"true\"><\/div><\/form><\/div>[\/vc_column][vc_column width=&#8221;1\/2&#8243;][vc_column_text]<\/p>\n<h1>Prof Group Eesti O\u00dc<\/h1>\n<p>Tel. <strong>+372 686 4109<\/strong><br \/>\nMob. <strong>+372\u00a05300 3140<\/strong><br \/>\n<strong>info@prof-group.ee<\/strong><br \/>\nTuleviku tee 12-5, Peetri, 75312 Harju, Eesti[\/vc_column_text][vc_gmaps link=&#8221;#E-8_JTNDaWZyYW1lJTIwc3JjJTNEJTIyaHR0cHMlM0ElMkYlMkZ3d3cuZ29vZ2xlLmNvbSUyRm1hcHMlMkZlbWJlZCUzRnBiJTNEJTIxMW0xOCUyMTFtMTIlMjExbTMlMjExZDIwMzEuMTU4NTUxNDgzMjY3MyUyMTJkMjQuODE1NzczNjE2MDc1MDI0JTIxM2Q1OS4zOTcwNjcxODE2ODI2MiUyMTJtMyUyMTFmMCUyMTJmMCUyMTNmMCUyMTNtMiUyMTFpMTAyNCUyMTJpNzY4JTIxNGYxMy4xJTIxM20zJTIxMW0yJTIxMXMweDQ2OTJlYjZiNGViZmZjYjklMjUzQTB4NDZjZDgxNDNkY2ZlMzlmZSUyMTJzVHVsZXZpa3UlMjUyMHRlZSUyNTIwMTIlMjUyQyUyNTIwUGVldHJpJTI1MkMlMjUyMDc1MzEyJTI1MjBIYXJqdSUyNTIwbWFha29uZCUyMTVlMCUyMTNtMiUyMTFzZXQlMjEyc2VlJTIxNHYxNjIyMzY5MDMyMDU5JTIxNW0yJTIxMXNldCUyMTJzZWUlMjIlMjB3aWR0aCUzRCUyMjYwMCUyMiUyMGhlaWdodCUzRCUyMjQ1MCUyMiUyMHN0eWxlJTNEJTIyYm9yZGVyJTNBMCUzQiUyMiUyMGFsbG93ZnVsbHNjcmVlbiUzRCUyMiUyMiUyMGxvYWRpbmclM0QlMjJsYXp5JTIyJTNFJTNDJTJGaWZyYW1lJTNF&#8221;][\/vc_column][\/vc_row]<\/p>\n","protected":false},"excerpt":{"rendered":"<p>[vc_row][vc_column width=&#8221;1\/2&#8243; css=&#8221;.vc_custom_1510739505876{padding-right: 20px !important;}&#8221;][vc_column_text] V\u00f5tke meiega \u00fchendust: *Palun t\u00e4ida k\u00f5ik t\u00e4rniga m\u00e4rgitud v\u00e4ljad[\/vc_column_text][\/vc_column][vc_column width=&#8221;1\/2&#8243;][vc_column_text] Prof Group Eesti O\u00dc Tel. +372 686 4109 Mob. +372\u00a05300 3140 info@prof-group.ee Tuleviku tee 12-5, Peetri, 75312 Harju, Eesti[\/vc_column_text][vc_gmaps link=&#8221;#E-8_JTNDaWZyYW1lJTIwc3JjJTNEJTIyaHR0cHMlM0ElMkYlMkZ3d3cuZ29vZ2xlLmNvbSUyRm1hcHMlMkZlbWJlZCUzRnBiJTNEJTIxMW0xOCUyMTFtMTIlMjExbTMlMjExZDIwMzEuMTU4NTUxNDgzMjY3MyUyMTJkMjQuODE1NzczNjE2MDc1MDI0JTIxM2Q1OS4zOTcwNjcxODE2ODI2MiUyMTJtMyUyMTFmMCUyMTJmMCUyMTNmMCUyMTNtMiUyMTFpMTAyNCUyMTJpNzY4JTIxNGYxMy4xJTIxM20zJTIxMW0yJTIxMXMweDQ2OTJlYjZiNGViZmZjYjklMjUzQTB4NDZjZDgxNDNkY2ZlMzlmZSUyMTJzVHVsZXZpa3UlMjUyMHRlZSUyNTIwMTIlMjUyQyUyNTIwUGVldHJpJTI1MkMlMjUyMDc1MzEyJTI1MjBIYXJqdSUyNTIwbWFha29uZCUyMTVlMCUyMTNtMiUyMTFzZXQlMjEyc2VlJTIxNHYxNjIyMzY5MDMyMDU5JTIxNW0yJTIxMXNldCUyMTJzZWUlMjIlMjB3aWR0aCUzRCUyMjYwMCUyMiUyMGhlaWdodCUzRCUyMjQ1MCUyMiUyMHN0eWxlJTNEJTIyYm9yZGVyJTNBMCUzQiUyMiUyMGFsbG93ZnVsbHNjcmVlbiUzRCUyMiUyMiUyMGxvYWRpbmclM0QlMjJsYXp5JTIyJTNFJTNDJTJGaWZyYW1lJTNF&#8221;][\/vc_column][\/vc_row]<\/p>\n","protected":false},"author":1,"featured_media":0,"parent":0,"menu_order":0,"comment_status":"closed","ping_status":"closed","template":"","meta":{"footnotes":""},"class_list":["post-16","page","type-page","status-publish","hentry"],"yoast_head":"<!-- This site is optimized with the Yoast SEO plugin v14.6.1 - https:\/\/yoast.com\/wordpress\/plugins\/seo\/ -->\n<title>Contact - Prof Group<\/title>\n<meta name=\"robots\" content=\"index, follow\" \/>\n<meta name=\"googlebot\" content=\"index, follow, max-snippet:-1, max-image-preview:large, max-video-preview:-1\" \/>\n<meta name=\"bingbot\" content=\"index, follow, max-snippet:-1, max-image-preview:large, max-video-preview:-1\" \/>\n<link rel=\"canonical\" href=\"https:\/\/prof-group.ee\/kontakt\/\" \/>\n<meta property=\"og:locale\" content=\"en_US\" \/>\n<meta property=\"og:type\" content=\"article\" \/>\n<meta property=\"og:title\" content=\"[:et]Kontakt[:en]Contact[:ru]Kontakt[:fi]Kontakt[:] - Prof Group\" \/>\n<meta property=\"og:description\" content=\"[vc_row][vc_column width=&#8221;1\/2&#8243; css=&#8221;.vc_custom_1510739505876{padding-right: 20px !important;}&#8221;][vc_column_text] V\u00f5tke meiega \u00fchendust: *Palun t\u00e4ida k\u00f5ik t\u00e4rniga m\u00e4rgitud v\u00e4ljad[\/vc_column_text][\/vc_column][vc_column width=&#8221;1\/2&#8243;][vc_column_text] Prof Group Eesti O\u00dc Tel. +372 686 4109 Mob. +372\u00a05300 3140 info@prof-group.ee Tuleviku tee 12-5, Peetri, 75312 Harju, Eesti[\/vc_column_text][vc_gmaps link=&#8221;#E-8_JTNDaWZyYW1lJTIwc3JjJTNEJTIyaHR0cHMlM0ElMkYlMkZ3d3cuZ29vZ2xlLmNvbSUyRm1hcHMlMkZlbWJlZCUzRnBiJTNEJTIxMW0xOCUyMTFtMTIlMjExbTMlMjExZDIwMzEuMTU4NTUxNDgzMjY3MyUyMTJkMjQuODE1NzczNjE2MDc1MDI0JTIxM2Q1OS4zOTcwNjcxODE2ODI2MiUyMTJtMyUyMTFmMCUyMTJmMCUyMTNmMCUyMTNtMiUyMTFpMTAyNCUyMTJpNzY4JTIxNGYxMy4xJTIxM20zJTIxMW0yJTIxMXMweDQ2OTJlYjZiNGViZmZjYjklMjUzQTB4NDZjZDgxNDNkY2ZlMzlmZSUyMTJzVHVsZXZpa3UlMjUyMHRlZSUyNTIwMTIlMjUyQyUyNTIwUGVldHJpJTI1MkMlMjUyMDc1MzEyJTI1MjBIYXJqdSUyNTIwbWFha29uZCUyMTVlMCUyMTNtMiUyMTFzZXQlMjEyc2VlJTIxNHYxNjIyMzY5MDMyMDU5JTIxNW0yJTIxMXNldCUyMTJzZWUlMjIlMjB3aWR0aCUzRCUyMjYwMCUyMiUyMGhlaWdodCUzRCUyMjQ1MCUyMiUyMHN0eWxlJTNEJTIyYm9yZGVyJTNBMCUzQiUyMiUyMGFsbG93ZnVsbHNjcmVlbiUzRCUyMiUyMiUyMGxvYWRpbmclM0QlMjJsYXp5JTIyJTNFJTNDJTJGaWZyYW1lJTNF&#8221;][\/vc_column][\/vc_row]\" \/>\n<meta property=\"og:url\" content=\"https:\/\/prof-group.ee\/kontakt\/\" \/>\n<meta property=\"og:site_name\" content=\"Prof Group\" \/>\n<meta property=\"article:modified_time\" content=\"2021-05-30T10:04:50+00:00\" \/>\n<meta name=\"twitter:card\" content=\"summary_large_image\" \/>\n<script type=\"application\/ld+json\" class=\"yoast-schema-graph\">{\"@context\":\"https:\/\/schema.org\",\"@graph\":[{\"@type\":\"WebSite\",\"@id\":\"https:\/\/prof-group.ee\/en\/#website\",\"url\":\"https:\/\/prof-group.ee\/en\/\",\"name\":\"Prof Group\",\"description\":\"T\\u00f6\\u00f6stuslikud seadmed\",\"potentialAction\":[{\"@type\":\"SearchAction\",\"target\":\"https:\/\/prof-group.ee\/en\/?s={search_term_string}\",\"query-input\":\"required name=search_term_string\"}],\"inLanguage\":\"en-US\"},{\"@type\":\"WebPage\",\"@id\":\"https:\/\/prof-group.ee\/kontakt\/#webpage\",\"url\":\"https:\/\/prof-group.ee\/kontakt\/\",\"name\":\"[:et]Kontakt[:en]Contact[:ru]Kontakt[:fi]Kontakt[:] - Prof Group\",\"isPartOf\":{\"@id\":\"https:\/\/prof-group.ee\/en\/#website\"},\"datePublished\":\"2017-05-28T19:56:31+00:00\",\"dateModified\":\"2021-05-30T10:04:50+00:00\",\"inLanguage\":\"en-US\",\"potentialAction\":[{\"@type\":\"ReadAction\",\"target\":[\"https:\/\/prof-group.ee\/kontakt\/\"]}]}]}<\/script>\n<!-- \/ Yoast SEO plugin. -->","_links":{"self":[{"href":"https:\/\/prof-group.ee\/en\/wp-json\/wp\/v2\/pages\/16","targetHints":{"allow":["GET"]}}],"collection":[{"href":"https:\/\/prof-group.ee\/en\/wp-json\/wp\/v2\/pages"}],"about":[{"href":"https:\/\/prof-group.ee\/en\/wp-json\/wp\/v2\/types\/page"}],"author":[{"embeddable":true,"href":"https:\/\/prof-group.ee\/en\/wp-json\/wp\/v2\/users\/1"}],"replies":[{"embeddable":true,"href":"https:\/\/prof-group.ee\/en\/wp-json\/wp\/v2\/comments?post=16"}],"version-history":[{"count":10,"href":"https:\/\/prof-group.ee\/en\/wp-json\/wp\/v2\/pages\/16\/revisions"}],"predecessor-version":[{"id":1056,"href":"https:\/\/prof-group.ee\/en\/wp-json\/wp\/v2\/pages\/16\/revisions\/1056"}],"wp:attachment":[{"href":"https:\/\/prof-group.ee\/en\/wp-json\/wp\/v2\/media?parent=16"}],"curies":[{"name":"wp","href":"https:\/\/api.w.org\/{rel}","templated":true}]}}